{"id":6970,"date":"2019-03-11T08:50:01","date_gmt":"2019-03-11T06:50:01","guid":{"rendered":"https:\/\/unicount.eu\/?page_id=6970"},"modified":"2026-02-19T15:06:07","modified_gmt":"2026-02-19T13:06:07","slug":"hizmetler","status":"publish","type":"page","link":"https:\/\/unicount.eu\/tr\/hizmetler\/","title":{"rendered":"Hizmetler"},"content":{"rendered":"\n<div class=\"wp-block-group landing__description\"><div class=\"wp-block-group__inner-container is-layout-flow wp-block-group-is-layout-flow\">\n<h1 class=\"wp-block-heading has-text-align-center bluebg2 text-white fullWidth !mb-0\" id=\"run-a-company-online\">\u00c7evrimi\u00e7i bir \u015firket y\u00f6netin<\/h1>\n\n\n\n<div style=\"height:49px\" aria-hidden=\"true\" class=\"wp-block-spacer bluebg2 fullWidth\"><\/div>\n\n\n\n<p class=\"has-text-align-center bluebg2 text-white fullWidth\">\u00c7evrimi\u00e7i bir \u015firket kurmak ve i\u015fletmek basit olmal\u0131d\u0131r.<br>En az\u0131ndan dijital bir Kuzey \u00fclkesi olan Estonya&#8217;da biz durumu b\u00f6yle g\u00f6r\u00fcyoruz.<br>Bu y\u00fczden Unicount&#8217;\u0131 yaratt\u0131k.<\/p>\n\n\n\n<div style=\"height:49px\" aria-hidden=\"true\" class=\"wp-block-spacer bluebg2 fullWidth\"><\/div>\n\n\n\n<div class=\"wp-block-buttons bluebg2 fullWidth is-horizontal is-content-justification-center is-layout-flex wp-container-core-buttons-is-layout-499968f5 wp-block-buttons-is-layout-flex\">\n<div class=\"wp-block-button no-pb\"><a class=\"wp-block-button__link wp-element-button\" href=\"https:\/\/app.unicount.eu\/?locale=tr\" target=\"_blank\" rel=\"noreferrer noopener\">\u015eirketinizi \u00e7evrimi\u00e7i kurun<\/a><\/div>\n<\/div>\n\n\n\n<div style=\"height:100px\" aria-hidden=\"true\" class=\"wp-block-spacer blue_bg fullWidth small last-spacer\"><\/div>\n<\/div><\/div>\n\n\n\n<div class=\"wp-block-group signup\"><div class=\"wp-block-group__inner-container is-layout-flow wp-block-group-is-layout-flow\">\n<div class=\"wp-block-columns is-layout-flex wp-container-core-columns-is-layout-9d6595d7 wp-block-columns-is-layout-flex\">\n<div class=\"wp-block-column is-layout-flow wp-block-column-is-layout-flow\">\n<figure class=\"wp-block-image size-large\"><img decoding=\"async\" src=\"https:\/\/unicount.eu\/wp-content\/uploads\/2019\/03\/howto-1.svg\" alt=\"\"\/><\/figure>\n<\/div>\n\n\n\n<div class=\"wp-block-column is-vertically-aligned-center text-right is-layout-flow wp-block-column-is-layout-flow\">\n<figure class=\"wp-block-image size-large\"><img decoding=\"async\" src=\"https:\/\/unicount.eu\/wp-content\/uploads\/2019\/03\/icon2.svg\" alt=\"\"\/><\/figure>\n\n\n\n<h2 class=\"wp-block-heading has-text-align-left\" id=\"register-a-company-online\">\u00c7evrimi\u00e7i bir \u015firket kaydedin<\/h2>\n\n\n\n<p class=\"has-text-align-left\">\u015eirket kurma, bir alan ad\u0131 kaydettirmek kadar basit olmal\u0131d\u0131r. Unicount, Estonya dijital kimli\u011fi sahipleri i\u00e7in \u00e7evrimi\u00e7i \u015firket olu\u015fumunu kolayla\u015ft\u0131r\u0131r.<\/p>\n\n\n\n<div class=\"wp-block-buttons is-horizontal is-content-justification-left is-layout-flex wp-container-core-buttons-is-layout-7e5fce0a wp-block-buttons-is-layout-flex\">\n<div class=\"wp-block-button\"><a class=\"wp-block-button__link wp-element-button\" href=\"https:\/\/unicount.eu\/tr\/estonyada-sirket-kurmak\/\">Devam\u0131n\u0131 okuyun<\/a><\/div>\n<\/div>\n<\/div>\n<\/div>\n<\/div><\/div>\n\n\n\n<div class=\"wp-block-group signup\"><div class=\"wp-block-group__inner-container is-layout-flow wp-block-group-is-layout-flow\">\n<div class=\"wp-block-columns is-layout-flex wp-container-core-columns-is-layout-9d6595d7 wp-block-columns-is-layout-flex\">\n<div class=\"wp-block-column is-vertically-aligned-center text-right justify-right is-layout-flow wp-block-column-is-layout-flow\">\n<figure class=\"wp-block-image size-large text-right\"><img decoding=\"async\" src=\"https:\/\/unicount.eu\/wp-content\/uploads\/2019\/03\/icon3.svg\" alt=\"\"\/><\/figure>\n\n\n\n<h2 class=\"wp-block-heading has-text-align-right\" id=\"sign-up-for-virtual-office\">Sanal ofis i\u00e7in ve \u0130rtibat Ki\u015fisi kaydolun<br><\/h2>\n\n\n\n<p class=\"has-text-align-right\">Halihaz\u0131rda Estonya&#8217;da bir \u015firketiniz var m\u0131? Unicount sanal ofis ve irtibat ki\u015fisi servisine kolayca ge\u00e7i\u015f yapabilirsiniz.<\/p>\n\n\n\n<div class=\"wp-block-buttons is-horizontal is-content-justification-right is-layout-flex wp-container-core-buttons-is-layout-ae2fe186 wp-block-buttons-is-layout-flex\">\n<div class=\"wp-block-button\"><a class=\"wp-block-button__link wp-element-button\" href=\"https:\/\/unicount.eu\/tr\/estonyada-sanal-ofis\/\">Devam\u0131n\u0131 okuyun<\/a><\/div>\n<\/div>\n<\/div>\n\n\n\n<div class=\"wp-block-column is-layout-flow wp-block-column-is-layout-flow\">\n<figure class=\"wp-block-image size-large\"><img decoding=\"async\" width=\"600\" height=\"600\" src=\"https:\/\/unicount.eu\/wp-content\/uploads\/2022\/10\/howto-2.svg\" alt=\"\" class=\"wp-image-11204\"\/><\/figure>\n<\/div>\n<\/div>\n<\/div><\/div>\n\n\n\n<div class=\"wp-block-group signup\"><div class=\"wp-block-group__inner-container is-layout-flow wp-block-group-is-layout-flow\">\n<div class=\"wp-block-columns is-layout-flex wp-container-core-columns-is-layout-9d6595d7 wp-block-columns-is-layout-flex\">\n<div class=\"wp-block-column is-layout-flow wp-block-column-is-layout-flow\">\n<figure class=\"wp-block-image size-full\"><img decoding=\"async\" src=\"https:\/\/unicount.eu\/wp-content\/uploads\/2019\/03\/howto-3.svg\" alt=\"\" class=\"wp-image-148\"\/><\/figure>\n<\/div>\n\n\n\n<div class=\"wp-block-column is-vertically-aligned-center text-right is-layout-flow wp-block-column-is-layout-flow\">\n<figure class=\"wp-block-image size-full\"><img decoding=\"async\" src=\"https:\/\/unicount.eu\/wp-content\/uploads\/2019\/03\/icon5.svg\" alt=\"\" class=\"wp-image-145\"\/><\/figure>\n\n\n\n<h2 class=\"wp-block-heading has-text-align-left\" id=\"get-monthly-accounting\">Aylik muhasebe hizmeti al\u0131n<\/h2>\n\n\n\n<p class=\"has-text-align-left\">T\u00fcm gider belgelerinizi beyan edip sat\u0131\u015f faturalar\u0131 olu\u015fturmak i\u00e7in bulut yaz\u0131l\u0131m\u0131na eri\u015fim sa\u011flay\u0131n.<\/p>\n\n\n\n<div class=\"wp-block-buttons is-horizontal is-content-justification-left is-layout-flex wp-container-core-buttons-is-layout-7e5fce0a wp-block-buttons-is-layout-flex\">\n<div class=\"wp-block-button\"><a class=\"wp-block-button__link wp-element-button\" href=\"https:\/\/unicount.eu\/tr\/estonyada-muhasebe\/\">DEVAMINI OKUYUN<\/a><\/div>\n<\/div>\n<\/div>\n<\/div>\n<\/div><\/div>\n","protected":false},"excerpt":{"rendered":"<p>\u00c7evrimi\u00e7i bir \u015firket y\u00f6netin \u00c7evrimi\u00e7i bir \u015firket kurmak ve i\u015fletmek basit olmal\u0131d\u0131r.En az\u0131ndan dijital bir Kuzey \u00fclkesi olan Estonya&#8217;da biz durumu b\u00f6yle g\u00f6r\u00fcyoruz.Bu y\u00fczden Unicount&#8217;\u0131 yaratt\u0131k. \u00c7evrimi\u00e7i bir \u015firket kaydedin \u015eirket kurma, bir alan ad\u0131 kaydettirmek kadar basit olmal\u0131d\u0131r. Unicount, Estonya dijital kimli\u011fi sahipleri i\u00e7in \u00e7evrimi\u00e7i \u015firket olu\u015fumunu kolayla\u015ft\u0131r\u0131r. Sanal ofis i\u00e7in ve \u0130rtibat Ki\u015fisi [&hellip;]<\/p>\n","protected":false},"author":2,"featured_media":0,"parent":0,"menu_order":0,"comment_status":"closed","ping_status":"closed","template":"","meta":{"inline_featured_image":false,"footnotes":""},"class_list":["post-6970","page","type-page","status-publish","hentry"],"acf":[],"yoast_head":"<!-- This site is optimized with the Yoast SEO Premium plugin v24.3 (Yoast SEO v24.3) - https:\/\/yoast.com\/wordpress\/plugins\/seo\/ -->\n<title>Hizmetler | Estonya&#039;da e-resident olanlar i\u00e7in Unicount&#039;\u0131n \u00e7evrimi\u00e7i ara\u00e7lar\u0131<\/title>\n<meta name=\"description\" content=\"\u015eirket y\u00f6netmek basit ve \u00e7evrimi\u00e7i yap\u0131labilir olmal\u0131d\u0131r. En az\u0131ndan Estonya ad\u0131ndaki dijital bir Kuzey \u00fclkesinde durum bu \u015fekilde.\" \/>\n<meta name=\"robots\" content=\"index, follow, max-snippet:-1, max-image-preview:large, max-video-preview:-1\" \/>\n<link rel=\"canonical\" href=\"https:\/\/unicount.eu\/tr\/hizmetler\/\" \/>\n<meta property=\"og:locale\" content=\"tr_TR\" \/>\n<meta property=\"og:type\" content=\"article\" \/>\n<meta property=\"og:title\" content=\"Hizmetler\" \/>\n<meta property=\"og:description\" content=\"\u015eirket y\u00f6netmek basit ve \u00e7evrimi\u00e7i yap\u0131labilir olmal\u0131d\u0131r. En az\u0131ndan Estonya ad\u0131ndaki dijital bir Kuzey \u00fclkesinde durum bu \u015fekilde.\" \/>\n<meta property=\"og:url\" content=\"https:\/\/unicount.eu\/tr\/hizmetler\/\" \/>\n<meta property=\"og:site_name\" content=\"Unicount\" \/>\n<meta property=\"article:publisher\" content=\"https:\/\/www.facebook.com\/unicount\/\" \/>\n<meta property=\"article:modified_time\" content=\"2026-02-19T13:06:07+00:00\" \/>\n<meta property=\"og:image\" content=\"https:\/\/unicount.eu\/wp-content\/uploads\/2019\/03\/howto-1.svg\" \/>\n<meta name=\"twitter:card\" content=\"summary_large_image\" \/>\n<meta name=\"twitter:site\" content=\"@unicountestonia\" \/>\n<meta name=\"twitter:label1\" content=\"Tahmini okuma s\u00fcresi\" \/>\n\t<meta name=\"twitter:data1\" content=\"2 dakika\" \/>\n<script type=\"application\/ld+json\" class=\"yoast-schema-graph\">{\"@context\":\"https:\/\/schema.org\",\"@graph\":[{\"@type\":\"WebPage\",\"@id\":\"https:\/\/unicount.eu\/tr\/hizmetler\/\",\"url\":\"https:\/\/unicount.eu\/tr\/hizmetler\/\",\"name\":\"Hizmetler | Estonya'da e-resident olanlar i\u00e7in Unicount'\u0131n \u00e7evrimi\u00e7i ara\u00e7lar\u0131\",\"isPartOf\":{\"@id\":\"https:\/\/unicount.eu\/tr\/#website\"},\"primaryImageOfPage\":{\"@id\":\"https:\/\/unicount.eu\/tr\/hizmetler\/#primaryimage\"},\"image\":{\"@id\":\"https:\/\/unicount.eu\/tr\/hizmetler\/#primaryimage\"},\"thumbnailUrl\":\"https:\/\/unicount.eu\/wp-content\/uploads\/2019\/03\/howto-1.svg\",\"datePublished\":\"2019-03-11T06:50:01+00:00\",\"dateModified\":\"2026-02-19T13:06:07+00:00\",\"description\":\"\u015eirket y\u00f6netmek basit ve \u00e7evrimi\u00e7i yap\u0131labilir olmal\u0131d\u0131r. En az\u0131ndan Estonya ad\u0131ndaki dijital bir Kuzey \u00fclkesinde durum bu \u015fekilde.\",\"breadcrumb\":{\"@id\":\"https:\/\/unicount.eu\/tr\/hizmetler\/#breadcrumb\"},\"inLanguage\":\"tr\",\"potentialAction\":[{\"@type\":\"ReadAction\",\"target\":[\"https:\/\/unicount.eu\/tr\/hizmetler\/\"]}]},{\"@type\":\"ImageObject\",\"inLanguage\":\"tr\",\"@id\":\"https:\/\/unicount.eu\/tr\/hizmetler\/#primaryimage\",\"url\":\"https:\/\/unicount.eu\/wp-content\/uploads\/2019\/03\/howto-1.svg\",\"contentUrl\":\"https:\/\/unicount.eu\/wp-content\/uploads\/2019\/03\/howto-1.svg\"},{\"@type\":\"BreadcrumbList\",\"@id\":\"https:\/\/unicount.eu\/tr\/hizmetler\/#breadcrumb\",\"itemListElement\":[{\"@type\":\"ListItem\",\"position\":1,\"name\":\"Home\",\"item\":\"https:\/\/unicount.eu\/tr\/\"},{\"@type\":\"ListItem\",\"position\":2,\"name\":\"Hizmetler\"}]},{\"@type\":\"WebSite\",\"@id\":\"https:\/\/unicount.eu\/tr\/#website\",\"url\":\"https:\/\/unicount.eu\/tr\/\",\"name\":\"Unicount\",\"description\":\"The simplest way to start an Estonian company\",\"publisher\":{\"@id\":\"https:\/\/unicount.eu\/tr\/#organization\"},\"potentialAction\":[{\"@type\":\"SearchAction\",\"target\":{\"@type\":\"EntryPoint\",\"urlTemplate\":\"https:\/\/unicount.eu\/tr\/?s={search_term_string}\"},\"query-input\":{\"@type\":\"PropertyValueSpecification\",\"valueRequired\":true,\"valueName\":\"search_term_string\"}}],\"inLanguage\":\"tr\"},{\"@type\":\"Organization\",\"@id\":\"https:\/\/unicount.eu\/tr\/#organization\",\"name\":\"Unicount O\u00dc\",\"url\":\"https:\/\/unicount.eu\/tr\/\",\"logo\":{\"@type\":\"ImageObject\",\"inLanguage\":\"tr\",\"@id\":\"https:\/\/unicount.eu\/tr\/#\/schema\/logo\/image\/\",\"url\":\"https:\/\/unicount.eu\/wp-content\/uploads\/2019\/10\/unicount-logo-002.jpg\",\"contentUrl\":\"https:\/\/unicount.eu\/wp-content\/uploads\/2019\/10\/unicount-logo-002.jpg\",\"width\":1380,\"height\":288,\"caption\":\"Unicount O\u00dc\"},\"image\":{\"@id\":\"https:\/\/unicount.eu\/tr\/#\/schema\/logo\/image\/\"},\"sameAs\":[\"https:\/\/www.facebook.com\/unicount\/\",\"https:\/\/x.com\/unicountestonia\",\"https:\/\/www.linkedin.com\/company\/unicount\",\"https:\/\/www.youtube.com\/channel\/UCSV5_VgpIIAUyLWhjeXY8vQ\"]}]}<\/script>\n<!-- \/ Yoast SEO Premium plugin. -->","yoast_head_json":{"title":"Hizmetler | Estonya'da e-resident olanlar i\u00e7in Unicount'\u0131n \u00e7evrimi\u00e7i ara\u00e7lar\u0131","description":"\u015eirket y\u00f6netmek basit ve \u00e7evrimi\u00e7i yap\u0131labilir olmal\u0131d\u0131r. En az\u0131ndan Estonya ad\u0131ndaki dijital bir Kuzey \u00fclkesinde durum bu \u015fekilde.","robots":{"index":"index","follow":"follow","max-snippet":"max-snippet:-1","max-image-preview":"max-image-preview:large","max-video-preview":"max-video-preview:-1"},"canonical":"https:\/\/unicount.eu\/tr\/hizmetler\/","og_locale":"tr_TR","og_type":"article","og_title":"Hizmetler","og_description":"\u015eirket y\u00f6netmek basit ve \u00e7evrimi\u00e7i yap\u0131labilir olmal\u0131d\u0131r. En az\u0131ndan Estonya ad\u0131ndaki dijital bir Kuzey \u00fclkesinde durum bu \u015fekilde.","og_url":"https:\/\/unicount.eu\/tr\/hizmetler\/","og_site_name":"Unicount","article_publisher":"https:\/\/www.facebook.com\/unicount\/","article_modified_time":"2026-02-19T13:06:07+00:00","og_image":[{"url":"https:\/\/unicount.eu\/wp-content\/uploads\/2019\/03\/howto-1.svg","type":"","width":"","height":""}],"twitter_card":"summary_large_image","twitter_site":"@unicountestonia","twitter_misc":{"Tahmini okuma s\u00fcresi":"2 dakika"},"schema":{"@context":"https:\/\/schema.org","@graph":[{"@type":"WebPage","@id":"https:\/\/unicount.eu\/tr\/hizmetler\/","url":"https:\/\/unicount.eu\/tr\/hizmetler\/","name":"Hizmetler | Estonya'da e-resident olanlar i\u00e7in Unicount'\u0131n \u00e7evrimi\u00e7i ara\u00e7lar\u0131","isPartOf":{"@id":"https:\/\/unicount.eu\/tr\/#website"},"primaryImageOfPage":{"@id":"https:\/\/unicount.eu\/tr\/hizmetler\/#primaryimage"},"image":{"@id":"https:\/\/unicount.eu\/tr\/hizmetler\/#primaryimage"},"thumbnailUrl":"https:\/\/unicount.eu\/wp-content\/uploads\/2019\/03\/howto-1.svg","datePublished":"2019-03-11T06:50:01+00:00","dateModified":"2026-02-19T13:06:07+00:00","description":"\u015eirket y\u00f6netmek basit ve \u00e7evrimi\u00e7i yap\u0131labilir olmal\u0131d\u0131r. En az\u0131ndan Estonya ad\u0131ndaki dijital bir Kuzey \u00fclkesinde durum bu \u015fekilde.","breadcrumb":{"@id":"https:\/\/unicount.eu\/tr\/hizmetler\/#breadcrumb"},"inLanguage":"tr","potentialAction":[{"@type":"ReadAction","target":["https:\/\/unicount.eu\/tr\/hizmetler\/"]}]},{"@type":"ImageObject","inLanguage":"tr","@id":"https:\/\/unicount.eu\/tr\/hizmetler\/#primaryimage","url":"https:\/\/unicount.eu\/wp-content\/uploads\/2019\/03\/howto-1.svg","contentUrl":"https:\/\/unicount.eu\/wp-content\/uploads\/2019\/03\/howto-1.svg"},{"@type":"BreadcrumbList","@id":"https:\/\/unicount.eu\/tr\/hizmetler\/#breadcrumb","itemListElement":[{"@type":"ListItem","position":1,"name":"Home","item":"https:\/\/unicount.eu\/tr\/"},{"@type":"ListItem","position":2,"name":"Hizmetler"}]},{"@type":"WebSite","@id":"https:\/\/unicount.eu\/tr\/#website","url":"https:\/\/unicount.eu\/tr\/","name":"Unicount","description":"The simplest way to start an Estonian company","publisher":{"@id":"https:\/\/unicount.eu\/tr\/#organization"},"potentialAction":[{"@type":"SearchAction","target":{"@type":"EntryPoint","urlTemplate":"https:\/\/unicount.eu\/tr\/?s={search_term_string}"},"query-input":{"@type":"PropertyValueSpecification","valueRequired":true,"valueName":"search_term_string"}}],"inLanguage":"tr"},{"@type":"Organization","@id":"https:\/\/unicount.eu\/tr\/#organization","name":"Unicount O\u00dc","url":"https:\/\/unicount.eu\/tr\/","logo":{"@type":"ImageObject","inLanguage":"tr","@id":"https:\/\/unicount.eu\/tr\/#\/schema\/logo\/image\/","url":"https:\/\/unicount.eu\/wp-content\/uploads\/2019\/10\/unicount-logo-002.jpg","contentUrl":"https:\/\/unicount.eu\/wp-content\/uploads\/2019\/10\/unicount-logo-002.jpg","width":1380,"height":288,"caption":"Unicount O\u00dc"},"image":{"@id":"https:\/\/unicount.eu\/tr\/#\/schema\/logo\/image\/"},"sameAs":["https:\/\/www.facebook.com\/unicount\/","https:\/\/x.com\/unicountestonia","https:\/\/www.linkedin.com\/company\/unicount","https:\/\/www.youtube.com\/channel\/UCSV5_VgpIIAUyLWhjeXY8vQ"]}]}},"_links":{"self":[{"href":"https:\/\/unicount.eu\/tr\/wp-json\/wp\/v2\/pages\/6970","targetHints":{"allow":["GET"]}}],"collection":[{"href":"https:\/\/unicount.eu\/tr\/wp-json\/wp\/v2\/pages"}],"about":[{"href":"https:\/\/unicount.eu\/tr\/wp-json\/wp\/v2\/types\/page"}],"author":[{"embeddable":true,"href":"https:\/\/unicount.eu\/tr\/wp-json\/wp\/v2\/users\/2"}],"replies":[{"embeddable":true,"href":"https:\/\/unicount.eu\/tr\/wp-json\/wp\/v2\/comments?post=6970"}],"version-history":[{"count":16,"href":"https:\/\/unicount.eu\/tr\/wp-json\/wp\/v2\/pages\/6970\/revisions"}],"predecessor-version":[{"id":24833,"href":"https:\/\/unicount.eu\/tr\/wp-json\/wp\/v2\/pages\/6970\/revisions\/24833"}],"wp:attachment":[{"href":"https:\/\/unicount.eu\/tr\/wp-json\/wp\/v2\/media?parent=6970"}],"curies":[{"name":"wp","href":"https:\/\/api.w.org\/{rel}","templated":true}]}}