{"id":6968,"date":"2019-03-13T10:11:46","date_gmt":"2019-03-13T08:11:46","guid":{"rendered":"https:\/\/unicount.eu\/?page_id=6968"},"modified":"2022-03-08T10:51:58","modified_gmt":"2022-03-08T08:51:58","slug":"cerez-bildirimi","status":"publish","type":"page","link":"https:\/\/unicount.eu\/tr\/cerez-bildirimi\/","title":{"rendered":"\u00c7erez Bildirimi"},"content":{"rendered":"\n<h4 class=\"wp-block-heading\">\u00c7erez nedir?<\/h4>\n\n\n\n<p>\u00c7erezler, cihaz\u0131n\u0131za yerle\u015ftirilen ve Unicount \u00f6zelliklerini ve i\u015flevselli\u011fini sa\u011flayan k\u00fc\u00e7\u00fck birer dosyad\u0131r. \u00d6rne\u011fin \u00e7erezler, cihaz\u0131n\u0131z\u0131 tan\u0131mlamam\u0131z\u0131, Unicount&#8217;a ve genel olarak sitelerimize eri\u015fiminizi g\u00fcvence alt\u0131na almam\u0131z\u0131 sa\u011flar.<\/p>\n\n\n\n<h4 class=\"wp-block-heading\">\u00c7erezler ne i\u00e7in kullan\u0131l\u0131r?<\/h4>\n\n\n\n<p>\u00c7erezler, unicount.eu&#8217;yu ziyaret etti\u011finizde sizi tan\u0131mak, tercihlerinizi hat\u0131rlamak ve ayarlar\u0131n\u0131za uygun ki\u015fiselle\u015ftirilmi\u015f bir deneyim sunmak i\u00e7in kullan\u0131labilir. \u00c7erezler ayr\u0131ca Unicount ile olan etkile\u015fimlerinizi daha h\u0131zl\u0131 ve daha g\u00fcvenli hale getirir. Ayr\u0131ca \u00e7erezler, size Unicount sitelerinin hem i\u00e7inde hem de d\u0131\u015f\u0131nda reklam vermemize olanak tan\u0131r.<\/p>\n\n\n\n<p><strong>www.unicount.eu internet sitesinde kullan\u0131lan \u00e7erezler<\/strong><\/p>\n\n\n\n<p><h4>Birinci taraf kal\u0131c\u0131 \u00e7erezler<\/h4><\/p>\n\n\n\n<figure class=\"wp-block-table\"><table class=\"has-fixed-layout\"><tbody><tr><td>Ad\u0131<\/td><td>A\u00e7\u0131klama<\/td><td>S\u00fcresi<\/td><\/tr><tr><td>Y\u00f6nlendirme<\/td><td>Bu \u00c7erez, Unicount ortakl\u0131k program\u0131 ile ili\u015fkilidir. Bir ziyaret\u00e7iyi benzersiz bir \u015fekilde tan\u0131mlar ve ortaklar taraf\u0131ndan y\u00f6nlendirilen bir hedef kitle \u00f6rne\u011fine dahil olup olmad\u0131klar\u0131n\u0131 g\u00f6sterir.<\/td><td> 2914688 g\u00fcn <\/td><\/tr><\/tbody><\/table><\/figure>\n\n\n\n<p><h4>Unicount hizmetleri sipari\u015f edilirken kullan\u0131lan birinci taraf \u00e7erezleri<\/h4><\/p>\n\n\n\n<figure class=\"wp-block-table\"><table class=\"has-fixed-layout\"><tbody><tr><td>Ad\u0131<\/td><td>A\u00e7\u0131klama<\/td><td>S\u00fcresi<\/td><\/tr><tr><td>unicount_session<\/td><td>Hizmet sipari\u015fi s\u0131ras\u0131nda bir kullan\u0131c\u0131 oturumu bar\u0131nd\u0131rmak i\u00e7in gereklidir.<\/td><td>72 saat<\/td><\/tr><tr><td>XSRF-TOKEN<\/td><td>Siteler aras\u0131 istek sahtecili\u011fi (CSRF) i\u00e7in g\u00fcvenli\u011fi sa\u011flamak i\u00e7indir.<\/td><td>1 g\u00fcn<\/td><\/tr><tr><td>_ga<\/td><td>Farkl\u0131 internet sitelerinden gelen ziyaret\u00e7ileri ay\u0131rt etmek i\u00e7indir.<\/td><td>\u0130ki y\u0131l<\/td><\/tr><tr><td>_gid<\/td><td>Farkl\u0131 internet sitelerinden gelen ziyaret\u00e7ileri ay\u0131rt etmek i\u00e7indir.<\/td><td>Bir g\u00fcn<\/td><\/tr><tr><td>_gat, _gat_organizer<\/td><td>Farkl\u0131 internet sayfalar\u0131ndan gelen ziyaret\u00e7ileri ay\u0131rt etmek i\u00e7indir.<\/td><td>Bir dakika<\/td><\/tr><\/tbody><\/table><\/figure>\n\n\n\n<p><h4>\u00dc\u00e7\u00fcnc\u00fc taraf oturum \u00e7erezleri<\/h4><\/p>\n\n\n\n<figure class=\"wp-block-table\"><table class=\"has-fixed-layout\"><tbody><tr><td>Ad\u0131<\/td><td>A\u00e7\u0131klama<\/td><td>S\u00fcresi<\/td><\/tr><tr><td>_hjIncludedInSample<\/td><td>Bu \u00c7erez, Malta merkezli bir \u015firket olan Hot Jar&#8217;\u0131n web analiti\u011fi i\u015flevi ve hizmetleriyle ili\u015fkilidir. Tek bir taray\u0131c\u0131 oturumu s\u0131ras\u0131nda bir ziyaret\u00e7iyi benzersiz \u015fekilde tan\u0131mlar ve bir hedef kitle \u00f6rne\u011fine dahil edildi\u011fini g\u00f6sterir.<\/td><td>Oturum<\/td><\/tr><tr><td>__gat_gtag_UA_139757906_1<\/td><td>Bu \u00e7erez ad\u0131, Google Analytics ile ili\u015fkilendirilmi\u015ftir. Bu \u00e7erez, anonim olarak bilgi toplayarak ve raporlayarak ziyaret\u00e7ilerin web sitesiyle nas\u0131l etkile\u015fime girdi\u011fini anlamaya yard\u0131mc\u0131 olmak i\u00e7in kullan\u0131l\u0131r.<\/td><td>Oturum<\/td><\/tr><tr><td>_gat_UA-139757906-1<\/td><td>Bu, Google Analytics taraf\u0131ndan ayarlanan ve ad\u0131ndaki \u00f6r\u00fcnt\u00fc \u00f6\u011fesinin ilgili oldu\u011fu hesab\u0131n veya internet sitesinin benzersiz kimlik numaras\u0131n\u0131 i\u00e7erdi\u011fi bir \u00e7erezdir. Google taraf\u0131ndan y\u00fcksek trafik hacimli internet sitelerinde kaydedilen veri miktar\u0131n\u0131 s\u0131n\u0131rlamak i\u00e7in kullan\u0131lan _gat \u00e7erezinin bir \u00e7e\u015fididir.<\/td><td>Oturum<\/td><\/tr><\/tbody><\/table><\/figure>\n\n\n\n<p><h4>\u00dc\u00e7\u00fcnc\u00fc taraf kal\u0131c\u0131 \u00e7erezler<\/h4><\/p>\n\n\n\n<figure class=\"wp-block-table is-style-regular\"><table class=\"has-fixed-layout\"><tbody><tr><td>Ad\u0131<\/td><td>A\u00e7\u0131klama<\/td><td>S\u00fcresi<\/td><\/tr><tr><td>_fbp<\/td><td>Facebook taraf\u0131ndan, \u00fc\u00e7\u00fcnc\u00fc taraf reklamc\u0131lardan ger\u00e7ek zamanl\u0131 teklif verme gibi bir dizi reklam \u00fcr\u00fcn\u00fc sunmak i\u00e7in kullan\u0131l\u0131r.<\/td><td>90 g\u00fcn<\/td><\/tr><tr><td>_ga<\/td><td>Bu \u00e7erez ad\u0131, Google Tag Manager ile ili\u015fkilendirilmi\u015ftir. Bu \u00e7erez, m\u00fc\u015fteri tan\u0131mlay\u0131c\u0131s\u0131 olarak rastgele olu\u015fturulmu\u015f bir say\u0131 atayarak benzersiz kullan\u0131c\u0131lar\u0131 ay\u0131rt etmek i\u00e7in kullan\u0131l\u0131r.<\/td><td>730 g\u00fcn<\/td><\/tr><tr><td>_gid<\/td><td>Bu \u00e7erez, Google Analytics ile ili\u015fkilidir. Ziyaret edilen her sayfa i\u00e7in benzersiz bir de\u011fer depolar ve g\u00fcnceller.<\/td><td>1 g\u00fcn<\/td><\/tr><tr><td>_hjid<\/td><td>Hotjar \u00e7erezi. Bu \u00e7erez, m\u00fc\u015fteri Hotjar komut dosyas\u0131n\u0131n bulundu\u011fu bir sayfaya ilk geldi\u011finde ayarlan\u0131r. Taray\u0131c\u0131da o siteye \u00f6zg\u00fc rastgele kullan\u0131c\u0131 kimli\u011fini s\u00fcrd\u00fcrmek i\u00e7in kullan\u0131l\u0131r. Bu, ayn\u0131 siteye yap\u0131lan sonraki ziyaretlerdeki davran\u0131\u015f\u0131n ayn\u0131 kullan\u0131c\u0131 kimli\u011fiyle ili\u015fkilendirilmesini sa\u011flar.<\/td><td>365 g\u00fcn<\/td><\/tr><tr><td>intercom-id-gerl41zw<\/td><td>Intercom \u00e7erezi. Bu \u00e7erez, m\u00fc\u015fteri Intercom komut dosyas\u0131n\u0131n bulundu\u011fu bir sayfaya ilk geldi\u011finde ayarlan\u0131r. Taray\u0131c\u0131da o siteye \u00f6zg\u00fc rastgele kullan\u0131c\u0131 kimli\u011fini s\u00fcrd\u00fcrmek i\u00e7in kullan\u0131l\u0131r. Bu, ayn\u0131 siteye yap\u0131lan sonraki ziyaretlerdeki davran\u0131\u015f\u0131n ayn\u0131 kullan\u0131c\u0131 kimli\u011fiyle ili\u015fkilendirilmesini sa\u011flar.<\/td><td>270 g\u00fcn<\/td><\/tr><tr><td>fr<\/td><td>D\u00fcnyan\u0131n en b\u00fcy\u00fck sosyal a\u011f hizmeti olan Facebook \u00e7erezi. \u00dc\u00e7\u00fcnc\u00fc taraf bir bar\u0131nd\u0131rma sa\u011flay\u0131c\u0131s\u0131 olarak, \u00e7o\u011fu web sitesinde bulunan &#8216;Be\u011fen&#8217; d\u00fc\u011fmesi gibi widget&#8217;lar arac\u0131l\u0131\u011f\u0131yla kullan\u0131c\u0131lar\u0131n ilgi alanlar\u0131 hakk\u0131nda veri toplar. Bu, hizmetlerine giri\u015f yapt\u0131klar\u0131nda kullan\u0131c\u0131lar\u0131na hedefli reklamlar sunmak i\u00e7in kullan\u0131l\u0131r.<\/td><td>390 g\u00fcn<\/td><\/tr><tr><td> IDE <\/td><td>Google \u00e7erezi. Bu \u00e7erez, son kullan\u0131c\u0131n\u0131n web sitesini nas\u0131l kulland\u0131\u011f\u0131 ve son kullan\u0131c\u0131n\u0131n s\u00f6z konusu web sitesini ziyaret etmeden \u00f6nce g\u00f6rm\u00fc\u015f olabilece\u011fi herhangi bir reklam hakk\u0131nda bilgi ta\u015f\u0131r. Doubleclick, Google&#8217;\u0131n ger\u00e7ek zamanl\u0131 teklif veren reklam al\u0131\u015fveri\u015fidir.<\/td><td>390 g\u00fcn<\/td><\/tr><tr><td> test_cookie <\/td><td> Kullan\u0131c\u0131n\u0131n taray\u0131c\u0131s\u0131n\u0131n \u00e7erezleri destekleyip desteklemedi\u011fini kontrol etmek i\u00e7in kullan\u0131l\u0131r. <\/td><td>2914688 g\u00fcn<\/td><\/tr><\/tbody><\/table><\/figure>\n\n\n\n<p>Son g\u00fcncelleme: 10 Aral\u0131k 2020<\/p>\n","protected":false},"excerpt":{"rendered":"<p>\u00c7erez nedir? \u00c7erezler, cihaz\u0131n\u0131za yerle\u015ftirilen ve Unicount \u00f6zelliklerini ve i\u015flevselli\u011fini sa\u011flayan k\u00fc\u00e7\u00fck birer dosyad\u0131r. \u00d6rne\u011fin \u00e7erezler, cihaz\u0131n\u0131z\u0131 tan\u0131mlamam\u0131z\u0131, Unicount&#8217;a ve genel olarak sitelerimize eri\u015fiminizi g\u00fcvence alt\u0131na almam\u0131z\u0131 sa\u011flar. \u00c7erezler ne i\u00e7in kullan\u0131l\u0131r? \u00c7erezler, unicount.eu&#8217;yu ziyaret etti\u011finizde sizi tan\u0131mak, tercihlerinizi hat\u0131rlamak ve ayarlar\u0131n\u0131za uygun ki\u015fiselle\u015ftirilmi\u015f bir deneyim sunmak i\u00e7in kullan\u0131labilir. \u00c7erezler ayr\u0131ca Unicount ile olan etkile\u015fimlerinizi [&hellip;]<\/p>\n","protected":false},"author":2,"featured_media":0,"parent":0,"menu_order":0,"comment_status":"closed","ping_status":"closed","template":"terms.php","meta":{"inline_featured_image":false,"footnotes":""},"class_list":["post-6968","page","type-page","status-publish","hentry"],"acf":[],"yoast_head":"<!-- This site is optimized with the Yoast SEO Premium plugin v24.3 (Yoast SEO v24.3) - https:\/\/yoast.com\/wordpress\/plugins\/seo\/ -->\n<title>\u00c7erez Bildirimi | Unicount<\/title>\n<meta name=\"description\" content=\"\u00c7erezler, cihaz\u0131n\u0131za yerle\u015ftirilen ve Unicount i\u015flevselli\u011fini sa\u011flayan k\u00fc\u00e7\u00fck dosyalard\u0131r. Unicount eri\u015fiminizi g\u00fcvence alt\u0131na al\u0131r.\" \/>\n<meta name=\"robots\" content=\"index, follow, max-snippet:-1, max-image-preview:large, max-video-preview:-1\" \/>\n<link rel=\"canonical\" href=\"https:\/\/unicount.eu\/tr\/cerez-bildirimi\/\" \/>\n<meta property=\"og:locale\" content=\"tr_TR\" \/>\n<meta property=\"og:type\" content=\"article\" \/>\n<meta property=\"og:title\" content=\"\u00c7erez Bildirimi\" \/>\n<meta property=\"og:description\" content=\"\u00c7erezler, cihaz\u0131n\u0131za yerle\u015ftirilen ve Unicount i\u015flevselli\u011fini sa\u011flayan k\u00fc\u00e7\u00fck dosyalard\u0131r. Unicount eri\u015fiminizi g\u00fcvence alt\u0131na al\u0131r.\" \/>\n<meta property=\"og:url\" content=\"https:\/\/unicount.eu\/tr\/cerez-bildirimi\/\" \/>\n<meta property=\"og:site_name\" content=\"Unicount\" \/>\n<meta property=\"article:publisher\" content=\"https:\/\/www.facebook.com\/unicount\/\" \/>\n<meta property=\"article:modified_time\" content=\"2022-03-08T08:51:58+00:00\" \/>\n<meta property=\"og:image\" content=\"https:\/\/unicount.eu\/wp-content\/uploads\/2021\/01\/fb-cover@2x.jpg\" \/>\n\t<meta property=\"og:image:width\" content=\"2400\" \/>\n\t<meta property=\"og:image:height\" content=\"1350\" \/>\n\t<meta property=\"og:image:type\" content=\"image\/jpeg\" \/>\n<meta name=\"twitter:card\" content=\"summary_large_image\" \/>\n<meta name=\"twitter:site\" content=\"@unicountestonia\" \/>\n<meta name=\"twitter:label1\" content=\"Tahmini okuma s\u00fcresi\" \/>\n\t<meta name=\"twitter:data1\" content=\"3 dakika\" \/>\n<script type=\"application\/ld+json\" class=\"yoast-schema-graph\">{\"@context\":\"https:\/\/schema.org\",\"@graph\":[{\"@type\":\"WebPage\",\"@id\":\"https:\/\/unicount.eu\/tr\/cerez-bildirimi\/\",\"url\":\"https:\/\/unicount.eu\/tr\/cerez-bildirimi\/\",\"name\":\"\u00c7erez Bildirimi | Unicount\",\"isPartOf\":{\"@id\":\"https:\/\/unicount.eu\/tr\/#website\"},\"datePublished\":\"2019-03-13T08:11:46+00:00\",\"dateModified\":\"2022-03-08T08:51:58+00:00\",\"description\":\"\u00c7erezler, cihaz\u0131n\u0131za yerle\u015ftirilen ve Unicount i\u015flevselli\u011fini sa\u011flayan k\u00fc\u00e7\u00fck dosyalard\u0131r. Unicount eri\u015fiminizi g\u00fcvence alt\u0131na al\u0131r.\",\"breadcrumb\":{\"@id\":\"https:\/\/unicount.eu\/tr\/cerez-bildirimi\/#breadcrumb\"},\"inLanguage\":\"tr\",\"potentialAction\":[{\"@type\":\"ReadAction\",\"target\":[\"https:\/\/unicount.eu\/tr\/cerez-bildirimi\/\"]}]},{\"@type\":\"BreadcrumbList\",\"@id\":\"https:\/\/unicount.eu\/tr\/cerez-bildirimi\/#breadcrumb\",\"itemListElement\":[{\"@type\":\"ListItem\",\"position\":1,\"name\":\"Home\",\"item\":\"https:\/\/unicount.eu\/tr\/\"},{\"@type\":\"ListItem\",\"position\":2,\"name\":\"\u00c7erez Bildirimi\"}]},{\"@type\":\"WebSite\",\"@id\":\"https:\/\/unicount.eu\/tr\/#website\",\"url\":\"https:\/\/unicount.eu\/tr\/\",\"name\":\"Unicount\",\"description\":\"The simplest way to start an Estonian company\",\"publisher\":{\"@id\":\"https:\/\/unicount.eu\/tr\/#organization\"},\"potentialAction\":[{\"@type\":\"SearchAction\",\"target\":{\"@type\":\"EntryPoint\",\"urlTemplate\":\"https:\/\/unicount.eu\/tr\/?s={search_term_string}\"},\"query-input\":{\"@type\":\"PropertyValueSpecification\",\"valueRequired\":true,\"valueName\":\"search_term_string\"}}],\"inLanguage\":\"tr\"},{\"@type\":\"Organization\",\"@id\":\"https:\/\/unicount.eu\/tr\/#organization\",\"name\":\"Unicount O\u00dc\",\"url\":\"https:\/\/unicount.eu\/tr\/\",\"logo\":{\"@type\":\"ImageObject\",\"inLanguage\":\"tr\",\"@id\":\"https:\/\/unicount.eu\/tr\/#\/schema\/logo\/image\/\",\"url\":\"https:\/\/unicount.eu\/wp-content\/uploads\/2019\/10\/unicount-logo-002.jpg\",\"contentUrl\":\"https:\/\/unicount.eu\/wp-content\/uploads\/2019\/10\/unicount-logo-002.jpg\",\"width\":1380,\"height\":288,\"caption\":\"Unicount O\u00dc\"},\"image\":{\"@id\":\"https:\/\/unicount.eu\/tr\/#\/schema\/logo\/image\/\"},\"sameAs\":[\"https:\/\/www.facebook.com\/unicount\/\",\"https:\/\/x.com\/unicountestonia\",\"https:\/\/www.linkedin.com\/company\/unicount\",\"https:\/\/www.youtube.com\/channel\/UCSV5_VgpIIAUyLWhjeXY8vQ\"]}]}<\/script>\n<!-- \/ Yoast SEO Premium plugin. -->","yoast_head_json":{"title":"\u00c7erez Bildirimi | Unicount","description":"\u00c7erezler, cihaz\u0131n\u0131za yerle\u015ftirilen ve Unicount i\u015flevselli\u011fini sa\u011flayan k\u00fc\u00e7\u00fck dosyalard\u0131r. Unicount eri\u015fiminizi g\u00fcvence alt\u0131na al\u0131r.","robots":{"index":"index","follow":"follow","max-snippet":"max-snippet:-1","max-image-preview":"max-image-preview:large","max-video-preview":"max-video-preview:-1"},"canonical":"https:\/\/unicount.eu\/tr\/cerez-bildirimi\/","og_locale":"tr_TR","og_type":"article","og_title":"\u00c7erez Bildirimi","og_description":"\u00c7erezler, cihaz\u0131n\u0131za yerle\u015ftirilen ve Unicount i\u015flevselli\u011fini sa\u011flayan k\u00fc\u00e7\u00fck dosyalard\u0131r. Unicount eri\u015fiminizi g\u00fcvence alt\u0131na al\u0131r.","og_url":"https:\/\/unicount.eu\/tr\/cerez-bildirimi\/","og_site_name":"Unicount","article_publisher":"https:\/\/www.facebook.com\/unicount\/","article_modified_time":"2022-03-08T08:51:58+00:00","og_image":[{"width":2400,"height":1350,"url":"https:\/\/unicount.eu\/wp-content\/uploads\/2021\/01\/fb-cover@2x.jpg","type":"image\/jpeg"}],"twitter_card":"summary_large_image","twitter_site":"@unicountestonia","twitter_misc":{"Tahmini okuma s\u00fcresi":"3 dakika"},"schema":{"@context":"https:\/\/schema.org","@graph":[{"@type":"WebPage","@id":"https:\/\/unicount.eu\/tr\/cerez-bildirimi\/","url":"https:\/\/unicount.eu\/tr\/cerez-bildirimi\/","name":"\u00c7erez Bildirimi | Unicount","isPartOf":{"@id":"https:\/\/unicount.eu\/tr\/#website"},"datePublished":"2019-03-13T08:11:46+00:00","dateModified":"2022-03-08T08:51:58+00:00","description":"\u00c7erezler, cihaz\u0131n\u0131za yerle\u015ftirilen ve Unicount i\u015flevselli\u011fini sa\u011flayan k\u00fc\u00e7\u00fck dosyalard\u0131r. Unicount eri\u015fiminizi g\u00fcvence alt\u0131na al\u0131r.","breadcrumb":{"@id":"https:\/\/unicount.eu\/tr\/cerez-bildirimi\/#breadcrumb"},"inLanguage":"tr","potentialAction":[{"@type":"ReadAction","target":["https:\/\/unicount.eu\/tr\/cerez-bildirimi\/"]}]},{"@type":"BreadcrumbList","@id":"https:\/\/unicount.eu\/tr\/cerez-bildirimi\/#breadcrumb","itemListElement":[{"@type":"ListItem","position":1,"name":"Home","item":"https:\/\/unicount.eu\/tr\/"},{"@type":"ListItem","position":2,"name":"\u00c7erez Bildirimi"}]},{"@type":"WebSite","@id":"https:\/\/unicount.eu\/tr\/#website","url":"https:\/\/unicount.eu\/tr\/","name":"Unicount","description":"The simplest way to start an Estonian company","publisher":{"@id":"https:\/\/unicount.eu\/tr\/#organization"},"potentialAction":[{"@type":"SearchAction","target":{"@type":"EntryPoint","urlTemplate":"https:\/\/unicount.eu\/tr\/?s={search_term_string}"},"query-input":{"@type":"PropertyValueSpecification","valueRequired":true,"valueName":"search_term_string"}}],"inLanguage":"tr"},{"@type":"Organization","@id":"https:\/\/unicount.eu\/tr\/#organization","name":"Unicount O\u00dc","url":"https:\/\/unicount.eu\/tr\/","logo":{"@type":"ImageObject","inLanguage":"tr","@id":"https:\/\/unicount.eu\/tr\/#\/schema\/logo\/image\/","url":"https:\/\/unicount.eu\/wp-content\/uploads\/2019\/10\/unicount-logo-002.jpg","contentUrl":"https:\/\/unicount.eu\/wp-content\/uploads\/2019\/10\/unicount-logo-002.jpg","width":1380,"height":288,"caption":"Unicount O\u00dc"},"image":{"@id":"https:\/\/unicount.eu\/tr\/#\/schema\/logo\/image\/"},"sameAs":["https:\/\/www.facebook.com\/unicount\/","https:\/\/x.com\/unicountestonia","https:\/\/www.linkedin.com\/company\/unicount","https:\/\/www.youtube.com\/channel\/UCSV5_VgpIIAUyLWhjeXY8vQ"]}]}},"_links":{"self":[{"href":"https:\/\/unicount.eu\/tr\/wp-json\/wp\/v2\/pages\/6968","targetHints":{"allow":["GET"]}}],"collection":[{"href":"https:\/\/unicount.eu\/tr\/wp-json\/wp\/v2\/pages"}],"about":[{"href":"https:\/\/unicount.eu\/tr\/wp-json\/wp\/v2\/types\/page"}],"author":[{"embeddable":true,"href":"https:\/\/unicount.eu\/tr\/wp-json\/wp\/v2\/users\/2"}],"replies":[{"embeddable":true,"href":"https:\/\/unicount.eu\/tr\/wp-json\/wp\/v2\/comments?post=6968"}],"version-history":[{"count":14,"href":"https:\/\/unicount.eu\/tr\/wp-json\/wp\/v2\/pages\/6968\/revisions"}],"predecessor-version":[{"id":7240,"href":"https:\/\/unicount.eu\/tr\/wp-json\/wp\/v2\/pages\/6968\/revisions\/7240"}],"wp:attachment":[{"href":"https:\/\/unicount.eu\/tr\/wp-json\/wp\/v2\/media?parent=6968"}],"curies":[{"name":"wp","href":"https:\/\/api.w.org\/{rel}","templated":true}]}}