{"id":6966,"date":"2019-10-10T10:57:40","date_gmt":"2019-10-10T07:57:40","guid":{"rendered":"https:\/\/unicount.eu\/?page_id=6966"},"modified":"2023-11-22T15:23:35","modified_gmt":"2023-11-22T13:23:35","slug":"irtibat","status":"publish","type":"page","link":"https:\/\/unicount.eu\/tr\/irtibat\/","title":{"rendered":"\u0130rtibat"},"content":{"rendered":"\n<section id=\"kaartparemal-block_5d3af2d67862d324f5fbf9319cba23ed\"\n         class=\"kaartparemal kolmkaarti  contacts color-white  large-font blue_bg sixty\">\n    <div class=\"wrapper\">\n\n\n        <div class=\"row d-flex flex-wrap\">\n\n            <div class=\"col-md-7 d-flex flex-wrap align-content-start left-side\">\n\n\t\t\t\t                    <h1 class=\"module-heading\">\n\t\t\t\t\t\tUnicount                    <\/h1>\n\t\t\t\t\n\n\t\t\t\t                    <div class=\"def-p\">\n\t\t\t\t\t\t<p>\u00c7evrimi\u00e7i bir self-servis portal\u0131 arac\u0131l\u0131\u011f\u0131yla \u00e7ok kolay Estonya \u015firket kurulu\u015fu sunmaktay\u0131z.<\/p>\n<p>Video e\u011fitimleri ve \u00e7evrimi\u00e7i destek sayesinde sanal ofis adresimiz ile be\u015f dakika veya daha k\u0131sa s\u00fcrede tek hissedar ve y\u00f6netim kurulu \u00fcyesi olan bir \u015firket kurabilirsiniz. Hizmet, Estonya Ticaret Siciline ait API&#8217;a dayal\u0131d\u0131r ve Estonya e-resident kart\u0131 veya ikamet kimlik kart\u0131, Smart-ID veya Mobile-ID sahibi olman\u0131z\u0131 gerektirir.<\/p>\n<p>Sanal ofis hizmetimize birden fazla pay sahibi \u015firket ve i\u015ftirak Estonya Ticaret Sicili ile kay\u0131t olabilir.<\/p>\n<p>Unicount, sanal ofis m\u00fc\u015fterilerine y\u0131ll\u0131k hesap haz\u0131rlama ve Estonya vergi raporlamas\u0131 ile birlikte \u00e7evrimi\u00e7i muhasebe hizmeti sa\u011flar.<\/p>\n                    <\/div>\n\t\t\t\t\n\n            <\/div>\n            <div class=\"col-md-5 right-side\">\n                <div class=\"card-item\">\n                    <script src=\"https:\/\/maps.googleapis.com\/maps\/api\/js?key=AIzaSyCVno7A7oXP5Cn6PgDNrTRPBDpmPAwVrbk\"><\/script>\n                    <style type=\"text\/css\">\n\n                        .acf-map {\n                            width: 100%;\n                            height: 250px;\n                            border: #ccc solid 1px;\n                            margin: 20px 0;\n                        }\n\n                        \/* fixes potential theme css conflict *\/\n                        .acf-map img {\n                            max-width: inherit !important;\n                        }\n\n                    <\/style>\n\t                                            <div class=\"acf-map\">\n                                <div class=\"marker\" data-lat=\"59.4190579\"\n                                     data-lng=\"24.7564037\"><\/div>\n                            <\/div>\n\t\t                                    <div class=\"text-cont\">\n                        <div class=\"dark-text\">\n\t\t\t\t\t\t\t\t\t\t\t\t\t\t\t<p>Unicount O\u00dc<br \/>\nEstonya limitet \u015firketi<br \/>\nKay\u0131t numaras\u0131 14614272<br \/>\nFIU lisans no FIU000315<br \/>\nKDV no EE102384501<\/p>\n<p>Kay\u0131tl\u0131 ofis adresi<br \/>\nVeskiposti 2-1002,<br \/>\nTallin 10138, Estonya<\/p>\n<p>E-posta<br \/>\nsupport@unicount.eu<\/p>\n\t\t\t\t\t\t\t                            <a href=\"https:\/\/wa.me\/+3725111234\" target=\"_blank\" class=\"button--type1\" style=\"margin: 0; margin-top: 20px; display: table;\"><i class=\"fab fa-whatsapp\"><\/i> WhatsApp<\/a>\n                        <\/div>\n                    <\/div>\n                <\/div>\n            <\/div>\n\n\n        <\/div>\n<\/section>\n\n\n\n\n<section id=\"testimonial-block_35ca4affca8ce3ce0e9f1fac753adf73\"\n         class=\"kolmkontakti  \">\n    <div class=\"wrapper\">\n\n\n\t\t\n                <div class=\"row d-flex flex-wrap\">\n\n\t\t\t\t\t                        <div class=\"col-sm-6 col-lg-4 d-flex\">\n                            <div class=\"card-item\">\n\t\t\t\t\t\t\t\t\n\n\t\t\t\t\t\t\t\t                                    <h3 class=\"\">\n\t\t\t\t\t\t\t\t\t\tIvar Veskioja                                    <\/h3>\n\t\t\t\t\t\t\t\t\n\t                                                                <div class=\"proff\">\n\t\t\t                            Genel M\u00fcd\u00fcr                                    <\/div>\n\t                            \n\t\t\t\t\t\t\t\t                                    <p class=\"\">\n\t\t\t\t\t\t\t\t\t\t<p>Ivar, Estonya e-Residency\u2019e dayal\u0131 bir hizmet konseptiyle Estonya\u2019y\u0131 harika bir \u00fclke yapmak i\u00e7in \u00e7abal\u0131yor. Onun deneyimlerinden, h\u00fck\u00fcmetin e-Residency y\u00f6netim kurulu ve Estonya Hizmet End\u00fcstrisi Derne\u011fi de faydalanmaktad\u0131r. Daha \u00f6nce ise Estonya\u2019n\u0131n \u00f6nde gelen muhasebe \u015firketi 1Office ve maliyet y\u00f6netimi \u015firketi SaaS Envoice\u2019un orta\u011f\u0131yd\u0131.<\/p>\n                                    <\/p>\n\t\t\t\t\t\t\t\t                                \n\n                            <\/div>\n                        <\/div>\n\t\t\t\t\t                        <div class=\"col-sm-6 col-lg-4 d-flex\">\n                            <div class=\"card-item\">\n\t\t\t\t\t\t\t\t                                    <div class=\"iconCont\">\n                                        <img decoding=\"async\" src=\"https:\/\/unicount.eu\/wp-content\/uploads\/2020\/03\/Adam-web-3-1.png\" alt=\"\">\n                                    <\/div>\n\t\t\t\t\t\t\t\t\n\n\t\t\t\t\t\t\t\t                                    <h3 class=\"\">\n\t\t\t\t\t\t\t\t\t\tAdam Rang                                    <\/h3>\n\t\t\t\t\t\t\t\t\n\t                                                                <div class=\"proff\">\n\t\t\t                            \u0130leti\u015fim Direkt\u00f6r\u00fc                                    <\/div>\n\t                            \n\t\t\t\t\t\t\t\t                                    <p class=\"\">\n\t\t\t\t\t\t\t\t\t\t<p>Adam Rang, s\u00fcrekli faaliyet g\u00f6steren, bir El\u00e7i olarak Estonya e-Residency program\u0131n\u0131n geli\u015ftirilmesinde yer alan bir \u0130ngiliz-Estonyal\u0131 giri\u015fimcidir.Adam, Unicount\u2019ta e-resident olanlar\u0131n yan\u0131 s\u0131ra gazetecilerin ve di\u011fer payda\u015flar\u0131n hizmetin faydalar\u0131 hakk\u0131nda bilgi edinmelerini sa\u011flamaktan sorumludur. \u0130lgin\u00e7 bir olay: Adam, Estonya\u2019da i\u015f yapman\u0131n kolayl\u0131\u011f\u0131n\u0131 g\u00f6stermek i\u00e7in bir keresinde saunaya giderken bir \u015firket kurdu.<\/p>\n                                    <\/p>\n\t\t\t\t\t\t\t\t                                \n\n                            <\/div>\n                        <\/div>\n\t\t\t\t\t                <\/div>\n\t\t\t\n\n    <\/div>\n<\/section>\n","protected":false},"excerpt":{"rendered":"","protected":false},"author":2,"featured_media":0,"parent":0,"menu_order":0,"comment_status":"closed","ping_status":"closed","template":"","meta":{"inline_featured_image":false,"footnotes":""},"class_list":["post-6966","page","type-page","status-publish","hentry"],"acf":[],"yoast_head":"<!-- This site is optimized with the Yoast SEO Premium plugin v24.3 (Yoast SEO v24.3) - https:\/\/yoast.com\/wordpress\/plugins\/seo\/ -->\n<title>\u0130rtibat | Unicount<\/title>\n<meta name=\"description\" content=\"\u00c7evrimi\u00e7i bir portal arac\u0131l\u0131\u011f\u0131yla kolayca bir Estonya \u015firketi kurma hizmeti sunuyoruz. Bu hizmet, Estonya Ticaret Sicilinin API&#039;\u0131na ba\u011fl\u0131d\u0131r.\" \/>\n<meta name=\"robots\" content=\"index, follow, max-snippet:-1, max-image-preview:large, max-video-preview:-1\" \/>\n<link rel=\"canonical\" href=\"https:\/\/unicount.eu\/tr\/irtibat\/\" \/>\n<meta property=\"og:locale\" content=\"tr_TR\" \/>\n<meta property=\"og:type\" content=\"article\" \/>\n<meta property=\"og:title\" content=\"\u0130rtibat\" \/>\n<meta property=\"og:description\" content=\"\u00c7evrimi\u00e7i bir portal arac\u0131l\u0131\u011f\u0131yla kolayca bir Estonya \u015firketi kurma hizmeti sunuyoruz. Bu hizmet, Estonya Ticaret Sicilinin API&#039;\u0131na ba\u011fl\u0131d\u0131r.\" \/>\n<meta property=\"og:url\" content=\"https:\/\/unicount.eu\/tr\/irtibat\/\" \/>\n<meta property=\"og:site_name\" content=\"Unicount\" \/>\n<meta property=\"article:publisher\" content=\"https:\/\/www.facebook.com\/unicount\/\" \/>\n<meta property=\"article:modified_time\" content=\"2023-11-22T13:23:35+00:00\" \/>\n<meta property=\"og:image\" content=\"https:\/\/unicount.eu\/wp-content\/uploads\/2021\/01\/fb-cover@2x.jpg\" \/>\n\t<meta property=\"og:image:width\" content=\"2400\" \/>\n\t<meta property=\"og:image:height\" content=\"1350\" \/>\n\t<meta property=\"og:image:type\" content=\"image\/jpeg\" \/>\n<meta name=\"twitter:card\" content=\"summary_large_image\" \/>\n<meta name=\"twitter:site\" content=\"@unicountestonia\" \/>\n<script type=\"application\/ld+json\" class=\"yoast-schema-graph\">{\"@context\":\"https:\/\/schema.org\",\"@graph\":[{\"@type\":\"WebPage\",\"@id\":\"https:\/\/unicount.eu\/tr\/irtibat\/\",\"url\":\"https:\/\/unicount.eu\/tr\/irtibat\/\",\"name\":\"\u0130rtibat | Unicount\",\"isPartOf\":{\"@id\":\"https:\/\/unicount.eu\/tr\/#website\"},\"datePublished\":\"2019-10-10T07:57:40+00:00\",\"dateModified\":\"2023-11-22T13:23:35+00:00\",\"description\":\"\u00c7evrimi\u00e7i bir portal arac\u0131l\u0131\u011f\u0131yla kolayca bir Estonya \u015firketi kurma hizmeti sunuyoruz. Bu hizmet, Estonya Ticaret Sicilinin API'\u0131na ba\u011fl\u0131d\u0131r.\",\"breadcrumb\":{\"@id\":\"https:\/\/unicount.eu\/tr\/irtibat\/#breadcrumb\"},\"inLanguage\":\"tr\",\"potentialAction\":[{\"@type\":\"ReadAction\",\"target\":[\"https:\/\/unicount.eu\/tr\/irtibat\/\"]}]},{\"@type\":\"BreadcrumbList\",\"@id\":\"https:\/\/unicount.eu\/tr\/irtibat\/#breadcrumb\",\"itemListElement\":[{\"@type\":\"ListItem\",\"position\":1,\"name\":\"Home\",\"item\":\"https:\/\/unicount.eu\/tr\/\"},{\"@type\":\"ListItem\",\"position\":2,\"name\":\"\u0130rtibat\"}]},{\"@type\":\"WebSite\",\"@id\":\"https:\/\/unicount.eu\/tr\/#website\",\"url\":\"https:\/\/unicount.eu\/tr\/\",\"name\":\"Unicount\",\"description\":\"The simplest way to start an Estonian company\",\"publisher\":{\"@id\":\"https:\/\/unicount.eu\/tr\/#organization\"},\"potentialAction\":[{\"@type\":\"SearchAction\",\"target\":{\"@type\":\"EntryPoint\",\"urlTemplate\":\"https:\/\/unicount.eu\/tr\/?s={search_term_string}\"},\"query-input\":{\"@type\":\"PropertyValueSpecification\",\"valueRequired\":true,\"valueName\":\"search_term_string\"}}],\"inLanguage\":\"tr\"},{\"@type\":\"Organization\",\"@id\":\"https:\/\/unicount.eu\/tr\/#organization\",\"name\":\"Unicount O\u00dc\",\"url\":\"https:\/\/unicount.eu\/tr\/\",\"logo\":{\"@type\":\"ImageObject\",\"inLanguage\":\"tr\",\"@id\":\"https:\/\/unicount.eu\/tr\/#\/schema\/logo\/image\/\",\"url\":\"https:\/\/unicount.eu\/wp-content\/uploads\/2019\/10\/unicount-logo-002.jpg\",\"contentUrl\":\"https:\/\/unicount.eu\/wp-content\/uploads\/2019\/10\/unicount-logo-002.jpg\",\"width\":1380,\"height\":288,\"caption\":\"Unicount O\u00dc\"},\"image\":{\"@id\":\"https:\/\/unicount.eu\/tr\/#\/schema\/logo\/image\/\"},\"sameAs\":[\"https:\/\/www.facebook.com\/unicount\/\",\"https:\/\/x.com\/unicountestonia\",\"https:\/\/www.linkedin.com\/company\/unicount\",\"https:\/\/www.youtube.com\/channel\/UCSV5_VgpIIAUyLWhjeXY8vQ\"]}]}<\/script>\n<!-- \/ Yoast SEO Premium plugin. -->","yoast_head_json":{"title":"\u0130rtibat | Unicount","description":"\u00c7evrimi\u00e7i bir portal arac\u0131l\u0131\u011f\u0131yla kolayca bir Estonya \u015firketi kurma hizmeti sunuyoruz. Bu hizmet, Estonya Ticaret Sicilinin API'\u0131na ba\u011fl\u0131d\u0131r.","robots":{"index":"index","follow":"follow","max-snippet":"max-snippet:-1","max-image-preview":"max-image-preview:large","max-video-preview":"max-video-preview:-1"},"canonical":"https:\/\/unicount.eu\/tr\/irtibat\/","og_locale":"tr_TR","og_type":"article","og_title":"\u0130rtibat","og_description":"\u00c7evrimi\u00e7i bir portal arac\u0131l\u0131\u011f\u0131yla kolayca bir Estonya \u015firketi kurma hizmeti sunuyoruz. Bu hizmet, Estonya Ticaret Sicilinin API'\u0131na ba\u011fl\u0131d\u0131r.","og_url":"https:\/\/unicount.eu\/tr\/irtibat\/","og_site_name":"Unicount","article_publisher":"https:\/\/www.facebook.com\/unicount\/","article_modified_time":"2023-11-22T13:23:35+00:00","og_image":[{"width":2400,"height":1350,"url":"https:\/\/unicount.eu\/wp-content\/uploads\/2021\/01\/fb-cover@2x.jpg","type":"image\/jpeg"}],"twitter_card":"summary_large_image","twitter_site":"@unicountestonia","schema":{"@context":"https:\/\/schema.org","@graph":[{"@type":"WebPage","@id":"https:\/\/unicount.eu\/tr\/irtibat\/","url":"https:\/\/unicount.eu\/tr\/irtibat\/","name":"\u0130rtibat | Unicount","isPartOf":{"@id":"https:\/\/unicount.eu\/tr\/#website"},"datePublished":"2019-10-10T07:57:40+00:00","dateModified":"2023-11-22T13:23:35+00:00","description":"\u00c7evrimi\u00e7i bir portal arac\u0131l\u0131\u011f\u0131yla kolayca bir Estonya \u015firketi kurma hizmeti sunuyoruz. Bu hizmet, Estonya Ticaret Sicilinin API'\u0131na ba\u011fl\u0131d\u0131r.","breadcrumb":{"@id":"https:\/\/unicount.eu\/tr\/irtibat\/#breadcrumb"},"inLanguage":"tr","potentialAction":[{"@type":"ReadAction","target":["https:\/\/unicount.eu\/tr\/irtibat\/"]}]},{"@type":"BreadcrumbList","@id":"https:\/\/unicount.eu\/tr\/irtibat\/#breadcrumb","itemListElement":[{"@type":"ListItem","position":1,"name":"Home","item":"https:\/\/unicount.eu\/tr\/"},{"@type":"ListItem","position":2,"name":"\u0130rtibat"}]},{"@type":"WebSite","@id":"https:\/\/unicount.eu\/tr\/#website","url":"https:\/\/unicount.eu\/tr\/","name":"Unicount","description":"The simplest way to start an Estonian company","publisher":{"@id":"https:\/\/unicount.eu\/tr\/#organization"},"potentialAction":[{"@type":"SearchAction","target":{"@type":"EntryPoint","urlTemplate":"https:\/\/unicount.eu\/tr\/?s={search_term_string}"},"query-input":{"@type":"PropertyValueSpecification","valueRequired":true,"valueName":"search_term_string"}}],"inLanguage":"tr"},{"@type":"Organization","@id":"https:\/\/unicount.eu\/tr\/#organization","name":"Unicount O\u00dc","url":"https:\/\/unicount.eu\/tr\/","logo":{"@type":"ImageObject","inLanguage":"tr","@id":"https:\/\/unicount.eu\/tr\/#\/schema\/logo\/image\/","url":"https:\/\/unicount.eu\/wp-content\/uploads\/2019\/10\/unicount-logo-002.jpg","contentUrl":"https:\/\/unicount.eu\/wp-content\/uploads\/2019\/10\/unicount-logo-002.jpg","width":1380,"height":288,"caption":"Unicount O\u00dc"},"image":{"@id":"https:\/\/unicount.eu\/tr\/#\/schema\/logo\/image\/"},"sameAs":["https:\/\/www.facebook.com\/unicount\/","https:\/\/x.com\/unicountestonia","https:\/\/www.linkedin.com\/company\/unicount","https:\/\/www.youtube.com\/channel\/UCSV5_VgpIIAUyLWhjeXY8vQ"]}]}},"_links":{"self":[{"href":"https:\/\/unicount.eu\/tr\/wp-json\/wp\/v2\/pages\/6966","targetHints":{"allow":["GET"]}}],"collection":[{"href":"https:\/\/unicount.eu\/tr\/wp-json\/wp\/v2\/pages"}],"about":[{"href":"https:\/\/unicount.eu\/tr\/wp-json\/wp\/v2\/types\/page"}],"author":[{"embeddable":true,"href":"https:\/\/unicount.eu\/tr\/wp-json\/wp\/v2\/users\/2"}],"replies":[{"embeddable":true,"href":"https:\/\/unicount.eu\/tr\/wp-json\/wp\/v2\/comments?post=6966"}],"version-history":[{"count":12,"href":"https:\/\/unicount.eu\/tr\/wp-json\/wp\/v2\/pages\/6966\/revisions"}],"predecessor-version":[{"id":17054,"href":"https:\/\/unicount.eu\/tr\/wp-json\/wp\/v2\/pages\/6966\/revisions\/17054"}],"wp:attachment":[{"href":"https:\/\/unicount.eu\/tr\/wp-json\/wp\/v2\/media?parent=6966"}],"curies":[{"name":"wp","href":"https:\/\/api.w.org\/{rel}","templated":true}]}}