{"id":6960,"date":"2021-12-13T16:30:52","date_gmt":"2021-12-13T14:30:52","guid":{"rendered":"https:\/\/unicount.eu\/?page_id=6960"},"modified":"2023-12-18T21:17:47","modified_gmt":"2023-12-18T19:17:47","slug":"ortaklik-programi","status":"publish","type":"page","link":"https:\/\/unicount.eu\/tr\/ortaklik-programi\/","title":{"rendered":"Ortakl\u0131k program\u0131"},"content":{"rendered":"\n<section id=\"piltparemal-block_3cbe80678e7da3eec26c9a925da73cc6\"\n         class=\"piltparemal  piltparemal  alignfull color-white  large-font blue_bg medium\">\n    <div class=\"wrapper\">\n\n\n        <div class=\"row d-flex flex-wrap\">\n\n            <div class=\"col-md-6 d-flex flex-wrap align-content-start left-side\">\n\t\t\t\t                    <h2 class=\"module-heading\">\n\t\t\t\t\t\tUnicount Ortakl\u0131k Program\u0131                    <\/h2>\n\t\t\t\t\n\n\t\t\t\t                    <p class=\"def-p\">\n\t\t\t\t\t\tUnicount, Ortakl\u0131k Program\u0131n\u0131, Estonya e-resident \u00fcyelerine \u015firket kurulu\u015fu ve sanal ofis hizmetlerini te\u015fvik eden uygun ortaklara sunmaktad\u0131r.                      <\/p>\n\t\t\t\t\n\n\t\t\t\t\n\n\n\n\t\t\t\t                        <a class=\"button--type1 button--lg\" href=\"#signup\"\n                           target=\"_self\">Ortak olun<\/a>\n\t\t\t\t\t\n            <\/div>\n\n\t\t\t            <div class=\"col-md-6 right-side \">\n\t\t\t\t                    <div class=\"imgCont\">\n                        <img decoding=\"async\" class=\"img-responsive \" src=\"https:\/\/unicount.eu\/wp-content\/uploads\/2019\/10\/2384136@15x.svg\" alt=\"\">\n                    <\/div>\n\t\t\t\t\t\t\t\t            <\/div>\n\n\n        <\/div>\n<\/section>\n\n\n\n<section id=\"sildiplokk-block_6086820ac0cbd250f3cac8e332caa7c6\"\n         class=\"sildiplokk  \">\n    <div class=\"wrapper\">\n\n\n        <div class=\"d-flex\">\n\t\t\t\n\t\t\t\n\t\t\t\n        <\/div>\n\n\n\t\t\n\n<\/section>\n\n\n\n<section id=\"sildiplokk-block_9daaa072f1f51a48eeea40430db2bf84\"\n         class=\"sildiplokk  alignfull \">\n    <div class=\"wrapper\">\n\n\n        <div class=\"d-flex\">\n\t\t\t                <h2 class=\"module-heading\">\n\t\t\t\t\tOrtakl\u0131k Program\u0131 nas\u0131l i\u015fler?                <\/h2>\n\t\t\t\n\t\t\t\n\t\t\t\n        <\/div>\n\n\n\t\t            <p class=\"def-p\">\n\t\t\t\t<p>Ortak olmak i\u00e7in ortakl\u0131k kay\u0131t formumuzu doldurun.<br \/>\nUnicount her yeni m\u00fc\u015fteri i\u00e7in KDV hari\u00e7 50 Euro \u00f6deme yapar.<br \/>\n<a href=\"https:\/\/unicount.eu\/tr\/hizmet-kullanim-sartlari\/\">Hizmet Kullan\u0131m \u015eartlar\u0131<\/a> ge\u00e7erlidir.<\/p>\n            <\/p>\n\t\t\n\n<\/section>\n\n\n\n<style>.mb60 {\n        margin-bottom: 60px;\n\n    }\n\n<\/style>\n\n<section id=\"testimonial-block_0c7ac0d9adc7a99699c3fb4c159d46bd\"\n         class=\"kolmkaarti  bg-white alignfull \">\n    <div class=\"wrapper\">\n\n\n\t\t\n                <div class=\"row d-flex flex-wrap max-w90\">\n\n\t\t\t\t\t                        <div class=\"item col-md-6 col-lg-4 d-flex mb60\">\n                            <div class=\"card-item\">\n\t\t\t\t\t\t\t                                <div class=\"iconCont\">\n                                    <img decoding=\"async\" src=\"https:\/\/unicount.eu\/wp-content\/uploads\/2019\/10\/Group-14@15x-1.svg\" alt=\"\">\n                                <\/div>\n\t\t\t\t\t\t\t\n\n\t\t\t\t\t\t\t                                <h3 class=\"\">\n\t\t\t\t\t\t\t\t\tKimler uygundur?                                <\/h3>\n\t\t\t\t\t\t\t\n\t\t\t\t\t\t\t                                <p class=\"\">\n\t\t\t\t\t\t\t\t\t<p>\u00d6demeleri yaln\u0131zca t\u00fczel ki\u015filere kabul edilen vergi faturas\u0131 esas al\u0131narak yap\u0131yoruz. \u0130\u015ftirakimizin, lehtarlar\u0131n\u0131n ve y\u00f6neticilerinin yetki alanlar\u0131na ili\u015fkin k\u0131s\u0131tlamalar, e-resident m\u00fc\u015fterileri kabul etmeye y\u00f6nelik politikalar\u0131m\u0131za benzer.<\/p>\n                                <\/p>\n\t\t\t\t\t\t\t\t                                                                    <a class=\"text-link\" href=\"https:\/\/support.unicount.eu\/tr\/articles\/2939078-unicount-u-hangi-ulkelerde-kullanabilirim\" target=\"_self\">Daha fazlas\u0131n\u0131 okuyun<\/a>\n\t\t                                                        <\/div>\n                        <\/div>\n\t\t\t\t\t                        <div class=\"item col-md-6 col-lg-4 d-flex mb60\">\n                            <div class=\"card-item\">\n\t\t\t\t\t\t\t                                <div class=\"iconCont\">\n                                    <img decoding=\"async\" src=\"https:\/\/unicount.eu\/wp-content\/uploads\/2019\/10\/Group-14@15x.svg\" alt=\"\">\n                                <\/div>\n\t\t\t\t\t\t\t\n\n\t\t\t\t\t\t\t                                <h3 class=\"\">\n\t\t\t\t\t\t\t\t\tDi\u011fer avantajlar nelerdir?                                <\/h3>\n\t\t\t\t\t\t\t\n\t\t\t\t\t\t\t                                <p class=\"\">\n\t\t\t\t\t\t\t\t\t<p>Estonya&#8217;da \u015firketi bulunan i\u015ftiraklerimiz i\u00e7in sanal ofis hizmetimiz indirimli fiyatlarla sunulmaktad\u0131r. Unicount gelen t\u00fcm postalar\u0131 y\u00f6netir ve elektronik olarak size iletir.<\/p>\n                                <\/p>\n\t\t\t\t\t\t\t\t                                                                    <a class=\"text-link\" href=\"https:\/\/unicount.eu\/tr\/estonyada-sanal-ofis\/\" target=\"_self\">Daha fazlas\u0131n\u0131 okuyun<\/a>\n\t\t                                                        <\/div>\n                        <\/div>\n\t\t\t\t\t                        <div class=\"item col-md-6 col-lg-4 d-flex mb60\">\n                            <div class=\"card-item\">\n\t\t\t\t\t\t\t                                <div class=\"iconCont\">\n                                    <img decoding=\"async\" src=\"https:\/\/unicount.eu\/wp-content\/uploads\/2019\/10\/Group-11@15x.svg\" alt=\"\">\n                                <\/div>\n\t\t\t\t\t\t\t\n\n\t\t\t\t\t\t\t                                <h3 class=\"\">\n\t\t\t\t\t\t\t\t\tKomisyonlar nas\u0131l \u00f6deniyor?                                <\/h3>\n\t\t\t\t\t\t\t\n\t\t\t\t\t\t\t                                <p class=\"\">\n\t\t\t\t\t\t\t\t\t<p>Ayl\u0131k \u00f6demeleri, kabul edilen vergi faturas\u0131na g\u00f6re yap\u0131yoruz. Unicount, takip edilen abonelikleri raporlamak i\u00e7in her takvim ay\u0131n\u0131n ba\u015f\u0131nda ayl\u0131k raporlar g\u00f6nderir.<\/p>\n                                <\/p>\n\t\t\t\t\t\t\t\t                                                                    <a class=\"text-link\" href=\"https:\/\/support.unicount.eu\/tr\/articles\/6895935-estonya-da-kabul-edilen-bir-faturada-olmasi-gereken-zorunlu-alanlar-nelerdir\" target=\"_self\">Daha fazlas\u0131n\u0131 okuyun<\/a>\n\t\t                                                        <\/div>\n                        <\/div>\n\t\t\t\t\t                <\/div>\n\t\t\t\n\n    <\/div>\n<\/section>\n\n\n\n<div class=\"wp-block-group numbers\"><div class=\"wp-block-group__inner-container is-layout-flow wp-block-group-is-layout-flow\">\n<div class=\"wp-block-columns upper is-layout-flex wp-container-core-columns-is-layout-9d6595d7 wp-block-columns-is-layout-flex\">\n<div class=\"wp-block-column is-layout-flow wp-block-column-is-layout-flow\">\n<h2 class=\"wp-block-heading\">Say\u0131larla Unicount<\/h2>\n<\/div>\n\n\n\n<div class=\"wp-block-column is-layout-flow wp-block-column-is-layout-flow\">\n<p>Unicount, Estonya&#8217;da g\u00fcvenilir bir \u015firket kurma temsilcisidir. Rakamlar\u0131m\u0131z y\u0131llar i\u00e7indeki performans\u0131m\u0131z\u0131 g\u00f6stermektedir.<\/p>\n<\/div>\n<\/div>\n\n\n\n<div class=\"wp-block-columns lower is-layout-flex wp-container-core-columns-is-layout-9d6595d7 wp-block-columns-is-layout-flex\">\n<div class=\"wp-block-column is-layout-flow wp-block-column-is-layout-flow\">\n<h2 class=\"wp-block-heading\">900+<\/h2>\n\n\n\n<p>Bug\u00fcne kadar kurulan \u015firket say\u0131s\u0131<\/p>\n<\/div>\n\n\n\n<div class=\"wp-block-column is-layout-flow wp-block-column-is-layout-flow\">\n<h2 class=\"wp-block-heading\">5<\/h2>\n\n\n\n<p>Dakika baz\u0131nda ortalama \u015firket kurma s\u00fcresi<\/p>\n<\/div>\n\n\n\n<div class=\"wp-block-column is-layout-flow wp-block-column-is-layout-flow\">\n<h2 class=\"wp-block-heading\">6<\/h2>\n\n\n\n<p>Panoda desteklenen dil se\u00e7imi say\u0131s\u0131<\/p>\n<\/div>\n\n\n\n<div class=\"wp-block-column is-layout-flow wp-block-column-is-layout-flow\">\n<h2 class=\"wp-block-heading\">71<\/h2>\n\n\n\n<p>Toplam hizmet verilen \u00fclke say\u0131s\u0131<\/p>\n<\/div>\n<\/div>\n<\/div><\/div>\n\n\n\n<h2 class=\"wp-block-heading\" id=\"signup\">Ortakl\u0131k kay\u0131t formu<\/h2>\n\n\n\n<div class=\"wp-block-contact-form-7-contact-form-selector\">\n<div class=\"wpcf7 no-js\" id=\"wpcf7-f7380-o1\" lang=\"en-US\" dir=\"ltr\" data-wpcf7-id=\"7380\">\n<div class=\"screen-reader-response\"><p role=\"status\" aria-live=\"polite\" aria-atomic=\"true\"><\/p> <ul><\/ul><\/div>\n<form action=\"\/tr\/wp-json\/wp\/v2\/pages\/6960#wpcf7-f7380-o1\" method=\"post\" class=\"wpcf7-form init\" aria-label=\"Contact form\" novalidate=\"novalidate\" data-status=\"init\">\n<div style=\"display: none;\">\n<input type=\"hidden\" name=\"_wpcf7\" value=\"7380\" \/>\n<input type=\"hidden\" name=\"_wpcf7_version\" value=\"6.0.3\" \/>\n<input type=\"hidden\" name=\"_wpcf7_locale\" value=\"en_US\" \/>\n<input type=\"hidden\" name=\"_wpcf7_unit_tag\" value=\"wpcf7-f7380-o1\" \/>\n<input type=\"hidden\" name=\"_wpcf7_container_post\" value=\"0\" \/>\n<input type=\"hidden\" name=\"_wpcf7_posted_data_hash\" value=\"\" \/>\n<input type=\"hidden\" name=\"_wpcf7_recaptcha_response\" value=\"\" \/>\n<\/div>\n<h3>\u0130rtibat Bilgileri\n<\/h3>\n<div class=\"grid grid-cols-2 gap-8\">\n\t<div>\n\t\t<p><span class=\"wpcf7-form-control-wrap\" data-name=\"firstname\"><input size=\"40\" maxlength=\"400\" class=\"wpcf7-form-control wpcf7-text wpcf7-validates-as-required\" aria-required=\"true\" aria-invalid=\"false\" placeholder=\"Ad\u0131n\u0131z\" value=\"\" type=\"text\" name=\"firstname\" \/><\/span>\n\t\t<\/p>\n\t<\/div>\n\t<div>\n\t\t<p><span class=\"wpcf7-form-control-wrap\" data-name=\"lastname\"><input size=\"40\" maxlength=\"400\" class=\"wpcf7-form-control wpcf7-text wpcf7-validates-as-required\" aria-required=\"true\" aria-invalid=\"false\" placeholder=\"Soyad\u0131n\u0131z\" value=\"\" type=\"text\" name=\"lastname\" \/><\/span>\n\t\t<\/p>\n\t<\/div>\n\t<div>\n\t\t<p><span class=\"wpcf7-form-control-wrap\" data-name=\"email\"><input size=\"40\" maxlength=\"400\" class=\"wpcf7-form-control wpcf7-email wpcf7-validates-as-required wpcf7-text wpcf7-validates-as-email\" aria-required=\"true\" aria-invalid=\"false\" placeholder=\"E-posta\" value=\"\" type=\"email\" name=\"email\" \/><\/span>\n\t\t<\/p>\n\t<\/div>\n\t<div>\n\t\t<p><span class=\"wpcf7-form-control-wrap\" data-name=\"legal\"><input size=\"40\" maxlength=\"400\" class=\"wpcf7-form-control wpcf7-text wpcf7-validates-as-required\" aria-required=\"true\" aria-invalid=\"false\" placeholder=\"T\u00fczel Ki\u015filik Ad\u0131\" value=\"\" type=\"text\" name=\"legal\" \/><\/span>\n\t\t<\/p>\n\t<\/div>\n\t<div>\n\t\t<p><span class=\"wpcf7-form-control-wrap\" data-name=\"companyname\"><input size=\"40\" maxlength=\"400\" class=\"wpcf7-form-control wpcf7-text wpcf7-validates-as-required\" aria-required=\"true\" aria-invalid=\"false\" placeholder=\"\u0130nternet Sitesi\" value=\"\" type=\"text\" name=\"companyname\" \/><\/span>\n\t\t<\/p>\n\t<\/div>\n\t<div>\n\t\t<p><span class=\"wpcf7-form-control-wrap\" data-name=\"phone\"><input size=\"40\" maxlength=\"400\" class=\"wpcf7-form-control wpcf7-text wpcf7-validates-as-required\" aria-required=\"true\" aria-invalid=\"false\" placeholder=\"Telefon Numaras\u0131\" value=\"\" type=\"text\" name=\"phone\" \/><\/span>\n\t\t<\/p>\n\t<\/div>\n<\/div>\n<h3>Kay\u0131tl\u0131 Ofis Adresi\n<\/h3>\n<div class=\"grid grid-cols-2 gap-8\">\n\t<div>\n\t\t<p><span class=\"wpcf7-form-control-wrap\" data-name=\"address1\"><input size=\"40\" maxlength=\"400\" class=\"wpcf7-form-control wpcf7-text wpcf7-validates-as-required\" aria-required=\"true\" aria-invalid=\"false\" placeholder=\"Adres Sat\u0131r\u0131 1\" value=\"\" type=\"text\" name=\"address1\" \/><\/span>\n\t\t<\/p>\n\t<\/div>\n\t<div>\n\t\t<p><span class=\"wpcf7-form-control-wrap\" data-name=\"address2\"><input size=\"40\" maxlength=\"400\" class=\"wpcf7-form-control wpcf7-text wpcf7-validates-as-required\" aria-required=\"true\" aria-invalid=\"false\" placeholder=\"Adres Sat\u0131r\u0131 2\" value=\"\" type=\"text\" name=\"address2\" \/><\/span>\n\t\t<\/p>\n\t<\/div>\n\t<div>\n\t\t<p><span class=\"wpcf7-form-control-wrap\" data-name=\"city\"><input size=\"40\" maxlength=\"400\" class=\"wpcf7-form-control wpcf7-text wpcf7-validates-as-required\" aria-required=\"true\" aria-invalid=\"false\" placeholder=\"\u015eehir\" value=\"\" type=\"text\" name=\"city\" \/><\/span>\n\t\t<\/p>\n\t<\/div>\n\t<div>\n\t\t<p><span class=\"wpcf7-form-control-wrap\" data-name=\"zip\"><input size=\"40\" maxlength=\"400\" class=\"wpcf7-form-control wpcf7-text wpcf7-validates-as-required\" aria-required=\"true\" aria-invalid=\"false\" placeholder=\"Posta Kodu\" value=\"\" type=\"text\" name=\"zip\" \/><\/span>\n\t\t<\/p>\n\t<\/div>\n\t<div>\n\t\t<p><span class=\"wpcf7-form-control-wrap\" data-name=\"country\"><input size=\"40\" maxlength=\"400\" class=\"wpcf7-form-control wpcf7-text wpcf7-validates-as-required\" aria-required=\"true\" aria-invalid=\"false\" placeholder=\"\u00dclke\" value=\"\" type=\"text\" name=\"country\" \/><\/span>\n\t\t<\/p>\n\t<\/div>\n\t<div>\n\t\t<p><span class=\"wpcf7-form-control-wrap\" data-name=\"bphone\"><input size=\"40\" maxlength=\"400\" class=\"wpcf7-form-control wpcf7-text wpcf7-validates-as-required\" aria-required=\"true\" aria-invalid=\"false\" placeholder=\"\u0130\u015fletme Telefonu\" value=\"\" type=\"text\" name=\"bphone\" \/><\/span>\n\t\t<\/p>\n\t<\/div>\n<\/div>\n<h3>Faturaland\u0131rma\n<\/h3>\n<div class=\"grid grid-cols-2 gap-8\">\n\t<div>\n\t\t<p><span class=\"wpcf7-form-control-wrap\" data-name=\"tax\"><input size=\"40\" maxlength=\"400\" class=\"wpcf7-form-control wpcf7-text wpcf7-validates-as-required\" aria-required=\"true\" aria-invalid=\"false\" placeholder=\"KDV Kimli\u011fi\" value=\"\" type=\"text\" name=\"tax\" \/><\/span>\n\t\t<\/p>\n\t<\/div>\n<\/div>\n<h3>Ek Bilgi\n<\/h3>\n<div>\n\t<p><span class=\"wpcf7-form-control-wrap\" data-name=\"refferalcode\"><input size=\"40\" maxlength=\"400\" class=\"wpcf7-form-control wpcf7-text wpcf7-validates-as-required\" aria-required=\"true\" aria-invalid=\"false\" placeholder=\"Y\u00f6nlendirme Kodu\" value=\"\" type=\"text\" name=\"refferalcode\" \/><\/span>\n\t<\/p>\n<\/div>\n<div>\n\t<p><span class=\"wpcf7-form-control-wrap\" data-name=\"describe\"><textarea cols=\"40\" rows=\"10\" maxlength=\"2000\" class=\"wpcf7-form-control wpcf7-textarea wpcf7-validates-as-required\" aria-required=\"true\" aria-invalid=\"false\" placeholder=\"Unicount&#039;\u0131n reklam\u0131n\u0131 yapmak i\u00e7in kullan\u0131lan siteleri ve y\u00f6ntemleri a\u00e7\u0131klay\u0131n\" name=\"describe\"><\/textarea><\/span>\n\t<\/p>\n<\/div>\n<h3>Hizmet Kullan\u0131m \u015eartlar\u0131\n<\/h3>\n<p><span class=\"wpcf7-form-control-wrap\" data-name=\"acceptance-126\"><span class=\"wpcf7-form-control wpcf7-acceptance\"><span class=\"wpcf7-list-item\"><label><input type=\"checkbox\" name=\"acceptance-126\" value=\"1\" aria-invalid=\"false\" \/><span class=\"wpcf7-list-item-label\"><a target=\"_blank\" href=\"https:\/\/unicount.eu\/fr\/affiliate-terms-of-service\/\">Hizmet Kullan\u0131m \u015eartlar\u0131'n\u0131<\/a> kabul ediyorum.<\/span><\/label><\/span><\/span><\/span>\n<\/p>\n<p><input class=\"wpcf7-form-control wpcf7-submit has-spinner\" type=\"submit\" value=\"G\u00f6nder\" \/>\n<\/p><div class=\"wpcf7-response-output\" aria-hidden=\"true\"><\/div>\n<\/form>\n<\/div>\n<\/div>\n\n\n\n<p><\/p>\n","protected":false},"excerpt":{"rendered":"<p>Say\u0131larla Unicount Unicount, Estonya&#8217;da g\u00fcvenilir bir \u015firket kurma temsilcisidir. Rakamlar\u0131m\u0131z y\u0131llar i\u00e7indeki performans\u0131m\u0131z\u0131 g\u00f6stermektedir. 900+ Bug\u00fcne kadar kurulan \u015firket say\u0131s\u0131 5 Dakika baz\u0131nda ortalama \u015firket kurma s\u00fcresi 6 Panoda desteklenen dil se\u00e7imi say\u0131s\u0131 71 Toplam hizmet verilen \u00fclke say\u0131s\u0131 Ortakl\u0131k kay\u0131t formu<\/p>\n","protected":false},"author":2,"featured_media":0,"parent":0,"menu_order":0,"comment_status":"closed","ping_status":"closed","template":"","meta":{"inline_featured_image":false,"footnotes":""},"class_list":["post-6960","page","type-page","status-publish","hentry"],"acf":[],"yoast_head":"<!-- This site is optimized with the Yoast SEO Premium plugin v24.3 (Yoast SEO v24.3) - https:\/\/yoast.com\/wordpress\/plugins\/seo\/ -->\n<title>Ortakl\u0131k program\u0131 | Unicount<\/title>\n<meta name=\"description\" content=\"Unicount, Ortakl\u0131k Program\u0131n\u0131 Estonya&#039;da \u015firket kurma ve sanal ofis hizmetlerinin reklam\u0131n\u0131 yapan uygun \u015firketlere sunmaktad\u0131r.\" \/>\n<meta name=\"robots\" content=\"index, follow, max-snippet:-1, max-image-preview:large, max-video-preview:-1\" \/>\n<link rel=\"canonical\" href=\"https:\/\/unicount.eu\/tr\/ortaklik-programi\/\" \/>\n<meta property=\"og:locale\" content=\"tr_TR\" \/>\n<meta property=\"og:type\" content=\"article\" \/>\n<meta property=\"og:title\" content=\"Ortakl\u0131k program\u0131\" \/>\n<meta property=\"og:description\" content=\"Unicount, Ortakl\u0131k Program\u0131n\u0131 Estonya&#039;da \u015firket kurma ve sanal ofis hizmetlerinin reklam\u0131n\u0131 yapan uygun \u015firketlere sunmaktad\u0131r.\" \/>\n<meta property=\"og:url\" content=\"https:\/\/unicount.eu\/tr\/ortaklik-programi\/\" \/>\n<meta property=\"og:site_name\" content=\"Unicount\" \/>\n<meta property=\"article:publisher\" content=\"https:\/\/www.facebook.com\/unicount\/\" \/>\n<meta property=\"article:modified_time\" content=\"2023-12-18T19:17:47+00:00\" \/>\n<meta property=\"og:image\" content=\"https:\/\/unicount.eu\/wp-content\/uploads\/2021\/01\/fb-cover@2x.jpg\" \/>\n\t<meta property=\"og:image:width\" content=\"2400\" \/>\n\t<meta property=\"og:image:height\" content=\"1350\" \/>\n\t<meta property=\"og:image:type\" content=\"image\/jpeg\" \/>\n<meta name=\"twitter:card\" content=\"summary_large_image\" \/>\n<meta name=\"twitter:site\" content=\"@unicountestonia\" \/>\n<meta name=\"twitter:label1\" content=\"Tahmini okuma s\u00fcresi\" \/>\n\t<meta name=\"twitter:data1\" content=\"1 dakika\" \/>\n<script type=\"application\/ld+json\" class=\"yoast-schema-graph\">{\"@context\":\"https:\/\/schema.org\",\"@graph\":[{\"@type\":\"WebPage\",\"@id\":\"https:\/\/unicount.eu\/tr\/ortaklik-programi\/\",\"url\":\"https:\/\/unicount.eu\/tr\/ortaklik-programi\/\",\"name\":\"Ortakl\u0131k program\u0131 | Unicount\",\"isPartOf\":{\"@id\":\"https:\/\/unicount.eu\/tr\/#website\"},\"datePublished\":\"2021-12-13T14:30:52+00:00\",\"dateModified\":\"2023-12-18T19:17:47+00:00\",\"description\":\"Unicount, Ortakl\u0131k Program\u0131n\u0131 Estonya'da \u015firket kurma ve sanal ofis hizmetlerinin reklam\u0131n\u0131 yapan uygun \u015firketlere sunmaktad\u0131r.\",\"breadcrumb\":{\"@id\":\"https:\/\/unicount.eu\/tr\/ortaklik-programi\/#breadcrumb\"},\"inLanguage\":\"tr\",\"potentialAction\":[{\"@type\":\"ReadAction\",\"target\":[\"https:\/\/unicount.eu\/tr\/ortaklik-programi\/\"]}]},{\"@type\":\"BreadcrumbList\",\"@id\":\"https:\/\/unicount.eu\/tr\/ortaklik-programi\/#breadcrumb\",\"itemListElement\":[{\"@type\":\"ListItem\",\"position\":1,\"name\":\"Home\",\"item\":\"https:\/\/unicount.eu\/tr\/\"},{\"@type\":\"ListItem\",\"position\":2,\"name\":\"Ortakl\u0131k program\u0131\"}]},{\"@type\":\"WebSite\",\"@id\":\"https:\/\/unicount.eu\/tr\/#website\",\"url\":\"https:\/\/unicount.eu\/tr\/\",\"name\":\"Unicount\",\"description\":\"The simplest way to start an Estonian company\",\"publisher\":{\"@id\":\"https:\/\/unicount.eu\/tr\/#organization\"},\"potentialAction\":[{\"@type\":\"SearchAction\",\"target\":{\"@type\":\"EntryPoint\",\"urlTemplate\":\"https:\/\/unicount.eu\/tr\/?s={search_term_string}\"},\"query-input\":{\"@type\":\"PropertyValueSpecification\",\"valueRequired\":true,\"valueName\":\"search_term_string\"}}],\"inLanguage\":\"tr\"},{\"@type\":\"Organization\",\"@id\":\"https:\/\/unicount.eu\/tr\/#organization\",\"name\":\"Unicount O\u00dc\",\"url\":\"https:\/\/unicount.eu\/tr\/\",\"logo\":{\"@type\":\"ImageObject\",\"inLanguage\":\"tr\",\"@id\":\"https:\/\/unicount.eu\/tr\/#\/schema\/logo\/image\/\",\"url\":\"https:\/\/unicount.eu\/wp-content\/uploads\/2019\/10\/unicount-logo-002.jpg\",\"contentUrl\":\"https:\/\/unicount.eu\/wp-content\/uploads\/2019\/10\/unicount-logo-002.jpg\",\"width\":1380,\"height\":288,\"caption\":\"Unicount O\u00dc\"},\"image\":{\"@id\":\"https:\/\/unicount.eu\/tr\/#\/schema\/logo\/image\/\"},\"sameAs\":[\"https:\/\/www.facebook.com\/unicount\/\",\"https:\/\/x.com\/unicountestonia\",\"https:\/\/www.linkedin.com\/company\/unicount\",\"https:\/\/www.youtube.com\/channel\/UCSV5_VgpIIAUyLWhjeXY8vQ\"]}]}<\/script>\n<!-- \/ Yoast SEO Premium plugin. -->","yoast_head_json":{"title":"Ortakl\u0131k program\u0131 | Unicount","description":"Unicount, Ortakl\u0131k Program\u0131n\u0131 Estonya'da \u015firket kurma ve sanal ofis hizmetlerinin reklam\u0131n\u0131 yapan uygun \u015firketlere sunmaktad\u0131r.","robots":{"index":"index","follow":"follow","max-snippet":"max-snippet:-1","max-image-preview":"max-image-preview:large","max-video-preview":"max-video-preview:-1"},"canonical":"https:\/\/unicount.eu\/tr\/ortaklik-programi\/","og_locale":"tr_TR","og_type":"article","og_title":"Ortakl\u0131k program\u0131","og_description":"Unicount, Ortakl\u0131k Program\u0131n\u0131 Estonya'da \u015firket kurma ve sanal ofis hizmetlerinin reklam\u0131n\u0131 yapan uygun \u015firketlere sunmaktad\u0131r.","og_url":"https:\/\/unicount.eu\/tr\/ortaklik-programi\/","og_site_name":"Unicount","article_publisher":"https:\/\/www.facebook.com\/unicount\/","article_modified_time":"2023-12-18T19:17:47+00:00","og_image":[{"width":2400,"height":1350,"url":"https:\/\/unicount.eu\/wp-content\/uploads\/2021\/01\/fb-cover@2x.jpg","type":"image\/jpeg"}],"twitter_card":"summary_large_image","twitter_site":"@unicountestonia","twitter_misc":{"Tahmini okuma s\u00fcresi":"1 dakika"},"schema":{"@context":"https:\/\/schema.org","@graph":[{"@type":"WebPage","@id":"https:\/\/unicount.eu\/tr\/ortaklik-programi\/","url":"https:\/\/unicount.eu\/tr\/ortaklik-programi\/","name":"Ortakl\u0131k program\u0131 | Unicount","isPartOf":{"@id":"https:\/\/unicount.eu\/tr\/#website"},"datePublished":"2021-12-13T14:30:52+00:00","dateModified":"2023-12-18T19:17:47+00:00","description":"Unicount, Ortakl\u0131k Program\u0131n\u0131 Estonya'da \u015firket kurma ve sanal ofis hizmetlerinin reklam\u0131n\u0131 yapan uygun \u015firketlere sunmaktad\u0131r.","breadcrumb":{"@id":"https:\/\/unicount.eu\/tr\/ortaklik-programi\/#breadcrumb"},"inLanguage":"tr","potentialAction":[{"@type":"ReadAction","target":["https:\/\/unicount.eu\/tr\/ortaklik-programi\/"]}]},{"@type":"BreadcrumbList","@id":"https:\/\/unicount.eu\/tr\/ortaklik-programi\/#breadcrumb","itemListElement":[{"@type":"ListItem","position":1,"name":"Home","item":"https:\/\/unicount.eu\/tr\/"},{"@type":"ListItem","position":2,"name":"Ortakl\u0131k program\u0131"}]},{"@type":"WebSite","@id":"https:\/\/unicount.eu\/tr\/#website","url":"https:\/\/unicount.eu\/tr\/","name":"Unicount","description":"The simplest way to start an Estonian company","publisher":{"@id":"https:\/\/unicount.eu\/tr\/#organization"},"potentialAction":[{"@type":"SearchAction","target":{"@type":"EntryPoint","urlTemplate":"https:\/\/unicount.eu\/tr\/?s={search_term_string}"},"query-input":{"@type":"PropertyValueSpecification","valueRequired":true,"valueName":"search_term_string"}}],"inLanguage":"tr"},{"@type":"Organization","@id":"https:\/\/unicount.eu\/tr\/#organization","name":"Unicount O\u00dc","url":"https:\/\/unicount.eu\/tr\/","logo":{"@type":"ImageObject","inLanguage":"tr","@id":"https:\/\/unicount.eu\/tr\/#\/schema\/logo\/image\/","url":"https:\/\/unicount.eu\/wp-content\/uploads\/2019\/10\/unicount-logo-002.jpg","contentUrl":"https:\/\/unicount.eu\/wp-content\/uploads\/2019\/10\/unicount-logo-002.jpg","width":1380,"height":288,"caption":"Unicount O\u00dc"},"image":{"@id":"https:\/\/unicount.eu\/tr\/#\/schema\/logo\/image\/"},"sameAs":["https:\/\/www.facebook.com\/unicount\/","https:\/\/x.com\/unicountestonia","https:\/\/www.linkedin.com\/company\/unicount","https:\/\/www.youtube.com\/channel\/UCSV5_VgpIIAUyLWhjeXY8vQ"]}]}},"_links":{"self":[{"href":"https:\/\/unicount.eu\/tr\/wp-json\/wp\/v2\/pages\/6960","targetHints":{"allow":["GET"]}}],"collection":[{"href":"https:\/\/unicount.eu\/tr\/wp-json\/wp\/v2\/pages"}],"about":[{"href":"https:\/\/unicount.eu\/tr\/wp-json\/wp\/v2\/types\/page"}],"author":[{"embeddable":true,"href":"https:\/\/unicount.eu\/tr\/wp-json\/wp\/v2\/users\/2"}],"replies":[{"embeddable":true,"href":"https:\/\/unicount.eu\/tr\/wp-json\/wp\/v2\/comments?post=6960"}],"version-history":[{"count":7,"href":"https:\/\/unicount.eu\/tr\/wp-json\/wp\/v2\/pages\/6960\/revisions"}],"predecessor-version":[{"id":17628,"href":"https:\/\/unicount.eu\/tr\/wp-json\/wp\/v2\/pages\/6960\/revisions\/17628"}],"wp:attachment":[{"href":"https:\/\/unicount.eu\/tr\/wp-json\/wp\/v2\/media?parent=6960"}],"curies":[{"name":"wp","href":"https:\/\/api.w.org\/{rel}","templated":true}]}}