{"id":16999,"date":"2023-11-01T08:32:06","date_gmt":"2023-11-01T06:32:06","guid":{"rendered":"https:\/\/unicount.eu\/?page_id=16999"},"modified":"2024-01-12T13:22:02","modified_gmt":"2024-01-12T11:22:02","slug":"muhasebe-ucretleri","status":"publish","type":"page","link":"https:\/\/unicount.eu\/tr\/muhasebe-ucretleri\/","title":{"rendered":"Muhasebe \u00dccretleri"},"content":{"rendered":"<p>1 \u015eubat 2023 itibariyle<\/p>\n<table>\n<tbody>\n<tr>\n<td class=\"has-text-align-center\" data-align=\"center\"><strong>MUHASEBE PLANI<\/strong><\/td>\n<td class=\"has-text-align-center\" data-align=\"center\"><strong>Mikro<\/strong><\/td>\n<td class=\"has-text-align-center\" data-align=\"center\"><strong>Standart<\/strong><\/td>\n<td class=\"has-text-align-center\" data-align=\"center\"><strong>Premium<\/strong><\/td>\n<td class=\"has-text-align-center\" data-align=\"center\"><strong>Geli\u015fmi\u015f<\/strong><\/td>\n<\/tr>\n<tr>\n<td class=\"has-text-align-left\" data-align=\"left\">Ayl\u0131k minimum \u00fccret<\/td>\n<td class=\"has-text-align-center\" data-align=\"center\">99 Euro<\/td>\n<td class=\"has-text-align-center\" data-align=\"center\">149 Euro<\/td>\n<td class=\"has-text-align-center\" data-align=\"center\">290 Euro<\/td>\n<td class=\"has-text-align-center\" data-align=\"center\">From 490 Euro<\/td>\n<\/tr>\n<tr>\n<td class=\"has-text-align-left\" data-align=\"left\">Hizmet sa\u011flama s\u0131kl\u0131\u011f\u0131<\/td>\n<td class=\"has-text-align-center\" data-align=\"center\">ayl\u0131k<\/td>\n<td class=\"has-text-align-center\" data-align=\"center\">ayl\u0131k<\/td>\n<td class=\"has-text-align-center\" data-align=\"center\">haftal\u0131k<\/td>\n<td class=\"has-text-align-center\" data-align=\"center\">g\u00fcnl\u00fck<\/td>\n<\/tr>\n<tr>\n<td class=\"has-text-align-left\" data-align=\"left\">Dahil edilen kaynak belgeler (adet)<\/td>\n<td class=\"has-text-align-center\" data-align=\"center\">15<\/td>\n<td class=\"has-text-align-center\" data-align=\"center\">30<\/td>\n<td class=\"has-text-align-center\" data-align=\"center\">60<\/td>\n<td class=\"has-text-align-center\" data-align=\"center\">150<\/td>\n<\/tr>\n<tr>\n<td class=\"has-text-align-left\" data-align=\"left\">Ka\u011f\u0131ts\u0131z hizmet<\/td>\n<td class=\"has-text-align-center\" data-align=\"center\"><strong>\u2713<\/strong><\/td>\n<td class=\"has-text-align-center\" data-align=\"center\"><strong>\u2713<\/strong><\/td>\n<td class=\"has-text-align-center\" data-align=\"center\"><strong>\u2713<\/strong><\/td>\n<td class=\"has-text-align-center\" data-align=\"center\"><strong>\u2713<\/strong><\/td>\n<\/tr>\n<tr>\n<td class=\"has-text-align-left\" data-align=\"left\">Gider y\u00f6netimi yaz\u0131l\u0131m\u0131<\/td>\n<td class=\"has-text-align-center\" data-align=\"center\"><strong>\u2713<\/strong><\/td>\n<td class=\"has-text-align-center\" data-align=\"center\"><strong>\u2713<\/strong><\/td>\n<td class=\"has-text-align-center\" data-align=\"center\"><strong>\u2713<\/strong><\/td>\n<td class=\"has-text-align-center\" data-align=\"center\"><strong>\u2713<\/strong><\/td>\n<\/tr>\n<tr>\n<td class=\"has-text-align-left\" data-align=\"left\">Faturaland\u0131rma yaz\u0131l\u0131m\u0131<\/td>\n<td class=\"has-text-align-center\" data-align=\"center\"><strong>\u2713<\/strong><\/td>\n<td class=\"has-text-align-center\" data-align=\"center\"><strong>\u2713<\/strong><\/td>\n<td class=\"has-text-align-center\" data-align=\"center\"><strong>\u2713<\/strong><\/td>\n<td class=\"has-text-align-center\" data-align=\"center\"><strong>\u2713<\/strong><\/td>\n<\/tr>\n<tr>\n<td class=\"has-text-align-left\" data-align=\"left\">Otomatik banka mutabakat\u0131 XML, CSV<\/td>\n<td class=\"has-text-align-center\" data-align=\"center\"><strong>\u2713<\/strong><\/td>\n<td class=\"has-text-align-center\" data-align=\"center\"><strong>\u2713<\/strong><\/td>\n<td class=\"has-text-align-center\" data-align=\"center\"><strong>\u2713<\/strong><\/td>\n<td class=\"has-text-align-center\" data-align=\"center\"><strong>\u2713<\/strong><\/td>\n<\/tr>\n<tr>\n<td class=\"has-text-align-left\" data-align=\"left\">Mali raporlama (K&amp;Z, bilan\u00e7o)<\/td>\n<td class=\"has-text-align-center\" data-align=\"center\"><strong>\u2713<\/strong><\/td>\n<td class=\"has-text-align-center\" data-align=\"center\"><strong>\u2713<\/strong><\/td>\n<td class=\"has-text-align-center\" data-align=\"center\"><strong>\u2713<\/strong><\/td>\n<td class=\"has-text-align-center\" data-align=\"center\"><strong>\u2713<\/strong><\/td>\n<\/tr>\n<tr>\n<td class=\"has-text-align-left\" data-align=\"left\">KDV beyannamesi (KMD)<\/td>\n<td class=\"has-text-align-center\" data-align=\"center\"><strong>\u2713<\/strong><\/td>\n<td class=\"has-text-align-center\" data-align=\"center\"><strong>\u2713<\/strong><\/td>\n<td class=\"has-text-align-center\" data-align=\"center\"><strong>\u2713<\/strong><\/td>\n<td class=\"has-text-align-center\" data-align=\"center\"><strong>\u2713<\/strong><\/td>\n<\/tr>\n<tr>\n<td>Topluluk i\u00e7i KDV iadesi (VD)<\/td>\n<td class=\"has-text-align-center\" data-align=\"center\">15 Euro<\/td>\n<td class=\"has-text-align-center\" data-align=\"center\">15 Euro<\/td>\n<td class=\"has-text-align-center\" data-align=\"center\">15 Euro<\/td>\n<td class=\"has-text-align-center\" data-align=\"center\">15 Euro<\/td>\n<\/tr>\n<tr>\n<td class=\"has-text-align-left\" data-align=\"left\">Bordro vergi beyannamesi (TSD)<\/td>\n<td class=\"has-text-align-center\" data-align=\"center\">30 Euro<\/td>\n<td class=\"has-text-align-center\" data-align=\"center\"><strong>\u2713<\/strong><\/td>\n<td class=\"has-text-align-center\" data-align=\"center\"><strong>\u2713<\/strong><\/td>\n<td class=\"has-text-align-center\" data-align=\"center\"><strong>\u2713<\/strong><\/td>\n<\/tr>\n<tr>\n<td>Maa\u015f bordrosu (\u00e7al\u0131\u015fan ba\u015f\u0131na)<\/td>\n<td class=\"has-text-align-center\" data-align=\"center\">10 Euro<\/td>\n<td class=\"has-text-align-center\" data-align=\"center\">10 Euro<\/td>\n<td class=\"has-text-align-center\" data-align=\"center\">10 Euro<\/td>\n<td class=\"has-text-align-center\" data-align=\"center\">10 Euro<\/td>\n<\/tr>\n<tr>\n<td class=\"has-text-align-left\" data-align=\"left\">Haftal\u0131k \u00f6demelerin haz\u0131rlanmas\u0131<\/td>\n<td class=\"has-text-align-center\" data-align=\"center\">\u00d7<\/td>\n<td class=\"has-text-align-center\" data-align=\"center\">\u00d7<\/td>\n<td class=\"has-text-align-center\" data-align=\"center\"><strong>\u2713<\/strong><\/td>\n<td class=\"has-text-align-center\" data-align=\"center\"><strong>\u2713<\/strong><\/td>\n<\/tr>\n<tr>\n<td class=\"has-text-align-left\" data-align=\"left\">Y\u0131ll\u0131k Mali Analiz<\/td>\n<td class=\"has-text-align-center\" data-align=\"center\">\u00d7<\/td>\n<td class=\"has-text-align-center\" data-align=\"center\">\u00d7<\/td>\n<td class=\"has-text-align-center\" data-align=\"center\">\u00d7<\/td>\n<td class=\"has-text-align-center\" data-align=\"center\"><strong>\u2713<\/strong><\/td>\n<\/tr>\n<tr>\n<td><strong>EK H\u0130ZMETLER<\/strong><\/td>\n<td class=\"has-text-align-center\" data-align=\"center\"><\/td>\n<td class=\"has-text-align-center\" data-align=\"center\"><\/td>\n<td class=\"has-text-align-center\" data-align=\"center\"><\/td>\n<td class=\"has-text-align-center\" data-align=\"center\"><\/td>\n<\/tr>\n<tr>\n<td>Ek kaynak belgeler (adet)<\/td>\n<td class=\"has-text-align-center\" data-align=\"center\">1.5 Euro<\/td>\n<td class=\"has-text-align-center\" data-align=\"center\">1.5 Euro<\/td>\n<td class=\"has-text-align-center\" data-align=\"center\">1.5 Euro<\/td>\n<td class=\"has-text-align-center\" data-align=\"center\">1.5 Euro<\/td>\n<\/tr>\n<tr>\n<td>Ek \u00f6demelerin haz\u0131rlanmas\u0131 (toplu)<\/td>\n<td class=\"has-text-align-center\" data-align=\"center\">5 Euro<\/td>\n<td class=\"has-text-align-center\" data-align=\"center\">5 Euro<\/td>\n<td class=\"has-text-align-center\" data-align=\"center\">5 Euro<\/td>\n<td class=\"has-text-align-center\" data-align=\"center\">5 Euro<\/td>\n<\/tr>\n<tr>\n<td>Ayl\u0131k olarak manuel banka mutabakat\u0131<\/td>\n<td class=\"has-text-align-center\" data-align=\"center\">20 Euro<\/td>\n<td class=\"has-text-align-center\" data-align=\"center\">20 Euro<\/td>\n<td class=\"has-text-align-center\" data-align=\"center\">20 Euro<\/td>\n<td class=\"has-text-align-center\" data-align=\"center\">20 Euro<\/td>\n<\/tr>\n<tr>\n<td>\u0130statistiksel raporlar\u0131n haz\u0131rlanmas\u0131<\/td>\n<td class=\"has-text-align-center\" data-align=\"center\">55 Euro\/saat<\/td>\n<td class=\"has-text-align-center\" data-align=\"center\">55 Euro\/saat<\/td>\n<td class=\"has-text-align-center\" data-align=\"center\">55 Euro\/saat<\/td>\n<td class=\"has-text-align-center\" data-align=\"center\">55 Euro\/saat<\/td>\n<\/tr>\n<tr>\n<td>\u0130\u015f Zekas\u0131 ve Analiz<\/td>\n<td class=\"has-text-align-center\" data-align=\"center\">85 Euro\/saat<\/td>\n<td class=\"has-text-align-center\" data-align=\"center\">85 Euro\/saat<\/td>\n<td class=\"has-text-align-center\" data-align=\"center\">85 Euro\/saat<\/td>\n<td class=\"has-text-align-center\" data-align=\"center\">85 Euro\/saat<\/td>\n<\/tr>\n<tr>\n<td>Vergi dan\u0131\u015fmanl\u0131\u011f\u0131<\/td>\n<td class=\"has-text-align-center\" data-align=\"center\">120 Euro\/saat<\/td>\n<td class=\"has-text-align-center\" data-align=\"center\">120 Euro\/saat<\/td>\n<td class=\"has-text-align-center\" data-align=\"center\">120 Euro\/saat<\/td>\n<td class=\"has-text-align-center\" data-align=\"center\">120 Euro\/saat<\/td>\n<\/tr>\n<tr>\n<td>Denetim deste\u011fi<\/td>\n<td class=\"has-text-align-center\" data-align=\"center\">55 Euro\/saat<\/td>\n<td class=\"has-text-align-center\" data-align=\"center\">55 Euro\/saat<\/td>\n<td class=\"has-text-align-center\" data-align=\"center\">55 Euro\/saat<\/td>\n<td class=\"has-text-align-center\" data-align=\"center\">55 Euro\/saat<\/td>\n<\/tr>\n<tr>\n<td>Di\u011fer muhasebe hizmetleri<\/td>\n<td class=\"has-text-align-center\" data-align=\"center\">55 Euro\/saat<\/td>\n<td class=\"has-text-align-center\" data-align=\"center\">55 Euro\/saat<\/td>\n<td class=\"has-text-align-center\" data-align=\"center\">55 Euro\/saat<\/td>\n<td class=\"has-text-align-center\" data-align=\"center\">55 Euro\/saat<\/td>\n<\/tr>\n<tr>\n<td>Y\u0131ll\u0131k hesaplar<\/td>\n<td class=\"has-text-align-center\" data-align=\"center\">1 ayl\u0131k \u00fccret<\/td>\n<td class=\"has-text-align-center\" data-align=\"center\">1 ayl\u0131k \u00fccret<\/td>\n<td class=\"has-text-align-center\" data-align=\"center\">1 ayl\u0131k \u00fccret<\/td>\n<td class=\"has-text-align-center\" data-align=\"center\">1 ayl\u0131k \u00fccret<\/td>\n<\/tr>\n<tr>\n<td>\u00d6zel muhasebe yaz\u0131l\u0131m\u0131 (ayl\u0131k)<\/td>\n<td class=\"has-text-align-center\" data-align=\"center\">99 Euro<\/td>\n<td class=\"has-text-align-center\" data-align=\"center\">99 Euro<\/td>\n<td class=\"has-text-align-center\" data-align=\"center\">99 Euro<\/td>\n<td class=\"has-text-align-center\" data-align=\"center\">99 Euro<\/td>\n<\/tr>\n<tr>\n<td>Karapara aklama riskinin daha y\u00fcksek oldu\u011fu faaliyet alan\u0131<\/td>\n<td class=\"has-text-align-center\" data-align=\"center\">Hay\u0131r<\/td>\n<td class=\"has-text-align-center\" data-align=\"center\">Hay\u0131r<\/td>\n<td class=\"has-text-align-center\" data-align=\"center\">Hay\u0131r<\/td>\n<td class=\"has-text-align-center\" data-align=\"center\">Evet<\/td>\n<\/tr>\n<\/tbody>\n<\/table>\n<p>Kaynak belgeler, fatura \u00f6demeleri d\u0131\u015f\u0131ndaki faturalar, banka veya nakit havaleleridir.<br \/>\nSabit k\u0131ymetler ve s\u00f6zle\u015fmeler gibi di\u011fer girdiler saatlik olarak \u00fccretlendirilir.<br \/>\nT\u00fcm \u00fccretlere %22 oran\u0131nda Estonya KDV bedeli eklenecektir.<\/p>\n","protected":false},"excerpt":{"rendered":"<p>1 \u015eubat 2023 itibariyle MUHASEBE PLANI Mikro Standart Premium Geli\u015fmi\u015f Ayl\u0131k minimum \u00fccret 99 Euro 149 Euro 290 Euro From 490 Euro Hizmet sa\u011flama s\u0131kl\u0131\u011f\u0131 ayl\u0131k ayl\u0131k haftal\u0131k g\u00fcnl\u00fck Dahil edilen kaynak belgeler (adet) 15 30 60 150 Ka\u011f\u0131ts\u0131z hizmet \u2713 \u2713 \u2713 \u2713 Gider y\u00f6netimi yaz\u0131l\u0131m\u0131 \u2713 \u2713 \u2713 \u2713 Faturaland\u0131rma yaz\u0131l\u0131m\u0131 \u2713 \u2713 [&hellip;]<\/p>\n","protected":false},"author":2,"featured_media":0,"parent":0,"menu_order":0,"comment_status":"closed","ping_status":"closed","template":"terms.php","meta":{"inline_featured_image":false,"footnotes":""},"class_list":["post-16999","page","type-page","status-publish","hentry"],"acf":[],"yoast_head":"<!-- This site is optimized with the Yoast SEO Premium plugin v24.3 (Yoast SEO v24.3) - https:\/\/yoast.com\/wordpress\/plugins\/seo\/ -->\n<title>Muhasebe \u00dccretleri | Unicount<\/title>\n<meta name=\"robots\" content=\"index, follow, max-snippet:-1, max-image-preview:large, max-video-preview:-1\" \/>\n<link rel=\"canonical\" href=\"https:\/\/unicount.eu\/tr\/muhasebe-ucretleri\/\" \/>\n<meta property=\"og:locale\" content=\"tr_TR\" \/>\n<meta property=\"og:type\" content=\"article\" \/>\n<meta property=\"og:title\" content=\"Muhasebe \u00dccretleri\" \/>\n<meta property=\"og:description\" content=\"1 \u015eubat 2023 itibariyle MUHASEBE PLANI Mikro Standart Premium Geli\u015fmi\u015f Ayl\u0131k minimum \u00fccret 99 Euro 149 Euro 290 Euro From 490 Euro Hizmet sa\u011flama s\u0131kl\u0131\u011f\u0131 ayl\u0131k ayl\u0131k haftal\u0131k g\u00fcnl\u00fck Dahil edilen kaynak belgeler (adet) 15 30 60 150 Ka\u011f\u0131ts\u0131z hizmet \u2713 \u2713 \u2713 \u2713 Gider y\u00f6netimi yaz\u0131l\u0131m\u0131 \u2713 \u2713 \u2713 \u2713 Faturaland\u0131rma yaz\u0131l\u0131m\u0131 \u2713 \u2713 [&hellip;]\" \/>\n<meta property=\"og:url\" content=\"https:\/\/unicount.eu\/tr\/muhasebe-ucretleri\/\" \/>\n<meta property=\"og:site_name\" content=\"Unicount\" \/>\n<meta property=\"article:publisher\" content=\"https:\/\/www.facebook.com\/unicount\/\" \/>\n<meta property=\"article:modified_time\" content=\"2024-01-12T11:22:02+00:00\" \/>\n<meta property=\"og:image\" content=\"https:\/\/unicount.eu\/wp-content\/uploads\/2021\/01\/fb-cover@2x.jpg\" \/>\n\t<meta property=\"og:image:width\" content=\"2400\" \/>\n\t<meta property=\"og:image:height\" content=\"1350\" \/>\n\t<meta property=\"og:image:type\" content=\"image\/jpeg\" \/>\n<meta name=\"twitter:card\" content=\"summary_large_image\" \/>\n<meta name=\"twitter:site\" content=\"@unicountestonia\" \/>\n<meta name=\"twitter:label1\" content=\"Tahmini okuma s\u00fcresi\" \/>\n\t<meta name=\"twitter:data1\" content=\"2 dakika\" \/>\n<script type=\"application\/ld+json\" class=\"yoast-schema-graph\">{\"@context\":\"https:\/\/schema.org\",\"@graph\":[{\"@type\":\"WebPage\",\"@id\":\"https:\/\/unicount.eu\/tr\/muhasebe-ucretleri\/\",\"url\":\"https:\/\/unicount.eu\/tr\/muhasebe-ucretleri\/\",\"name\":\"Muhasebe \u00dccretleri | Unicount\",\"isPartOf\":{\"@id\":\"https:\/\/unicount.eu\/tr\/#website\"},\"datePublished\":\"2023-11-01T06:32:06+00:00\",\"dateModified\":\"2024-01-12T11:22:02+00:00\",\"breadcrumb\":{\"@id\":\"https:\/\/unicount.eu\/tr\/muhasebe-ucretleri\/#breadcrumb\"},\"inLanguage\":\"tr\",\"potentialAction\":[{\"@type\":\"ReadAction\",\"target\":[\"https:\/\/unicount.eu\/tr\/muhasebe-ucretleri\/\"]}]},{\"@type\":\"BreadcrumbList\",\"@id\":\"https:\/\/unicount.eu\/tr\/muhasebe-ucretleri\/#breadcrumb\",\"itemListElement\":[{\"@type\":\"ListItem\",\"position\":1,\"name\":\"Home\",\"item\":\"https:\/\/unicount.eu\/tr\/\"},{\"@type\":\"ListItem\",\"position\":2,\"name\":\"Muhasebe \u00dccretleri\"}]},{\"@type\":\"WebSite\",\"@id\":\"https:\/\/unicount.eu\/tr\/#website\",\"url\":\"https:\/\/unicount.eu\/tr\/\",\"name\":\"Unicount\",\"description\":\"The simplest way to start an Estonian company\",\"publisher\":{\"@id\":\"https:\/\/unicount.eu\/tr\/#organization\"},\"potentialAction\":[{\"@type\":\"SearchAction\",\"target\":{\"@type\":\"EntryPoint\",\"urlTemplate\":\"https:\/\/unicount.eu\/tr\/?s={search_term_string}\"},\"query-input\":{\"@type\":\"PropertyValueSpecification\",\"valueRequired\":true,\"valueName\":\"search_term_string\"}}],\"inLanguage\":\"tr\"},{\"@type\":\"Organization\",\"@id\":\"https:\/\/unicount.eu\/tr\/#organization\",\"name\":\"Unicount O\u00dc\",\"url\":\"https:\/\/unicount.eu\/tr\/\",\"logo\":{\"@type\":\"ImageObject\",\"inLanguage\":\"tr\",\"@id\":\"https:\/\/unicount.eu\/tr\/#\/schema\/logo\/image\/\",\"url\":\"https:\/\/unicount.eu\/wp-content\/uploads\/2019\/10\/unicount-logo-002.jpg\",\"contentUrl\":\"https:\/\/unicount.eu\/wp-content\/uploads\/2019\/10\/unicount-logo-002.jpg\",\"width\":1380,\"height\":288,\"caption\":\"Unicount O\u00dc\"},\"image\":{\"@id\":\"https:\/\/unicount.eu\/tr\/#\/schema\/logo\/image\/\"},\"sameAs\":[\"https:\/\/www.facebook.com\/unicount\/\",\"https:\/\/x.com\/unicountestonia\",\"https:\/\/www.linkedin.com\/company\/unicount\",\"https:\/\/www.youtube.com\/channel\/UCSV5_VgpIIAUyLWhjeXY8vQ\"]}]}<\/script>\n<!-- \/ Yoast SEO Premium plugin. -->","yoast_head_json":{"title":"Muhasebe \u00dccretleri | Unicount","robots":{"index":"index","follow":"follow","max-snippet":"max-snippet:-1","max-image-preview":"max-image-preview:large","max-video-preview":"max-video-preview:-1"},"canonical":"https:\/\/unicount.eu\/tr\/muhasebe-ucretleri\/","og_locale":"tr_TR","og_type":"article","og_title":"Muhasebe \u00dccretleri","og_description":"1 \u015eubat 2023 itibariyle MUHASEBE PLANI Mikro Standart Premium Geli\u015fmi\u015f Ayl\u0131k minimum \u00fccret 99 Euro 149 Euro 290 Euro From 490 Euro Hizmet sa\u011flama s\u0131kl\u0131\u011f\u0131 ayl\u0131k ayl\u0131k haftal\u0131k g\u00fcnl\u00fck Dahil edilen kaynak belgeler (adet) 15 30 60 150 Ka\u011f\u0131ts\u0131z hizmet \u2713 \u2713 \u2713 \u2713 Gider y\u00f6netimi yaz\u0131l\u0131m\u0131 \u2713 \u2713 \u2713 \u2713 Faturaland\u0131rma yaz\u0131l\u0131m\u0131 \u2713 \u2713 [&hellip;]","og_url":"https:\/\/unicount.eu\/tr\/muhasebe-ucretleri\/","og_site_name":"Unicount","article_publisher":"https:\/\/www.facebook.com\/unicount\/","article_modified_time":"2024-01-12T11:22:02+00:00","og_image":[{"width":2400,"height":1350,"url":"https:\/\/unicount.eu\/wp-content\/uploads\/2021\/01\/fb-cover@2x.jpg","type":"image\/jpeg"}],"twitter_card":"summary_large_image","twitter_site":"@unicountestonia","twitter_misc":{"Tahmini okuma s\u00fcresi":"2 dakika"},"schema":{"@context":"https:\/\/schema.org","@graph":[{"@type":"WebPage","@id":"https:\/\/unicount.eu\/tr\/muhasebe-ucretleri\/","url":"https:\/\/unicount.eu\/tr\/muhasebe-ucretleri\/","name":"Muhasebe \u00dccretleri | Unicount","isPartOf":{"@id":"https:\/\/unicount.eu\/tr\/#website"},"datePublished":"2023-11-01T06:32:06+00:00","dateModified":"2024-01-12T11:22:02+00:00","breadcrumb":{"@id":"https:\/\/unicount.eu\/tr\/muhasebe-ucretleri\/#breadcrumb"},"inLanguage":"tr","potentialAction":[{"@type":"ReadAction","target":["https:\/\/unicount.eu\/tr\/muhasebe-ucretleri\/"]}]},{"@type":"BreadcrumbList","@id":"https:\/\/unicount.eu\/tr\/muhasebe-ucretleri\/#breadcrumb","itemListElement":[{"@type":"ListItem","position":1,"name":"Home","item":"https:\/\/unicount.eu\/tr\/"},{"@type":"ListItem","position":2,"name":"Muhasebe \u00dccretleri"}]},{"@type":"WebSite","@id":"https:\/\/unicount.eu\/tr\/#website","url":"https:\/\/unicount.eu\/tr\/","name":"Unicount","description":"The simplest way to start an Estonian company","publisher":{"@id":"https:\/\/unicount.eu\/tr\/#organization"},"potentialAction":[{"@type":"SearchAction","target":{"@type":"EntryPoint","urlTemplate":"https:\/\/unicount.eu\/tr\/?s={search_term_string}"},"query-input":{"@type":"PropertyValueSpecification","valueRequired":true,"valueName":"search_term_string"}}],"inLanguage":"tr"},{"@type":"Organization","@id":"https:\/\/unicount.eu\/tr\/#organization","name":"Unicount O\u00dc","url":"https:\/\/unicount.eu\/tr\/","logo":{"@type":"ImageObject","inLanguage":"tr","@id":"https:\/\/unicount.eu\/tr\/#\/schema\/logo\/image\/","url":"https:\/\/unicount.eu\/wp-content\/uploads\/2019\/10\/unicount-logo-002.jpg","contentUrl":"https:\/\/unicount.eu\/wp-content\/uploads\/2019\/10\/unicount-logo-002.jpg","width":1380,"height":288,"caption":"Unicount O\u00dc"},"image":{"@id":"https:\/\/unicount.eu\/tr\/#\/schema\/logo\/image\/"},"sameAs":["https:\/\/www.facebook.com\/unicount\/","https:\/\/x.com\/unicountestonia","https:\/\/www.linkedin.com\/company\/unicount","https:\/\/www.youtube.com\/channel\/UCSV5_VgpIIAUyLWhjeXY8vQ"]}]}},"_links":{"self":[{"href":"https:\/\/unicount.eu\/tr\/wp-json\/wp\/v2\/pages\/16999","targetHints":{"allow":["GET"]}}],"collection":[{"href":"https:\/\/unicount.eu\/tr\/wp-json\/wp\/v2\/pages"}],"about":[{"href":"https:\/\/unicount.eu\/tr\/wp-json\/wp\/v2\/types\/page"}],"author":[{"embeddable":true,"href":"https:\/\/unicount.eu\/tr\/wp-json\/wp\/v2\/users\/2"}],"replies":[{"embeddable":true,"href":"https:\/\/unicount.eu\/tr\/wp-json\/wp\/v2\/comments?post=16999"}],"version-history":[{"count":12,"href":"https:\/\/unicount.eu\/tr\/wp-json\/wp\/v2\/pages\/16999\/revisions"}],"predecessor-version":[{"id":18080,"href":"https:\/\/unicount.eu\/tr\/wp-json\/wp\/v2\/pages\/16999\/revisions\/18080"}],"wp:attachment":[{"href":"https:\/\/unicount.eu\/tr\/wp-json\/wp\/v2\/media?parent=16999"}],"curies":[{"name":"wp","href":"https:\/\/api.w.org\/{rel}","templated":true}]}}