{"id":6168,"date":"2021-12-13T16:30:52","date_gmt":"2021-12-13T14:30:52","guid":{"rendered":"https:\/\/unicount.eu\/?page_id=6168"},"modified":"2023-12-19T12:21:49","modified_gmt":"2023-12-19T10:21:49","slug":"programme-daffiliation","status":"publish","type":"page","link":"https:\/\/unicount.eu\/fr\/programme-daffiliation\/","title":{"rendered":"Programme-d&rsquo;Affiliation"},"content":{"rendered":"\n<section id=\"piltparemal-block_0c1744a262adc1031366a53a32567f88\"\n         class=\"piltparemal  piltparemal  alignfull color-white  large-font blue_bg medium\">\n    <div class=\"wrapper\">\n\n\n        <div class=\"row d-flex flex-wrap\">\n\n            <div class=\"col-md-6 d-flex flex-wrap align-content-start left-side\">\n\t\t\t\t                    <h2 class=\"module-heading\">\n\t\t\t\t\t\tProgramme d&rsquo;affiliation Unicount                    <\/h2>\n\t\t\t\t\n\n\t\t\t\t                    <p class=\"def-p\">\n\t\t\t\t\t\tUnicount propose son programme d&rsquo;affiliation aux partenaires \u00e9ligibles faisant la promotion de la cr\u00e9ation d&rsquo;entreprise et des services de bureau virtuel aupr\u00e8s des e-r\u00e9sidents estoniens.                    <\/p>\n\t\t\t\t\n\n\t\t\t\t\n\n\n\n\t\t\t\t                        <a class=\"button--type1 button--lg\" href=\"#signup\"\n                           target=\"_self\">Devenir un partenaire<\/a>\n\t\t\t\t\t\n            <\/div>\n\n\t\t\t            <div class=\"col-md-6 right-side \">\n\t\t\t\t                    <div class=\"imgCont\">\n                        <img decoding=\"async\" class=\"img-responsive \" src=\"https:\/\/unicount.eu\/wp-content\/uploads\/2019\/10\/2384136@15x.svg\" alt=\"\">\n                    <\/div>\n\t\t\t\t\t\t\t\t            <\/div>\n\n\n        <\/div>\n<\/section>\n\n\n\n<section id=\"sildiplokk-block_be6880b9e0c072a773551288bcb3532a\"\n         class=\"sildiplokk  \">\n    <div class=\"wrapper\">\n\n\n        <div class=\"d-flex\">\n\t\t\t\n\t\t\t\n\t\t\t\n        <\/div>\n\n\n\t\t\n\n<\/section>\n\n\n\n<section id=\"sildiplokk-block_a05778082d8db10fd8c72577f3791111\"\n         class=\"sildiplokk  alignfull \">\n    <div class=\"wrapper\">\n\n\n        <div class=\"d-flex\">\n\t\t\t                <h2 class=\"module-heading\">\n\t\t\t\t\tComment fonctionne le programme d&rsquo;affiliation                <\/h2>\n\t\t\t\n\t\t\t\n\t\t\t\n        <\/div>\n\n\n\t\t            <p class=\"def-p\">\n\t\t\t\t<p>Remplissez notre formulaire d&rsquo;inscription d&rsquo;affiliation pour devenir partenaire.<br \/>\nUnicount paie 50 euros pour chaque nouveau client hors TVA.<br \/>\n<a href=\"https:\/\/unicount.eu\/fr\/prestations-de-service\/\">Les conditions de service<\/a> s&rsquo;appliquent.<\/p>\n            <\/p>\n\t\t\n\n<\/section>\n\n\n\n<style>.mb60 {\n        margin-bottom: 60px;\n\n    }\n\n<\/style>\n\n<section id=\"testimonial-block_abd195ebd4a42cba571d388ba8396e57\"\n         class=\"kolmkaarti  bg-white alignfull \">\n    <div class=\"wrapper\">\n\n\n\t\t\n                <div class=\"row d-flex flex-wrap max-w90\">\n\n\t\t\t\t\t                        <div class=\"item col-md-6 col-lg-4 d-flex mb60\">\n                            <div class=\"card-item\">\n\t\t\t\t\t\t\t                                <div class=\"iconCont\">\n                                    <img decoding=\"async\" src=\"https:\/\/unicount.eu\/wp-content\/uploads\/2019\/10\/Group-14@15x-1.svg\" alt=\"\">\n                                <\/div>\n\t\t\t\t\t\t\t\n\n\t\t\t\t\t\t\t                                <h3 class=\"\">\n\t\t\t\t\t\t\t\t\tQui est \u00e9ligible?                                <\/h3>\n\t\t\t\t\t\t\t\n\t\t\t\t\t\t\t                                <p class=\"\">\n\t\t\t\t\t\t\t\t\t<p>Nous effectuons des paiements uniquement aux personnes morales sur la base d&rsquo;une facture fiscale accept\u00e9e. Les restrictions sur les juridictions de notre soci\u00e9t\u00e9 affili\u00e9e, de ses b\u00e9n\u00e9ficiaires et de ses administrateurs sont similaires \u00e0 nos politiques d&rsquo;acceptation des clients e-r\u00e9sidents.<\/p>\n                                <\/p>\n\t\t\t\t\t\t\t\t                                                                    <a class=\"text-link\" href=\"https:\/\/support.unicount.eu\/fr\/articles\/2939078-dans-quels-pays-puis-je-utiliser-unicount\" target=\"_self\">En savoir plus<\/a>\n\t\t                                                        <\/div>\n                        <\/div>\n\t\t\t\t\t                        <div class=\"item col-md-6 col-lg-4 d-flex mb60\">\n                            <div class=\"card-item\">\n\t\t\t\t\t\t\t                                <div class=\"iconCont\">\n                                    <img decoding=\"async\" src=\"https:\/\/unicount.eu\/wp-content\/uploads\/2019\/10\/Group-14@15x.svg\" alt=\"\">\n                                <\/div>\n\t\t\t\t\t\t\t\n\n\t\t\t\t\t\t\t                                <h3 class=\"\">\n\t\t\t\t\t\t\t\t\tQuels sont les autres avantages ?                                <\/h3>\n\t\t\t\t\t\t\t\n\t\t\t\t\t\t\t                                <p class=\"\">\n\t\t\t\t\t\t\t\t\t<p>Notre service de bureau virtuel est disponible \u00e0 un prix r\u00e9duit pour nos affili\u00e9s ayant une soci\u00e9t\u00e9 en Estonie. Unicount g\u00e8re tout le courrier entrant et vous le transmet par voie \u00e9lectronique.<\/p>\n                                <\/p>\n\t\t\t\t\t\t\t\t                                                                    <a class=\"text-link\" href=\"https:\/\/unicount.eu\/fr\/bureau-virtuel-en-estonie\/\" target=\"_self\">En savoir plus<\/a>\n\t\t                                                        <\/div>\n                        <\/div>\n\t\t\t\t\t                        <div class=\"item col-md-6 col-lg-4 d-flex mb60\">\n                            <div class=\"card-item\">\n\t\t\t\t\t\t\t                                <div class=\"iconCont\">\n                                    <img decoding=\"async\" src=\"https:\/\/unicount.eu\/wp-content\/uploads\/2019\/10\/Group-11@15x.svg\" alt=\"\">\n                                <\/div>\n\t\t\t\t\t\t\t\n\n\t\t\t\t\t\t\t                                <h3 class=\"\">\n\t\t\t\t\t\t\t\t\tComment sont pay\u00e9es les commissions ?                                <\/h3>\n\t\t\t\t\t\t\t\n\t\t\t\t\t\t\t                                <p class=\"\">\n\t\t\t\t\t\t\t\t\t<p>Nous effectuons des paiements mensuels sur la base de la facture fiscale accept\u00e9e. Unicount envoie des rapports mensuels au d\u00e9but de chaque mois civil pour signaler les conversions suivies.<\/p>\n                                <\/p>\n\t\t\t\t\t\t\t\t                                                                    <a class=\"text-link\" href=\"https:\/\/support.unicount.eu\/fr\/articles\/6895935-quels-sont-les-champs-obligatoires-d-une-facture-acceptee-en-estonie\" target=\"_self\">En savoir plus<\/a>\n\t\t                                                        <\/div>\n                        <\/div>\n\t\t\t\t\t                <\/div>\n\t\t\t\n\n    <\/div>\n<\/section>\n\n\n\n<div class=\"wp-block-group numbers\"><div class=\"wp-block-group__inner-container is-layout-flow wp-block-group-is-layout-flow\">\n<div class=\"wp-block-columns upper is-layout-flex wp-container-core-columns-is-layout-9d6595d7 wp-block-columns-is-layout-flex\">\n<div class=\"wp-block-column is-layout-flow wp-block-column-is-layout-flow\">\n<h2 class=\"wp-block-heading\">Unicount en chiffres<\/h2>\n<\/div>\n\n\n\n<div class=\"wp-block-column is-layout-flow wp-block-column-is-layout-flow\">\n<p>Unicount est un agent de cr\u00e9ation de soci\u00e9t\u00e9 de confiance en Estonie. Nos chiffres montrent notre performance au fil des ann\u00e9es.<\/p>\n<\/div>\n<\/div>\n\n\n\n<div class=\"wp-block-columns lower is-layout-flex wp-container-core-columns-is-layout-9d6595d7 wp-block-columns-is-layout-flex\">\n<div class=\"wp-block-column is-layout-flow wp-block-column-is-layout-flow\">\n<h2 class=\"wp-block-heading\">900+<\/h2>\n\n\n\n<p>Entreprises enregistr\u00e9es \u00e0 ce jour<\/p>\n<\/div>\n\n\n\n<div class=\"wp-block-column is-layout-flow wp-block-column-is-layout-flow\">\n<h2 class=\"wp-block-heading\">5<\/h2>\n\n\n\n<p>Temps de formation moyen en minutes<\/p>\n<\/div>\n\n\n\n<div class=\"wp-block-column is-layout-flow wp-block-column-is-layout-flow\">\n<h2 class=\"wp-block-heading\">6<\/h2>\n\n\n\n<p>Langues prises en charge dans le tableau de bord<\/p>\n<\/div>\n\n\n\n<div class=\"wp-block-column is-layout-flow wp-block-column-is-layout-flow\">\n<h2 class=\"wp-block-heading\">71<\/h2>\n\n\n\n<p>Fondateurs dans diff\u00e9rents pays<\/p>\n<\/div>\n<\/div>\n<\/div><\/div>\n\n\n\n<h2 class=\"wp-block-heading\" id=\"signup\">Inscription d&rsquo;affiliation pour<\/h2>\n\n\n\n<div class=\"wp-block-contact-form-7-contact-form-selector\">\n<div class=\"wpcf7 no-js\" id=\"wpcf7-f7376-o1\" lang=\"en-US\" dir=\"ltr\" data-wpcf7-id=\"7376\">\n<div class=\"screen-reader-response\"><p role=\"status\" aria-live=\"polite\" aria-atomic=\"true\"><\/p> <ul><\/ul><\/div>\n<form action=\"\/fr\/wp-json\/wp\/v2\/pages\/6168#wpcf7-f7376-o1\" method=\"post\" class=\"wpcf7-form init\" aria-label=\"Contact form\" novalidate=\"novalidate\" data-status=\"init\">\n<div style=\"display: none;\">\n<input type=\"hidden\" name=\"_wpcf7\" value=\"7376\" \/>\n<input type=\"hidden\" name=\"_wpcf7_version\" value=\"6.0.3\" \/>\n<input type=\"hidden\" name=\"_wpcf7_locale\" value=\"en_US\" \/>\n<input type=\"hidden\" name=\"_wpcf7_unit_tag\" value=\"wpcf7-f7376-o1\" \/>\n<input type=\"hidden\" name=\"_wpcf7_container_post\" value=\"0\" \/>\n<input type=\"hidden\" name=\"_wpcf7_posted_data_hash\" value=\"\" \/>\n<input type=\"hidden\" name=\"_wpcf7_recaptcha_response\" value=\"\" \/>\n<\/div>\n<h3>\n<\/h3>\n<div class=\"grid grid-cols-2 gap-8\">\n\t<div>\n\t\t<p><span class=\"wpcf7-form-control-wrap\" data-name=\"firstname\"><input size=\"40\" maxlength=\"400\" class=\"wpcf7-form-control wpcf7-text wpcf7-validates-as-required\" aria-required=\"true\" aria-invalid=\"false\" placeholder=\"Pr\u00e9nom\" value=\"\" type=\"text\" name=\"firstname\" \/><\/span>\n\t\t<\/p>\n\t<\/div>\n\t<div>\n\t\t<p><span class=\"wpcf7-form-control-wrap\" data-name=\"lastname\"><input size=\"40\" maxlength=\"400\" class=\"wpcf7-form-control wpcf7-text wpcf7-validates-as-required\" aria-required=\"true\" aria-invalid=\"false\" placeholder=\"Nom de famille\" value=\"\" type=\"text\" name=\"lastname\" \/><\/span>\n\t\t<\/p>\n\t<\/div>\n\t<div>\n\t\t<p><span class=\"wpcf7-form-control-wrap\" data-name=\"email\"><input size=\"40\" maxlength=\"400\" class=\"wpcf7-form-control wpcf7-email wpcf7-validates-as-required wpcf7-text wpcf7-validates-as-email\" aria-required=\"true\" aria-invalid=\"false\" placeholder=\"Email\" value=\"\" type=\"email\" name=\"email\" \/><\/span>\n\t\t<\/p>\n\t<\/div>\n\t<div>\n\t\t<p><span class=\"wpcf7-form-control-wrap\" data-name=\"legal\"><input size=\"40\" maxlength=\"400\" class=\"wpcf7-form-control wpcf7-text wpcf7-validates-as-required\" aria-required=\"true\" aria-invalid=\"false\" placeholder=\"Nom de l&#039;entit\u00e9 juridique\" value=\"\" type=\"text\" name=\"legal\" \/><\/span>\n\t\t<\/p>\n\t<\/div>\n\t<div>\n\t\t<p><span class=\"wpcf7-form-control-wrap\" data-name=\"companyname\"><input size=\"40\" maxlength=\"400\" class=\"wpcf7-form-control wpcf7-text wpcf7-validates-as-required\" aria-required=\"true\" aria-invalid=\"false\" placeholder=\"Site web\" value=\"\" type=\"text\" name=\"companyname\" \/><\/span>\n\t\t<\/p>\n\t<\/div>\n\t<div>\n\t\t<p><span class=\"wpcf7-form-control-wrap\" data-name=\"phone\"><input size=\"40\" maxlength=\"400\" class=\"wpcf7-form-control wpcf7-text wpcf7-validates-as-required\" aria-required=\"true\" aria-invalid=\"false\" placeholder=\"Num\u00e9ro de t\u00e9l\u00e9phone\" value=\"\" type=\"text\" name=\"phone\" \/><\/span>\n\t\t<\/p>\n\t<\/div>\n<\/div>\n<h3>Adresse du si\u00e8ge social\n<\/h3>\n<div class=\"grid grid-cols-2 gap-8\">\n\t<div>\n\t\t<p><span class=\"wpcf7-form-control-wrap\" data-name=\"address1\"><input size=\"40\" maxlength=\"400\" class=\"wpcf7-form-control wpcf7-text wpcf7-validates-as-required\" aria-required=\"true\" aria-invalid=\"false\" placeholder=\"Ligne d&#039;adresse 1\" value=\"\" type=\"text\" name=\"address1\" \/><\/span>\n\t\t<\/p>\n\t<\/div>\n\t<div>\n\t\t<p><span class=\"wpcf7-form-control-wrap\" data-name=\"address2\"><input size=\"40\" maxlength=\"400\" class=\"wpcf7-form-control wpcf7-text wpcf7-validates-as-required\" aria-required=\"true\" aria-invalid=\"false\" placeholder=\"Ligne d&#039;adresse 2\" value=\"\" type=\"text\" name=\"address2\" \/><\/span>\n\t\t<\/p>\n\t<\/div>\n\t<div>\n\t\t<p><span class=\"wpcf7-form-control-wrap\" data-name=\"city\"><input size=\"40\" maxlength=\"400\" class=\"wpcf7-form-control wpcf7-text wpcf7-validates-as-required\" aria-required=\"true\" aria-invalid=\"false\" placeholder=\"City\" value=\"\" type=\"text\" name=\"city\" \/><\/span>\n\t\t<\/p>\n\t<\/div>\n\t<div>\n\t\t<p><span class=\"wpcf7-form-control-wrap\" data-name=\"zip\"><input size=\"40\" maxlength=\"400\" class=\"wpcf7-form-control wpcf7-text wpcf7-validates-as-required\" aria-required=\"true\" aria-invalid=\"false\" placeholder=\"Code postal\/ZIP\" value=\"\" type=\"text\" name=\"zip\" \/><\/span>\n\t\t<\/p>\n\t<\/div>\n\t<div>\n\t\t<p><span class=\"wpcf7-form-control-wrap\" data-name=\"country\"><input size=\"40\" maxlength=\"400\" class=\"wpcf7-form-control wpcf7-text wpcf7-validates-as-required\" aria-required=\"true\" aria-invalid=\"false\" placeholder=\"Pays\" value=\"\" type=\"text\" name=\"country\" \/><\/span>\n\t\t<\/p>\n\t<\/div>\n\t<div>\n\t\t<p><span class=\"wpcf7-form-control-wrap\" data-name=\"bphone\"><input size=\"40\" maxlength=\"400\" class=\"wpcf7-form-control wpcf7-text wpcf7-validates-as-required\" aria-required=\"true\" aria-invalid=\"false\" placeholder=\"T\u00e9l\u00e9phone professionnel\" value=\"\" type=\"text\" name=\"bphone\" \/><\/span>\n\t\t<\/p>\n\t<\/div>\n<\/div>\n<h3>Billing\n<\/h3>\n<div class=\"grid grid-cols-2 gap-8\">\n\t<div>\n\t\t<p><span class=\"wpcf7-form-control-wrap\" data-name=\"tax\"><input size=\"40\" maxlength=\"400\" class=\"wpcf7-form-control wpcf7-text wpcf7-validates-as-required\" aria-required=\"true\" aria-invalid=\"false\" placeholder=\"N\u00b0 DE TVA\" value=\"\" type=\"text\" name=\"tax\" \/><\/span>\n\t\t<\/p>\n\t<\/div>\n<\/div>\n<h3>Informations suppl\u00e9mentaires\n<\/h3>\n<div>\n\t<p><span class=\"wpcf7-form-control-wrap\" data-name=\"refferalcode\"><input size=\"40\" maxlength=\"400\" class=\"wpcf7-form-control wpcf7-text wpcf7-validates-as-required\" aria-required=\"true\" aria-invalid=\"false\" placeholder=\"Code confidentiel\" value=\"\" type=\"text\" name=\"refferalcode\" \/><\/span>\n\t<\/p>\n<\/div>\n<div>\n\t<p><span class=\"wpcf7-form-control-wrap\" data-name=\"describe\"><textarea cols=\"40\" rows=\"10\" maxlength=\"2000\" class=\"wpcf7-form-control wpcf7-textarea wpcf7-validates-as-required\" aria-required=\"true\" aria-invalid=\"false\" placeholder=\"D\u00e9crivez les sites et les m\u00e9thodes utilis\u00e9s pour faire de la publicit\u00e9 pour Unicount.\" name=\"describe\"><\/textarea><\/span>\n\t<\/p>\n<\/div>\n<h3>Conditions d'utilisation\n<\/h3>\n<p><span class=\"wpcf7-form-control-wrap\" data-name=\"acceptance-126\"><span class=\"wpcf7-form-control wpcf7-acceptance\"><span class=\"wpcf7-list-item\"><label><input type=\"checkbox\" name=\"acceptance-126\" value=\"1\" aria-invalid=\"false\" \/><span class=\"wpcf7-list-item-label\">J'accepte les  <a target=\"_blank\" href=\"https:\/\/unicount.eu\/fr\/prestations-de-service\/\">prestations de service<\/a><\/span><\/label><\/span><\/span><\/span>\n<\/p>\n<p><input class=\"wpcf7-form-control wpcf7-submit has-spinner\" type=\"submit\" value=\"Soumettez\" \/>\n<\/p><div class=\"wpcf7-response-output\" aria-hidden=\"true\"><\/div>\n<\/form>\n<\/div>\n<\/div>\n\n\n\n<p><\/p>\n","protected":false},"excerpt":{"rendered":"<p>Unicount en chiffres Unicount est un agent de cr\u00e9ation de soci\u00e9t\u00e9 de confiance en Estonie. Nos chiffres montrent notre performance au fil des ann\u00e9es. 900+ Entreprises enregistr\u00e9es \u00e0 ce jour 5 Temps de formation moyen en minutes 6 Langues prises en charge dans le tableau de bord 71 Fondateurs dans diff\u00e9rents pays Inscription d&rsquo;affiliation pour<\/p>\n","protected":false},"author":2,"featured_media":0,"parent":0,"menu_order":0,"comment_status":"closed","ping_status":"closed","template":"","meta":{"inline_featured_image":false,"footnotes":""},"class_list":["post-6168","page","type-page","status-publish","hentry"],"acf":[],"yoast_head":"<!-- This site is optimized with the Yoast SEO Premium plugin v24.3 (Yoast SEO v24.3) - https:\/\/yoast.com\/wordpress\/plugins\/seo\/ -->\n<title>Programme-d&#039;Affiliation | Unicount<\/title>\n<meta name=\"description\" content=\"Affiliate programme for eligible companies advertising Estonian company formation and virtual office services to Estonian e-residents.\" \/>\n<meta name=\"robots\" content=\"index, follow, max-snippet:-1, max-image-preview:large, max-video-preview:-1\" \/>\n<link rel=\"canonical\" href=\"https:\/\/unicount.eu\/fr\/programme-daffiliation\/\" \/>\n<meta property=\"og:locale\" content=\"fr_FR\" \/>\n<meta property=\"og:type\" content=\"article\" \/>\n<meta property=\"og:title\" content=\"Programme-d&#039;Affiliation\" \/>\n<meta property=\"og:description\" content=\"Affiliate programme for eligible companies advertising Estonian company formation and virtual office services to Estonian e-residents.\" \/>\n<meta property=\"og:url\" content=\"https:\/\/unicount.eu\/fr\/programme-daffiliation\/\" \/>\n<meta property=\"og:site_name\" content=\"Unicount\" \/>\n<meta property=\"article:publisher\" content=\"https:\/\/www.facebook.com\/unicount\/\" \/>\n<meta property=\"article:modified_time\" content=\"2023-12-19T10:21:49+00:00\" \/>\n<meta property=\"og:image\" content=\"https:\/\/unicount.eu\/wp-content\/uploads\/2021\/01\/fb-cover@2x.jpg\" \/>\n\t<meta property=\"og:image:width\" content=\"2400\" \/>\n\t<meta property=\"og:image:height\" content=\"1350\" \/>\n\t<meta property=\"og:image:type\" content=\"image\/jpeg\" \/>\n<meta name=\"twitter:card\" content=\"summary_large_image\" \/>\n<meta name=\"twitter:site\" content=\"@unicountestonia\" \/>\n<meta name=\"twitter:label1\" content=\"Dur\u00e9e de lecture estim\u00e9e\" \/>\n\t<meta name=\"twitter:data1\" content=\"1 minute\" \/>\n<script type=\"application\/ld+json\" class=\"yoast-schema-graph\">{\"@context\":\"https:\/\/schema.org\",\"@graph\":[{\"@type\":\"WebPage\",\"@id\":\"https:\/\/unicount.eu\/fr\/programme-daffiliation\/\",\"url\":\"https:\/\/unicount.eu\/fr\/programme-daffiliation\/\",\"name\":\"Programme-d'Affiliation | Unicount\",\"isPartOf\":{\"@id\":\"https:\/\/unicount.eu\/fr\/#website\"},\"datePublished\":\"2021-12-13T14:30:52+00:00\",\"dateModified\":\"2023-12-19T10:21:49+00:00\",\"description\":\"Affiliate programme for eligible companies advertising Estonian company formation and virtual office services to Estonian e-residents.\",\"breadcrumb\":{\"@id\":\"https:\/\/unicount.eu\/fr\/programme-daffiliation\/#breadcrumb\"},\"inLanguage\":\"fr-FR\",\"potentialAction\":[{\"@type\":\"ReadAction\",\"target\":[\"https:\/\/unicount.eu\/fr\/programme-daffiliation\/\"]}]},{\"@type\":\"BreadcrumbList\",\"@id\":\"https:\/\/unicount.eu\/fr\/programme-daffiliation\/#breadcrumb\",\"itemListElement\":[{\"@type\":\"ListItem\",\"position\":1,\"name\":\"Home\",\"item\":\"https:\/\/unicount.eu\/fr\/\"},{\"@type\":\"ListItem\",\"position\":2,\"name\":\"Programme-d&#8217;Affiliation\"}]},{\"@type\":\"WebSite\",\"@id\":\"https:\/\/unicount.eu\/fr\/#website\",\"url\":\"https:\/\/unicount.eu\/fr\/\",\"name\":\"Unicount\",\"description\":\"The simplest way to start an Estonian company\",\"publisher\":{\"@id\":\"https:\/\/unicount.eu\/fr\/#organization\"},\"potentialAction\":[{\"@type\":\"SearchAction\",\"target\":{\"@type\":\"EntryPoint\",\"urlTemplate\":\"https:\/\/unicount.eu\/fr\/?s={search_term_string}\"},\"query-input\":{\"@type\":\"PropertyValueSpecification\",\"valueRequired\":true,\"valueName\":\"search_term_string\"}}],\"inLanguage\":\"fr-FR\"},{\"@type\":\"Organization\",\"@id\":\"https:\/\/unicount.eu\/fr\/#organization\",\"name\":\"Unicount O\u00dc\",\"url\":\"https:\/\/unicount.eu\/fr\/\",\"logo\":{\"@type\":\"ImageObject\",\"inLanguage\":\"fr-FR\",\"@id\":\"https:\/\/unicount.eu\/fr\/#\/schema\/logo\/image\/\",\"url\":\"https:\/\/unicount.eu\/wp-content\/uploads\/2019\/10\/unicount-logo-002.jpg\",\"contentUrl\":\"https:\/\/unicount.eu\/wp-content\/uploads\/2019\/10\/unicount-logo-002.jpg\",\"width\":1380,\"height\":288,\"caption\":\"Unicount O\u00dc\"},\"image\":{\"@id\":\"https:\/\/unicount.eu\/fr\/#\/schema\/logo\/image\/\"},\"sameAs\":[\"https:\/\/www.facebook.com\/unicount\/\",\"https:\/\/x.com\/unicountestonia\",\"https:\/\/www.linkedin.com\/company\/unicount\",\"https:\/\/www.youtube.com\/channel\/UCSV5_VgpIIAUyLWhjeXY8vQ\"]}]}<\/script>\n<!-- \/ Yoast SEO Premium plugin. -->","yoast_head_json":{"title":"Programme-d'Affiliation | Unicount","description":"Affiliate programme for eligible companies advertising Estonian company formation and virtual office services to Estonian e-residents.","robots":{"index":"index","follow":"follow","max-snippet":"max-snippet:-1","max-image-preview":"max-image-preview:large","max-video-preview":"max-video-preview:-1"},"canonical":"https:\/\/unicount.eu\/fr\/programme-daffiliation\/","og_locale":"fr_FR","og_type":"article","og_title":"Programme-d'Affiliation","og_description":"Affiliate programme for eligible companies advertising Estonian company formation and virtual office services to Estonian e-residents.","og_url":"https:\/\/unicount.eu\/fr\/programme-daffiliation\/","og_site_name":"Unicount","article_publisher":"https:\/\/www.facebook.com\/unicount\/","article_modified_time":"2023-12-19T10:21:49+00:00","og_image":[{"width":2400,"height":1350,"url":"https:\/\/unicount.eu\/wp-content\/uploads\/2021\/01\/fb-cover@2x.jpg","type":"image\/jpeg"}],"twitter_card":"summary_large_image","twitter_site":"@unicountestonia","twitter_misc":{"Dur\u00e9e de lecture estim\u00e9e":"1 minute"},"schema":{"@context":"https:\/\/schema.org","@graph":[{"@type":"WebPage","@id":"https:\/\/unicount.eu\/fr\/programme-daffiliation\/","url":"https:\/\/unicount.eu\/fr\/programme-daffiliation\/","name":"Programme-d'Affiliation | Unicount","isPartOf":{"@id":"https:\/\/unicount.eu\/fr\/#website"},"datePublished":"2021-12-13T14:30:52+00:00","dateModified":"2023-12-19T10:21:49+00:00","description":"Affiliate programme for eligible companies advertising Estonian company formation and virtual office services to Estonian e-residents.","breadcrumb":{"@id":"https:\/\/unicount.eu\/fr\/programme-daffiliation\/#breadcrumb"},"inLanguage":"fr-FR","potentialAction":[{"@type":"ReadAction","target":["https:\/\/unicount.eu\/fr\/programme-daffiliation\/"]}]},{"@type":"BreadcrumbList","@id":"https:\/\/unicount.eu\/fr\/programme-daffiliation\/#breadcrumb","itemListElement":[{"@type":"ListItem","position":1,"name":"Home","item":"https:\/\/unicount.eu\/fr\/"},{"@type":"ListItem","position":2,"name":"Programme-d&#8217;Affiliation"}]},{"@type":"WebSite","@id":"https:\/\/unicount.eu\/fr\/#website","url":"https:\/\/unicount.eu\/fr\/","name":"Unicount","description":"The simplest way to start an Estonian company","publisher":{"@id":"https:\/\/unicount.eu\/fr\/#organization"},"potentialAction":[{"@type":"SearchAction","target":{"@type":"EntryPoint","urlTemplate":"https:\/\/unicount.eu\/fr\/?s={search_term_string}"},"query-input":{"@type":"PropertyValueSpecification","valueRequired":true,"valueName":"search_term_string"}}],"inLanguage":"fr-FR"},{"@type":"Organization","@id":"https:\/\/unicount.eu\/fr\/#organization","name":"Unicount O\u00dc","url":"https:\/\/unicount.eu\/fr\/","logo":{"@type":"ImageObject","inLanguage":"fr-FR","@id":"https:\/\/unicount.eu\/fr\/#\/schema\/logo\/image\/","url":"https:\/\/unicount.eu\/wp-content\/uploads\/2019\/10\/unicount-logo-002.jpg","contentUrl":"https:\/\/unicount.eu\/wp-content\/uploads\/2019\/10\/unicount-logo-002.jpg","width":1380,"height":288,"caption":"Unicount O\u00dc"},"image":{"@id":"https:\/\/unicount.eu\/fr\/#\/schema\/logo\/image\/"},"sameAs":["https:\/\/www.facebook.com\/unicount\/","https:\/\/x.com\/unicountestonia","https:\/\/www.linkedin.com\/company\/unicount","https:\/\/www.youtube.com\/channel\/UCSV5_VgpIIAUyLWhjeXY8vQ"]}]}},"_links":{"self":[{"href":"https:\/\/unicount.eu\/fr\/wp-json\/wp\/v2\/pages\/6168","targetHints":{"allow":["GET"]}}],"collection":[{"href":"https:\/\/unicount.eu\/fr\/wp-json\/wp\/v2\/pages"}],"about":[{"href":"https:\/\/unicount.eu\/fr\/wp-json\/wp\/v2\/types\/page"}],"author":[{"embeddable":true,"href":"https:\/\/unicount.eu\/fr\/wp-json\/wp\/v2\/users\/2"}],"replies":[{"embeddable":true,"href":"https:\/\/unicount.eu\/fr\/wp-json\/wp\/v2\/comments?post=6168"}],"version-history":[{"count":11,"href":"https:\/\/unicount.eu\/fr\/wp-json\/wp\/v2\/pages\/6168\/revisions"}],"predecessor-version":[{"id":17657,"href":"https:\/\/unicount.eu\/fr\/wp-json\/wp\/v2\/pages\/6168\/revisions\/17657"}],"wp:attachment":[{"href":"https:\/\/unicount.eu\/fr\/wp-json\/wp\/v2\/media?parent=6168"}],"curies":[{"name":"wp","href":"https:\/\/api.w.org\/{rel}","templated":true}]}}