{"id":6150,"date":"2019-03-13T10:11:46","date_gmt":"2019-03-13T08:11:46","guid":{"rendered":"https:\/\/unicount.eu\/?page_id=6150"},"modified":"2022-02-04T17:21:36","modified_gmt":"2022-02-04T15:21:36","slug":"avis-de-cookies","status":"publish","type":"page","link":"https:\/\/unicount.eu\/fr\/avis-de-cookies\/","title":{"rendered":"Avis de cookies"},"content":{"rendered":"\n<h4 class=\"wp-block-heading\" id=\"qu-est-ce-qu-un-cookie\">Qu&rsquo;est-ce qu&rsquo;un cookie ?<\/h4>\n\n\n\n<p>Un cookie est un petit fichier plac\u00e9 sur votre appareil qui permet d&rsquo;activer les caract\u00e9ristiques et les fonctionnalit\u00e9s d&rsquo;Unicount. Par exemple, les cookies nous permettent d&rsquo;identifier votre appareil, de s\u00e9curiser votre acc\u00e8s \u00e0 Unicount et \u00e0 nos sites en g\u00e9n\u00e9ral.<\/p>\n\n\n\n<h4 class=\"wp-block-heading\" id=\"a-quoi-servent-les-cookies\">A quoi servent les cookies ?<\/h4>\n\n\n\n<p>Les cookies peuvent \u00eatre utilis\u00e9s pour vous reconna\u00eetre lorsque vous visitez unicount.eu, se souvenir de vos pr\u00e9f\u00e9rences et vous offrir une exp\u00e9rience personnalis\u00e9e qui correspond \u00e0 vos param\u00e8tres. Les cookies rendent \u00e9galement vos interactions avec Unicount plus rapides et plus s\u00fbres. En outre, les cookies nous permettent de vous proposer des publicit\u00e9s sur les sites d&rsquo;Unicount et en dehors.<\/p>\n\n\n\n<p><strong>Cookies utilis\u00e9s sur le site web<\/strong> <strong> www.unicount.eu<\/strong><\/p>\n\n\n\n<p><h4>First party persistent cookies<\/h4><\/p>\n\n\n\n<figure class=\"wp-block-table\"><table class=\"has-fixed-layout\"><tbody><tr><td>Nom<\/td><td>Description<\/td><td>Dur\u00e9e<\/td><\/tr><tr><td>r\u00e9f\u00e9rence<\/td><td>Ce cookie est associ\u00e9 au programme d&rsquo;affiliation d&rsquo;Unicount. Il identifie de mani\u00e8re unique un visiteur et indique s&rsquo;il est inclus dans un \u00e9chantillon d&rsquo;audience r\u00e9f\u00e9renc\u00e9 par un affili\u00e9.<\/td><td> 2914688 jours<\/td><\/tr><\/tbody><\/table><\/figure>\n\n\n\n<p><h4>First party cookies used when ordering Unicount services<\/h4><\/p>\n\n\n\n<figure class=\"wp-block-table\"><table class=\"has-fixed-layout\"><tbody><tr><td>Nom<\/td><td>Description<\/td><td>Dur\u00e9e<\/td><\/tr><tr><td>unicount_session<\/td><td>N\u00e9cessaire pour maintenir une session utilisateur lors de la commande de services.<\/td><td>72 heures<\/td><\/tr><tr><td>XSRF-TOKEN<\/td><td>Pour assurer la s\u00e9curit\u00e9 contre la falsification des requ\u00eates intersites (CSRF).<\/td><td>1 jour<\/td><\/tr><tr><td>_ga<\/td><td>Pour diff\u00e9rencier les visiteurs de diff\u00e9rents sites web.<\/td><td>Deux ans<\/td><\/tr><tr><td>_gid<\/td><td>Pour distinguer les visiteurs de diff\u00e9rents sites web.<\/td><td>Un jour<\/td><\/tr><tr><td>_gat, _gat_organizer<\/td><td>Pour distinguer les visiteurs de diff\u00e9rentes pages web.<\/td><td>Une minute<\/td><\/tr><\/tbody><\/table><\/figure>\n\n\n\n<p><h4>Third party session cookies<\/h4><\/p>\n\n\n\n<figure class=\"wp-block-table\"><table class=\"has-fixed-layout\"><tbody><tr><td>Nom<\/td><td>Description<\/td><td>Dur\u00e9e<\/td><\/tr><tr><td>_hjIncludedInSample<\/td><td>Ce cookie est associ\u00e9 \u00e0 la fonctionnalit\u00e9 et aux services d&rsquo;analyse Web de Hot Jar, une entreprise bas\u00e9e \u00e0 Malte. Il identifie de mani\u00e8re unique un visiteur au cours d&rsquo;une seule session de navigation et indique qu&rsquo;il est inclus dans un \u00e9chantillon d&rsquo;audience.<\/td><td>session<\/td><\/tr><tr><td>__gat_gtag_UA_139757906_1<\/td><td>Ce nom de cookie est associ\u00e9 \u00e0 Google Analytics. Ce cookie est utilis\u00e9 pour aider \u00e0 comprendre comment les visiteurs interagissent avec le site web en collectant et en rapportant des informations de mani\u00e8re anonyme.<\/td><td>session<\/td><\/tr><tr><td>_gat_UA-139757906-1<\/td><td>Il s&rsquo;agit d&rsquo;un cookie d\u00e9fini par Google Analytics, dans lequel l&rsquo;\u00e9l\u00e9ment de motif du nom contient le num\u00e9ro d&rsquo;identit\u00e9 unique du compte ou du site Web auquel il se rapporte. Il s&rsquo;agit d&rsquo;une variante du cookie _gat qui est utilis\u00e9 pour limiter la quantit\u00e9 de donn\u00e9es enregistr\u00e9es par Google sur les sites Web \u00e0 fort trafic.<\/td><td>session<\/td><\/tr><\/tbody><\/table><\/figure>\n\n\n\n<p><h4>Third party persistent cookies<\/h4><\/p>\n\n\n\n<figure class=\"wp-block-table is-style-regular\"><table class=\"has-fixed-layout\"><tbody><tr><td>Nom<\/td><td>Description<\/td><td>Dur\u00e9e<\/td><\/tr><tr><td>_fbp<\/td><td> Utilis\u00e9 par Facebook pour fournir une s\u00e9rie de produits publicitaires tels que les ench\u00e8res en temps r\u00e9el des annonceurs tiers.<\/td><td>90 jours<\/td><\/tr><tr><td>_ga<\/td><td>Ce nom de cookie est associ\u00e9 \u00e0 Google Tag Manager. Ce cookie est utilis\u00e9 pour distinguer les utilisateurs uniques en attribuant un num\u00e9ro g\u00e9n\u00e9r\u00e9 de mani\u00e8re al\u00e9atoire comme identifiant du client.<\/td><td>730 jours<\/td><\/tr><tr><td>_gid<\/td><td>Ce cookie est associ\u00e9 \u00e0 Google Analytics. Il stocke et met \u00e0 jour une valeur unique pour chaque page visit\u00e9e.<\/td><td>1 jour<\/td><\/tr><tr><td>_hjid<\/td><td>Hotjar cookie. This cookie is set when the client first lands on a page containing the Hotjar script. It is used to store the random user ID, unique to that site, on the browser. This ensures that behavior on subsequent visits to the same site will be attributed to the same user ID.<\/td><td>365 jours<\/td><\/tr><tr><td>intercom-id-gerl41zw<\/td><td>Cookie Intercom. Ce cookie est d\u00e9fini lorsque le client arrive pour la premi\u00e8re fois sur une page contenant le script Intercom. Il est utilis\u00e9 pour conserver dans le navigateur l&rsquo;ID utilisateur al\u00e9atoire, unique pour ce site. Cela garantit que le comportement lors des visites ult\u00e9rieures du m\u00eame site sera attribu\u00e9 au m\u00eame identifiant.<\/td><td>270 jours<\/td><\/tr><tr><td>fr<\/td><td>Le cookie Facebook, qui est le plus grand service de r\u00e9seau social au monde. En tant que fournisseur d&rsquo;h\u00e9bergement tiers, il collecte principalement des donn\u00e9es sur les int\u00e9r\u00eats des utilisateurs via des widgets tels que le bouton \u00a0\u00bb J&rsquo;aime \u00a0\u00bb pr\u00e9sent sur de nombreux sites web. Ces donn\u00e9es sont utilis\u00e9es pour diffuser des publicit\u00e9s cibl\u00e9es \u00e0 ses utilisateurs lorsqu&rsquo;ils sont connect\u00e9s \u00e0 ses services.<\/td><td>390 jours<\/td><\/tr><tr><td> IDE <\/td><td>Cookie Google. Ce cookie fournit des informations sur la mani\u00e8re dont l&rsquo;utilisateur final utilise le site web et sur toute publicit\u00e9 qu&rsquo;il a pu voir avant de visiter ledit site. Doubleclick est le syst\u00e8me d&rsquo;\u00e9change de publicit\u00e9 en temps r\u00e9el de Google.<\/td><td>390 jours<\/td><\/tr><tr><td> test_cookie <\/td><td> Utilis\u00e9 pour v\u00e9rifier si le navigateur de l&rsquo;utilisateur accepte les cookies.<\/td><td>2914688 jours<\/td><\/tr><\/tbody><\/table><\/figure>\n\n\n\n<p>Last updated: 10 December 2020<\/p>\n","protected":false},"excerpt":{"rendered":"<p>Qu&rsquo;est-ce qu&rsquo;un cookie ? Un cookie est un petit fichier plac\u00e9 sur votre appareil qui permet d&rsquo;activer les caract\u00e9ristiques et les fonctionnalit\u00e9s d&rsquo;Unicount. Par exemple, les cookies nous permettent d&rsquo;identifier votre appareil, de s\u00e9curiser votre acc\u00e8s \u00e0 Unicount et \u00e0 nos sites en g\u00e9n\u00e9ral. A quoi servent les cookies ? Les cookies peuvent \u00eatre utilis\u00e9s [&hellip;]<\/p>\n","protected":false},"author":2,"featured_media":0,"parent":0,"menu_order":0,"comment_status":"closed","ping_status":"closed","template":"terms.php","meta":{"inline_featured_image":false,"footnotes":""},"class_list":["post-6150","page","type-page","status-publish","hentry"],"acf":[],"yoast_head":"<!-- This site is optimized with the Yoast SEO Premium plugin v24.3 (Yoast SEO v24.3) - https:\/\/yoast.com\/wordpress\/plugins\/seo\/ -->\n<title>Avis de cookies | Unicount<\/title>\n<meta name=\"robots\" content=\"index, follow, max-snippet:-1, max-image-preview:large, max-video-preview:-1\" \/>\n<link rel=\"canonical\" href=\"https:\/\/unicount.eu\/fr\/avis-de-cookies\/\" \/>\n<meta property=\"og:locale\" content=\"fr_FR\" \/>\n<meta property=\"og:type\" content=\"article\" \/>\n<meta property=\"og:title\" content=\"Avis de cookies\" \/>\n<meta property=\"og:description\" content=\"Qu&rsquo;est-ce qu&rsquo;un cookie ? Un cookie est un petit fichier plac\u00e9 sur votre appareil qui permet d&rsquo;activer les caract\u00e9ristiques et les fonctionnalit\u00e9s d&rsquo;Unicount. Par exemple, les cookies nous permettent d&rsquo;identifier votre appareil, de s\u00e9curiser votre acc\u00e8s \u00e0 Unicount et \u00e0 nos sites en g\u00e9n\u00e9ral. A quoi servent les cookies ? Les cookies peuvent \u00eatre utilis\u00e9s [&hellip;]\" \/>\n<meta property=\"og:url\" content=\"https:\/\/unicount.eu\/fr\/avis-de-cookies\/\" \/>\n<meta property=\"og:site_name\" content=\"Unicount\" \/>\n<meta property=\"article:publisher\" content=\"https:\/\/www.facebook.com\/unicount\/\" \/>\n<meta property=\"article:modified_time\" content=\"2022-02-04T15:21:36+00:00\" \/>\n<meta property=\"og:image\" content=\"https:\/\/unicount.eu\/wp-content\/uploads\/2021\/01\/fb-cover@2x.jpg\" \/>\n\t<meta property=\"og:image:width\" content=\"2400\" \/>\n\t<meta property=\"og:image:height\" content=\"1350\" \/>\n\t<meta property=\"og:image:type\" content=\"image\/jpeg\" \/>\n<meta name=\"twitter:card\" content=\"summary_large_image\" \/>\n<meta name=\"twitter:site\" content=\"@unicountestonia\" \/>\n<meta name=\"twitter:label1\" content=\"Dur\u00e9e de lecture estim\u00e9e\" \/>\n\t<meta name=\"twitter:data1\" content=\"4 minutes\" \/>\n<script type=\"application\/ld+json\" class=\"yoast-schema-graph\">{\"@context\":\"https:\/\/schema.org\",\"@graph\":[{\"@type\":\"WebPage\",\"@id\":\"https:\/\/unicount.eu\/fr\/avis-de-cookies\/\",\"url\":\"https:\/\/unicount.eu\/fr\/avis-de-cookies\/\",\"name\":\"Avis de cookies | Unicount\",\"isPartOf\":{\"@id\":\"https:\/\/unicount.eu\/fr\/#website\"},\"datePublished\":\"2019-03-13T08:11:46+00:00\",\"dateModified\":\"2022-02-04T15:21:36+00:00\",\"breadcrumb\":{\"@id\":\"https:\/\/unicount.eu\/fr\/avis-de-cookies\/#breadcrumb\"},\"inLanguage\":\"fr-FR\",\"potentialAction\":[{\"@type\":\"ReadAction\",\"target\":[\"https:\/\/unicount.eu\/fr\/avis-de-cookies\/\"]}]},{\"@type\":\"BreadcrumbList\",\"@id\":\"https:\/\/unicount.eu\/fr\/avis-de-cookies\/#breadcrumb\",\"itemListElement\":[{\"@type\":\"ListItem\",\"position\":1,\"name\":\"Home\",\"item\":\"https:\/\/unicount.eu\/fr\/\"},{\"@type\":\"ListItem\",\"position\":2,\"name\":\"Avis de cookies\"}]},{\"@type\":\"WebSite\",\"@id\":\"https:\/\/unicount.eu\/fr\/#website\",\"url\":\"https:\/\/unicount.eu\/fr\/\",\"name\":\"Unicount\",\"description\":\"The simplest way to start an Estonian company\",\"publisher\":{\"@id\":\"https:\/\/unicount.eu\/fr\/#organization\"},\"potentialAction\":[{\"@type\":\"SearchAction\",\"target\":{\"@type\":\"EntryPoint\",\"urlTemplate\":\"https:\/\/unicount.eu\/fr\/?s={search_term_string}\"},\"query-input\":{\"@type\":\"PropertyValueSpecification\",\"valueRequired\":true,\"valueName\":\"search_term_string\"}}],\"inLanguage\":\"fr-FR\"},{\"@type\":\"Organization\",\"@id\":\"https:\/\/unicount.eu\/fr\/#organization\",\"name\":\"Unicount O\u00dc\",\"url\":\"https:\/\/unicount.eu\/fr\/\",\"logo\":{\"@type\":\"ImageObject\",\"inLanguage\":\"fr-FR\",\"@id\":\"https:\/\/unicount.eu\/fr\/#\/schema\/logo\/image\/\",\"url\":\"https:\/\/unicount.eu\/wp-content\/uploads\/2019\/10\/unicount-logo-002.jpg\",\"contentUrl\":\"https:\/\/unicount.eu\/wp-content\/uploads\/2019\/10\/unicount-logo-002.jpg\",\"width\":1380,\"height\":288,\"caption\":\"Unicount O\u00dc\"},\"image\":{\"@id\":\"https:\/\/unicount.eu\/fr\/#\/schema\/logo\/image\/\"},\"sameAs\":[\"https:\/\/www.facebook.com\/unicount\/\",\"https:\/\/x.com\/unicountestonia\",\"https:\/\/www.linkedin.com\/company\/unicount\",\"https:\/\/www.youtube.com\/channel\/UCSV5_VgpIIAUyLWhjeXY8vQ\"]}]}<\/script>\n<!-- \/ Yoast SEO Premium plugin. -->","yoast_head_json":{"title":"Avis de cookies | Unicount","robots":{"index":"index","follow":"follow","max-snippet":"max-snippet:-1","max-image-preview":"max-image-preview:large","max-video-preview":"max-video-preview:-1"},"canonical":"https:\/\/unicount.eu\/fr\/avis-de-cookies\/","og_locale":"fr_FR","og_type":"article","og_title":"Avis de cookies","og_description":"Qu&rsquo;est-ce qu&rsquo;un cookie ? Un cookie est un petit fichier plac\u00e9 sur votre appareil qui permet d&rsquo;activer les caract\u00e9ristiques et les fonctionnalit\u00e9s d&rsquo;Unicount. Par exemple, les cookies nous permettent d&rsquo;identifier votre appareil, de s\u00e9curiser votre acc\u00e8s \u00e0 Unicount et \u00e0 nos sites en g\u00e9n\u00e9ral. A quoi servent les cookies ? Les cookies peuvent \u00eatre utilis\u00e9s [&hellip;]","og_url":"https:\/\/unicount.eu\/fr\/avis-de-cookies\/","og_site_name":"Unicount","article_publisher":"https:\/\/www.facebook.com\/unicount\/","article_modified_time":"2022-02-04T15:21:36+00:00","og_image":[{"width":2400,"height":1350,"url":"https:\/\/unicount.eu\/wp-content\/uploads\/2021\/01\/fb-cover@2x.jpg","type":"image\/jpeg"}],"twitter_card":"summary_large_image","twitter_site":"@unicountestonia","twitter_misc":{"Dur\u00e9e de lecture estim\u00e9e":"4 minutes"},"schema":{"@context":"https:\/\/schema.org","@graph":[{"@type":"WebPage","@id":"https:\/\/unicount.eu\/fr\/avis-de-cookies\/","url":"https:\/\/unicount.eu\/fr\/avis-de-cookies\/","name":"Avis de cookies | Unicount","isPartOf":{"@id":"https:\/\/unicount.eu\/fr\/#website"},"datePublished":"2019-03-13T08:11:46+00:00","dateModified":"2022-02-04T15:21:36+00:00","breadcrumb":{"@id":"https:\/\/unicount.eu\/fr\/avis-de-cookies\/#breadcrumb"},"inLanguage":"fr-FR","potentialAction":[{"@type":"ReadAction","target":["https:\/\/unicount.eu\/fr\/avis-de-cookies\/"]}]},{"@type":"BreadcrumbList","@id":"https:\/\/unicount.eu\/fr\/avis-de-cookies\/#breadcrumb","itemListElement":[{"@type":"ListItem","position":1,"name":"Home","item":"https:\/\/unicount.eu\/fr\/"},{"@type":"ListItem","position":2,"name":"Avis de cookies"}]},{"@type":"WebSite","@id":"https:\/\/unicount.eu\/fr\/#website","url":"https:\/\/unicount.eu\/fr\/","name":"Unicount","description":"The simplest way to start an Estonian company","publisher":{"@id":"https:\/\/unicount.eu\/fr\/#organization"},"potentialAction":[{"@type":"SearchAction","target":{"@type":"EntryPoint","urlTemplate":"https:\/\/unicount.eu\/fr\/?s={search_term_string}"},"query-input":{"@type":"PropertyValueSpecification","valueRequired":true,"valueName":"search_term_string"}}],"inLanguage":"fr-FR"},{"@type":"Organization","@id":"https:\/\/unicount.eu\/fr\/#organization","name":"Unicount O\u00dc","url":"https:\/\/unicount.eu\/fr\/","logo":{"@type":"ImageObject","inLanguage":"fr-FR","@id":"https:\/\/unicount.eu\/fr\/#\/schema\/logo\/image\/","url":"https:\/\/unicount.eu\/wp-content\/uploads\/2019\/10\/unicount-logo-002.jpg","contentUrl":"https:\/\/unicount.eu\/wp-content\/uploads\/2019\/10\/unicount-logo-002.jpg","width":1380,"height":288,"caption":"Unicount O\u00dc"},"image":{"@id":"https:\/\/unicount.eu\/fr\/#\/schema\/logo\/image\/"},"sameAs":["https:\/\/www.facebook.com\/unicount\/","https:\/\/x.com\/unicountestonia","https:\/\/www.linkedin.com\/company\/unicount","https:\/\/www.youtube.com\/channel\/UCSV5_VgpIIAUyLWhjeXY8vQ"]}]}},"_links":{"self":[{"href":"https:\/\/unicount.eu\/fr\/wp-json\/wp\/v2\/pages\/6150","targetHints":{"allow":["GET"]}}],"collection":[{"href":"https:\/\/unicount.eu\/fr\/wp-json\/wp\/v2\/pages"}],"about":[{"href":"https:\/\/unicount.eu\/fr\/wp-json\/wp\/v2\/types\/page"}],"author":[{"embeddable":true,"href":"https:\/\/unicount.eu\/fr\/wp-json\/wp\/v2\/users\/2"}],"replies":[{"embeddable":true,"href":"https:\/\/unicount.eu\/fr\/wp-json\/wp\/v2\/comments?post=6150"}],"version-history":[{"count":2,"href":"https:\/\/unicount.eu\/fr\/wp-json\/wp\/v2\/pages\/6150\/revisions"}],"predecessor-version":[{"id":6202,"href":"https:\/\/unicount.eu\/fr\/wp-json\/wp\/v2\/pages\/6150\/revisions\/6202"}],"wp:attachment":[{"href":"https:\/\/unicount.eu\/fr\/wp-json\/wp\/v2\/media?parent=6150"}],"curies":[{"name":"wp","href":"https:\/\/api.w.org\/{rel}","templated":true}]}}