{"id":6133,"date":"2019-10-10T10:57:40","date_gmt":"2019-10-10T07:57:40","guid":{"rendered":"https:\/\/unicount.eu\/?page_id=6133"},"modified":"2025-03-13T10:26:07","modified_gmt":"2025-03-13T08:26:07","slug":"contact","status":"publish","type":"page","link":"https:\/\/unicount.eu\/fr\/contact\/","title":{"rendered":"Contact"},"content":{"rendered":"\n<section id=\"kaartparemal-block_0cea86cf79128a5ede2c7efbac6ff784\"\n         class=\"kaartparemal kolmkaarti  contacts color-white  large-font blue_bg sixty\">\n    <div class=\"wrapper\">\n\n\n        <div class=\"row d-flex flex-wrap\">\n\n            <div class=\"col-md-7 d-flex flex-wrap align-content-start left-side\">\n\n\t\t\t\t                    <h1 class=\"module-heading\">\n\t\t\t\t\t\tUnicount                    <\/h1>\n\t\t\t\t\n\n\t\t\t\t                    <div class=\"def-p\">\n\t\t\t\t\t\t<p>Nous proposons une cr\u00e9ation d&rsquo;entreprise estonienne tr\u00e8s simple via un portail en libre-service en ligne.<\/p>\n<p>Gr\u00e2ce \u00e0 des didacticiels vid\u00e9o et \u00e0 une assistance en ligne, vous pouvez cr\u00e9er une soci\u00e9t\u00e9 \u00e0 actionnaire unique et membre du conseil d&rsquo;administration avec notre adresse de bureau virtuel en cinq minutes ou moins. Le service est bas\u00e9 sur l&rsquo;API du registre des entreprises estonien et n\u00e9cessite que vous disposiez d&rsquo;une carte d&rsquo;identit\u00e9 de r\u00e9sident \u00e9lectronique ou de r\u00e9sident estonien, Smart-ID ou Mobile-ID.<\/p>\n<p>Plusieurs soci\u00e9t\u00e9s actionnaires et filiales peuvent \u00eatre enregistr\u00e9es aupr\u00e8s de notre service de bureau virtuel via le registre des entreprises en ligne.<\/p>\n<p>Unicount fournit un service de comptabilit\u00e9 en ligne \u00e0 ses clients de bureaux virtuels avec pr\u00e9paration des comptes annuels et d\u00e9claration fiscale estonienne.<\/p>\n                    <\/div>\n\t\t\t\t\n\n            <\/div>\n            <div class=\"col-md-5 right-side\">\n                <div class=\"card-item\">\n                    <script src=\"https:\/\/maps.googleapis.com\/maps\/api\/js?key=AIzaSyCVno7A7oXP5Cn6PgDNrTRPBDpmPAwVrbk\"><\/script>\n                    <style type=\"text\/css\">\n\n                        .acf-map {\n                            width: 100%;\n                            height: 250px;\n                            border: #ccc solid 1px;\n                            margin: 20px 0;\n                        }\n\n                        \/* fixes potential theme css conflict *\/\n                        .acf-map img {\n                            max-width: inherit !important;\n                        }\n\n                    <\/style>\n\t                                            <div class=\"acf-map\">\n                                <div class=\"marker\" data-lat=\"59.4374543\"\n                                     data-lng=\"24.7567306\"><\/div>\n                            <\/div>\n\t\t                                    <div class=\"text-cont\">\n                        <div class=\"dark-text\">\n\t\t\t\t\t\t\t\t\t\t\t\t\t\t\t<p>Unicount O\u00dc<br \/>\nSoci\u00e9t\u00e9 \u00e0 responsabilit\u00e9 limit\u00e9e estonienne<br \/>\nNum\u00e9ro d&rsquo;enregistrement 14614272<br \/>\nNum\u00e9ro de licence FIU000315<br \/>\nNum\u00e9ro de TVA EE102384501<\/p>\n<p>Adresse du si\u00e8ge social<br \/>\nNarva mnt 5<br \/>\nTallinn 10117, Estonie<\/p>\n<p>Email<br \/>\nsupport@unicount.eu<\/p>\n\t\t\t\t\t\t\t                            <a href=\"https:\/\/wa.me\/+3725111234\" target=\"_blank\" class=\"button--type1\" style=\"margin: 0; margin-top: 20px; display: table;\"><i class=\"fab fa-whatsapp\"><\/i> WhatsApp<\/a>\n                        <\/div>\n                    <\/div>\n                <\/div>\n            <\/div>\n\n\n        <\/div>\n<\/section>\n\n\n\n\n<section id=\"testimonial-block_57054a24b6e1cc60165a69051cff1ead\"\n         class=\"kolmkontakti  \">\n    <div class=\"wrapper\">\n\n\n\t\t\n                <div class=\"row d-flex flex-wrap\">\n\n\t\t\t\t\t                        <div class=\"col-sm-6 col-lg-4 d-flex\">\n                            <div class=\"card-item\">\n\t\t\t\t\t\t\t\t                                    <div class=\"iconCont\">\n                                        <img decoding=\"async\" data-src=\"https:\/\/unicount.eu\/wp-content\/uploads\/2025\/03\/ragnar.jpg\" alt=\"\" src=\"data:image\/gif;base64,R0lGODlhAQABAAAAACH5BAEKAAEALAAAAAABAAEAAAICTAEAOw==\" class=\"lazyload\" style=\"--smush-placeholder-width: 200px; --smush-placeholder-aspect-ratio: 200\/200;\">\n                                    <\/div>\n\t\t\t\t\t\t\t\t\n\n\t\t\t\t\t\t\t\t                                    <h3 class=\"\">\n\t\t\t\t\t\t\t\t\t\tRagnar Everest                                    <\/h3>\n\t\t\t\t\t\t\t\t\n\t                                                                <div class=\"proff\">\n\t\t\t                            Directeur G\u00e9n\u00e9ral                                    <\/div>\n\t                            \n\t\t\t\t\t\t\t\t                                    <p class=\"\">\n\t\t\t\t\t\t\t\t\t\t<article class=\"w-full text-token-text-primary focus-visible:outline-2 focus-visible:outline-offset-[-4px]\" dir=\"auto\" data-testid=\"conversation-turn-658\" data-scroll-anchor=\"true\">\n<div class=\"text-base my-auto mx-auto py-[18px] px-6\">\n<div class=\"mx-auto flex flex-1 text-base gap-4 md:gap-5 lg:gap-6 md:max-w-3xl lg:max-w-[40rem] xl:max-w-[48rem]\">\n<div class=\"group\/conversation-turn relative flex w-full min-w-0 flex-col agent-turn @xs\/thread:px-0 @sm\/thread:px-1.5 @md\/thread:px-4\">\n<div class=\"flex-col gap-1 md:gap-3\">\n<div class=\"flex max-w-full flex-col flex-grow\">\n<div class=\"min-h-8 text-message relative flex w-full flex-col items-end gap-2 whitespace-normal break-words text-start [.text-message+&amp;]:mt-5\" dir=\"auto\" data-message-author-role=\"assistant\" data-message-id=\"7858dff0-98dc-46ac-a668-81edc08affd6\" data-message-model-slug=\"gpt-4o\">\n<div class=\"flex w-full flex-col gap-1 empty:hidden first:pt-[3px]\">\n<div class=\"markdown prose w-full break-words dark:prose-invert light\">\n<p data-start=\"852\" data-end=\"1219\" data-is-last-node=\"\" data-is-only-node=\"\">Ragnar, un PDG prosp\u00e8re avec plus de 16 ans d&rsquo;exp\u00e9rience dans le secteur de la comptabilit\u00e9, propose des services aux entreprises avec succ\u00e8s depuis 2008. En tant que l&rsquo;un des premiers partenaires de l&rsquo;e-r\u00e9sidence, il allie innovation et expertise, favorisant la transformation num\u00e9rique et offrant des solutions financi\u00e8res fluides aux entrepreneurs du monde entier.<\/p>\n<\/div>\n<\/div>\n<\/div>\n<\/div>\n<\/div>\n<\/div>\n<\/div>\n<\/div>\n<\/article>\n                                    <\/p>\n\t\t\t\t\t\t\t\t                                \n\n                            <\/div>\n                        <\/div>\n\t\t\t\t\t                <\/div>\n\t\t\t\n\n    <\/div>\n<\/section>\n","protected":false},"excerpt":{"rendered":"","protected":false},"author":2,"featured_media":0,"parent":0,"menu_order":0,"comment_status":"closed","ping_status":"closed","template":"","meta":{"inline_featured_image":false,"footnotes":""},"class_list":["post-6133","page","type-page","status-publish","hentry"],"acf":[],"yoast_head":"<!-- This site is optimized with the Yoast SEO Premium plugin v24.3 (Yoast SEO v24.3) - https:\/\/yoast.com\/wordpress\/plugins\/seo\/ -->\n<title>Contact | Unicount<\/title>\n<meta name=\"robots\" content=\"index, follow, max-snippet:-1, max-image-preview:large, max-video-preview:-1\" \/>\n<link rel=\"canonical\" href=\"https:\/\/unicount.eu\/fr\/contact\/\" \/>\n<meta property=\"og:locale\" content=\"fr_FR\" \/>\n<meta property=\"og:type\" content=\"article\" \/>\n<meta property=\"og:title\" content=\"Contact\" \/>\n<meta property=\"og:url\" content=\"https:\/\/unicount.eu\/fr\/contact\/\" \/>\n<meta property=\"og:site_name\" content=\"Unicount\" \/>\n<meta property=\"article:publisher\" content=\"https:\/\/www.facebook.com\/unicount\/\" \/>\n<meta property=\"article:modified_time\" content=\"2025-03-13T08:26:07+00:00\" \/>\n<meta property=\"og:image\" content=\"https:\/\/unicount.eu\/wp-content\/uploads\/2021\/01\/fb-cover@2x.jpg\" \/>\n\t<meta property=\"og:image:width\" content=\"2400\" \/>\n\t<meta property=\"og:image:height\" content=\"1350\" \/>\n\t<meta property=\"og:image:type\" content=\"image\/jpeg\" \/>\n<meta name=\"twitter:card\" content=\"summary_large_image\" \/>\n<meta name=\"twitter:site\" content=\"@unicountestonia\" \/>\n<script type=\"application\/ld+json\" class=\"yoast-schema-graph\">{\"@context\":\"https:\/\/schema.org\",\"@graph\":[{\"@type\":\"WebPage\",\"@id\":\"https:\/\/unicount.eu\/fr\/contact\/\",\"url\":\"https:\/\/unicount.eu\/fr\/contact\/\",\"name\":\"Contact | Unicount\",\"isPartOf\":{\"@id\":\"https:\/\/unicount.eu\/fr\/#website\"},\"datePublished\":\"2019-10-10T07:57:40+00:00\",\"dateModified\":\"2025-03-13T08:26:07+00:00\",\"breadcrumb\":{\"@id\":\"https:\/\/unicount.eu\/fr\/contact\/#breadcrumb\"},\"inLanguage\":\"fr-FR\",\"potentialAction\":[{\"@type\":\"ReadAction\",\"target\":[\"https:\/\/unicount.eu\/fr\/contact\/\"]}]},{\"@type\":\"BreadcrumbList\",\"@id\":\"https:\/\/unicount.eu\/fr\/contact\/#breadcrumb\",\"itemListElement\":[{\"@type\":\"ListItem\",\"position\":1,\"name\":\"Home\",\"item\":\"https:\/\/unicount.eu\/fr\/\"},{\"@type\":\"ListItem\",\"position\":2,\"name\":\"Contact\"}]},{\"@type\":\"WebSite\",\"@id\":\"https:\/\/unicount.eu\/fr\/#website\",\"url\":\"https:\/\/unicount.eu\/fr\/\",\"name\":\"Unicount\",\"description\":\"The simplest way to start an Estonian company\",\"publisher\":{\"@id\":\"https:\/\/unicount.eu\/fr\/#organization\"},\"potentialAction\":[{\"@type\":\"SearchAction\",\"target\":{\"@type\":\"EntryPoint\",\"urlTemplate\":\"https:\/\/unicount.eu\/fr\/?s={search_term_string}\"},\"query-input\":{\"@type\":\"PropertyValueSpecification\",\"valueRequired\":true,\"valueName\":\"search_term_string\"}}],\"inLanguage\":\"fr-FR\"},{\"@type\":\"Organization\",\"@id\":\"https:\/\/unicount.eu\/fr\/#organization\",\"name\":\"Unicount O\u00dc\",\"url\":\"https:\/\/unicount.eu\/fr\/\",\"logo\":{\"@type\":\"ImageObject\",\"inLanguage\":\"fr-FR\",\"@id\":\"https:\/\/unicount.eu\/fr\/#\/schema\/logo\/image\/\",\"url\":\"https:\/\/unicount.eu\/wp-content\/uploads\/2019\/10\/unicount-logo-002.jpg\",\"contentUrl\":\"https:\/\/unicount.eu\/wp-content\/uploads\/2019\/10\/unicount-logo-002.jpg\",\"width\":1380,\"height\":288,\"caption\":\"Unicount O\u00dc\"},\"image\":{\"@id\":\"https:\/\/unicount.eu\/fr\/#\/schema\/logo\/image\/\"},\"sameAs\":[\"https:\/\/www.facebook.com\/unicount\/\",\"https:\/\/x.com\/unicountestonia\",\"https:\/\/www.linkedin.com\/company\/unicount\",\"https:\/\/www.youtube.com\/channel\/UCSV5_VgpIIAUyLWhjeXY8vQ\"]}]}<\/script>\n<!-- \/ Yoast SEO Premium plugin. -->","yoast_head_json":{"title":"Contact | Unicount","robots":{"index":"index","follow":"follow","max-snippet":"max-snippet:-1","max-image-preview":"max-image-preview:large","max-video-preview":"max-video-preview:-1"},"canonical":"https:\/\/unicount.eu\/fr\/contact\/","og_locale":"fr_FR","og_type":"article","og_title":"Contact","og_url":"https:\/\/unicount.eu\/fr\/contact\/","og_site_name":"Unicount","article_publisher":"https:\/\/www.facebook.com\/unicount\/","article_modified_time":"2025-03-13T08:26:07+00:00","og_image":[{"width":2400,"height":1350,"url":"https:\/\/unicount.eu\/wp-content\/uploads\/2021\/01\/fb-cover@2x.jpg","type":"image\/jpeg"}],"twitter_card":"summary_large_image","twitter_site":"@unicountestonia","schema":{"@context":"https:\/\/schema.org","@graph":[{"@type":"WebPage","@id":"https:\/\/unicount.eu\/fr\/contact\/","url":"https:\/\/unicount.eu\/fr\/contact\/","name":"Contact | Unicount","isPartOf":{"@id":"https:\/\/unicount.eu\/fr\/#website"},"datePublished":"2019-10-10T07:57:40+00:00","dateModified":"2025-03-13T08:26:07+00:00","breadcrumb":{"@id":"https:\/\/unicount.eu\/fr\/contact\/#breadcrumb"},"inLanguage":"fr-FR","potentialAction":[{"@type":"ReadAction","target":["https:\/\/unicount.eu\/fr\/contact\/"]}]},{"@type":"BreadcrumbList","@id":"https:\/\/unicount.eu\/fr\/contact\/#breadcrumb","itemListElement":[{"@type":"ListItem","position":1,"name":"Home","item":"https:\/\/unicount.eu\/fr\/"},{"@type":"ListItem","position":2,"name":"Contact"}]},{"@type":"WebSite","@id":"https:\/\/unicount.eu\/fr\/#website","url":"https:\/\/unicount.eu\/fr\/","name":"Unicount","description":"The simplest way to start an Estonian company","publisher":{"@id":"https:\/\/unicount.eu\/fr\/#organization"},"potentialAction":[{"@type":"SearchAction","target":{"@type":"EntryPoint","urlTemplate":"https:\/\/unicount.eu\/fr\/?s={search_term_string}"},"query-input":{"@type":"PropertyValueSpecification","valueRequired":true,"valueName":"search_term_string"}}],"inLanguage":"fr-FR"},{"@type":"Organization","@id":"https:\/\/unicount.eu\/fr\/#organization","name":"Unicount O\u00dc","url":"https:\/\/unicount.eu\/fr\/","logo":{"@type":"ImageObject","inLanguage":"fr-FR","@id":"https:\/\/unicount.eu\/fr\/#\/schema\/logo\/image\/","url":"https:\/\/unicount.eu\/wp-content\/uploads\/2019\/10\/unicount-logo-002.jpg","contentUrl":"https:\/\/unicount.eu\/wp-content\/uploads\/2019\/10\/unicount-logo-002.jpg","width":1380,"height":288,"caption":"Unicount O\u00dc"},"image":{"@id":"https:\/\/unicount.eu\/fr\/#\/schema\/logo\/image\/"},"sameAs":["https:\/\/www.facebook.com\/unicount\/","https:\/\/x.com\/unicountestonia","https:\/\/www.linkedin.com\/company\/unicount","https:\/\/www.youtube.com\/channel\/UCSV5_VgpIIAUyLWhjeXY8vQ"]}]}},"_links":{"self":[{"href":"https:\/\/unicount.eu\/fr\/wp-json\/wp\/v2\/pages\/6133","targetHints":{"allow":["GET"]}}],"collection":[{"href":"https:\/\/unicount.eu\/fr\/wp-json\/wp\/v2\/pages"}],"about":[{"href":"https:\/\/unicount.eu\/fr\/wp-json\/wp\/v2\/types\/page"}],"author":[{"embeddable":true,"href":"https:\/\/unicount.eu\/fr\/wp-json\/wp\/v2\/users\/2"}],"replies":[{"embeddable":true,"href":"https:\/\/unicount.eu\/fr\/wp-json\/wp\/v2\/comments?post=6133"}],"version-history":[{"count":20,"href":"https:\/\/unicount.eu\/fr\/wp-json\/wp\/v2\/pages\/6133\/revisions"}],"predecessor-version":[{"id":23682,"href":"https:\/\/unicount.eu\/fr\/wp-json\/wp\/v2\/pages\/6133\/revisions\/23682"}],"wp:attachment":[{"href":"https:\/\/unicount.eu\/fr\/wp-json\/wp\/v2\/media?parent=6133"}],"curies":[{"name":"wp","href":"https:\/\/api.w.org\/{rel}","templated":true}]}}