{"id":5772,"date":"2019-03-11T08:50:01","date_gmt":"2019-03-11T06:50:01","guid":{"rendered":"https:\/\/unicount.eu\/comment-ca-marche\/"},"modified":"2026-02-19T14:53:35","modified_gmt":"2026-02-19T12:53:35","slug":"services-fr","status":"publish","type":"page","link":"https:\/\/unicount.eu\/fr\/services-fr\/","title":{"rendered":"Services"},"content":{"rendered":"\n<div class=\"wp-block-group landing__description\"><div class=\"wp-block-group__inner-container is-layout-flow wp-block-group-is-layout-flow\">\n<h1 class=\"wp-block-heading has-text-align-center bluebg2 text-white fullWidth !mb-0\" id=\"Diriger une entreprise en ligne\">Diriger une entreprise en ligne<\/h1>\n\n\n\n<div style=\"height:49px\" aria-hidden=\"true\" class=\"wp-block-spacer bluebg2 fullWidth\"><\/div>\n\n\n\n<p class=\"has-text-align-center bluebg2 text-white fullWidth\">Cr\u00e9er et g\u00e9rer une entreprise en ligne devrait \u00eatre simple.<br>Eh bien, c\u2019est ainsi que nous voyons les choses dans un pays nordique num\u00e9rique appel\u00e9 Estonie. <br>C&rsquo;est pourquoi nous avons cr\u00e9\u00e9 Unicount. <\/p>\n\n\n\n<div style=\"height:49px\" aria-hidden=\"true\" class=\"wp-block-spacer bluebg2 fullWidth\"><\/div>\n\n\n\n<div class=\"wp-block-buttons bluebg2 fullWidth is-horizontal is-content-justification-center is-layout-flex wp-container-core-buttons-is-layout-499968f5 wp-block-buttons-is-layout-flex\">\n<div class=\"wp-block-button no-pb\"><a class=\"wp-block-button__link wp-element-button\" href=\"https:\/\/app.unicount.eu\/fr\/start\/\" target=\"_blank\" rel=\"noreferrer noopener\">Cr\u00e9ez votre entreprise en ligne<\/a><\/div>\n<\/div>\n\n\n\n<div style=\"height:100px\" aria-hidden=\"true\" class=\"wp-block-spacer blue_bg fullWidth small last-spacer\"><\/div>\n<\/div><\/div>\n\n\n\n<div class=\"wp-block-group signup\"><div class=\"wp-block-group__inner-container is-layout-flow wp-block-group-is-layout-flow\">\n<div class=\"wp-block-columns is-layout-flex wp-container-core-columns-is-layout-9d6595d7 wp-block-columns-is-layout-flex\">\n<div class=\"wp-block-column is-layout-flow wp-block-column-is-layout-flow\">\n<figure class=\"wp-block-image size-large\"><img decoding=\"async\" src=\"https:\/\/unicount.eu\/wp-content\/uploads\/2019\/03\/howto-1.svg\" alt=\"\"\/><\/figure>\n<\/div>\n\n\n\n<div class=\"wp-block-column is-vertically-aligned-center text-right is-layout-flow wp-block-column-is-layout-flow\">\n<figure class=\"wp-block-image size-large\"><img decoding=\"async\" src=\"https:\/\/unicount.eu\/wp-content\/uploads\/2019\/03\/icon2.svg\" alt=\"\"\/><\/figure>\n\n\n\n<h2 class=\"wp-block-heading has-text-align-left\" id=\"Inscription en ligne d'une entreprise\">Inscription en ligne d&rsquo;une entreprise<\/h2>\n\n\n\n<p class=\"has-text-align-left\">La cr\u00e9ation d&rsquo;une entreprise devrait \u00eatre aussi simple que l&rsquo;enregistrement d&rsquo;un domaine. Unicount facilite la cr\u00e9ation d&rsquo;entreprises en ligne pour les d\u00e9tenteurs d&rsquo;une carte d&rsquo;identit\u00e9 num\u00e9rique estonienne.<\/p>\n\n\n\n<div class=\"wp-block-buttons is-horizontal is-content-justification-left is-layout-flex wp-container-core-buttons-is-layout-7e5fce0a wp-block-buttons-is-layout-flex\">\n<div class=\"wp-block-button\"><a class=\"wp-block-button__link wp-element-button\" href=\"https:\/\/unicount.eu\/fr\/creation-de-lentreprise-en-estonie\/\">En savoir plus<\/a><\/div>\n<\/div>\n<\/div>\n<\/div>\n<\/div><\/div>\n\n\n\n<div class=\"wp-block-group signup\"><div class=\"wp-block-group__inner-container is-layout-flow wp-block-group-is-layout-flow\">\n<div class=\"wp-block-columns is-layout-flex wp-container-core-columns-is-layout-9d6595d7 wp-block-columns-is-layout-flex\">\n<div class=\"wp-block-column is-vertically-aligned-center text-right justify-right is-layout-flow wp-block-column-is-layout-flow\">\n<figure class=\"wp-block-image size-large text-right\"><img decoding=\"async\" src=\"https:\/\/unicount.eu\/wp-content\/uploads\/2019\/03\/icon3.svg\" alt=\"\"\/><\/figure>\n\n\n\n<h2 class=\"wp-block-heading has-text-align-right\" id=\"S'inscrire au bureau virtuel\">S&rsquo;inscrire au bureau virtuel et de personne de contact<br><\/h2>\n\n\n\n<p class=\"has-text-align-right\">Vous avez d\u00e9j\u00e0 une entreprise en Estonie ? Vous pouvez passer facilement au service de bureau virtuel et de personne de contact d&rsquo;Unicount.<\/p>\n\n\n\n<div class=\"wp-block-buttons is-horizontal is-content-justification-right is-layout-flex wp-container-core-buttons-is-layout-ae2fe186 wp-block-buttons-is-layout-flex\">\n<div class=\"wp-block-button\"><a class=\"wp-block-button__link wp-element-button\" href=\"https:\/\/unicount.eu\/fr\/bureau-virtuel-en-estonie\/\">En savoir plus<\/a><\/div>\n<\/div>\n<\/div>\n\n\n\n<div class=\"wp-block-column is-layout-flow wp-block-column-is-layout-flow\">\n<figure class=\"wp-block-image size-large\"><img decoding=\"async\" width=\"600\" height=\"600\" src=\"https:\/\/unicount.eu\/wp-content\/uploads\/2022\/10\/howto-2.svg\" alt=\"\" class=\"wp-image-11204\"\/><\/figure>\n<\/div>\n<\/div>\n<\/div><\/div>\n\n\n\n<div class=\"wp-block-group signup\"><div class=\"wp-block-group__inner-container is-layout-flow wp-block-group-is-layout-flow\">\n<div class=\"wp-block-columns is-layout-flex wp-container-core-columns-is-layout-9d6595d7 wp-block-columns-is-layout-flex\">\n<div class=\"wp-block-column is-layout-flow wp-block-column-is-layout-flow\">\n<figure class=\"wp-block-image size-full\"><img decoding=\"async\" src=\"https:\/\/unicount.eu\/wp-content\/uploads\/2019\/03\/howto-3.svg\" alt=\"\" class=\"wp-image-148\"\/><\/figure>\n<\/div>\n\n\n\n<div class=\"wp-block-column is-vertically-aligned-center text-right is-layout-flow wp-block-column-is-layout-flow\">\n<figure class=\"wp-block-image size-full\"><img decoding=\"async\" src=\"https:\/\/unicount.eu\/wp-content\/uploads\/2019\/03\/icon5.svg\" alt=\"\" class=\"wp-image-145\"\/><\/figure>\n\n\n\n<h2 class=\"wp-block-heading has-text-align-left\" id=\"get-monthly-accounting\">Obtenez un plan comptable mensuel<\/h2>\n\n\n\n<p class=\"has-text-align-left\">Acc\u00e9dez \u00e0 un logiciel cloud pour soumettre tous vos documents de d\u00e9penses et cr\u00e9er des factures de vente.<\/p>\n\n\n\n<div class=\"wp-block-buttons is-horizontal is-content-justification-left is-layout-flex wp-container-core-buttons-is-layout-7e5fce0a wp-block-buttons-is-layout-flex\">\n<div class=\"wp-block-button\"><a class=\"wp-block-button__link wp-element-button\" href=\"https:\/\/unicount.eu\/fr\/services-de-comptabilite\/\">LIRE LA SUITE<\/a><\/div>\n<\/div>\n<\/div>\n<\/div>\n<\/div><\/div>\n","protected":false},"excerpt":{"rendered":"<p>Diriger une entreprise en ligne Cr\u00e9er et g\u00e9rer une entreprise en ligne devrait \u00eatre simple.Eh bien, c\u2019est ainsi que nous voyons les choses dans un pays nordique num\u00e9rique appel\u00e9 Estonie. C&rsquo;est pourquoi nous avons cr\u00e9\u00e9 Unicount. Inscription en ligne d&rsquo;une entreprise La cr\u00e9ation d&rsquo;une entreprise devrait \u00eatre aussi simple que l&rsquo;enregistrement d&rsquo;un domaine. Unicount facilite [&hellip;]<\/p>\n","protected":false},"author":2,"featured_media":0,"parent":0,"menu_order":0,"comment_status":"closed","ping_status":"closed","template":"","meta":{"inline_featured_image":false,"footnotes":""},"class_list":["post-5772","page","type-page","status-publish","hentry"],"acf":[],"yoast_head":"<!-- This site is optimized with the Yoast SEO Premium plugin v24.3 (Yoast SEO v24.3) - https:\/\/yoast.com\/wordpress\/plugins\/seo\/ -->\n<title>Services | Outils en ligne Unicount pour les e-r\u00e9sidents estoniens<\/title>\n<meta name=\"description\" content=\"La gestion de votre entreprise devrait \u00eatre simple et r\u00e9alisable en ligne. En tout cas, c\u2019est la vision d\u2019un pays nordique et num\u00e9rique appel\u00e9 Estonie.\" \/>\n<meta name=\"robots\" content=\"index, follow, max-snippet:-1, max-image-preview:large, max-video-preview:-1\" \/>\n<link rel=\"canonical\" href=\"https:\/\/unicount.eu\/fr\/services-fr\/\" \/>\n<meta property=\"og:locale\" content=\"fr_FR\" \/>\n<meta property=\"og:type\" content=\"article\" \/>\n<meta property=\"og:title\" content=\"Services\" \/>\n<meta property=\"og:description\" content=\"La gestion de votre entreprise devrait \u00eatre simple et r\u00e9alisable en ligne. En tout cas, c\u2019est la vision d\u2019un pays nordique et num\u00e9rique appel\u00e9 Estonie.\" \/>\n<meta property=\"og:url\" content=\"https:\/\/unicount.eu\/fr\/services-fr\/\" \/>\n<meta property=\"og:site_name\" content=\"Unicount\" \/>\n<meta property=\"article:publisher\" content=\"https:\/\/www.facebook.com\/unicount\/\" \/>\n<meta property=\"article:modified_time\" content=\"2026-02-19T12:53:35+00:00\" \/>\n<meta property=\"og:image\" content=\"https:\/\/unicount.eu\/wp-content\/uploads\/2019\/03\/howto-1.svg\" \/>\n<meta name=\"twitter:card\" content=\"summary_large_image\" \/>\n<meta name=\"twitter:site\" content=\"@unicountestonia\" \/>\n<meta name=\"twitter:label1\" content=\"Dur\u00e9e de lecture estim\u00e9e\" \/>\n\t<meta name=\"twitter:data1\" content=\"2 minutes\" \/>\n<script type=\"application\/ld+json\" class=\"yoast-schema-graph\">{\"@context\":\"https:\/\/schema.org\",\"@graph\":[{\"@type\":\"WebPage\",\"@id\":\"https:\/\/unicount.eu\/fr\/services-fr\/\",\"url\":\"https:\/\/unicount.eu\/fr\/services-fr\/\",\"name\":\"Services | Outils en ligne Unicount pour les e-r\u00e9sidents estoniens\",\"isPartOf\":{\"@id\":\"https:\/\/unicount.eu\/fr\/#website\"},\"primaryImageOfPage\":{\"@id\":\"https:\/\/unicount.eu\/fr\/services-fr\/#primaryimage\"},\"image\":{\"@id\":\"https:\/\/unicount.eu\/fr\/services-fr\/#primaryimage\"},\"thumbnailUrl\":\"https:\/\/unicount.eu\/wp-content\/uploads\/2019\/03\/howto-1.svg\",\"datePublished\":\"2019-03-11T06:50:01+00:00\",\"dateModified\":\"2026-02-19T12:53:35+00:00\",\"description\":\"La gestion de votre entreprise devrait \u00eatre simple et r\u00e9alisable en ligne. En tout cas, c\u2019est la vision d\u2019un pays nordique et num\u00e9rique appel\u00e9 Estonie.\",\"breadcrumb\":{\"@id\":\"https:\/\/unicount.eu\/fr\/services-fr\/#breadcrumb\"},\"inLanguage\":\"fr-FR\",\"potentialAction\":[{\"@type\":\"ReadAction\",\"target\":[\"https:\/\/unicount.eu\/fr\/services-fr\/\"]}]},{\"@type\":\"ImageObject\",\"inLanguage\":\"fr-FR\",\"@id\":\"https:\/\/unicount.eu\/fr\/services-fr\/#primaryimage\",\"url\":\"https:\/\/unicount.eu\/wp-content\/uploads\/2019\/03\/howto-1.svg\",\"contentUrl\":\"https:\/\/unicount.eu\/wp-content\/uploads\/2019\/03\/howto-1.svg\"},{\"@type\":\"BreadcrumbList\",\"@id\":\"https:\/\/unicount.eu\/fr\/services-fr\/#breadcrumb\",\"itemListElement\":[{\"@type\":\"ListItem\",\"position\":1,\"name\":\"Home\",\"item\":\"https:\/\/unicount.eu\/fr\/\"},{\"@type\":\"ListItem\",\"position\":2,\"name\":\"Services\"}]},{\"@type\":\"WebSite\",\"@id\":\"https:\/\/unicount.eu\/fr\/#website\",\"url\":\"https:\/\/unicount.eu\/fr\/\",\"name\":\"Unicount\",\"description\":\"The simplest way to start an Estonian company\",\"publisher\":{\"@id\":\"https:\/\/unicount.eu\/fr\/#organization\"},\"potentialAction\":[{\"@type\":\"SearchAction\",\"target\":{\"@type\":\"EntryPoint\",\"urlTemplate\":\"https:\/\/unicount.eu\/fr\/?s={search_term_string}\"},\"query-input\":{\"@type\":\"PropertyValueSpecification\",\"valueRequired\":true,\"valueName\":\"search_term_string\"}}],\"inLanguage\":\"fr-FR\"},{\"@type\":\"Organization\",\"@id\":\"https:\/\/unicount.eu\/fr\/#organization\",\"name\":\"Unicount O\u00dc\",\"url\":\"https:\/\/unicount.eu\/fr\/\",\"logo\":{\"@type\":\"ImageObject\",\"inLanguage\":\"fr-FR\",\"@id\":\"https:\/\/unicount.eu\/fr\/#\/schema\/logo\/image\/\",\"url\":\"https:\/\/unicount.eu\/wp-content\/uploads\/2019\/10\/unicount-logo-002.jpg\",\"contentUrl\":\"https:\/\/unicount.eu\/wp-content\/uploads\/2019\/10\/unicount-logo-002.jpg\",\"width\":1380,\"height\":288,\"caption\":\"Unicount O\u00dc\"},\"image\":{\"@id\":\"https:\/\/unicount.eu\/fr\/#\/schema\/logo\/image\/\"},\"sameAs\":[\"https:\/\/www.facebook.com\/unicount\/\",\"https:\/\/x.com\/unicountestonia\",\"https:\/\/www.linkedin.com\/company\/unicount\",\"https:\/\/www.youtube.com\/channel\/UCSV5_VgpIIAUyLWhjeXY8vQ\"]}]}<\/script>\n<!-- \/ Yoast SEO Premium plugin. -->","yoast_head_json":{"title":"Services | Outils en ligne Unicount pour les e-r\u00e9sidents estoniens","description":"La gestion de votre entreprise devrait \u00eatre simple et r\u00e9alisable en ligne. En tout cas, c\u2019est la vision d\u2019un pays nordique et num\u00e9rique appel\u00e9 Estonie.","robots":{"index":"index","follow":"follow","max-snippet":"max-snippet:-1","max-image-preview":"max-image-preview:large","max-video-preview":"max-video-preview:-1"},"canonical":"https:\/\/unicount.eu\/fr\/services-fr\/","og_locale":"fr_FR","og_type":"article","og_title":"Services","og_description":"La gestion de votre entreprise devrait \u00eatre simple et r\u00e9alisable en ligne. En tout cas, c\u2019est la vision d\u2019un pays nordique et num\u00e9rique appel\u00e9 Estonie.","og_url":"https:\/\/unicount.eu\/fr\/services-fr\/","og_site_name":"Unicount","article_publisher":"https:\/\/www.facebook.com\/unicount\/","article_modified_time":"2026-02-19T12:53:35+00:00","og_image":[{"url":"https:\/\/unicount.eu\/wp-content\/uploads\/2019\/03\/howto-1.svg","type":"","width":"","height":""}],"twitter_card":"summary_large_image","twitter_site":"@unicountestonia","twitter_misc":{"Dur\u00e9e de lecture estim\u00e9e":"2 minutes"},"schema":{"@context":"https:\/\/schema.org","@graph":[{"@type":"WebPage","@id":"https:\/\/unicount.eu\/fr\/services-fr\/","url":"https:\/\/unicount.eu\/fr\/services-fr\/","name":"Services | Outils en ligne Unicount pour les e-r\u00e9sidents estoniens","isPartOf":{"@id":"https:\/\/unicount.eu\/fr\/#website"},"primaryImageOfPage":{"@id":"https:\/\/unicount.eu\/fr\/services-fr\/#primaryimage"},"image":{"@id":"https:\/\/unicount.eu\/fr\/services-fr\/#primaryimage"},"thumbnailUrl":"https:\/\/unicount.eu\/wp-content\/uploads\/2019\/03\/howto-1.svg","datePublished":"2019-03-11T06:50:01+00:00","dateModified":"2026-02-19T12:53:35+00:00","description":"La gestion de votre entreprise devrait \u00eatre simple et r\u00e9alisable en ligne. En tout cas, c\u2019est la vision d\u2019un pays nordique et num\u00e9rique appel\u00e9 Estonie.","breadcrumb":{"@id":"https:\/\/unicount.eu\/fr\/services-fr\/#breadcrumb"},"inLanguage":"fr-FR","potentialAction":[{"@type":"ReadAction","target":["https:\/\/unicount.eu\/fr\/services-fr\/"]}]},{"@type":"ImageObject","inLanguage":"fr-FR","@id":"https:\/\/unicount.eu\/fr\/services-fr\/#primaryimage","url":"https:\/\/unicount.eu\/wp-content\/uploads\/2019\/03\/howto-1.svg","contentUrl":"https:\/\/unicount.eu\/wp-content\/uploads\/2019\/03\/howto-1.svg"},{"@type":"BreadcrumbList","@id":"https:\/\/unicount.eu\/fr\/services-fr\/#breadcrumb","itemListElement":[{"@type":"ListItem","position":1,"name":"Home","item":"https:\/\/unicount.eu\/fr\/"},{"@type":"ListItem","position":2,"name":"Services"}]},{"@type":"WebSite","@id":"https:\/\/unicount.eu\/fr\/#website","url":"https:\/\/unicount.eu\/fr\/","name":"Unicount","description":"The simplest way to start an Estonian company","publisher":{"@id":"https:\/\/unicount.eu\/fr\/#organization"},"potentialAction":[{"@type":"SearchAction","target":{"@type":"EntryPoint","urlTemplate":"https:\/\/unicount.eu\/fr\/?s={search_term_string}"},"query-input":{"@type":"PropertyValueSpecification","valueRequired":true,"valueName":"search_term_string"}}],"inLanguage":"fr-FR"},{"@type":"Organization","@id":"https:\/\/unicount.eu\/fr\/#organization","name":"Unicount O\u00dc","url":"https:\/\/unicount.eu\/fr\/","logo":{"@type":"ImageObject","inLanguage":"fr-FR","@id":"https:\/\/unicount.eu\/fr\/#\/schema\/logo\/image\/","url":"https:\/\/unicount.eu\/wp-content\/uploads\/2019\/10\/unicount-logo-002.jpg","contentUrl":"https:\/\/unicount.eu\/wp-content\/uploads\/2019\/10\/unicount-logo-002.jpg","width":1380,"height":288,"caption":"Unicount O\u00dc"},"image":{"@id":"https:\/\/unicount.eu\/fr\/#\/schema\/logo\/image\/"},"sameAs":["https:\/\/www.facebook.com\/unicount\/","https:\/\/x.com\/unicountestonia","https:\/\/www.linkedin.com\/company\/unicount","https:\/\/www.youtube.com\/channel\/UCSV5_VgpIIAUyLWhjeXY8vQ"]}]}},"_links":{"self":[{"href":"https:\/\/unicount.eu\/fr\/wp-json\/wp\/v2\/pages\/5772","targetHints":{"allow":["GET"]}}],"collection":[{"href":"https:\/\/unicount.eu\/fr\/wp-json\/wp\/v2\/pages"}],"about":[{"href":"https:\/\/unicount.eu\/fr\/wp-json\/wp\/v2\/types\/page"}],"author":[{"embeddable":true,"href":"https:\/\/unicount.eu\/fr\/wp-json\/wp\/v2\/users\/2"}],"replies":[{"embeddable":true,"href":"https:\/\/unicount.eu\/fr\/wp-json\/wp\/v2\/comments?post=5772"}],"version-history":[{"count":15,"href":"https:\/\/unicount.eu\/fr\/wp-json\/wp\/v2\/pages\/5772\/revisions"}],"predecessor-version":[{"id":24825,"href":"https:\/\/unicount.eu\/fr\/wp-json\/wp\/v2\/pages\/5772\/revisions\/24825"}],"wp:attachment":[{"href":"https:\/\/unicount.eu\/fr\/wp-json\/wp\/v2\/media?parent=5772"}],"curies":[{"name":"wp","href":"https:\/\/api.w.org\/{rel}","templated":true}]}}