{"id":17095,"date":"2023-11-01T08:32:06","date_gmt":"2023-11-01T06:32:06","guid":{"rendered":"https:\/\/unicount.eu\/?page_id=17095"},"modified":"2024-01-12T13:15:42","modified_gmt":"2024-01-12T11:15:42","slug":"frais-comptables","status":"publish","type":"page","link":"https:\/\/unicount.eu\/fr\/frais-comptables\/","title":{"rendered":"Frais comptables"},"content":{"rendered":"<p>Au 1er f\u00e9vrier 2023<\/p>\n<table>\n<tbody>\n<tr>\n<td class=\"has-text-align-center\" data-align=\"center\"><strong>PLAN<\/strong><\/td>\n<td class=\"has-text-align-center\" data-align=\"center\"><strong>Micro<\/strong><\/td>\n<td class=\"has-text-align-center\" data-align=\"center\"><strong>Standard<\/strong><\/td>\n<td class=\"has-text-align-center\" data-align=\"center\"><strong>Prime<\/strong><\/td>\n<td class=\"has-text-align-center\" data-align=\"center\"><strong>Avanc\u00e9<\/strong><\/td>\n<\/tr>\n<tr>\n<td class=\"has-text-align-left\" data-align=\"left\">Frais mensuels minimum<\/td>\n<td class=\"has-text-align-center\" data-align=\"center\">99\u20ac<\/td>\n<td class=\"has-text-align-center\" data-align=\"center\">149\u20ac<\/td>\n<td class=\"has-text-align-center\" data-align=\"center\">290\u20ac<\/td>\n<td class=\"has-text-align-center\" data-align=\"center\">A partir de 490\u20ac<\/td>\n<\/tr>\n<tr>\n<td class=\"has-text-align-left\" data-align=\"left\">Fr\u00e9quence de la prestation du service<\/td>\n<td class=\"has-text-align-center\" data-align=\"center\">mensuellement<\/td>\n<td class=\"has-text-align-center\" data-align=\"center\">mensuellement<\/td>\n<td class=\"has-text-align-center\" data-align=\"center\">hebdomadaire<\/td>\n<td class=\"has-text-align-center\" data-align=\"center\">tous les jours<\/td>\n<\/tr>\n<tr>\n<td class=\"has-text-align-left\" data-align=\"left\">Documents sources inclus (pcs)<\/td>\n<td class=\"has-text-align-center\" data-align=\"center\">15<\/td>\n<td class=\"has-text-align-center\" data-align=\"center\">30<\/td>\n<td class=\"has-text-align-center\" data-align=\"center\">60<\/td>\n<td class=\"has-text-align-center\" data-align=\"center\">150<\/td>\n<\/tr>\n<tr>\n<td class=\"has-text-align-left\" data-align=\"left\">Service sans papier<\/td>\n<td class=\"has-text-align-center\" data-align=\"center\"><strong>\u2713<\/strong><\/td>\n<td class=\"has-text-align-center\" data-align=\"center\"><strong>\u2713<\/strong><\/td>\n<td class=\"has-text-align-center\" data-align=\"center\"><strong>\u2713<\/strong><\/td>\n<td class=\"has-text-align-center\" data-align=\"center\"><strong>\u2713<\/strong><\/td>\n<\/tr>\n<tr>\n<td class=\"has-text-align-left\" data-align=\"left\">Logiciel de gestion des d\u00e9penses<\/td>\n<td class=\"has-text-align-center\" data-align=\"center\"><strong>\u2713<\/strong><\/td>\n<td class=\"has-text-align-center\" data-align=\"center\"><strong>\u2713<\/strong><\/td>\n<td class=\"has-text-align-center\" data-align=\"center\"><strong>\u2713<\/strong><\/td>\n<td class=\"has-text-align-center\" data-align=\"center\"><strong>\u2713<\/strong><\/td>\n<\/tr>\n<tr>\n<td class=\"has-text-align-left\" data-align=\"left\">Logiciel de facturation<\/td>\n<td class=\"has-text-align-center\" data-align=\"center\"><strong>\u2713<\/strong><\/td>\n<td class=\"has-text-align-center\" data-align=\"center\"><strong>\u2713<\/strong><\/td>\n<td class=\"has-text-align-center\" data-align=\"center\"><strong>\u2713<\/strong><\/td>\n<td class=\"has-text-align-center\" data-align=\"center\"><strong>\u2713<\/strong><\/td>\n<\/tr>\n<tr>\n<td class=\"has-text-align-left\" data-align=\"left\">Rapprochement bancaire automatique XML, CSV<\/td>\n<td class=\"has-text-align-center\" data-align=\"center\"><strong>\u2713<\/strong><\/td>\n<td class=\"has-text-align-center\" data-align=\"center\"><strong>\u2713<\/strong><\/td>\n<td class=\"has-text-align-center\" data-align=\"center\"><strong>\u2713<\/strong><\/td>\n<td class=\"has-text-align-center\" data-align=\"center\"><strong>\u2713<\/strong><\/td>\n<\/tr>\n<tr>\n<td class=\"has-text-align-left\" data-align=\"left\">Reporting financier (P&amp;L, bilan)<\/td>\n<td class=\"has-text-align-center\" data-align=\"center\"><strong>\u2713<\/strong><\/td>\n<td class=\"has-text-align-center\" data-align=\"center\"><strong>\u2713<\/strong><\/td>\n<td class=\"has-text-align-center\" data-align=\"center\"><strong>\u2713<\/strong><\/td>\n<td class=\"has-text-align-center\" data-align=\"center\"><strong>\u2713<\/strong><\/td>\n<\/tr>\n<tr>\n<td class=\"has-text-align-left\" data-align=\"left\">D\u00e9claration de TVA (KMD)<\/td>\n<td class=\"has-text-align-center\" data-align=\"center\"><strong>\u2713<\/strong><\/td>\n<td class=\"has-text-align-center\" data-align=\"center\"><strong>\u2713<\/strong><\/td>\n<td class=\"has-text-align-center\" data-align=\"center\"><strong>\u2713<\/strong><\/td>\n<td class=\"has-text-align-center\" data-align=\"center\"><strong>\u2713<\/strong><\/td>\n<\/tr>\n<tr>\n<td>D\u00e9claration de TVA intracommunautaire (VD)<\/td>\n<td class=\"has-text-align-center\" data-align=\"center\">15 \u20ac<\/td>\n<td class=\"has-text-align-center\" data-align=\"center\">15 \u20ac<\/td>\n<td class=\"has-text-align-center\" data-align=\"center\">15 \u20ac<\/td>\n<td class=\"has-text-align-center\" data-align=\"center\">15 \u20ac<\/td>\n<\/tr>\n<tr>\n<td class=\"has-text-align-left\" data-align=\"left\">D\u00e9claration de cotisations sociales (TSD)<\/td>\n<td class=\"has-text-align-center\" data-align=\"center\">30 \u20ac<\/td>\n<td class=\"has-text-align-center\" data-align=\"center\"><strong>\u2713<\/strong><\/td>\n<td class=\"has-text-align-center\" data-align=\"center\"><strong>\u2713<\/strong><\/td>\n<td class=\"has-text-align-center\" data-align=\"center\"><strong>\u2713<\/strong><\/td>\n<\/tr>\n<tr>\n<td>Paie (par employ\u00e9)<\/td>\n<td class=\"has-text-align-center\" data-align=\"center\">10 \u20ac<\/td>\n<td class=\"has-text-align-center\" data-align=\"center\">10 \u20ac<\/td>\n<td class=\"has-text-align-center\" data-align=\"center\">10 \u20ac<\/td>\n<td class=\"has-text-align-center\" data-align=\"center\">10 \u20ac<\/td>\n<\/tr>\n<tr>\n<td class=\"has-text-align-left\" data-align=\"left\">Pr\u00e9paration des paiements hebdomadaires<\/td>\n<td class=\"has-text-align-center\" data-align=\"center\">\u00d7<\/td>\n<td class=\"has-text-align-center\" data-align=\"center\">\u00d7<\/td>\n<td class=\"has-text-align-center\" data-align=\"center\"><strong>\u2713<\/strong><\/td>\n<td class=\"has-text-align-center\" data-align=\"center\"><strong>\u2713<\/strong><\/td>\n<\/tr>\n<tr>\n<td class=\"has-text-align-left\" data-align=\"left\">Analyse annuelle des finances<\/td>\n<td class=\"has-text-align-center\" data-align=\"center\">\u00d7<\/td>\n<td class=\"has-text-align-center\" data-align=\"center\">\u00d7<\/td>\n<td class=\"has-text-align-center\" data-align=\"center\">\u00d7<\/td>\n<td class=\"has-text-align-center\" data-align=\"center\"><strong>\u2713<\/strong><\/td>\n<\/tr>\n<tr>\n<td><strong>DES SERVICES SUPPL\u00c9MENTAIRES<\/strong><\/td>\n<td class=\"has-text-align-center\" data-align=\"center\"><\/td>\n<td class=\"has-text-align-center\" data-align=\"center\"><\/td>\n<td class=\"has-text-align-center\" data-align=\"center\"><\/td>\n<td class=\"has-text-align-center\" data-align=\"center\"><\/td>\n<\/tr>\n<tr>\n<td>Documents sources suppl\u00e9mentaires (pcs)<\/td>\n<td class=\"has-text-align-center\" data-align=\"center\">1.5 \u20ac<\/td>\n<td class=\"has-text-align-center\" data-align=\"center\">1.5 \u20ac<\/td>\n<td class=\"has-text-align-center\" data-align=\"center\">1.5 \u20ac<\/td>\n<td class=\"has-text-align-center\" data-align=\"center\">1.5 \u20ac<\/td>\n<\/tr>\n<tr>\n<td>Pr\u00e9paration des paiements compl\u00e9mentaires (batch)<\/td>\n<td class=\"has-text-align-center\" data-align=\"center\">5 \u20ac<\/td>\n<td class=\"has-text-align-center\" data-align=\"center\">5 \u20ac<\/td>\n<td class=\"has-text-align-center\" data-align=\"center\">5 \u20ac<\/td>\n<td class=\"has-text-align-center\" data-align=\"center\">5 \u20ac<\/td>\n<\/tr>\n<tr>\n<td>Rapprochement bancaire mensuel manuel<\/td>\n<td class=\"has-text-align-center\" data-align=\"center\">20\u20ac<\/td>\n<td class=\"has-text-align-center\" data-align=\"center\">20\u20ac<\/td>\n<td class=\"has-text-align-center\" data-align=\"center\">20\u20ac<\/td>\n<td class=\"has-text-align-center\" data-align=\"center\">20\u20ac<\/td>\n<\/tr>\n<tr>\n<td>Pr\u00e9paration de rapports statistiques<\/td>\n<td class=\"has-text-align-center\" data-align=\"center\">55\u20ac\/h<\/td>\n<td class=\"has-text-align-center\" data-align=\"center\">55\u20ac\/h<\/td>\n<td class=\"has-text-align-center\" data-align=\"center\">55\u20ac\/h<\/td>\n<td class=\"has-text-align-center\" data-align=\"center\">55\u20ac\/h<\/td>\n<\/tr>\n<tr>\n<td>Intelligence d&rsquo;affaires et analyses<\/td>\n<td class=\"has-text-align-center\" data-align=\"center\">85\u20ac\/h<\/td>\n<td class=\"has-text-align-center\" data-align=\"center\">85\u20ac\/h<\/td>\n<td class=\"has-text-align-center\" data-align=\"center\">85\u20ac\/h<\/td>\n<td class=\"has-text-align-center\" data-align=\"center\">85\u20ac\/h<\/td>\n<\/tr>\n<tr>\n<td>Conseil fiscal<\/td>\n<td class=\"has-text-align-center\" data-align=\"center\">120\u20ac\/h<\/td>\n<td class=\"has-text-align-center\" data-align=\"center\">120\u20ac\/h<\/td>\n<td class=\"has-text-align-center\" data-align=\"center\">120\u20ac\/h<\/td>\n<td class=\"has-text-align-center\" data-align=\"center\">120\u20ac\/h<\/td>\n<\/tr>\n<tr>\n<td>Assistance aux audits<\/td>\n<td class=\"has-text-align-center\" data-align=\"center\">55\u20ac\/h<\/td>\n<td class=\"has-text-align-center\" data-align=\"center\">55\u20ac\/h<\/td>\n<td class=\"has-text-align-center\" data-align=\"center\">55\u20ac\/h<\/td>\n<td class=\"has-text-align-center\" data-align=\"center\">55\u20ac\/h<\/td>\n<\/tr>\n<tr>\n<td>Autres services de comptabilit\u00e9<\/td>\n<td class=\"has-text-align-center\" data-align=\"center\">55\u20ac\/h<\/td>\n<td class=\"has-text-align-center\" data-align=\"center\">55\u20ac\/h<\/td>\n<td class=\"has-text-align-center\" data-align=\"center\">55\u20ac\/h<\/td>\n<td class=\"has-text-align-center\" data-align=\"center\">55\u20ac\/h<\/td>\n<\/tr>\n<tr>\n<td>Comptes annuels<\/td>\n<td class=\"has-text-align-center\" data-align=\"center\">1 frais mensuel<\/td>\n<td class=\"has-text-align-center\" data-align=\"center\">1 frais mensuel<\/td>\n<td class=\"has-text-align-center\" data-align=\"center\">1 frais mensuel<\/td>\n<td class=\"has-text-align-center\" data-align=\"center\">1 frais mensuel<\/td>\n<\/tr>\n<tr>\n<td>Logiciel de comptabilit\u00e9 personnalis\u00e9 (par mois)<\/td>\n<td class=\"has-text-align-center\" data-align=\"center\">99\u20ac<\/td>\n<td class=\"has-text-align-center\" data-align=\"center\">99\u20ac<\/td>\n<td class=\"has-text-align-center\" data-align=\"center\">99\u20ac<\/td>\n<td class=\"has-text-align-center\" data-align=\"center\">99\u20ac<\/td>\n<\/tr>\n<tr>\n<td>Domaine d&rsquo;activit\u00e9 pr\u00e9sentant un risque plus \u00e9lev\u00e9 de blanchiment d&rsquo;argent<\/td>\n<td class=\"has-text-align-center\" data-align=\"center\">Non<\/td>\n<td class=\"has-text-align-center\" data-align=\"center\">Non<\/td>\n<td class=\"has-text-align-center\" data-align=\"center\">Non<\/td>\n<td class=\"has-text-align-center\" data-align=\"center\">Oui<\/td>\n<\/tr>\n<\/tbody>\n<\/table>\n<p>Les documents sources sont des factures, des virements bancaires ou des esp\u00e8ces, \u00e0 l&rsquo;exception des paiements de factures.<br \/>\nD&rsquo;autres entr\u00e9es comme les immobilisations et les contrats sont factur\u00e9es sur une base horaire.<br \/>\nUne TVA estonienne de 22 % sera ajout\u00e9e \u00e0 tous les frais.<\/p>\n","protected":false},"excerpt":{"rendered":"<p>Au 1er f\u00e9vrier 2023 PLAN Micro Standard Prime Avanc\u00e9 Frais mensuels minimum 99\u20ac 149\u20ac 290\u20ac A partir de 490\u20ac Fr\u00e9quence de la prestation du service mensuellement mensuellement hebdomadaire tous les jours Documents sources inclus (pcs) 15 30 60 150 Service sans papier \u2713 \u2713 \u2713 \u2713 Logiciel de gestion des d\u00e9penses \u2713 \u2713 \u2713 \u2713 [&hellip;]<\/p>\n","protected":false},"author":2,"featured_media":0,"parent":0,"menu_order":0,"comment_status":"closed","ping_status":"closed","template":"terms.php","meta":{"inline_featured_image":false,"footnotes":""},"class_list":["post-17095","page","type-page","status-publish","hentry"],"acf":[],"yoast_head":"<!-- This site is optimized with the Yoast SEO Premium plugin v24.3 (Yoast SEO v24.3) - https:\/\/yoast.com\/wordpress\/plugins\/seo\/ -->\n<title>Frais comptables | Unicount<\/title>\n<meta name=\"robots\" content=\"index, follow, max-snippet:-1, max-image-preview:large, max-video-preview:-1\" \/>\n<link rel=\"canonical\" href=\"https:\/\/unicount.eu\/fr\/frais-comptables\/\" \/>\n<meta property=\"og:locale\" content=\"fr_FR\" \/>\n<meta property=\"og:type\" content=\"article\" \/>\n<meta property=\"og:title\" content=\"Frais comptables\" \/>\n<meta property=\"og:description\" content=\"Au 1er f\u00e9vrier 2023 PLAN Micro Standard Prime Avanc\u00e9 Frais mensuels minimum 99\u20ac 149\u20ac 290\u20ac A partir de 490\u20ac Fr\u00e9quence de la prestation du service mensuellement mensuellement hebdomadaire tous les jours Documents sources inclus (pcs) 15 30 60 150 Service sans papier \u2713 \u2713 \u2713 \u2713 Logiciel de gestion des d\u00e9penses \u2713 \u2713 \u2713 \u2713 [&hellip;]\" \/>\n<meta property=\"og:url\" content=\"https:\/\/unicount.eu\/fr\/frais-comptables\/\" \/>\n<meta property=\"og:site_name\" content=\"Unicount\" \/>\n<meta property=\"article:publisher\" content=\"https:\/\/www.facebook.com\/unicount\/\" \/>\n<meta property=\"article:modified_time\" content=\"2024-01-12T11:15:42+00:00\" \/>\n<meta property=\"og:image\" content=\"https:\/\/unicount.eu\/wp-content\/uploads\/2021\/01\/fb-cover@2x.jpg\" \/>\n\t<meta property=\"og:image:width\" content=\"2400\" \/>\n\t<meta property=\"og:image:height\" content=\"1350\" \/>\n\t<meta property=\"og:image:type\" content=\"image\/jpeg\" \/>\n<meta name=\"twitter:card\" content=\"summary_large_image\" \/>\n<meta name=\"twitter:site\" content=\"@unicountestonia\" \/>\n<meta name=\"twitter:label1\" content=\"Dur\u00e9e de lecture estim\u00e9e\" \/>\n\t<meta name=\"twitter:data1\" content=\"2 minutes\" \/>\n<script type=\"application\/ld+json\" class=\"yoast-schema-graph\">{\"@context\":\"https:\/\/schema.org\",\"@graph\":[{\"@type\":\"WebPage\",\"@id\":\"https:\/\/unicount.eu\/fr\/frais-comptables\/\",\"url\":\"https:\/\/unicount.eu\/fr\/frais-comptables\/\",\"name\":\"Frais comptables | Unicount\",\"isPartOf\":{\"@id\":\"https:\/\/unicount.eu\/fr\/#website\"},\"datePublished\":\"2023-11-01T06:32:06+00:00\",\"dateModified\":\"2024-01-12T11:15:42+00:00\",\"breadcrumb\":{\"@id\":\"https:\/\/unicount.eu\/fr\/frais-comptables\/#breadcrumb\"},\"inLanguage\":\"fr-FR\",\"potentialAction\":[{\"@type\":\"ReadAction\",\"target\":[\"https:\/\/unicount.eu\/fr\/frais-comptables\/\"]}]},{\"@type\":\"BreadcrumbList\",\"@id\":\"https:\/\/unicount.eu\/fr\/frais-comptables\/#breadcrumb\",\"itemListElement\":[{\"@type\":\"ListItem\",\"position\":1,\"name\":\"Home\",\"item\":\"https:\/\/unicount.eu\/fr\/\"},{\"@type\":\"ListItem\",\"position\":2,\"name\":\"Frais comptables\"}]},{\"@type\":\"WebSite\",\"@id\":\"https:\/\/unicount.eu\/fr\/#website\",\"url\":\"https:\/\/unicount.eu\/fr\/\",\"name\":\"Unicount\",\"description\":\"The simplest way to start an Estonian company\",\"publisher\":{\"@id\":\"https:\/\/unicount.eu\/fr\/#organization\"},\"potentialAction\":[{\"@type\":\"SearchAction\",\"target\":{\"@type\":\"EntryPoint\",\"urlTemplate\":\"https:\/\/unicount.eu\/fr\/?s={search_term_string}\"},\"query-input\":{\"@type\":\"PropertyValueSpecification\",\"valueRequired\":true,\"valueName\":\"search_term_string\"}}],\"inLanguage\":\"fr-FR\"},{\"@type\":\"Organization\",\"@id\":\"https:\/\/unicount.eu\/fr\/#organization\",\"name\":\"Unicount O\u00dc\",\"url\":\"https:\/\/unicount.eu\/fr\/\",\"logo\":{\"@type\":\"ImageObject\",\"inLanguage\":\"fr-FR\",\"@id\":\"https:\/\/unicount.eu\/fr\/#\/schema\/logo\/image\/\",\"url\":\"https:\/\/unicount.eu\/wp-content\/uploads\/2019\/10\/unicount-logo-002.jpg\",\"contentUrl\":\"https:\/\/unicount.eu\/wp-content\/uploads\/2019\/10\/unicount-logo-002.jpg\",\"width\":1380,\"height\":288,\"caption\":\"Unicount O\u00dc\"},\"image\":{\"@id\":\"https:\/\/unicount.eu\/fr\/#\/schema\/logo\/image\/\"},\"sameAs\":[\"https:\/\/www.facebook.com\/unicount\/\",\"https:\/\/x.com\/unicountestonia\",\"https:\/\/www.linkedin.com\/company\/unicount\",\"https:\/\/www.youtube.com\/channel\/UCSV5_VgpIIAUyLWhjeXY8vQ\"]}]}<\/script>\n<!-- \/ Yoast SEO Premium plugin. -->","yoast_head_json":{"title":"Frais comptables | Unicount","robots":{"index":"index","follow":"follow","max-snippet":"max-snippet:-1","max-image-preview":"max-image-preview:large","max-video-preview":"max-video-preview:-1"},"canonical":"https:\/\/unicount.eu\/fr\/frais-comptables\/","og_locale":"fr_FR","og_type":"article","og_title":"Frais comptables","og_description":"Au 1er f\u00e9vrier 2023 PLAN Micro Standard Prime Avanc\u00e9 Frais mensuels minimum 99\u20ac 149\u20ac 290\u20ac A partir de 490\u20ac Fr\u00e9quence de la prestation du service mensuellement mensuellement hebdomadaire tous les jours Documents sources inclus (pcs) 15 30 60 150 Service sans papier \u2713 \u2713 \u2713 \u2713 Logiciel de gestion des d\u00e9penses \u2713 \u2713 \u2713 \u2713 [&hellip;]","og_url":"https:\/\/unicount.eu\/fr\/frais-comptables\/","og_site_name":"Unicount","article_publisher":"https:\/\/www.facebook.com\/unicount\/","article_modified_time":"2024-01-12T11:15:42+00:00","og_image":[{"width":2400,"height":1350,"url":"https:\/\/unicount.eu\/wp-content\/uploads\/2021\/01\/fb-cover@2x.jpg","type":"image\/jpeg"}],"twitter_card":"summary_large_image","twitter_site":"@unicountestonia","twitter_misc":{"Dur\u00e9e de lecture estim\u00e9e":"2 minutes"},"schema":{"@context":"https:\/\/schema.org","@graph":[{"@type":"WebPage","@id":"https:\/\/unicount.eu\/fr\/frais-comptables\/","url":"https:\/\/unicount.eu\/fr\/frais-comptables\/","name":"Frais comptables | Unicount","isPartOf":{"@id":"https:\/\/unicount.eu\/fr\/#website"},"datePublished":"2023-11-01T06:32:06+00:00","dateModified":"2024-01-12T11:15:42+00:00","breadcrumb":{"@id":"https:\/\/unicount.eu\/fr\/frais-comptables\/#breadcrumb"},"inLanguage":"fr-FR","potentialAction":[{"@type":"ReadAction","target":["https:\/\/unicount.eu\/fr\/frais-comptables\/"]}]},{"@type":"BreadcrumbList","@id":"https:\/\/unicount.eu\/fr\/frais-comptables\/#breadcrumb","itemListElement":[{"@type":"ListItem","position":1,"name":"Home","item":"https:\/\/unicount.eu\/fr\/"},{"@type":"ListItem","position":2,"name":"Frais comptables"}]},{"@type":"WebSite","@id":"https:\/\/unicount.eu\/fr\/#website","url":"https:\/\/unicount.eu\/fr\/","name":"Unicount","description":"The simplest way to start an Estonian company","publisher":{"@id":"https:\/\/unicount.eu\/fr\/#organization"},"potentialAction":[{"@type":"SearchAction","target":{"@type":"EntryPoint","urlTemplate":"https:\/\/unicount.eu\/fr\/?s={search_term_string}"},"query-input":{"@type":"PropertyValueSpecification","valueRequired":true,"valueName":"search_term_string"}}],"inLanguage":"fr-FR"},{"@type":"Organization","@id":"https:\/\/unicount.eu\/fr\/#organization","name":"Unicount O\u00dc","url":"https:\/\/unicount.eu\/fr\/","logo":{"@type":"ImageObject","inLanguage":"fr-FR","@id":"https:\/\/unicount.eu\/fr\/#\/schema\/logo\/image\/","url":"https:\/\/unicount.eu\/wp-content\/uploads\/2019\/10\/unicount-logo-002.jpg","contentUrl":"https:\/\/unicount.eu\/wp-content\/uploads\/2019\/10\/unicount-logo-002.jpg","width":1380,"height":288,"caption":"Unicount O\u00dc"},"image":{"@id":"https:\/\/unicount.eu\/fr\/#\/schema\/logo\/image\/"},"sameAs":["https:\/\/www.facebook.com\/unicount\/","https:\/\/x.com\/unicountestonia","https:\/\/www.linkedin.com\/company\/unicount","https:\/\/www.youtube.com\/channel\/UCSV5_VgpIIAUyLWhjeXY8vQ"]}]}},"_links":{"self":[{"href":"https:\/\/unicount.eu\/fr\/wp-json\/wp\/v2\/pages\/17095","targetHints":{"allow":["GET"]}}],"collection":[{"href":"https:\/\/unicount.eu\/fr\/wp-json\/wp\/v2\/pages"}],"about":[{"href":"https:\/\/unicount.eu\/fr\/wp-json\/wp\/v2\/types\/page"}],"author":[{"embeddable":true,"href":"https:\/\/unicount.eu\/fr\/wp-json\/wp\/v2\/users\/2"}],"replies":[{"embeddable":true,"href":"https:\/\/unicount.eu\/fr\/wp-json\/wp\/v2\/comments?post=17095"}],"version-history":[{"count":2,"href":"https:\/\/unicount.eu\/fr\/wp-json\/wp\/v2\/pages\/17095\/revisions"}],"predecessor-version":[{"id":18077,"href":"https:\/\/unicount.eu\/fr\/wp-json\/wp\/v2\/pages\/17095\/revisions\/18077"}],"wp:attachment":[{"href":"https:\/\/unicount.eu\/fr\/wp-json\/wp\/v2\/media?parent=17095"}],"curies":[{"name":"wp","href":"https:\/\/api.w.org\/{rel}","templated":true}]}}