{"id":769,"date":"2019-10-07T13:48:21","date_gmt":"2019-10-07T10:48:21","guid":{"rendered":"https:\/\/unicount.eu\/?page_id=769"},"modified":"2026-02-19T15:18:07","modified_gmt":"2026-02-19T13:18:07","slug":"virtuaalkontor","status":"publish","type":"page","link":"https:\/\/unicount.eu\/et\/virtuaalkontor\/","title":{"rendered":"Virtuaalkontor"},"content":{"rendered":"\n<section id=\"piltparemal-block_858ee66a55b693e0c611ef87202c0605\"\n         class=\"piltparemal  color-white  large-font blue_bg medium\">\n    <div class=\"wrapper\">\n\n\n        <div class=\"row d-flex flex-wrap\">\n\n            <div class=\"col-md-6 d-flex flex-wrap align-content-start left-side\">\n\t\t\t\t                    <h2 class=\"module-heading\">\n\t\t\t\t\t\tAadressiteenus ja kontaktisik sinu firmale Eestis                    <\/h2>\n\t\t\t\t\n\n\t\t\t\t                    <p class=\"def-p\">\n\t\t\t\t\t\tUnicount veebirakenduses osa\u00fchingu asutajatele ja ka teistele soovijatele pakume firma juriidilist aadressi Tallinnas Artius b\u00fcroohoones 12-kuulise tellimusega.                    <\/p>\n\t\t\t\t\n\n\t\t\t\t\n\n\n\n\t\t\t\t                        <a class=\"button--type1 button--lg\" href=\"https:\/\/app.unicount.eu\/service\/et\/start\"\n                           target=\"_blank\">Telli aadressiteenus siit<\/a>\n\t\t\t\t\t\n            <\/div>\n\n\t\t\t            <div class=\"col-md-6 right-side hidden-xs\">\n\t\t\t\t                    <div class=\"imgCont\">\n                        <img decoding=\"async\" class=\"img-responsive \" src=\"https:\/\/unicount.eu\/wp-content\/uploads\/2019\/10\/2587756@15x.svg\" alt=\"\">\n                    <\/div>\n\t\t\t\t\t\t\t\t            <\/div>\n\n\n        <\/div>\n<\/section>\n\n\n\n<section id=\"sildiplokk-block_7bd05fc2a19ad3c81290b37bd83dfe51\"\n         class=\"sildiplokk  alignfull bg-white\">\n    <div class=\"wrapper\">\n\n\n        <div class=\"d-flex\">\n\t\t\t                <h2 class=\"module-heading\">\n\t\t\t\t\tAadressiteenus                <\/h2>\n\t\t\t\n\t\t\t\n\t\t\t                <div class=\"customBadge #F5BB50\" style=\"background-color: #F5BB50;\">\n                    <div class=\"triangle\" style=\"border-right-color: #F5BB50\"><\/div>\n\t\t\t\t\t\u20ac199 aastas                <\/div>\n\t\t\t\n        <\/div>\n\n\n\t\t            <p class=\"def-p\">\n\t\t\t\t<p>Aastane teenustasu Unicounti aadressi kasutamise eest on 199 eurot pluss<br \/>\nk\u00e4ibemaks. Kasutustingimused leiad <a href=\"https:\/\/unicount.eu\/et\/kasutustingimused\/\">siit<\/a>.<\/p>\n<p>Vajaduse korral on hinnas sisaldunud ka kohalik kontaktisik.<\/p>\n            <\/p>\n\t\t\n\n<\/section>\n\n\n\n<style>.mb60 {\n        margin-bottom: 60px;\n\n    }\n\n<\/style>\n\n<section id=\"testimonial-block_73a28d9dec5045f4d10f6212ab761b89\"\n         class=\"kolmkaarti  bg-white alignfull\">\n    <div class=\"wrapper\">\n\n\n\t\t\n                <div class=\"row d-flex flex-wrap max-w90\">\n\n\t\t\t\t\t                        <div class=\"item col-md-6 col-lg-4 d-flex mb60\">\n                            <div class=\"card-item\">\n\t\t\t\t\t\t\t                                <div class=\"iconCont\">\n                                    <img decoding=\"async\" src=\"https:\/\/unicount.eu\/wp-content\/uploads\/2019\/10\/Group-14@15x.svg\" alt=\"\">\n                                <\/div>\n\t\t\t\t\t\t\t\n\n\t\t\t\t\t\t\t                                <h3 class=\"\">\n\t\t\t\t\t\t\t\t\tKas mul on aadressiteenust vaja?                                <\/h3>\n\t\t\t\t\t\t\t\n\t\t\t\t\t\t\t                                <p class=\"\">\n\t\t\t\t\t\t\t\t\t<p>Osa\u00fchingu registreerimiseks on vaja juriidilist aadressi koos vastava kasutus\u00f5igusega. Sobiva aadressi puudumisel soovitame Unicounti aadressiteenust Tallinnas Artius b\u00fcroohoones.<\/p>\n                                <\/p>\n\t\t\t\t\t\t\t\t                                                        <\/div>\n                        <\/div>\n\t\t\t\t\t                        <div class=\"item col-md-6 col-lg-4 d-flex mb60\">\n                            <div class=\"card-item\">\n\t\t\t\t\t\t\t                                <div class=\"iconCont\">\n                                    <img decoding=\"async\" src=\"https:\/\/unicount.eu\/wp-content\/uploads\/2019\/10\/Group-12@15x-1.svg\" alt=\"\">\n                                <\/div>\n\t\t\t\t\t\t\t\n\n\t\t\t\t\t\t\t                                <h3 class=\"\">\n\t\t\t\t\t\t\t\t\tMida teenus veel sisaldab?                                <\/h3>\n\t\t\t\t\t\t\t\n\t\t\t\t\t\t\t                                <p class=\"\">\n\t\t\t\t\t\t\t\t\t<p>Unicount v\u00f5tab vastu sulle saabunud kirjad ja edastab need elektrooniliselt. Pakke vastu ei v\u00f5eta ja kaupade k\u00e4ttesaamiseks v\u00f5i edasisaatmiseks aadressiteenus ei sobi.<\/p>\n                                <\/p>\n\t\t\t\t\t\t\t\t                                                        <\/div>\n                        <\/div>\n\t\t\t\t\t                        <div class=\"item col-md-6 col-lg-4 d-flex mb60\">\n                            <div class=\"card-item\">\n\t\t\t\t\t\t\t                                <div class=\"iconCont\">\n                                    <img decoding=\"async\" src=\"https:\/\/unicount.eu\/wp-content\/uploads\/2019\/10\/Group-11@15x.svg\" alt=\"\">\n                                <\/div>\n\t\t\t\t\t\t\t\n\n\t\t\t\t\t\t\t                                <h3 class=\"\">\n\t\t\t\t\t\t\t\t\tKuidas k\u00e4ib maksmine?                                <\/h3>\n\t\t\t\t\t\t\t\n\t\t\t\t\t\t\t                                <p class=\"\">\n\t\t\t\t\t\t\t\t\t<p>Aadressiteenus on p\u00fcsimaksega teenus, mis uueneb iga 12 kuu j\u00e4rel. Esimese perioodi l\u00f5pus palub Unicount sul sisestada kaardiandmed, et saaksid mugavalt automaatselt tasuda.<\/p>\n                                <\/p>\n\t\t\t\t\t\t\t\t                                                        <\/div>\n                        <\/div>\n\t\t\t\t\t                <\/div>\n\t\t\t\n\n    <\/div>\n<\/section>\n\n\n\n<style>\n    #knowledge-block2 {\n        margin-left: calc(-100vw \/ 2 + 100% \/ 2) !important;\n        margin-right: calc(-100vw \/ 2 + 100% \/ 2) !important;\n        max-width: 100vw !important;\n        width: auto !important;\n    }\n.inner  {\n    width: 90%;\n    max-width: 1440px;\n    margin-right: auto;\n    padding-left: 2rem;\n    padding-right: 2rem;\n    margin-left: auto;\n}\n    @media (min-width: 768px) {\n        #knowledge-block2 .panel-collapse {\n            margin: 0 -3rem 0 -3rem;\n        }\n    }\n    #knowledge-block2 .knowledge__panel-switcher.active {\n        color: #4660FF;\n    }\n<\/style>\n\n<div id=\"knowledge-block2\" class=\"faq \">\n    <div class=\"inner\">\n        <div class=\"knowledge-content tab-content\">\n\n                         <h2> Korduma kippuvad k\u00fcsimused<\/h2>\n           \t\t\t\n\n\t\t\t\t\t                        <div class=\"panel panel-default\">\n                            <a class=\"knowledge__panel-switcher \" data-toggle=\"collapse\"\n                               data-parent=\"#knowledge-tab i++\"\n                               href=\"#knowledge-pane postid\"\n                               title=\"Kuidas ma \u00e4riregistris ettev\u00f5tte aadressi muuta saan?\">\n\t\t\t\t\t\t\t\tKuidas ma \u00e4riregistris ettev\u00f5tte aadressi muuta saan?                            <\/a>\n                            <div id=\"knowledge-pane postid\" class=\"panel-collapse collapse \"\n                                 role=\"tabpanel\">\n                                <div class=\"knowledge__panel\">\n\t\t\t\t\t\t\t\t\t<p>Olmesolevale ettev\u00f5ttele Unicounti aadressiteenuse tellimise j\u00e4rel on vaja iseseisvalt interneti teel muuta ettev\u00f5tte aadressi ka \u00e4riregistris.<\/p>\n<p><a href=\"https:\/\/support.unicount.eu\/et\/articles\/3762223-kuidas-ma-ariregistris-ettevotte-aadressi-muuta-saan\">Siin<\/a> artiklis anname t\u00e4psed juhised \u00e4riregistris ettev\u00f5tte aadressi muutmiseks.<\/p>\n                                <\/div>\n                            <\/div>\n                        <\/div>\n\t\t\t\t\t\t\t\t\t\t\t                        <div class=\"panel panel-default\">\n                            <a class=\"knowledge__panel-switcher \" data-toggle=\"collapse\"\n                               data-parent=\"#knowledge-tab i++\"\n                               href=\"#knowledge-pane postid\"\n                               title=\"Kuidas saan lisada kontaktisiku ettev\u00f5tte asutamisel Unicounti kaudu?\">\n\t\t\t\t\t\t\t\tKuidas saan lisada kontaktisiku ettev\u00f5tte asutamisel Unicounti kaudu?                            <\/a>\n                            <div id=\"knowledge-pane postid\" class=\"panel-collapse collapse \"\n                                 role=\"tabpanel\">\n                                <div class=\"knowledge__panel\">\n\t\t\t\t\t\t\t\t\t<p>Ettev\u00f5tte registreerimisel Unicounti kaudu on v\u00f5imalik registreerimisprotsessi k\u00e4igus valida kontaktisiku lisamise valik. Kui see valik tehakse, m\u00e4\u00e4ratakse kontaktisik virtuaalkontori teenuse raames ning see on virtuaalkontori hinnas sisaldunud.<\/p>\n                                <\/div>\n                            <\/div>\n                        <\/div>\n\t\t\t\t\t\t\t\t\t\t\t                        <div class=\"panel panel-default\">\n                            <a class=\"knowledge__panel-switcher \" data-toggle=\"collapse\"\n                               data-parent=\"#knowledge-tab i++\"\n                               href=\"#knowledge-pane postid\"\n                               title=\"Mida tehakse teenusepakkuja aadressile saabunud kirjadega?\">\n\t\t\t\t\t\t\t\tMida tehakse teenusepakkuja aadressile saabunud kirjadega?                            <\/a>\n                            <div id=\"knowledge-pane postid\" class=\"panel-collapse collapse \"\n                                 role=\"tabpanel\">\n                                <div class=\"knowledge__panel\">\n\t\t\t\t\t\t\t\t\t<p>Sinu osa\u00fchingu nimel saabunud kirjad avatakse ja edastatakse sulle elektrooniliselt.<\/p>\n                                <\/div>\n                            <\/div>\n                        <\/div>\n\t\t\t\t\t\t\t\t\t\t\t                        <div class=\"panel panel-default\">\n                            <a class=\"knowledge__panel-switcher \" data-toggle=\"collapse\"\n                               data-parent=\"#knowledge-tab i++\"\n                               href=\"#knowledge-pane postid\"\n                               title=\"Kas ma saan teenusepakkuja aadressile paki tellida?\">\n\t\t\t\t\t\t\t\tKas ma saan teenusepakkuja aadressile paki tellida?                            <\/a>\n                            <div id=\"knowledge-pane postid\" class=\"panel-collapse collapse \"\n                                 role=\"tabpanel\">\n                                <div class=\"knowledge__panel\">\n\t\t\t\t\t\t\t\t\t<p>Unicounti aadressiteenus ei sisalda pakkide vastuv\u00f5tmist. Soovitame pakid tellida koju.<\/p>\n                                <\/div>\n                            <\/div>\n                        <\/div>\n\t\t\t\t\t\t\t\t\t\t\t                        <div class=\"panel panel-default\">\n                            <a class=\"knowledge__panel-switcher \" data-toggle=\"collapse\"\n                               data-parent=\"#knowledge-tab i++\"\n                               href=\"#knowledge-pane postid\"\n                               title=\"Kuidas aadressiteenuse eest tasuda saab?\">\n\t\t\t\t\t\t\t\tKuidas aadressiteenuse eest tasuda saab?                            <\/a>\n                            <div id=\"knowledge-pane postid\" class=\"panel-collapse collapse \"\n                                 role=\"tabpanel\">\n                                <div class=\"knowledge__panel\">\n\t\t\t\t\t\t\t\t\t<p>Aadressiteenuse esimese aastatasu saad maksta osa\u00fchingu asutamisel k\u00f5igi lubatud makseviisidega. Praegusel hetkel on v\u00f5imalik maksta Eesti pangalinkide kaudu ning Mastercardi, Visa ja American Expressi pangakaartidega, millel on internetimaksed lubatud.<\/p>\n<p>Esimese aasta l\u00f5ppemisel k\u00fcsib Unicount sult osa\u00fchingu pangakaardi andmeid automaatsete kaardimaksete aktiveerimiseks.<\/p>\n                                <\/div>\n                            <\/div>\n                        <\/div>\n\t\t\t\t\t\t\t\t\t\t\t                        <div class=\"panel panel-default\">\n                            <a class=\"knowledge__panel-switcher \" data-toggle=\"collapse\"\n                               data-parent=\"#knowledge-tab i++\"\n                               href=\"#knowledge-pane postid\"\n                               title=\"Kui palju aadressiteenus maksab?\">\n\t\t\t\t\t\t\t\tKui palju aadressiteenus maksab?                            <\/a>\n                            <div id=\"knowledge-pane postid\" class=\"panel-collapse collapse \"\n                                 role=\"tabpanel\">\n                                <div class=\"knowledge__panel\">\n\t\t\t\t\t\t\t\t\t<p>Aadressiteenuse aastatasu on 199 eurot pluss k\u00e4ibemaks.<\/p>\n<p>Kontaktisiku teenus mitte-residendist juhatuse liikmega osa\u00fchingule maksab 199 eurot aastas pluss k\u00e4ibemaks<\/p>\n                                <\/div>\n                            <\/div>\n                        <\/div>\n\t\t\t\t\t\t\t\t\t\t\t                        <div class=\"panel panel-default\">\n                            <a class=\"knowledge__panel-switcher \" data-toggle=\"collapse\"\n                               data-parent=\"#knowledge-tab i++\"\n                               href=\"#knowledge-pane postid\"\n                               title=\"Kas kontaktisik on virtuaalkontori teenuse hinnas?\">\n\t\t\t\t\t\t\t\tKas kontaktisik on virtuaalkontori teenuse hinnas?                            <\/a>\n                            <div id=\"knowledge-pane postid\" class=\"panel-collapse collapse \"\n                                 role=\"tabpanel\">\n                                <div class=\"knowledge__panel\">\n\t\t\t\t\t\t\t\t\t<p>Jah. Kui kontaktisik on seaduse j\u00e4rgi vajalik ja kliendi poolt soovitud, m\u00e4\u00e4rab Unicount kontaktisiku virtuaalkontori teenuse raames.<\/p>\n                                <\/div>\n                            <\/div>\n                        <\/div>\n\t\t\t\t\t\t\t\t\t\t\t                        <div class=\"panel panel-default\">\n                            <a class=\"knowledge__panel-switcher \" data-toggle=\"collapse\"\n                               data-parent=\"#knowledge-tab i++\"\n                               href=\"#knowledge-pane postid\"\n                               title=\"Sul on veel k\u00fcsimusi?\">\n\t\t\t\t\t\t\t\tSul on veel k\u00fcsimusi?                            <\/a>\n                            <div id=\"knowledge-pane postid\" class=\"panel-collapse collapse \"\n                                 role=\"tabpanel\">\n                                <div class=\"knowledge__panel\">\n\t\t\t\t\t\t\t\t\t<p>Vaata meie klienditoe artiklite vastuseid korduma kippuvatele k\u00fcsimustele aadressiteenuse kohta <a href=\"https:\/\/support.unicount.eu\/et\/collections\/1715479-aadressiteenus\">siit<\/a>. <\/p>\n                                <\/div>\n                            <\/div>\n                        <\/div>\n\t\t\t\t\t\t\t\t\t\t\t\t\t\t\t        <\/div>\n    <\/div>\n<\/div>\n\n","protected":false},"excerpt":{"rendered":"","protected":false},"author":2,"featured_media":0,"parent":0,"menu_order":0,"comment_status":"closed","ping_status":"closed","template":"page.php","meta":{"inline_featured_image":false,"footnotes":""},"class_list":["post-769","page","type-page","status-publish","hentry"],"acf":[],"yoast_head":"<!-- This site is optimized with the Yoast SEO Premium plugin v24.3 (Yoast SEO v24.3) - https:\/\/yoast.com\/wordpress\/plugins\/seo\/ -->\n<title>Virtuaalkontor Tallinnas | Unicount osa\u00fchingu asutamine internetis<\/title>\n<meta name=\"description\" content=\"Unicounti veebirakendus on lihtsaim viis osa\u00fchingu asutamiseks. Pakume klientidele ka virtuaalkontori teenusena \u00e4riaadressi Tallinnas Tammsaare \u00e4rikeskuses.\" \/>\n<meta name=\"robots\" content=\"index, follow, max-snippet:-1, max-image-preview:large, max-video-preview:-1\" \/>\n<link rel=\"canonical\" href=\"https:\/\/unicount.eu\/et\/virtuaalkontor\/\" \/>\n<meta property=\"og:locale\" content=\"et_EE\" \/>\n<meta property=\"og:type\" content=\"article\" \/>\n<meta property=\"og:title\" content=\"Virtuaalkontor\" \/>\n<meta property=\"og:description\" content=\"Unicounti veebirakendus on lihtsaim viis osa\u00fchingu asutamiseks. Pakume klientidele ka virtuaalkontori teenusena \u00e4riaadressi Tallinnas Tammsaare \u00e4rikeskuses.\" \/>\n<meta property=\"og:url\" content=\"https:\/\/unicount.eu\/et\/virtuaalkontor\/\" \/>\n<meta property=\"og:site_name\" content=\"Unicount\" \/>\n<meta property=\"article:publisher\" content=\"https:\/\/www.facebook.com\/unicount\/\" \/>\n<meta property=\"article:modified_time\" content=\"2026-02-19T13:18:07+00:00\" \/>\n<meta property=\"og:image\" content=\"https:\/\/unicount.eu\/wp-content\/uploads\/2021\/01\/fb-cover@2x.jpg\" \/>\n\t<meta property=\"og:image:width\" content=\"2400\" \/>\n\t<meta property=\"og:image:height\" content=\"1350\" \/>\n\t<meta property=\"og:image:type\" content=\"image\/jpeg\" \/>\n<meta name=\"twitter:card\" content=\"summary_large_image\" \/>\n<meta name=\"twitter:site\" content=\"@unicountestonia\" \/>\n<script type=\"application\/ld+json\" class=\"yoast-schema-graph\">{\"@context\":\"https:\/\/schema.org\",\"@graph\":[{\"@type\":\"WebPage\",\"@id\":\"https:\/\/unicount.eu\/et\/virtuaalkontor\/\",\"url\":\"https:\/\/unicount.eu\/et\/virtuaalkontor\/\",\"name\":\"Virtuaalkontor Tallinnas | Unicount osa\u00fchingu asutamine internetis\",\"isPartOf\":{\"@id\":\"https:\/\/unicount.eu\/et\/#website\"},\"datePublished\":\"2019-10-07T10:48:21+00:00\",\"dateModified\":\"2026-02-19T13:18:07+00:00\",\"description\":\"Unicounti veebirakendus on lihtsaim viis osa\u00fchingu asutamiseks. Pakume klientidele ka virtuaalkontori teenusena \u00e4riaadressi Tallinnas Tammsaare \u00e4rikeskuses.\",\"breadcrumb\":{\"@id\":\"https:\/\/unicount.eu\/et\/virtuaalkontor\/#breadcrumb\"},\"inLanguage\":\"et\",\"potentialAction\":[{\"@type\":\"ReadAction\",\"target\":[\"https:\/\/unicount.eu\/et\/virtuaalkontor\/\"]}]},{\"@type\":\"BreadcrumbList\",\"@id\":\"https:\/\/unicount.eu\/et\/virtuaalkontor\/#breadcrumb\",\"itemListElement\":[{\"@type\":\"ListItem\",\"position\":1,\"name\":\"Home\",\"item\":\"https:\/\/unicount.eu\/et\/\"},{\"@type\":\"ListItem\",\"position\":2,\"name\":\"Virtuaalkontor\"}]},{\"@type\":\"WebSite\",\"@id\":\"https:\/\/unicount.eu\/et\/#website\",\"url\":\"https:\/\/unicount.eu\/et\/\",\"name\":\"Unicount\",\"description\":\"Lihtsaim viis osa\u00fchingu asutamiseks Eestis\",\"publisher\":{\"@id\":\"https:\/\/unicount.eu\/et\/#organization\"},\"potentialAction\":[{\"@type\":\"SearchAction\",\"target\":{\"@type\":\"EntryPoint\",\"urlTemplate\":\"https:\/\/unicount.eu\/et\/?s={search_term_string}\"},\"query-input\":{\"@type\":\"PropertyValueSpecification\",\"valueRequired\":true,\"valueName\":\"search_term_string\"}}],\"inLanguage\":\"et\"},{\"@type\":\"Organization\",\"@id\":\"https:\/\/unicount.eu\/et\/#organization\",\"name\":\"Unicount O\u00dc\",\"url\":\"https:\/\/unicount.eu\/et\/\",\"logo\":{\"@type\":\"ImageObject\",\"inLanguage\":\"et\",\"@id\":\"https:\/\/unicount.eu\/et\/#\/schema\/logo\/image\/\",\"url\":\"https:\/\/unicount.eu\/wp-content\/uploads\/2019\/10\/unicount-logo-002.jpg\",\"contentUrl\":\"https:\/\/unicount.eu\/wp-content\/uploads\/2019\/10\/unicount-logo-002.jpg\",\"width\":1380,\"height\":288,\"caption\":\"Unicount O\u00dc\"},\"image\":{\"@id\":\"https:\/\/unicount.eu\/et\/#\/schema\/logo\/image\/\"},\"sameAs\":[\"https:\/\/www.facebook.com\/unicount\/\",\"https:\/\/x.com\/unicountestonia\",\"https:\/\/www.linkedin.com\/company\/unicount\",\"https:\/\/www.youtube.com\/channel\/UCSV5_VgpIIAUyLWhjeXY8vQ\"]}]}<\/script>\n<!-- \/ Yoast SEO Premium plugin. -->","yoast_head_json":{"title":"Virtuaalkontor Tallinnas | Unicount osa\u00fchingu asutamine internetis","description":"Unicounti veebirakendus on lihtsaim viis osa\u00fchingu asutamiseks. Pakume klientidele ka virtuaalkontori teenusena \u00e4riaadressi Tallinnas Tammsaare \u00e4rikeskuses.","robots":{"index":"index","follow":"follow","max-snippet":"max-snippet:-1","max-image-preview":"max-image-preview:large","max-video-preview":"max-video-preview:-1"},"canonical":"https:\/\/unicount.eu\/et\/virtuaalkontor\/","og_locale":"et_EE","og_type":"article","og_title":"Virtuaalkontor","og_description":"Unicounti veebirakendus on lihtsaim viis osa\u00fchingu asutamiseks. Pakume klientidele ka virtuaalkontori teenusena \u00e4riaadressi Tallinnas Tammsaare \u00e4rikeskuses.","og_url":"https:\/\/unicount.eu\/et\/virtuaalkontor\/","og_site_name":"Unicount","article_publisher":"https:\/\/www.facebook.com\/unicount\/","article_modified_time":"2026-02-19T13:18:07+00:00","og_image":[{"width":2400,"height":1350,"url":"https:\/\/unicount.eu\/wp-content\/uploads\/2021\/01\/fb-cover@2x.jpg","type":"image\/jpeg"}],"twitter_card":"summary_large_image","twitter_site":"@unicountestonia","schema":{"@context":"https:\/\/schema.org","@graph":[{"@type":"WebPage","@id":"https:\/\/unicount.eu\/et\/virtuaalkontor\/","url":"https:\/\/unicount.eu\/et\/virtuaalkontor\/","name":"Virtuaalkontor Tallinnas | Unicount osa\u00fchingu asutamine internetis","isPartOf":{"@id":"https:\/\/unicount.eu\/et\/#website"},"datePublished":"2019-10-07T10:48:21+00:00","dateModified":"2026-02-19T13:18:07+00:00","description":"Unicounti veebirakendus on lihtsaim viis osa\u00fchingu asutamiseks. Pakume klientidele ka virtuaalkontori teenusena \u00e4riaadressi Tallinnas Tammsaare \u00e4rikeskuses.","breadcrumb":{"@id":"https:\/\/unicount.eu\/et\/virtuaalkontor\/#breadcrumb"},"inLanguage":"et","potentialAction":[{"@type":"ReadAction","target":["https:\/\/unicount.eu\/et\/virtuaalkontor\/"]}]},{"@type":"BreadcrumbList","@id":"https:\/\/unicount.eu\/et\/virtuaalkontor\/#breadcrumb","itemListElement":[{"@type":"ListItem","position":1,"name":"Home","item":"https:\/\/unicount.eu\/et\/"},{"@type":"ListItem","position":2,"name":"Virtuaalkontor"}]},{"@type":"WebSite","@id":"https:\/\/unicount.eu\/et\/#website","url":"https:\/\/unicount.eu\/et\/","name":"Unicount","description":"Lihtsaim viis osa\u00fchingu asutamiseks Eestis","publisher":{"@id":"https:\/\/unicount.eu\/et\/#organization"},"potentialAction":[{"@type":"SearchAction","target":{"@type":"EntryPoint","urlTemplate":"https:\/\/unicount.eu\/et\/?s={search_term_string}"},"query-input":{"@type":"PropertyValueSpecification","valueRequired":true,"valueName":"search_term_string"}}],"inLanguage":"et"},{"@type":"Organization","@id":"https:\/\/unicount.eu\/et\/#organization","name":"Unicount O\u00dc","url":"https:\/\/unicount.eu\/et\/","logo":{"@type":"ImageObject","inLanguage":"et","@id":"https:\/\/unicount.eu\/et\/#\/schema\/logo\/image\/","url":"https:\/\/unicount.eu\/wp-content\/uploads\/2019\/10\/unicount-logo-002.jpg","contentUrl":"https:\/\/unicount.eu\/wp-content\/uploads\/2019\/10\/unicount-logo-002.jpg","width":1380,"height":288,"caption":"Unicount O\u00dc"},"image":{"@id":"https:\/\/unicount.eu\/et\/#\/schema\/logo\/image\/"},"sameAs":["https:\/\/www.facebook.com\/unicount\/","https:\/\/x.com\/unicountestonia","https:\/\/www.linkedin.com\/company\/unicount","https:\/\/www.youtube.com\/channel\/UCSV5_VgpIIAUyLWhjeXY8vQ"]}]}},"_links":{"self":[{"href":"https:\/\/unicount.eu\/et\/wp-json\/wp\/v2\/pages\/769","targetHints":{"allow":["GET"]}}],"collection":[{"href":"https:\/\/unicount.eu\/et\/wp-json\/wp\/v2\/pages"}],"about":[{"href":"https:\/\/unicount.eu\/et\/wp-json\/wp\/v2\/types\/page"}],"author":[{"embeddable":true,"href":"https:\/\/unicount.eu\/et\/wp-json\/wp\/v2\/users\/2"}],"replies":[{"embeddable":true,"href":"https:\/\/unicount.eu\/et\/wp-json\/wp\/v2\/comments?post=769"}],"version-history":[{"count":85,"href":"https:\/\/unicount.eu\/et\/wp-json\/wp\/v2\/pages\/769\/revisions"}],"predecessor-version":[{"id":24843,"href":"https:\/\/unicount.eu\/et\/wp-json\/wp\/v2\/pages\/769\/revisions\/24843"}],"wp:attachment":[{"href":"https:\/\/unicount.eu\/et\/wp-json\/wp\/v2\/media?parent=769"}],"curies":[{"name":"wp","href":"https:\/\/api.w.org\/{rel}","templated":true}]}}