{"id":529,"date":"2019-03-13T10:11:46","date_gmt":"2019-03-13T08:11:46","guid":{"rendered":"https:\/\/unicount.eu\/?page_id=529"},"modified":"2019-11-19T16:38:41","modified_gmt":"2019-11-19T14:38:41","slug":"kupsised","status":"publish","type":"page","link":"https:\/\/unicount.eu\/et\/kupsised\/","title":{"rendered":"K\u00fcpsised"},"content":{"rendered":"\n<h4 class=\"wp-block-heading\">Mis on k\u00fcpsis?<\/h4>\n\n\n\n<p>K\u00fcpsis on teie seadmesse salvestatav v\u00e4ike andmefail, mis v\u00f5imaldab tagada Unicounti veebilehe omadused ja funktsioonid. N\u00e4iteks v\u00f5imaldavad k\u00fcpsiseid meil tuvastada teie seadme ning tagada juurdep\u00e4\u00e4su Unicountile ja meie lehtedele \u00fcldiselt.<\/p>\n\n\n\n<h4 class=\"wp-block-heading\">Milleks k\u00fcpsiseid kasutatakse?<\/h4>\n\n\n\n<p>K\u00fcpsiste abil saab teid tuvastada, kui veebilehte unicount.eu k\u00fclastate, ning pidada meeles teie eelistused ja pakkuda teie valitud s\u00e4tetele vastavat personaalset kogemust. Samuti v\u00f5imaldavad k\u00fcpsised teil Unicountiga suhelda kiiremini ja turvalisemalt. Peale selle aitavad need meil teile reklaame pakkuda nii Unicounti lehtedel kui ka mujal.<\/p>\n\n\n\n<p><strong>Veebilehel www.unicount.eu kasutatavad k\u00fcpsised<\/strong><\/p>\n\n\n\n<p><strong>Veebilehe toimimiseks vajalikud k\u00fcpsised<\/strong><\/p>\n\n\n\n<table class=\"wp-block-table has-fixed-layout is-style-regular\"><tbody><tr><td><strong>Nimi<\/strong><\/td><td><strong>Kirjeldus<\/strong><\/td><td><strong>S\u00e4ilitamine<\/strong><\/td><\/tr><tr><td>wfvt_#<\/td><td>J\u00e4tab kasutaja esitatud andmed meelde, kui blogipostituse alla kommentaar j\u00e4etakse. Eesm\u00e4rk on j\u00e4rgnevate kommentaaride jaoks v\u00e4lju eelt\u00e4ita, et kasutaja aega s\u00e4\u00e4sta.<\/td><td>Sessioonip\u00f5hine<\/td><\/tr><tr><td>_ga<\/td><td>Registreerib ainulaadse ID, mille abil koostatakse statistikat selle kohta, kuidas k\u00fclastaja veebilehte kasutab.<\/td><td>Kaks aastat<\/td><\/tr><tr><td>_gali<\/td><td>Aitab m\u00f5ista, kuidas k\u00fclastajad veebilehtedega suhtlevad, kogudes ja raporteerides selleks anon\u00fc\u00fcmselt andmeid.<\/td><td>Sessioonip\u00f5hine<\/td><\/tr><tr><td>_gat<\/td><td>Seda kasutab Google Analytics p\u00e4ringute m\u00e4\u00e4ra reguleerimiseks.<\/td><td>Sessioonip\u00f5hine<\/td><\/tr><tr><td>_gid<\/td><td>Registreerib ainulaadse ID, mille abil koostatakse statistikat selle kohta, kuidas k\u00fclastaja veebilehte kasutab.<\/td><td>Sessioonip\u00f5hine<\/td><\/tr><\/tbody><\/table>\n\n\n\n<p><strong>Kolmanda osapoole k\u00fcpsised<\/strong><\/p>\n\n\n\n<table class=\"wp-block-table has-fixed-layout\"><tbody><tr><td><strong>Nimi<\/strong><\/td><td><strong>Kirjeldus<\/strong><\/td><td><strong>S\u00e4ilitamine<\/strong><\/td><\/tr><tr><td>ads\/ga-audiences<\/td><td>Neid kasutab Google AdWords, et k\u00fclastajaid kui v\u00f5imalikke kliente uuesti kaasata vastavalt nende k\u00e4itumisele veebis.<\/td><td>Sessioonip\u00f5hine<\/td><\/tr><tr><td>collect<\/td><td>Kasutatakse Google Analytics\u2019ile k\u00fclastaja seadme ja k\u00e4itumise andmete edastamiseks. J\u00e4lgib k\u00fclastajat erinevates seadmetes ja turunduskanalites.<\/td><td>Sessioonip\u00f5hine<\/td><\/tr><tr><td>PREF<\/td><td>Registreerib ainulaadse ID, mida Google kasutab statistika koostamiseks selle kohta, kuidas k\u00fclastaja erinevatel lehtedel YouTube\u2019i videoid kasutab.<\/td><td>Kaheksa kuud<\/td><\/tr><tr><td>VISITOR_INFO1_LIVE<\/td><td>\u00dcritab hinnata kasutajate ribalaiust manustatud YouTube\u2019i videotega lehtedel.<\/td><td>179 p\u00e4eva<\/td><\/tr><tr><td>YSC<\/td><td>Registreerib kasutaja ainulaadse ID, et koostada statistikat YouTube\u2019i videote kohta, mida kasutaja n\u00e4inud on.<\/td><td>Sessioonip\u00f5hine<\/td><\/tr><\/tbody><\/table>\n\n\n\n<p><strong>Ettev\u00f5tte asutamise veebirakenduses kasutatavad k\u00fcpsised<\/strong><\/p>\n\n\n\n<table class=\"wp-block-table has-fixed-layout\"><tbody><tr><td><strong>Nimi<\/strong><\/td><td><strong>Kirjeldus<\/strong><\/td><td><strong>S\u00e4ilitamine<\/strong><\/td><\/tr><tr><td>laravel_session<\/td><td>Vajalik ettev\u00f5tte asutamise ajal kasutaja sessiooni korraldamiseks.<\/td><td>Kuni veebibrauser suletakse<\/td><\/tr><tr><td>XSRF-TOKEN<\/td><td>P\u00e4ringu murdv\u00f5ltsimise (CSRF) vastase kaitse tagamiseks.<\/td><td>\u00dcks p\u00e4ev<\/td><\/tr><tr><td>_ga<\/td><td>Erinevatelt veebilehtedelt tulevate k\u00fclastajate eristamiseks.<\/td><td>Kaks aastat<\/td><\/tr><tr><td>_gid<\/td><td>Erinevatelt veebilehtedelt tulevate k\u00fclastajate eristamiseks.<\/td><td>\u00dcks p\u00e4ev<\/td><\/tr><tr><td>_gat, _gat_organizer<\/td><td>Erinevatelt veebilehtedelt tulevate k\u00fclastajate eristamiseks.<\/td><td>\u00dcks minut<\/td><\/tr><\/tbody><\/table>\n\n\n\n<p>Viimati uuendatud: 18. oktoober 2019<\/p>\n","protected":false},"excerpt":{"rendered":"<p>Mis on k\u00fcpsis? K\u00fcpsis on teie seadmesse salvestatav v\u00e4ike andmefail, mis v\u00f5imaldab tagada Unicounti veebilehe omadused ja funktsioonid. N\u00e4iteks v\u00f5imaldavad k\u00fcpsiseid meil tuvastada teie seadme ning tagada juurdep\u00e4\u00e4su Unicountile ja meie lehtedele \u00fcldiselt. Milleks k\u00fcpsiseid kasutatakse? K\u00fcpsiste abil saab teid tuvastada, kui veebilehte unicount.eu k\u00fclastate, ning pidada meeles teie eelistused ja pakkuda teie valitud s\u00e4tetele [&hellip;]<\/p>\n","protected":false},"author":2,"featured_media":0,"parent":0,"menu_order":0,"comment_status":"closed","ping_status":"closed","template":"terms.php","meta":{"inline_featured_image":false,"footnotes":""},"class_list":["post-529","page","type-page","status-publish","hentry"],"acf":[],"yoast_head":"<!-- This site is optimized with the Yoast SEO Premium plugin v24.3 (Yoast SEO v24.3) - https:\/\/yoast.com\/wordpress\/plugins\/seo\/ -->\n<title>K\u00fcpsised | Unicount osa\u00fchingu asutamine internetis<\/title>\n<meta name=\"description\" content=\"K\u00fcpsis on teie seadmesse salvestatav v\u00e4ike andmefail, mis v\u00f5imaldab tagada Unicounti veebilehe omadused ja funktsioonid.\" \/>\n<meta name=\"robots\" content=\"index, follow, max-snippet:-1, max-image-preview:large, max-video-preview:-1\" \/>\n<link rel=\"canonical\" href=\"https:\/\/unicount.eu\/et\/kupsised\/\" \/>\n<meta property=\"og:locale\" content=\"et_EE\" \/>\n<meta property=\"og:type\" content=\"article\" \/>\n<meta property=\"og:title\" content=\"K\u00fcpsised\" \/>\n<meta property=\"og:description\" content=\"K\u00fcpsis on teie seadmesse salvestatav v\u00e4ike andmefail, mis v\u00f5imaldab tagada Unicounti veebilehe omadused ja funktsioonid.\" \/>\n<meta property=\"og:url\" content=\"https:\/\/unicount.eu\/et\/kupsised\/\" \/>\n<meta property=\"og:site_name\" content=\"Unicount\" \/>\n<meta property=\"article:publisher\" content=\"https:\/\/www.facebook.com\/unicount\/\" \/>\n<meta property=\"article:modified_time\" content=\"2019-11-19T14:38:41+00:00\" \/>\n<meta property=\"og:image\" content=\"https:\/\/unicount.eu\/wp-content\/uploads\/2021\/01\/fb-cover@2x.jpg\" \/>\n\t<meta property=\"og:image:width\" content=\"2400\" \/>\n\t<meta property=\"og:image:height\" content=\"1350\" \/>\n\t<meta property=\"og:image:type\" content=\"image\/jpeg\" \/>\n<meta name=\"twitter:card\" content=\"summary_large_image\" \/>\n<meta name=\"twitter:site\" content=\"@unicountestonia\" \/>\n<meta name=\"twitter:label1\" content=\"Est. reading time\" \/>\n\t<meta name=\"twitter:data1\" content=\"2 minutit\" \/>\n<script type=\"application\/ld+json\" class=\"yoast-schema-graph\">{\"@context\":\"https:\/\/schema.org\",\"@graph\":[{\"@type\":\"WebPage\",\"@id\":\"https:\/\/unicount.eu\/et\/kupsised\/\",\"url\":\"https:\/\/unicount.eu\/et\/kupsised\/\",\"name\":\"K\u00fcpsised | Unicount osa\u00fchingu asutamine internetis\",\"isPartOf\":{\"@id\":\"https:\/\/unicount.eu\/et\/#website\"},\"datePublished\":\"2019-03-13T08:11:46+00:00\",\"dateModified\":\"2019-11-19T14:38:41+00:00\",\"description\":\"K\u00fcpsis on teie seadmesse salvestatav v\u00e4ike andmefail, mis v\u00f5imaldab tagada Unicounti veebilehe omadused ja funktsioonid.\",\"breadcrumb\":{\"@id\":\"https:\/\/unicount.eu\/et\/kupsised\/#breadcrumb\"},\"inLanguage\":\"et\",\"potentialAction\":[{\"@type\":\"ReadAction\",\"target\":[\"https:\/\/unicount.eu\/et\/kupsised\/\"]}]},{\"@type\":\"BreadcrumbList\",\"@id\":\"https:\/\/unicount.eu\/et\/kupsised\/#breadcrumb\",\"itemListElement\":[{\"@type\":\"ListItem\",\"position\":1,\"name\":\"Home\",\"item\":\"https:\/\/unicount.eu\/et\/\"},{\"@type\":\"ListItem\",\"position\":2,\"name\":\"K\u00fcpsised\"}]},{\"@type\":\"WebSite\",\"@id\":\"https:\/\/unicount.eu\/et\/#website\",\"url\":\"https:\/\/unicount.eu\/et\/\",\"name\":\"Unicount\",\"description\":\"Lihtsaim viis osa\u00fchingu asutamiseks Eestis\",\"publisher\":{\"@id\":\"https:\/\/unicount.eu\/et\/#organization\"},\"potentialAction\":[{\"@type\":\"SearchAction\",\"target\":{\"@type\":\"EntryPoint\",\"urlTemplate\":\"https:\/\/unicount.eu\/et\/?s={search_term_string}\"},\"query-input\":{\"@type\":\"PropertyValueSpecification\",\"valueRequired\":true,\"valueName\":\"search_term_string\"}}],\"inLanguage\":\"et\"},{\"@type\":\"Organization\",\"@id\":\"https:\/\/unicount.eu\/et\/#organization\",\"name\":\"Unicount O\u00dc\",\"url\":\"https:\/\/unicount.eu\/et\/\",\"logo\":{\"@type\":\"ImageObject\",\"inLanguage\":\"et\",\"@id\":\"https:\/\/unicount.eu\/et\/#\/schema\/logo\/image\/\",\"url\":\"https:\/\/unicount.eu\/wp-content\/uploads\/2019\/10\/unicount-logo-002.jpg\",\"contentUrl\":\"https:\/\/unicount.eu\/wp-content\/uploads\/2019\/10\/unicount-logo-002.jpg\",\"width\":1380,\"height\":288,\"caption\":\"Unicount O\u00dc\"},\"image\":{\"@id\":\"https:\/\/unicount.eu\/et\/#\/schema\/logo\/image\/\"},\"sameAs\":[\"https:\/\/www.facebook.com\/unicount\/\",\"https:\/\/x.com\/unicountestonia\",\"https:\/\/www.linkedin.com\/company\/unicount\",\"https:\/\/www.youtube.com\/channel\/UCSV5_VgpIIAUyLWhjeXY8vQ\"]}]}<\/script>\n<!-- \/ Yoast SEO Premium plugin. -->","yoast_head_json":{"title":"K\u00fcpsised | Unicount osa\u00fchingu asutamine internetis","description":"K\u00fcpsis on teie seadmesse salvestatav v\u00e4ike andmefail, mis v\u00f5imaldab tagada Unicounti veebilehe omadused ja funktsioonid.","robots":{"index":"index","follow":"follow","max-snippet":"max-snippet:-1","max-image-preview":"max-image-preview:large","max-video-preview":"max-video-preview:-1"},"canonical":"https:\/\/unicount.eu\/et\/kupsised\/","og_locale":"et_EE","og_type":"article","og_title":"K\u00fcpsised","og_description":"K\u00fcpsis on teie seadmesse salvestatav v\u00e4ike andmefail, mis v\u00f5imaldab tagada Unicounti veebilehe omadused ja funktsioonid.","og_url":"https:\/\/unicount.eu\/et\/kupsised\/","og_site_name":"Unicount","article_publisher":"https:\/\/www.facebook.com\/unicount\/","article_modified_time":"2019-11-19T14:38:41+00:00","og_image":[{"width":2400,"height":1350,"url":"https:\/\/unicount.eu\/wp-content\/uploads\/2021\/01\/fb-cover@2x.jpg","type":"image\/jpeg"}],"twitter_card":"summary_large_image","twitter_site":"@unicountestonia","twitter_misc":{"Est. reading time":"2 minutit"},"schema":{"@context":"https:\/\/schema.org","@graph":[{"@type":"WebPage","@id":"https:\/\/unicount.eu\/et\/kupsised\/","url":"https:\/\/unicount.eu\/et\/kupsised\/","name":"K\u00fcpsised | Unicount osa\u00fchingu asutamine internetis","isPartOf":{"@id":"https:\/\/unicount.eu\/et\/#website"},"datePublished":"2019-03-13T08:11:46+00:00","dateModified":"2019-11-19T14:38:41+00:00","description":"K\u00fcpsis on teie seadmesse salvestatav v\u00e4ike andmefail, mis v\u00f5imaldab tagada Unicounti veebilehe omadused ja funktsioonid.","breadcrumb":{"@id":"https:\/\/unicount.eu\/et\/kupsised\/#breadcrumb"},"inLanguage":"et","potentialAction":[{"@type":"ReadAction","target":["https:\/\/unicount.eu\/et\/kupsised\/"]}]},{"@type":"BreadcrumbList","@id":"https:\/\/unicount.eu\/et\/kupsised\/#breadcrumb","itemListElement":[{"@type":"ListItem","position":1,"name":"Home","item":"https:\/\/unicount.eu\/et\/"},{"@type":"ListItem","position":2,"name":"K\u00fcpsised"}]},{"@type":"WebSite","@id":"https:\/\/unicount.eu\/et\/#website","url":"https:\/\/unicount.eu\/et\/","name":"Unicount","description":"Lihtsaim viis osa\u00fchingu asutamiseks Eestis","publisher":{"@id":"https:\/\/unicount.eu\/et\/#organization"},"potentialAction":[{"@type":"SearchAction","target":{"@type":"EntryPoint","urlTemplate":"https:\/\/unicount.eu\/et\/?s={search_term_string}"},"query-input":{"@type":"PropertyValueSpecification","valueRequired":true,"valueName":"search_term_string"}}],"inLanguage":"et"},{"@type":"Organization","@id":"https:\/\/unicount.eu\/et\/#organization","name":"Unicount O\u00dc","url":"https:\/\/unicount.eu\/et\/","logo":{"@type":"ImageObject","inLanguage":"et","@id":"https:\/\/unicount.eu\/et\/#\/schema\/logo\/image\/","url":"https:\/\/unicount.eu\/wp-content\/uploads\/2019\/10\/unicount-logo-002.jpg","contentUrl":"https:\/\/unicount.eu\/wp-content\/uploads\/2019\/10\/unicount-logo-002.jpg","width":1380,"height":288,"caption":"Unicount O\u00dc"},"image":{"@id":"https:\/\/unicount.eu\/et\/#\/schema\/logo\/image\/"},"sameAs":["https:\/\/www.facebook.com\/unicount\/","https:\/\/x.com\/unicountestonia","https:\/\/www.linkedin.com\/company\/unicount","https:\/\/www.youtube.com\/channel\/UCSV5_VgpIIAUyLWhjeXY8vQ"]}]}},"_links":{"self":[{"href":"https:\/\/unicount.eu\/et\/wp-json\/wp\/v2\/pages\/529","targetHints":{"allow":["GET"]}}],"collection":[{"href":"https:\/\/unicount.eu\/et\/wp-json\/wp\/v2\/pages"}],"about":[{"href":"https:\/\/unicount.eu\/et\/wp-json\/wp\/v2\/types\/page"}],"author":[{"embeddable":true,"href":"https:\/\/unicount.eu\/et\/wp-json\/wp\/v2\/users\/2"}],"replies":[{"embeddable":true,"href":"https:\/\/unicount.eu\/et\/wp-json\/wp\/v2\/comments?post=529"}],"version-history":[{"count":7,"href":"https:\/\/unicount.eu\/et\/wp-json\/wp\/v2\/pages\/529\/revisions"}],"predecessor-version":[{"id":1076,"href":"https:\/\/unicount.eu\/et\/wp-json\/wp\/v2\/pages\/529\/revisions\/1076"}],"wp:attachment":[{"href":"https:\/\/unicount.eu\/et\/wp-json\/wp\/v2\/media?parent=529"}],"curies":[{"name":"wp","href":"https:\/\/api.w.org\/{rel}","templated":true}]}}