{"id":295,"date":"2019-03-11T08:50:01","date_gmt":"2019-03-11T06:50:01","guid":{"rendered":"https:\/\/unicount.eu\/?page_id=295"},"modified":"2026-02-19T15:00:08","modified_gmt":"2026-02-19T13:00:08","slug":"teenused","status":"publish","type":"page","link":"https:\/\/unicount.eu\/et\/teenused\/","title":{"rendered":"Teenused"},"content":{"rendered":"\n<div class=\"wp-block-group landing__description\"><div class=\"wp-block-group__inner-container is-layout-flow wp-block-group-is-layout-flow\">\n<h1 class=\"wp-block-heading has-text-align-center bluebg2 text-white fullWidth !mb-0\" id=\"osauhingu-asutamine-nuud-imelihtne\">Osa\u00fchingu asutamine n\u00fc\u00fcd imelihtne<\/h1>\n\n\n\n<div style=\"height:49px\" aria-hidden=\"true\" class=\"wp-block-spacer bluebg2 fullWidth\"><\/div>\n\n\n\n<p class=\"has-text-align-center bluebg2 text-white fullWidth\">Osa\u00fchingu asutamine interneti teel peaks olema imelihtne. <br>Ehitasime selle jaoks veebirakenduse, mis on \u00fchendatud Eesti \u00e4riregistriga.<\/p>\n\n\n\n<div style=\"height:49px\" aria-hidden=\"true\" class=\"wp-block-spacer bluebg2 fullWidth\"><\/div>\n\n\n\n<div class=\"wp-block-buttons bluebg2 fullWidth is-horizontal is-content-justification-center is-layout-flex wp-container-core-buttons-is-layout-499968f5 wp-block-buttons-is-layout-flex\">\n<div class=\"wp-block-button no-pb\"><a class=\"wp-block-button__link wp-element-button\" href=\"https:\/\/app.unicount.eu\/et\/start\/\">Registreeri osa\u00fching internetis<\/a><\/div>\n<\/div>\n\n\n\n<div style=\"height:100px\" aria-hidden=\"true\" class=\"wp-block-spacer blue_bg fullWidth small last-spacer\"><\/div>\n<\/div><\/div>\n\n\n\n<div class=\"wp-block-group signup\"><div class=\"wp-block-group__inner-container is-layout-flow wp-block-group-is-layout-flow\">\n<div class=\"wp-block-columns is-layout-flex wp-container-core-columns-is-layout-9d6595d7 wp-block-columns-is-layout-flex\">\n<div class=\"wp-block-column is-layout-flow wp-block-column-is-layout-flow\">\n<figure class=\"wp-block-image size-large\"><img decoding=\"async\" src=\"https:\/\/unicount.eu\/wp-content\/uploads\/2019\/03\/howto-1.svg\" alt=\"\"\/><\/figure>\n<\/div>\n\n\n\n<div class=\"wp-block-column is-vertically-aligned-center text-right is-layout-flow wp-block-column-is-layout-flow\">\n<figure class=\"wp-block-image size-large\"><img decoding=\"async\" src=\"https:\/\/unicount.eu\/wp-content\/uploads\/2019\/03\/icon1.svg\" alt=\"\"\/><\/figure>\n\n\n\n<h2 class=\"wp-block-heading has-text-align-left\" id=\"osauhingu-asutamine\">Osa\u00fchingu asutamine<\/h2>\n\n\n\n<p class=\"has-text-align-left\">Unicount v\u00f5imaldab sul osa\u00fchingu asutada minutite jooksul. Pane valmis oma Smart-ID, ID-kaart v\u00f5i mobiil-ID koos PIN koodidega.<\/p>\n\n\n\n<div class=\"wp-block-buttons is-horizontal is-content-justification-left is-layout-flex wp-container-core-buttons-is-layout-7e5fce0a wp-block-buttons-is-layout-flex\">\n<div class=\"wp-block-button\"><a class=\"wp-block-button__link wp-element-button\" href=\"https:\/\/unicount.eu\/et\/ou-asutamine\/\">Loe edasi<\/a><\/div>\n<\/div>\n<\/div>\n<\/div>\n<\/div><\/div>\n\n\n\n<div class=\"wp-block-group signup\"><div class=\"wp-block-group__inner-container is-layout-flow wp-block-group-is-layout-flow\">\n<div class=\"wp-block-columns is-layout-flex wp-container-core-columns-is-layout-9d6595d7 wp-block-columns-is-layout-flex\">\n<div class=\"wp-block-column is-vertically-aligned-center text-right justify-right is-layout-flow wp-block-column-is-layout-flow\">\n<figure class=\"wp-block-image size-large text-right\"><img decoding=\"async\" src=\"https:\/\/unicount.eu\/wp-content\/uploads\/2019\/03\/icon2.svg\" alt=\"\"\/><\/figure>\n\n\n\n<h2 class=\"wp-block-heading has-text-align-right\" id=\"aadressiteenus\">Aadressiteenus ja kontaktisiku teenus<\/h2>\n\n\n\n<p class=\"has-text-align-right\">Sinu uue osa\u00fchingu aadress v\u00f5ib r\u00e4\u00e4kida nii m\u00f5ndagi ettev\u00f5tte tausta kontrollivale kliendile v\u00f5i partnerile. Kasuta Unicounti aadressi Artius \u00e4rikeskuses v\u00f5i kontaktisiku teenust <\/p>\n\n\n\n<div class=\"wp-block-buttons is-horizontal is-content-justification-right is-layout-flex wp-container-core-buttons-is-layout-ae2fe186 wp-block-buttons-is-layout-flex\">\n<div class=\"wp-block-button\"><a class=\"wp-block-button__link wp-element-button\" href=\"https:\/\/unicount.eu\/et\/virtuaalkontor\/\">Loe edasi<\/a><\/div>\n<\/div>\n<\/div>\n\n\n\n<div class=\"wp-block-column is-layout-flow wp-block-column-is-layout-flow\">\n<figure class=\"wp-block-image size-full\"><img decoding=\"async\" src=\"https:\/\/unicount.eu\/wp-content\/uploads\/2022\/10\/howto-2.svg\" alt=\"\" class=\"wp-image-2742\"\/><\/figure>\n<\/div>\n<\/div>\n<\/div><\/div>\n\n\n\n<div class=\"wp-block-group signup\"><div class=\"wp-block-group__inner-container is-layout-flow wp-block-group-is-layout-flow\">\n<div class=\"wp-block-columns is-layout-flex wp-container-core-columns-is-layout-9d6595d7 wp-block-columns-is-layout-flex\">\n<div class=\"wp-block-column is-layout-flow wp-block-column-is-layout-flow\">\n<figure class=\"wp-block-image size-full\"><img decoding=\"async\" src=\"https:\/\/unicount.eu\/wp-content\/uploads\/2019\/03\/howto-3.svg\" alt=\"\" class=\"wp-image-148\"\/><\/figure>\n<\/div>\n\n\n\n<div class=\"wp-block-column is-vertically-aligned-center text-right is-layout-flow wp-block-column-is-layout-flow\">\n<figure class=\"wp-block-image size-full\"><img decoding=\"async\" src=\"https:\/\/unicount.eu\/wp-content\/uploads\/2019\/03\/icon5.svg\" alt=\"\" class=\"wp-image-145\"\/><\/figure>\n\n\n\n<h2 class=\"wp-block-heading has-text-align-left\" id=\"get-monthly-accounting\">Raamatupidamisteenus<\/h2>\n\n\n\n<p class=\"has-text-align-left\">Telli pilvep\u00f5hine raamatupidamisteenust koos kuluhalduse ja m\u00fc\u00fcgiarvete mooduliga<\/p>\n\n\n\n<div class=\"wp-block-buttons is-horizontal is-content-justification-left is-layout-flex wp-container-core-buttons-is-layout-7e5fce0a wp-block-buttons-is-layout-flex\">\n<div class=\"wp-block-button\"><a class=\"wp-block-button__link wp-element-button\" href=\"https:\/\/unicount.eu\/et\/raamatupidamine\/\">Loe edasi<\/a><\/div>\n<\/div>\n<\/div>\n<\/div>\n<\/div><\/div>\n","protected":false},"excerpt":{"rendered":"<p>Osa\u00fchingu asutamine n\u00fc\u00fcd imelihtne Osa\u00fchingu asutamine interneti teel peaks olema imelihtne. Ehitasime selle jaoks veebirakenduse, mis on \u00fchendatud Eesti \u00e4riregistriga. Osa\u00fchingu asutamine Unicount v\u00f5imaldab sul osa\u00fchingu asutada minutite jooksul. Pane valmis oma Smart-ID, ID-kaart v\u00f5i mobiil-ID koos PIN koodidega. Aadressiteenus ja kontaktisiku teenus Sinu uue osa\u00fchingu aadress v\u00f5ib r\u00e4\u00e4kida nii m\u00f5ndagi ettev\u00f5tte tausta kontrollivale kliendile [&hellip;]<\/p>\n","protected":false},"author":2,"featured_media":0,"parent":0,"menu_order":0,"comment_status":"closed","ping_status":"closed","template":"","meta":{"inline_featured_image":false,"footnotes":""},"class_list":["post-295","page","type-page","status-publish","hentry"],"acf":[],"yoast_head":"<!-- This site is optimized with the Yoast SEO Premium plugin v24.3 (Yoast SEO v24.3) - https:\/\/yoast.com\/wordpress\/plugins\/seo\/ -->\n<title>Unicounti teenused | Unicount osa\u00fchingu asutamine internetis<\/title>\n<meta name=\"description\" content=\"Osa\u00fchingu asutamine interneti teel peaks olema imelihtne. Ehitasime maailma lihtsaima osa\u00fchingu asutamise veebirakenduse ja pakume \u00e4riaadressi teenust.\" \/>\n<meta name=\"robots\" content=\"index, follow, max-snippet:-1, max-image-preview:large, max-video-preview:-1\" \/>\n<link rel=\"canonical\" href=\"https:\/\/unicount.eu\/et\/teenused\/\" \/>\n<meta property=\"og:locale\" content=\"et_EE\" \/>\n<meta property=\"og:type\" content=\"article\" \/>\n<meta property=\"og:title\" content=\"Teenused\" \/>\n<meta property=\"og:description\" content=\"Osa\u00fchingu asutamine interneti teel peaks olema imelihtne. Ehitasime maailma lihtsaima osa\u00fchingu asutamise veebirakenduse ja pakume \u00e4riaadressi teenust.\" \/>\n<meta property=\"og:url\" content=\"https:\/\/unicount.eu\/et\/teenused\/\" \/>\n<meta property=\"og:site_name\" content=\"Unicount\" \/>\n<meta property=\"article:publisher\" content=\"https:\/\/www.facebook.com\/unicount\/\" \/>\n<meta property=\"article:modified_time\" content=\"2026-02-19T13:00:08+00:00\" \/>\n<meta property=\"og:image\" content=\"https:\/\/unicount.eu\/wp-content\/uploads\/2019\/03\/howto-1.svg\" \/>\n<meta name=\"twitter:card\" content=\"summary_large_image\" \/>\n<meta name=\"twitter:site\" content=\"@unicountestonia\" \/>\n<meta name=\"twitter:label1\" content=\"Est. reading time\" \/>\n\t<meta name=\"twitter:data1\" content=\"2 minutit\" \/>\n<script type=\"application\/ld+json\" class=\"yoast-schema-graph\">{\"@context\":\"https:\/\/schema.org\",\"@graph\":[{\"@type\":\"WebPage\",\"@id\":\"https:\/\/unicount.eu\/et\/teenused\/\",\"url\":\"https:\/\/unicount.eu\/et\/teenused\/\",\"name\":\"Unicounti teenused | Unicount osa\u00fchingu asutamine internetis\",\"isPartOf\":{\"@id\":\"https:\/\/unicount.eu\/et\/#website\"},\"primaryImageOfPage\":{\"@id\":\"https:\/\/unicount.eu\/et\/teenused\/#primaryimage\"},\"image\":{\"@id\":\"https:\/\/unicount.eu\/et\/teenused\/#primaryimage\"},\"thumbnailUrl\":\"https:\/\/unicount.eu\/wp-content\/uploads\/2019\/03\/howto-1.svg\",\"datePublished\":\"2019-03-11T06:50:01+00:00\",\"dateModified\":\"2026-02-19T13:00:08+00:00\",\"description\":\"Osa\u00fchingu asutamine interneti teel peaks olema imelihtne. Ehitasime maailma lihtsaima osa\u00fchingu asutamise veebirakenduse ja pakume \u00e4riaadressi teenust.\",\"breadcrumb\":{\"@id\":\"https:\/\/unicount.eu\/et\/teenused\/#breadcrumb\"},\"inLanguage\":\"et\",\"potentialAction\":[{\"@type\":\"ReadAction\",\"target\":[\"https:\/\/unicount.eu\/et\/teenused\/\"]}]},{\"@type\":\"ImageObject\",\"inLanguage\":\"et\",\"@id\":\"https:\/\/unicount.eu\/et\/teenused\/#primaryimage\",\"url\":\"https:\/\/unicount.eu\/wp-content\/uploads\/2019\/03\/howto-1.svg\",\"contentUrl\":\"https:\/\/unicount.eu\/wp-content\/uploads\/2019\/03\/howto-1.svg\"},{\"@type\":\"BreadcrumbList\",\"@id\":\"https:\/\/unicount.eu\/et\/teenused\/#breadcrumb\",\"itemListElement\":[{\"@type\":\"ListItem\",\"position\":1,\"name\":\"Home\",\"item\":\"https:\/\/unicount.eu\/et\/\"},{\"@type\":\"ListItem\",\"position\":2,\"name\":\"Teenused\"}]},{\"@type\":\"WebSite\",\"@id\":\"https:\/\/unicount.eu\/et\/#website\",\"url\":\"https:\/\/unicount.eu\/et\/\",\"name\":\"Unicount\",\"description\":\"Lihtsaim viis osa\u00fchingu asutamiseks Eestis\",\"publisher\":{\"@id\":\"https:\/\/unicount.eu\/et\/#organization\"},\"potentialAction\":[{\"@type\":\"SearchAction\",\"target\":{\"@type\":\"EntryPoint\",\"urlTemplate\":\"https:\/\/unicount.eu\/et\/?s={search_term_string}\"},\"query-input\":{\"@type\":\"PropertyValueSpecification\",\"valueRequired\":true,\"valueName\":\"search_term_string\"}}],\"inLanguage\":\"et\"},{\"@type\":\"Organization\",\"@id\":\"https:\/\/unicount.eu\/et\/#organization\",\"name\":\"Unicount O\u00dc\",\"url\":\"https:\/\/unicount.eu\/et\/\",\"logo\":{\"@type\":\"ImageObject\",\"inLanguage\":\"et\",\"@id\":\"https:\/\/unicount.eu\/et\/#\/schema\/logo\/image\/\",\"url\":\"https:\/\/unicount.eu\/wp-content\/uploads\/2019\/10\/unicount-logo-002.jpg\",\"contentUrl\":\"https:\/\/unicount.eu\/wp-content\/uploads\/2019\/10\/unicount-logo-002.jpg\",\"width\":1380,\"height\":288,\"caption\":\"Unicount O\u00dc\"},\"image\":{\"@id\":\"https:\/\/unicount.eu\/et\/#\/schema\/logo\/image\/\"},\"sameAs\":[\"https:\/\/www.facebook.com\/unicount\/\",\"https:\/\/x.com\/unicountestonia\",\"https:\/\/www.linkedin.com\/company\/unicount\",\"https:\/\/www.youtube.com\/channel\/UCSV5_VgpIIAUyLWhjeXY8vQ\"]}]}<\/script>\n<!-- \/ Yoast SEO Premium plugin. -->","yoast_head_json":{"title":"Unicounti teenused | Unicount osa\u00fchingu asutamine internetis","description":"Osa\u00fchingu asutamine interneti teel peaks olema imelihtne. Ehitasime maailma lihtsaima osa\u00fchingu asutamise veebirakenduse ja pakume \u00e4riaadressi teenust.","robots":{"index":"index","follow":"follow","max-snippet":"max-snippet:-1","max-image-preview":"max-image-preview:large","max-video-preview":"max-video-preview:-1"},"canonical":"https:\/\/unicount.eu\/et\/teenused\/","og_locale":"et_EE","og_type":"article","og_title":"Teenused","og_description":"Osa\u00fchingu asutamine interneti teel peaks olema imelihtne. Ehitasime maailma lihtsaima osa\u00fchingu asutamise veebirakenduse ja pakume \u00e4riaadressi teenust.","og_url":"https:\/\/unicount.eu\/et\/teenused\/","og_site_name":"Unicount","article_publisher":"https:\/\/www.facebook.com\/unicount\/","article_modified_time":"2026-02-19T13:00:08+00:00","og_image":[{"url":"https:\/\/unicount.eu\/wp-content\/uploads\/2019\/03\/howto-1.svg","type":"","width":"","height":""}],"twitter_card":"summary_large_image","twitter_site":"@unicountestonia","twitter_misc":{"Est. reading time":"2 minutit"},"schema":{"@context":"https:\/\/schema.org","@graph":[{"@type":"WebPage","@id":"https:\/\/unicount.eu\/et\/teenused\/","url":"https:\/\/unicount.eu\/et\/teenused\/","name":"Unicounti teenused | Unicount osa\u00fchingu asutamine internetis","isPartOf":{"@id":"https:\/\/unicount.eu\/et\/#website"},"primaryImageOfPage":{"@id":"https:\/\/unicount.eu\/et\/teenused\/#primaryimage"},"image":{"@id":"https:\/\/unicount.eu\/et\/teenused\/#primaryimage"},"thumbnailUrl":"https:\/\/unicount.eu\/wp-content\/uploads\/2019\/03\/howto-1.svg","datePublished":"2019-03-11T06:50:01+00:00","dateModified":"2026-02-19T13:00:08+00:00","description":"Osa\u00fchingu asutamine interneti teel peaks olema imelihtne. Ehitasime maailma lihtsaima osa\u00fchingu asutamise veebirakenduse ja pakume \u00e4riaadressi teenust.","breadcrumb":{"@id":"https:\/\/unicount.eu\/et\/teenused\/#breadcrumb"},"inLanguage":"et","potentialAction":[{"@type":"ReadAction","target":["https:\/\/unicount.eu\/et\/teenused\/"]}]},{"@type":"ImageObject","inLanguage":"et","@id":"https:\/\/unicount.eu\/et\/teenused\/#primaryimage","url":"https:\/\/unicount.eu\/wp-content\/uploads\/2019\/03\/howto-1.svg","contentUrl":"https:\/\/unicount.eu\/wp-content\/uploads\/2019\/03\/howto-1.svg"},{"@type":"BreadcrumbList","@id":"https:\/\/unicount.eu\/et\/teenused\/#breadcrumb","itemListElement":[{"@type":"ListItem","position":1,"name":"Home","item":"https:\/\/unicount.eu\/et\/"},{"@type":"ListItem","position":2,"name":"Teenused"}]},{"@type":"WebSite","@id":"https:\/\/unicount.eu\/et\/#website","url":"https:\/\/unicount.eu\/et\/","name":"Unicount","description":"Lihtsaim viis osa\u00fchingu asutamiseks Eestis","publisher":{"@id":"https:\/\/unicount.eu\/et\/#organization"},"potentialAction":[{"@type":"SearchAction","target":{"@type":"EntryPoint","urlTemplate":"https:\/\/unicount.eu\/et\/?s={search_term_string}"},"query-input":{"@type":"PropertyValueSpecification","valueRequired":true,"valueName":"search_term_string"}}],"inLanguage":"et"},{"@type":"Organization","@id":"https:\/\/unicount.eu\/et\/#organization","name":"Unicount O\u00dc","url":"https:\/\/unicount.eu\/et\/","logo":{"@type":"ImageObject","inLanguage":"et","@id":"https:\/\/unicount.eu\/et\/#\/schema\/logo\/image\/","url":"https:\/\/unicount.eu\/wp-content\/uploads\/2019\/10\/unicount-logo-002.jpg","contentUrl":"https:\/\/unicount.eu\/wp-content\/uploads\/2019\/10\/unicount-logo-002.jpg","width":1380,"height":288,"caption":"Unicount O\u00dc"},"image":{"@id":"https:\/\/unicount.eu\/et\/#\/schema\/logo\/image\/"},"sameAs":["https:\/\/www.facebook.com\/unicount\/","https:\/\/x.com\/unicountestonia","https:\/\/www.linkedin.com\/company\/unicount","https:\/\/www.youtube.com\/channel\/UCSV5_VgpIIAUyLWhjeXY8vQ"]}]}},"_links":{"self":[{"href":"https:\/\/unicount.eu\/et\/wp-json\/wp\/v2\/pages\/295","targetHints":{"allow":["GET"]}}],"collection":[{"href":"https:\/\/unicount.eu\/et\/wp-json\/wp\/v2\/pages"}],"about":[{"href":"https:\/\/unicount.eu\/et\/wp-json\/wp\/v2\/types\/page"}],"author":[{"embeddable":true,"href":"https:\/\/unicount.eu\/et\/wp-json\/wp\/v2\/users\/2"}],"replies":[{"embeddable":true,"href":"https:\/\/unicount.eu\/et\/wp-json\/wp\/v2\/comments?post=295"}],"version-history":[{"count":11,"href":"https:\/\/unicount.eu\/et\/wp-json\/wp\/v2\/pages\/295\/revisions"}],"predecessor-version":[{"id":24830,"href":"https:\/\/unicount.eu\/et\/wp-json\/wp\/v2\/pages\/295\/revisions\/24830"}],"wp:attachment":[{"href":"https:\/\/unicount.eu\/et\/wp-json\/wp\/v2\/media?parent=295"}],"curies":[{"name":"wp","href":"https:\/\/api.w.org\/{rel}","templated":true}]}}