{"id":17349,"date":"2023-11-01T08:32:06","date_gmt":"2023-11-01T06:32:06","guid":{"rendered":"https:\/\/unicount.eu\/?page_id=17349"},"modified":"2023-12-08T12:40:53","modified_gmt":"2023-12-08T10:40:53","slug":"raamatupidamisteenuste-hinnakiri","status":"publish","type":"page","link":"https:\/\/unicount.eu\/et\/raamatupidamisteenuste-hinnakiri\/","title":{"rendered":"Raamatupidamisteenuse hinnakiri"},"content":{"rendered":"<p>Kehtiv 1. veebruarist 2023<\/p>\n<table>\n<tbody>\n<tr>\n<td class=\"has-text-align-center\" data-align=\"center\"><strong>PLAAN<\/strong><\/td>\n<td class=\"has-text-align-center\" data-align=\"center\"><strong>MICRO<\/strong><\/td>\n<td class=\"has-text-align-center\" data-align=\"center\"><strong>STANDARD<\/strong><\/td>\n<td class=\"has-text-align-center\" data-align=\"center\"><strong>PREMIUM<\/strong><\/td>\n<td class=\"has-text-align-center\" data-align=\"center\"><strong>ADVANCED<\/strong><\/td>\n<\/tr>\n<tr>\n<td class=\"has-text-align-left\" data-align=\"left\">Kuutasu<\/td>\n<td class=\"has-text-align-center\" data-align=\"center\">99\u20ac<\/td>\n<td class=\"has-text-align-center\" data-align=\"center\">149\u20ac<\/td>\n<td class=\"has-text-align-center\" data-align=\"center\">290\u20ac<\/td>\n<td class=\"has-text-align-center\" data-align=\"center\">Alates 490\u20ac<\/td>\n<\/tr>\n<tr>\n<td class=\"has-text-align-left\" data-align=\"left\">Teenuse osutamise sagedus<\/td>\n<td class=\"has-text-align-center\" data-align=\"center\">kuus<\/td>\n<td class=\"has-text-align-center\" data-align=\"center\">kuus<\/td>\n<td class=\"has-text-align-center\" data-align=\"center\">n\u00e4dalas<\/td>\n<td class=\"has-text-align-center\" data-align=\"center\">p\u00e4evas<\/td>\n<\/tr>\n<tr>\n<td class=\"has-text-align-left\" data-align=\"left\">Dokumendite arv (tk)<\/td>\n<td class=\"has-text-align-center\" data-align=\"center\">15<\/td>\n<td class=\"has-text-align-center\" data-align=\"center\">30<\/td>\n<td class=\"has-text-align-center\" data-align=\"center\">60<\/td>\n<td class=\"has-text-align-center\" data-align=\"center\">150<\/td>\n<\/tr>\n<tr>\n<td class=\"has-text-align-left\" data-align=\"left\">Paberivaba teenus<\/td>\n<td class=\"has-text-align-center\" data-align=\"center\"><strong>\u2713<\/strong><\/td>\n<td class=\"has-text-align-center\" data-align=\"center\"><strong>\u2713<\/strong><\/td>\n<td class=\"has-text-align-center\" data-align=\"center\"><strong>\u2713<\/strong><\/td>\n<td class=\"has-text-align-center\" data-align=\"center\"><strong>\u2713<\/strong><\/td>\n<\/tr>\n<tr>\n<td class=\"has-text-align-left\" data-align=\"left\">Kuluhaldustarkvara<\/td>\n<td class=\"has-text-align-center\" data-align=\"center\"><strong>\u2713<\/strong><\/td>\n<td class=\"has-text-align-center\" data-align=\"center\"><strong>\u2713<\/strong><\/td>\n<td class=\"has-text-align-center\" data-align=\"center\"><strong>\u2713<\/strong><\/td>\n<td class=\"has-text-align-center\" data-align=\"center\"><strong>\u2713<\/strong><\/td>\n<\/tr>\n<tr>\n<td class=\"has-text-align-left\" data-align=\"left\">M\u00fc\u00fcgiarvete tarkvara<\/td>\n<td class=\"has-text-align-center\" data-align=\"center\"><strong>\u2713<\/strong><\/td>\n<td class=\"has-text-align-center\" data-align=\"center\"><strong>\u2713<\/strong><\/td>\n<td class=\"has-text-align-center\" data-align=\"center\"><strong>\u2713<\/strong><\/td>\n<td class=\"has-text-align-center\" data-align=\"center\"><strong>\u2713<\/strong><\/td>\n<\/tr>\n<tr>\n<td class=\"has-text-align-left\" data-align=\"left\">Panga import XML, CSV<\/td>\n<td class=\"has-text-align-center\" data-align=\"center\"><strong>\u2713<\/strong><\/td>\n<td class=\"has-text-align-center\" data-align=\"center\"><strong>\u2713<\/strong><\/td>\n<td class=\"has-text-align-center\" data-align=\"center\"><strong>\u2713<\/strong><\/td>\n<td class=\"has-text-align-center\" data-align=\"center\"><strong>\u2713<\/strong><\/td>\n<\/tr>\n<tr>\n<td class=\"has-text-align-left\" data-align=\"left\">Finantsaruandlus (kasumiaruanne, bilanss)<\/td>\n<td class=\"has-text-align-center\" data-align=\"center\"><strong>\u2713<\/strong><\/td>\n<td class=\"has-text-align-center\" data-align=\"center\"><strong>\u2713<\/strong><\/td>\n<td class=\"has-text-align-center\" data-align=\"center\"><strong>\u2713<\/strong><\/td>\n<td class=\"has-text-align-center\" data-align=\"center\"><strong>\u2713<\/strong><\/td>\n<\/tr>\n<tr>\n<td class=\"has-text-align-left\" data-align=\"left\">K\u00e4ibemaksudeklaratsioon (KMD)<\/td>\n<td class=\"has-text-align-center\" data-align=\"center\"><strong>\u2713<\/strong><\/td>\n<td class=\"has-text-align-center\" data-align=\"center\"><strong>\u2713<\/strong><\/td>\n<td class=\"has-text-align-center\" data-align=\"center\"><strong>\u2713<\/strong><\/td>\n<td class=\"has-text-align-center\" data-align=\"center\"><strong>\u2713<\/strong><\/td>\n<\/tr>\n<tr>\n<td>\u00dchendusesisene k\u00e4ibemaksudeklaratsioon (VD)<\/td>\n<td class=\"has-text-align-center\" data-align=\"center\">15 \u20ac<\/td>\n<td class=\"has-text-align-center\" data-align=\"center\">15 \u20ac<\/td>\n<td class=\"has-text-align-center\" data-align=\"center\">15 \u20ac<\/td>\n<td class=\"has-text-align-center\" data-align=\"center\">15 \u20ac<\/td>\n<\/tr>\n<tr>\n<td class=\"has-text-align-left\" data-align=\"left\">Tulu-ja sotsiaalmaksu deklaratsioon (TSD)<\/td>\n<td class=\"has-text-align-center\" data-align=\"center\">30 \u20ac<\/td>\n<td class=\"has-text-align-center\" data-align=\"center\"><strong>\u2713<\/strong><\/td>\n<td class=\"has-text-align-center\" data-align=\"center\"><strong>\u2713<\/strong><\/td>\n<td class=\"has-text-align-center\" data-align=\"center\"><strong>\u2713<\/strong><\/td>\n<\/tr>\n<tr>\n<td>Palgaarvestus (t\u00f6\u00f6taja kohta)<\/td>\n<td class=\"has-text-align-center\" data-align=\"center\">10 \u20ac<\/td>\n<td class=\"has-text-align-center\" data-align=\"center\">10 \u20ac<\/td>\n<td class=\"has-text-align-center\" data-align=\"center\">10 \u20ac<\/td>\n<td class=\"has-text-align-center\" data-align=\"center\">10 \u20ac<\/td>\n<\/tr>\n<tr>\n<td class=\"has-text-align-left\" data-align=\"left\">Igan\u00e4dalane maksete ettevalmistus<\/td>\n<td class=\"has-text-align-center\" data-align=\"center\">\u00d7<\/td>\n<td class=\"has-text-align-center\" data-align=\"center\">\u00d7<\/td>\n<td class=\"has-text-align-center\" data-align=\"center\"><strong>\u2713<\/strong><\/td>\n<td class=\"has-text-align-center\" data-align=\"center\"><strong>\u2713<\/strong><\/td>\n<\/tr>\n<tr>\n<td class=\"has-text-align-left\" data-align=\"left\">Majandusaasta finantsanal\u00fc\u00fcs<\/td>\n<td class=\"has-text-align-center\" data-align=\"center\">\u00d7<\/td>\n<td class=\"has-text-align-center\" data-align=\"center\">\u00d7<\/td>\n<td class=\"has-text-align-center\" data-align=\"center\">\u00d7<\/td>\n<td class=\"has-text-align-center\" data-align=\"center\"><strong>\u2713<\/strong><\/td>\n<\/tr>\n<tr>\n<td><strong>LISATEENUSED<\/strong><\/td>\n<td class=\"has-text-align-center\" data-align=\"center\"><\/td>\n<td class=\"has-text-align-center\" data-align=\"center\"><\/td>\n<td class=\"has-text-align-center\" data-align=\"center\"><\/td>\n<td class=\"has-text-align-center\" data-align=\"center\"><\/td>\n<\/tr>\n<tr>\n<td>T\u00e4iendavad dokumendid (tk)<\/td>\n<td class=\"has-text-align-center\" data-align=\"center\">1.5 \u20ac<\/td>\n<td class=\"has-text-align-center\" data-align=\"center\">1.5 \u20ac<\/td>\n<td class=\"has-text-align-center\" data-align=\"center\">1.5 \u20ac<\/td>\n<td class=\"has-text-align-center\" data-align=\"center\">1.5 \u20ac<\/td>\n<\/tr>\n<tr>\n<td>Maksete ettevalmistamine (import)<\/td>\n<td class=\"has-text-align-center\" data-align=\"center\">5 \u20ac<\/td>\n<td class=\"has-text-align-center\" data-align=\"center\">5 \u20ac<\/td>\n<td class=\"has-text-align-center\" data-align=\"center\">5 \u20ac<\/td>\n<td class=\"has-text-align-center\" data-align=\"center\">5 \u20ac<\/td>\n<\/tr>\n<tr>\n<td>Pangav\u00e4ljav\u00f5tte k\u00e4sitsi sisestamine<\/td>\n<td class=\"has-text-align-center\" data-align=\"center\">20\u20ac<\/td>\n<td class=\"has-text-align-center\" data-align=\"center\">20\u20ac<\/td>\n<td class=\"has-text-align-center\" data-align=\"center\">20\u20ac<\/td>\n<td class=\"has-text-align-center\" data-align=\"center\">20\u20ac<\/td>\n<\/tr>\n<tr>\n<td>Statistiliste aruannete koostamine<\/td>\n<td class=\"has-text-align-center\" data-align=\"center\">55\u20ac\/h<\/td>\n<td class=\"has-text-align-center\" data-align=\"center\">55\u20ac\/h<\/td>\n<td class=\"has-text-align-center\" data-align=\"center\">55\u20ac\/h<\/td>\n<td class=\"has-text-align-center\" data-align=\"center\">55\u20ac\/h<\/td>\n<\/tr>\n<tr>\n<td>\u00c4rianal\u00fc\u00fcs ja -statistika<\/td>\n<td class=\"has-text-align-center\" data-align=\"center\">85\u20ac\/h<\/td>\n<td class=\"has-text-align-center\" data-align=\"center\">85\u20ac\/h<\/td>\n<td class=\"has-text-align-center\" data-align=\"center\">85\u20ac\/h<\/td>\n<td class=\"has-text-align-center\" data-align=\"center\">85\u20ac\/h<\/td>\n<\/tr>\n<tr>\n<td>Maksukonsultatsioon<\/td>\n<td class=\"has-text-align-center\" data-align=\"center\">120\u20ac\/h<\/td>\n<td class=\"has-text-align-center\" data-align=\"center\">120\u20ac\/h<\/td>\n<td class=\"has-text-align-center\" data-align=\"center\">120\u20ac\/h<\/td>\n<td class=\"has-text-align-center\" data-align=\"center\">120\u20ac\/h<\/td>\n<\/tr>\n<tr>\n<td>Auditi tugi<\/td>\n<td class=\"has-text-align-center\" data-align=\"center\">55\u20ac\/h<\/td>\n<td class=\"has-text-align-center\" data-align=\"center\">55\u20ac\/h<\/td>\n<td class=\"has-text-align-center\" data-align=\"center\">55\u20ac\/h<\/td>\n<td class=\"has-text-align-center\" data-align=\"center\">55\u20ac\/h<\/td>\n<\/tr>\n<tr>\n<td>Muud raamatupidamisteenused<\/td>\n<td class=\"has-text-align-center\" data-align=\"center\">55\u20ac\/h<\/td>\n<td class=\"has-text-align-center\" data-align=\"center\">55\u20ac\/h<\/td>\n<td class=\"has-text-align-center\" data-align=\"center\">55\u20ac\/h<\/td>\n<td class=\"has-text-align-center\" data-align=\"center\">55\u20ac\/h<\/td>\n<\/tr>\n<tr>\n<td>Majandusaasta aruanne<\/td>\n<td class=\"has-text-align-center\" data-align=\"center\">1 kuutasu<\/td>\n<td class=\"has-text-align-center\" data-align=\"center\">1 kuutasu<\/td>\n<td class=\"has-text-align-center\" data-align=\"center\">1 kuutasu<\/td>\n<td class=\"has-text-align-center\" data-align=\"center\">1 kuutasu<\/td>\n<\/tr>\n<tr>\n<td>Kliendi raamatupidamistarkvara (kuus)<\/td>\n<td class=\"has-text-align-center\" data-align=\"center\">99\u20ac<\/td>\n<td class=\"has-text-align-center\" data-align=\"center\">99\u20ac<\/td>\n<td class=\"has-text-align-center\" data-align=\"center\">99\u20ac<\/td>\n<td class=\"has-text-align-center\" data-align=\"center\">99\u20ac<\/td>\n<\/tr>\n<tr>\n<td>K\u00f5rgema riskiga tegevusalad<\/td>\n<td class=\"has-text-align-center\" data-align=\"center\">Ei<\/td>\n<td class=\"has-text-align-center\" data-align=\"center\">Ei<\/td>\n<td class=\"has-text-align-center\" data-align=\"center\">Ei<\/td>\n<td class=\"has-text-align-center\" data-align=\"center\">Jah<\/td>\n<\/tr>\n<\/tbody>\n<\/table>\n<p>Dokumendid on arved, pangakanded v\u00f5i sularahatehingud, v\u00e4lja arvatud arvete tasumised.<br \/>\nMuud kirjed sh p\u00f5hivarad ja lepingud arvestatakse tunnitasu alusel.<br \/>\nK\u00f5ikidele hindadele lisandub k\u00e4ibemaks.<\/p>\n","protected":false},"excerpt":{"rendered":"<p>Kehtiv 1. veebruarist 2023 PLAAN MICRO STANDARD PREMIUM ADVANCED Kuutasu 99\u20ac 149\u20ac 290\u20ac Alates 490\u20ac Teenuse osutamise sagedus kuus kuus n\u00e4dalas p\u00e4evas Dokumendite arv (tk) 15 30 60 150 Paberivaba teenus \u2713 \u2713 \u2713 \u2713 Kuluhaldustarkvara \u2713 \u2713 \u2713 \u2713 M\u00fc\u00fcgiarvete tarkvara \u2713 \u2713 \u2713 \u2713 Panga import XML, CSV \u2713 \u2713 \u2713 \u2713 Finantsaruandlus [&hellip;]<\/p>\n","protected":false},"author":2,"featured_media":0,"parent":0,"menu_order":0,"comment_status":"closed","ping_status":"closed","template":"terms.php","meta":{"inline_featured_image":false,"footnotes":""},"class_list":["post-17349","page","type-page","status-publish","hentry"],"acf":[],"yoast_head":"<!-- This site is optimized with the Yoast SEO Premium plugin v24.3 (Yoast SEO v24.3) - https:\/\/yoast.com\/wordpress\/plugins\/seo\/ -->\n<title>Raamatupidamisteenuse hinnakiri | Unicount<\/title>\n<meta name=\"description\" content=\"Unicount raamatupidamisteenuste paketid ja lisateenuste hinnakiri\" \/>\n<meta name=\"robots\" content=\"index, follow, max-snippet:-1, max-image-preview:large, max-video-preview:-1\" \/>\n<link rel=\"canonical\" href=\"https:\/\/unicount.eu\/et\/raamatupidamisteenuste-hinnakiri\/\" \/>\n<meta property=\"og:locale\" content=\"et_EE\" \/>\n<meta property=\"og:type\" content=\"article\" \/>\n<meta property=\"og:title\" content=\"Raamatupidamisteenuse hinnakiri\" \/>\n<meta property=\"og:description\" content=\"Unicount raamatupidamisteenuste paketid ja lisateenuste hinnakiri\" \/>\n<meta property=\"og:url\" content=\"https:\/\/unicount.eu\/et\/raamatupidamisteenuste-hinnakiri\/\" \/>\n<meta property=\"og:site_name\" content=\"Unicount\" \/>\n<meta property=\"article:publisher\" content=\"https:\/\/www.facebook.com\/unicount\/\" \/>\n<meta property=\"article:modified_time\" content=\"2023-12-08T10:40:53+00:00\" \/>\n<meta property=\"og:image\" content=\"https:\/\/unicount.eu\/wp-content\/uploads\/2021\/01\/fb-cover@2x.jpg\" \/>\n\t<meta property=\"og:image:width\" content=\"2400\" \/>\n\t<meta property=\"og:image:height\" content=\"1350\" \/>\n\t<meta property=\"og:image:type\" content=\"image\/jpeg\" \/>\n<meta name=\"twitter:card\" content=\"summary_large_image\" \/>\n<meta name=\"twitter:site\" content=\"@unicountestonia\" \/>\n<meta name=\"twitter:label1\" content=\"Est. reading time\" \/>\n\t<meta name=\"twitter:data1\" content=\"1 minut\" \/>\n<script type=\"application\/ld+json\" class=\"yoast-schema-graph\">{\"@context\":\"https:\/\/schema.org\",\"@graph\":[{\"@type\":\"WebPage\",\"@id\":\"https:\/\/unicount.eu\/et\/raamatupidamisteenuste-hinnakiri\/\",\"url\":\"https:\/\/unicount.eu\/et\/raamatupidamisteenuste-hinnakiri\/\",\"name\":\"Raamatupidamisteenuse hinnakiri | Unicount\",\"isPartOf\":{\"@id\":\"https:\/\/unicount.eu\/et\/#website\"},\"datePublished\":\"2023-11-01T06:32:06+00:00\",\"dateModified\":\"2023-12-08T10:40:53+00:00\",\"description\":\"Unicount raamatupidamisteenuste paketid ja lisateenuste hinnakiri\",\"breadcrumb\":{\"@id\":\"https:\/\/unicount.eu\/et\/raamatupidamisteenuste-hinnakiri\/#breadcrumb\"},\"inLanguage\":\"et\",\"potentialAction\":[{\"@type\":\"ReadAction\",\"target\":[\"https:\/\/unicount.eu\/et\/raamatupidamisteenuste-hinnakiri\/\"]}]},{\"@type\":\"BreadcrumbList\",\"@id\":\"https:\/\/unicount.eu\/et\/raamatupidamisteenuste-hinnakiri\/#breadcrumb\",\"itemListElement\":[{\"@type\":\"ListItem\",\"position\":1,\"name\":\"Home\",\"item\":\"https:\/\/unicount.eu\/et\/\"},{\"@type\":\"ListItem\",\"position\":2,\"name\":\"Raamatupidamisteenuse hinnakiri\"}]},{\"@type\":\"WebSite\",\"@id\":\"https:\/\/unicount.eu\/et\/#website\",\"url\":\"https:\/\/unicount.eu\/et\/\",\"name\":\"Unicount\",\"description\":\"Lihtsaim viis osa\u00fchingu asutamiseks Eestis\",\"publisher\":{\"@id\":\"https:\/\/unicount.eu\/et\/#organization\"},\"potentialAction\":[{\"@type\":\"SearchAction\",\"target\":{\"@type\":\"EntryPoint\",\"urlTemplate\":\"https:\/\/unicount.eu\/et\/?s={search_term_string}\"},\"query-input\":{\"@type\":\"PropertyValueSpecification\",\"valueRequired\":true,\"valueName\":\"search_term_string\"}}],\"inLanguage\":\"et\"},{\"@type\":\"Organization\",\"@id\":\"https:\/\/unicount.eu\/et\/#organization\",\"name\":\"Unicount O\u00dc\",\"url\":\"https:\/\/unicount.eu\/et\/\",\"logo\":{\"@type\":\"ImageObject\",\"inLanguage\":\"et\",\"@id\":\"https:\/\/unicount.eu\/et\/#\/schema\/logo\/image\/\",\"url\":\"https:\/\/unicount.eu\/wp-content\/uploads\/2019\/10\/unicount-logo-002.jpg\",\"contentUrl\":\"https:\/\/unicount.eu\/wp-content\/uploads\/2019\/10\/unicount-logo-002.jpg\",\"width\":1380,\"height\":288,\"caption\":\"Unicount O\u00dc\"},\"image\":{\"@id\":\"https:\/\/unicount.eu\/et\/#\/schema\/logo\/image\/\"},\"sameAs\":[\"https:\/\/www.facebook.com\/unicount\/\",\"https:\/\/x.com\/unicountestonia\",\"https:\/\/www.linkedin.com\/company\/unicount\",\"https:\/\/www.youtube.com\/channel\/UCSV5_VgpIIAUyLWhjeXY8vQ\"]}]}<\/script>\n<!-- \/ Yoast SEO Premium plugin. -->","yoast_head_json":{"title":"Raamatupidamisteenuse hinnakiri | Unicount","description":"Unicount raamatupidamisteenuste paketid ja lisateenuste hinnakiri","robots":{"index":"index","follow":"follow","max-snippet":"max-snippet:-1","max-image-preview":"max-image-preview:large","max-video-preview":"max-video-preview:-1"},"canonical":"https:\/\/unicount.eu\/et\/raamatupidamisteenuste-hinnakiri\/","og_locale":"et_EE","og_type":"article","og_title":"Raamatupidamisteenuse hinnakiri","og_description":"Unicount raamatupidamisteenuste paketid ja lisateenuste hinnakiri","og_url":"https:\/\/unicount.eu\/et\/raamatupidamisteenuste-hinnakiri\/","og_site_name":"Unicount","article_publisher":"https:\/\/www.facebook.com\/unicount\/","article_modified_time":"2023-12-08T10:40:53+00:00","og_image":[{"width":2400,"height":1350,"url":"https:\/\/unicount.eu\/wp-content\/uploads\/2021\/01\/fb-cover@2x.jpg","type":"image\/jpeg"}],"twitter_card":"summary_large_image","twitter_site":"@unicountestonia","twitter_misc":{"Est. reading time":"1 minut"},"schema":{"@context":"https:\/\/schema.org","@graph":[{"@type":"WebPage","@id":"https:\/\/unicount.eu\/et\/raamatupidamisteenuste-hinnakiri\/","url":"https:\/\/unicount.eu\/et\/raamatupidamisteenuste-hinnakiri\/","name":"Raamatupidamisteenuse hinnakiri | Unicount","isPartOf":{"@id":"https:\/\/unicount.eu\/et\/#website"},"datePublished":"2023-11-01T06:32:06+00:00","dateModified":"2023-12-08T10:40:53+00:00","description":"Unicount raamatupidamisteenuste paketid ja lisateenuste hinnakiri","breadcrumb":{"@id":"https:\/\/unicount.eu\/et\/raamatupidamisteenuste-hinnakiri\/#breadcrumb"},"inLanguage":"et","potentialAction":[{"@type":"ReadAction","target":["https:\/\/unicount.eu\/et\/raamatupidamisteenuste-hinnakiri\/"]}]},{"@type":"BreadcrumbList","@id":"https:\/\/unicount.eu\/et\/raamatupidamisteenuste-hinnakiri\/#breadcrumb","itemListElement":[{"@type":"ListItem","position":1,"name":"Home","item":"https:\/\/unicount.eu\/et\/"},{"@type":"ListItem","position":2,"name":"Raamatupidamisteenuse hinnakiri"}]},{"@type":"WebSite","@id":"https:\/\/unicount.eu\/et\/#website","url":"https:\/\/unicount.eu\/et\/","name":"Unicount","description":"Lihtsaim viis osa\u00fchingu asutamiseks Eestis","publisher":{"@id":"https:\/\/unicount.eu\/et\/#organization"},"potentialAction":[{"@type":"SearchAction","target":{"@type":"EntryPoint","urlTemplate":"https:\/\/unicount.eu\/et\/?s={search_term_string}"},"query-input":{"@type":"PropertyValueSpecification","valueRequired":true,"valueName":"search_term_string"}}],"inLanguage":"et"},{"@type":"Organization","@id":"https:\/\/unicount.eu\/et\/#organization","name":"Unicount O\u00dc","url":"https:\/\/unicount.eu\/et\/","logo":{"@type":"ImageObject","inLanguage":"et","@id":"https:\/\/unicount.eu\/et\/#\/schema\/logo\/image\/","url":"https:\/\/unicount.eu\/wp-content\/uploads\/2019\/10\/unicount-logo-002.jpg","contentUrl":"https:\/\/unicount.eu\/wp-content\/uploads\/2019\/10\/unicount-logo-002.jpg","width":1380,"height":288,"caption":"Unicount O\u00dc"},"image":{"@id":"https:\/\/unicount.eu\/et\/#\/schema\/logo\/image\/"},"sameAs":["https:\/\/www.facebook.com\/unicount\/","https:\/\/x.com\/unicountestonia","https:\/\/www.linkedin.com\/company\/unicount","https:\/\/www.youtube.com\/channel\/UCSV5_VgpIIAUyLWhjeXY8vQ"]}]}},"_links":{"self":[{"href":"https:\/\/unicount.eu\/et\/wp-json\/wp\/v2\/pages\/17349","targetHints":{"allow":["GET"]}}],"collection":[{"href":"https:\/\/unicount.eu\/et\/wp-json\/wp\/v2\/pages"}],"about":[{"href":"https:\/\/unicount.eu\/et\/wp-json\/wp\/v2\/types\/page"}],"author":[{"embeddable":true,"href":"https:\/\/unicount.eu\/et\/wp-json\/wp\/v2\/users\/2"}],"replies":[{"embeddable":true,"href":"https:\/\/unicount.eu\/et\/wp-json\/wp\/v2\/comments?post=17349"}],"version-history":[{"count":5,"href":"https:\/\/unicount.eu\/et\/wp-json\/wp\/v2\/pages\/17349\/revisions"}],"predecessor-version":[{"id":17359,"href":"https:\/\/unicount.eu\/et\/wp-json\/wp\/v2\/pages\/17349\/revisions\/17359"}],"wp:attachment":[{"href":"https:\/\/unicount.eu\/et\/wp-json\/wp\/v2\/media?parent=17349"}],"curies":[{"name":"wp","href":"https:\/\/api.w.org\/{rel}","templated":true}]}}