{"id":1049,"date":"2019-10-07T20:04:09","date_gmt":"2019-10-07T17:04:09","guid":{"rendered":"https:\/\/unicount.eu\/?page_id=1049"},"modified":"2026-01-13T13:54:56","modified_gmt":"2026-01-13T11:54:56","slug":"ou-asutamine","status":"publish","type":"page","link":"https:\/\/unicount.eu\/et\/ou-asutamine\/","title":{"rendered":"Osa\u00fchingu asutamine internetis"},"content":{"rendered":"\n<section id=\"piltparemal-block_64f41ad674349ccf74ff584683df1c82\"\n         class=\"piltparemal  sixty color-white  large-font formation blue_bg\">\n    <div class=\"wrapper\">\n\n\n        <div class=\"row d-flex flex-wrap\">\n\n            <div class=\"col-md-6 d-flex flex-wrap align-content-start left-side\">\n\t\t\t\t                    <h2 class=\"module-heading\">\n\t\t\t\t\t\tOsa\u00fchingu asutamine internetis                    <\/h2>\n\t\t\t\t\n\n\t\t\t\t                    <p class=\"def-p\">\n\t\t\t\t\t\tOsa\u00fchingu asutamine on \u00e4riregistri uue teenusega imelihtne. Smart-ID, Mobiil-ID ja ID-kaardi abil saad osakapitali sissemakseta osa\u00fchingu asutada viie minutiga. Saadaval ainult koos aadressiteenusega.<br \/>\r\n                    <\/p>\n\t\t\t\t\n\n\t\t\t\t                    <div class=\"sCont\">\n\t\t\t\t\t\t<form id=\"company_check\">\r\n                        <input class=\"form-input\" name=\"name\" type=\"text\" placeholder=\"Kontrolli osa\u00fchingu nime saadavust\" autofocus=\"\">\r\n                        <input class=\"button--type1\" type=\"submit\" value=\"Kontrolli\">\r\n                        <input type=\"hidden\" name=\"lang\" value=\"et\">\r\n                    <\/form>                    <\/div>\n\t\t\t\t\n\n\n\n\t\t\t\t\n            <\/div>\n\n\t\t\t                <div class=\"col-md-6 right-side video\">\n\t\t\t\t\t\t\t\t\t\t\t\t\t\t\t\t\t\t\n\t\t\t\t\t                    <a class=\"inset\" data-fancybox href=\"https:\/\/www.youtube.com\/watch?v=LuoL9QZycYo\">\n                        <img decoding=\"async\" class=\"img-responsive \" src=\"https:\/\/unicount.eu\/wp-content\/uploads\/2020\/12\/Group-16.png\" alt=\"\">\n                        <div class=\"play\">\n                            <img decoding=\"async\" class=\"video-feature__play\"\n                                 src=\"https:\/\/unicount.eu\/wp-content\/themes\/unicount\/img\/landing-video-play.svg\"\n                                 alt=\"Video\">\n                        <\/div>\n                    <\/a><\/div>\n\t\t\t            <\/div>\n\n\n        <\/div>\n<\/section>\n\n\n\n<section id=\"sildiplokk-block_22b53133113e9ad35c0c3d1c65066515\"\n         class=\"sildiplokk  bg-white alignfull\">\n    <div class=\"wrapper\">\n\n\n        <div class=\"d-flex\">\n\t\t\t                <h2 class=\"module-heading\">\n\t\t\t\t\tOsa\u00fchingu asutamine                <\/h2>\n\t\t\t\n\t\t\t\n\t\t\t                <div class=\"customBadge #F5BB50\" style=\"background-color: #F5BB50;\">\n                    <div class=\"triangle\" style=\"border-right-color: #F5BB50\"><\/div>\n\t\t\t\t\t\u20ac296                <\/div>\n\t\t\t\n        <\/div>\n\n\n\t\t            <p class=\"def-p\">\n\t\t\t\t<p>Osa\u00fchingu asutamine maksab 296 eurot sh k\u00e4ibemaks.<br \/>\nHinnas sisaldub juba 265 euro suurune riigil\u00f5iv.<\/p>\n            <\/p>\n\t\t\n\n<\/section>\n\n\n\n<section id=\"testimonial-block_9ecddbf1c1a4ac104bf62b9a335f2e12\"\n         class=\"kakskaarti kolmkaarti  bg-white alignfull\">\n    <div class=\"wrapper\">\n\n\n\t\t\n                <div class=\"row d-flex flex-wrap\">\n\n\t\t\t\t\t                        <div class=\"col-lg-4 d-flex item\">\n                            <div class=\"card-item\">\n\t\t\t\t\t\t\t                                <div class=\"iconCont\">\n                                    <img decoding=\"async\" src=\"https:\/\/unicount.eu\/wp-content\/uploads\/2019\/10\/Group-13@15x.svg\" alt=\"\">\n                                <\/div>\n\t\t\t\t\t\t\t\n\n\t\t\t\t\t\t\t                                <h3 class=\"\">\n\t\t\t\t\t\t\t\t\tOtsi v\u00e4lja oma PIN koodid                                <\/h3>\n\t\t\t\t\t\t\t\n\t\t\t\t\t\t\t                                <p class=\"\">\n\t\t\t\t\t\t\t\t\t<p>Osa\u00fchingu interneti teel asutamiseks otsi v\u00e4lja oma Smart-ID, Mobiil-ID v\u00f5i ID-kaardi PIN1 ja PIN2 koodid, vajad neid asutamisavalduse koostamiseks ja allkirjastamiseks.<\/p>\n                                <\/p>\n\t\t\t\t\t\t\t\n\t                                                                    <a class=\"text-link\" href=\"https:\/\/support.unicount.eu\/et\/articles\/2939127-millise-osauhingu-saab-veebirakenduses-asutada\" target=\"_blank\">Miks neid vaja on?<\/a>\n\t\t                                                        <\/div>\n                        <\/div>\n\t\t\t\t\t                        <div class=\"col-lg-4 d-flex item\">\n                            <div class=\"card-item\">\n\t\t\t\t\t\t\t                                <div class=\"iconCont\">\n                                    <img decoding=\"async\" src=\"https:\/\/unicount.eu\/wp-content\/uploads\/2019\/10\/Group-15@15x.svg\" alt=\"\">\n                                <\/div>\n\t\t\t\t\t\t\t\n\n\t\t\t\t\t\t\t                                <h3 class=\"\">\n\t\t\t\t\t\t\t\t\tT\u00e4ida avaldus iseteeninduses                                <\/h3>\n\t\t\t\t\t\t\t\n\t\t\t\t\t\t\t                                <p class=\"\">\n\t\t\t\t\t\t\t\t\t<p>Unicounti iseteeninduses osa\u00fchingu asutamisavalduse koostamine on imelihtne. Leia enne alustamist oma tegevusalale vastav EMTAK kood.<\/p>\n                                <\/p>\n\t\t\t\t\t\t\t\n\t                                                                    <a class=\"text-link\" href=\"https:\/\/www.rik.ee\/et\/e-ariregister\/emtak-tegevusalad\" target=\"_blank\">Leia EMTAK tegevusala<\/a>\n\t\t                                                        <\/div>\n                        <\/div>\n\t\t\t\t\t                        <div class=\"col-lg-4 d-flex item\">\n                            <div class=\"card-item\">\n\t\t\t\t\t\t\t                                <div class=\"iconCont\">\n                                    <img decoding=\"async\" src=\"https:\/\/unicount.eu\/wp-content\/uploads\/2019\/10\/tool.png\" alt=\"\">\n                                <\/div>\n\t\t\t\t\t\t\t\n\n\t\t\t\t\t\t\t                                <h3 class=\"\">\n\t\t\t\t\t\t\t\t\tVali sobiv juriidiline aadress                                <\/h3>\n\t\t\t\t\t\t\t\n\t\t\t\t\t\t\t                                <p class=\"\">\n\t\t\t\t\t\t\t\t\t<p>Sobiva aadressi puudumisel saad osa\u00fchingu asutamisel iseteeninduses tellida esindusliku\u00a0\u00e4riaadressi Tallinnas Tammsaare \u00e4rikeskuses.<\/p>\n                                <\/p>\n\t\t\t\t\t\t\t\n\t                                                                    <a class=\"text-link\" href=\"https:\/\/unicount.eu\/et\/virtuaalkontor\/\" target=\"_self\">Loe lisa<\/a>\n\t\t                                                        <\/div>\n                        <\/div>\n\t\t\t\t\t                        <div class=\"col-lg-4 d-flex item\">\n                            <div class=\"card-item\">\n\t\t\t\t\t\t\t                                <div class=\"iconCont\">\n                                    <img decoding=\"async\" src=\"https:\/\/unicount.eu\/wp-content\/uploads\/2019\/10\/Group-14@15x.svg\" alt=\"\">\n                                <\/div>\n\t\t\t\t\t\t\t\n\n\t\t\t\t\t\t\t                                <h3 class=\"\">\n\t\t\t\t\t\t\t\t\tMida osa\u00fchingu asutamine sisaldab?                                <\/h3>\n\t\t\t\t\t\t\t\n\t\t\t\t\t\t\t                                <p class=\"\">\n\t\t\t\t\t\t\t\t\t<p>Osa\u00fchingu asutamisel esitab Unicount sinu avalduse <a href=\"https:\/\/www.rik.ee\/et\/muud-teenused\/ettevotja-asutamise-api\">API kaudu<\/a> \u00e4riregistrile ja maksab riigil\u00f5ivu. Sulle j\u00e4\u00e4b vaid firma \u00e4riregistris registreerimise ootamine.<\/p>\n                                <\/p>\n\t\t\t\t\t\t\t\n\t                                                                    <a class=\"text-link\" href=\"https:\/\/unicount.eu\/et\/osauhingu-asutamine-viie-minutiga\/\" target=\"_self\">Loe lisa<\/a>\n\t\t                                                        <\/div>\n                        <\/div>\n\t\t\t\t\t                <\/div>\n\t\t\t\n\n    <\/div>\n<\/section>\n\n\n\n<style>\n    #knowledge-block2 {\n        margin-left: calc(-100vw \/ 2 + 100% \/ 2) !important;\n        margin-right: calc(-100vw \/ 2 + 100% \/ 2) !important;\n        max-width: 100vw !important;\n        width: auto !important;\n    }\n.inner  {\n    width: 90%;\n    max-width: 1440px;\n    margin-right: auto;\n    padding-left: 2rem;\n    padding-right: 2rem;\n    margin-left: auto;\n}\n    @media (min-width: 768px) {\n        #knowledge-block2 .panel-collapse {\n            margin: 0 -3rem 0 -3rem;\n        }\n    }\n    #knowledge-block2 .knowledge__panel-switcher.active {\n        color: #4660FF;\n    }\n<\/style>\n\n<div id=\"knowledge-block2\" class=\"faq \">\n    <div class=\"inner\">\n        <div class=\"knowledge-content tab-content\">\n\n                         <h2> Korduma kippuvad k\u00fcsimused<\/h2>\n           \t\t\t\n\n\t\t\t\t\t                        <div class=\"panel panel-default\">\n                            <a class=\"knowledge__panel-switcher \" data-toggle=\"collapse\"\n                               data-parent=\"#knowledge-tab i++\"\n                               href=\"#knowledge-pane postid\"\n                               title=\"Millise osa\u00fchingu saab veebirakenduses asutada?\">\n\t\t\t\t\t\t\t\tMillise osa\u00fchingu saab veebirakenduses asutada?                            <\/a>\n                            <div id=\"knowledge-pane postid\" class=\"panel-collapse collapse \"\n                                 role=\"tabpanel\">\n                                <div class=\"knowledge__panel\">\n\t\t\t\t\t\t\t\t\t<p>Unicounti veebirakenduses on v\u00f5imalik elektroonilise kiirmenetluse teel asutada osakapitali sissemakseta osa\u00fching, millel on \u00fcks f\u00fc\u00fcsilisest isikust asutaja ja juhatuse liige.<br \/>\nAsutaja ja juhatuse liige (\u00fches isikus) peab olema v\u00f5imeline asutamise avaldust digitaalallkirjaga kinnitama. Toetatud on Eesti Smart-ID, ID-kaart, mobiil-ID ja digi-ID (sh e-residendi digi-ID). Ilma korrektse digitaalallkirjata avaldust Tartu Maakohtu registriosakond menetlusse ei v\u00f5ta.<\/p>\n<p>Osa\u00fchingu p\u00f5hikirjas m\u00e4\u00e4ratud tulevane osakapital peab olema vahemikus 2500 kuni 25 000 eurot.<\/p>\n<p>Kahe ja enama asutajaga osa\u00fchingu asutamine ning osakapitali sissemakse pole veel v\u00f5imalik kasutatava \u00c4riregistri API liidese t\u00f5ttu.<\/p>\n<p>Samuti ei sobi Unicounti teenus mitterahalise sissemakse soovi korral, kasutatav t\u00fc\u00fcpp\u00f5hikiri n\u00e4eb ette ainult rahalised sissemaksed osakapitali.<\/p>\n                                <\/div>\n                            <\/div>\n                        <\/div>\n\t\t\t\t\t\t\t\t\t\t\t                        <div class=\"panel panel-default\">\n                            <a class=\"knowledge__panel-switcher \" data-toggle=\"collapse\"\n                               data-parent=\"#knowledge-tab i++\"\n                               href=\"#knowledge-pane postid\"\n                               title=\"Milline on asutatud osa\u00fchingu p\u00f5hikiri?\">\n\t\t\t\t\t\t\t\tMilline on asutatud osa\u00fchingu p\u00f5hikiri?                            <\/a>\n                            <div id=\"knowledge-pane postid\" class=\"panel-collapse collapse \"\n                                 role=\"tabpanel\">\n                                <div class=\"knowledge__panel\">\n\t\t\t\t\t\t\t\t\t<p>P\u00f5hjaliku juristi poolt kommenteeritud \u00fclevaate Unicounti poolt kasutatavast valmis p\u00f5hikirjast leiad siit <a href=\"https:\/\/unicount.eu\/et\/osauhingu-pohikiri\/\">artiklist<\/a>.<\/p>\n                                <\/div>\n                            <\/div>\n                        <\/div>\n\t\t\t\t\t\t\t\t\t\t\t                        <div class=\"panel panel-default\">\n                            <a class=\"knowledge__panel-switcher \" data-toggle=\"collapse\"\n                               data-parent=\"#knowledge-tab i++\"\n                               href=\"#knowledge-pane postid\"\n                               title=\"Kuidas Unicounti minu osa\u00fchingu registreerib?\">\n\t\t\t\t\t\t\t\tKuidas Unicounti minu osa\u00fchingu registreerib?                            <\/a>\n                            <div id=\"knowledge-pane postid\" class=\"panel-collapse collapse \"\n                                 role=\"tabpanel\">\n                                <div class=\"knowledge__panel\">\n\t\t\t\t\t\t\t\t\t<p>Osa\u00fchingu registreerimise protsess p\u00f5hineb \u00c4riregistri teenusel, Unicount edastab sinu poolt digitaalallkirjastatud asutamisavalduse \u00c4riregistrile ning maksab osa\u00fchingu kiirmenetlusega asutamise eest riigil\u00f5ivu Rahandusministeeriumile.<\/p>\n<p>Unicounti veebirakendus valmistab asutamisavalduse ette sinu poolt sisestatud andmete alusel. Asutamisavaldust kontrollib Tartu maakohtu registriosakond, kohtunikuabi otsustab kas avalduses toodud andmed ja valitud osa\u00fchingu nimi on sobivad v\u00f5i mitte.<\/p>\n                                <\/div>\n                            <\/div>\n                        <\/div>\n\t\t\t\t\t\t\t\t\t\t\t                        <div class=\"panel panel-default\">\n                            <a class=\"knowledge__panel-switcher \" data-toggle=\"collapse\"\n                               data-parent=\"#knowledge-tab i++\"\n                               href=\"#knowledge-pane postid\"\n                               title=\"Kui kaua osa\u00fchingu asutamine aega v\u00f5tab?\">\n\t\t\t\t\t\t\t\tKui kaua osa\u00fchingu asutamine aega v\u00f5tab?                            <\/a>\n                            <div id=\"knowledge-pane postid\" class=\"panel-collapse collapse \"\n                                 role=\"tabpanel\">\n                                <div class=\"knowledge__panel\">\n\t\t\t\t\t\t\t\t\t<p>Unicounti veebirakenduses avalduse t\u00e4itmise ja allkirjastamise j\u00e4rel edastame sinu andmed \u00c4riregistrile. Otsus osa\u00fchingu asutamise osas tehakse 1-2 t\u00f6\u00f6p\u00e4eva jooksul ning saad sellest ka e-posti teel kohe teada.<\/p>\n                                <\/div>\n                            <\/div>\n                        <\/div>\n\t\t\t\t\t\t\t\t\t\t\t                        <div class=\"panel panel-default\">\n                            <a class=\"knowledge__panel-switcher \" data-toggle=\"collapse\"\n                               data-parent=\"#knowledge-tab i++\"\n                               href=\"#knowledge-pane postid\"\n                               title=\"Milliseid andmeid on osa\u00fchingu asutamiseks vaja?\">\n\t\t\t\t\t\t\t\tMilliseid andmeid on osa\u00fchingu asutamiseks vaja?                            <\/a>\n                            <div id=\"knowledge-pane postid\" class=\"panel-collapse collapse \"\n                                 role=\"tabpanel\">\n                                <div class=\"knowledge__panel\">\n\t\t\t\t\t\t\t\t\t<p>Osa\u00fchingu registreerimiseks vajame sinu isikuandmeid ja planeeritavat tegevusala. K\u00fcsime ainult neid andmeid, mida on vaja osa\u00fchingu registreerimiseks \u00c4riregistris.<\/p>\n<p>Vajalikud isikuandmed:<br \/>\nEes-ja perekonnanimi (t\u00e4idetakse automaatselt sisselogimisel)<br \/>\nIsikukood (t\u00e4idetakse automaatselt sisselogimisel)<br \/>\nE-posti aadress<br \/>\nTelefoninumber<br \/>\nElukoht<br \/>\nKodakondsus<\/p>\n<p>Vajalikud osa\u00fchingu andmed:<br \/>\nPlaanitav tegevusala (EMTAK kood)<br \/>\nOsakapital (vaikimisi n\u00f5utud minimaalne 2500 eurot)<br \/>\nOsa\u00fchingu e-posti aadress (\u00c4riregistrist tasuta k\u00e4ttesaadav k\u00f5igile)<br \/>\nOsa\u00fchingu telefon (\u00c4riregistrist tasuliselt k\u00e4ttesaadav k\u00f5igile)<br \/>\nOsa\u00fchingu aadress (v\u00f5ib olla Unicounti \u00e4riaadress teenuse tellimisel)<\/p>\n                                <\/div>\n                            <\/div>\n                        <\/div>\n\t\t\t\t\t\t\t\t\t\t\t                        <div class=\"panel panel-default\">\n                            <a class=\"knowledge__panel-switcher \" data-toggle=\"collapse\"\n                               data-parent=\"#knowledge-tab i++\"\n                               href=\"#knowledge-pane postid\"\n                               title=\"Sul on veel k\u00fcsimusi?\">\n\t\t\t\t\t\t\t\tSul on veel k\u00fcsimusi?                            <\/a>\n                            <div id=\"knowledge-pane postid\" class=\"panel-collapse collapse \"\n                                 role=\"tabpanel\">\n                                <div class=\"knowledge__panel\">\n\t\t\t\t\t\t\t\t\t<p>Vaata meie klienditoe artiklite vastuseid korduma kippuvatele k\u00fcsimustele <a href=\"https:\/\/support.unicount.eu\/et\/collections\/1707015-osauhingu-asutamine\">siit<\/a>.<\/p>\n                                <\/div>\n                            <\/div>\n                        <\/div>\n\t\t\t\t\t\t\t\t\t\t\t\t\t\t\t        <\/div>\n    <\/div>\n<\/div>\n\n","protected":false},"excerpt":{"rendered":"","protected":false},"author":2,"featured_media":0,"parent":0,"menu_order":0,"comment_status":"closed","ping_status":"closed","template":"page.php","meta":{"inline_featured_image":false,"footnotes":""},"class_list":["post-1049","page","type-page","status-publish","hentry"],"acf":[],"yoast_head":"<!-- This site is optimized with the Yoast SEO Premium plugin v24.3 (Yoast SEO v24.3) - https:\/\/yoast.com\/wordpress\/plugins\/seo\/ -->\n<title>O\u00dc asutamine | Unicount osa\u00fchingu asutamine internetis<\/title>\n<meta name=\"description\" content=\"O\u00dc asutamine pole kunagi olnud nii lihtne. Mobiil-ID ja ID-kaardi abil saad osakapitali sissemakseta osa\u00fchingu asutada viie minutiga.\" \/>\n<meta name=\"robots\" content=\"index, follow, max-snippet:-1, max-image-preview:large, max-video-preview:-1\" \/>\n<link rel=\"canonical\" href=\"https:\/\/unicount.eu\/et\/ou-asutamine\/\" \/>\n<meta property=\"og:locale\" content=\"et_EE\" \/>\n<meta property=\"og:type\" content=\"article\" \/>\n<meta property=\"og:title\" content=\"Osa\u00fchingu asutamine internetis\" \/>\n<meta property=\"og:description\" content=\"O\u00dc asutamine pole kunagi olnud nii lihtne. Mobiil-ID ja ID-kaardi abil saad osakapitali sissemakseta osa\u00fchingu asutada viie minutiga.\" \/>\n<meta property=\"og:url\" content=\"https:\/\/unicount.eu\/et\/ou-asutamine\/\" \/>\n<meta property=\"og:site_name\" content=\"Unicount\" \/>\n<meta property=\"article:publisher\" content=\"https:\/\/www.facebook.com\/unicount\/\" \/>\n<meta property=\"article:modified_time\" content=\"2026-01-13T11:54:56+00:00\" \/>\n<meta property=\"og:image\" content=\"https:\/\/unicount.eu\/wp-content\/uploads\/2021\/01\/fb-cover@2x.jpg\" \/>\n\t<meta property=\"og:image:width\" content=\"2400\" \/>\n\t<meta property=\"og:image:height\" content=\"1350\" \/>\n\t<meta property=\"og:image:type\" content=\"image\/jpeg\" \/>\n<meta name=\"twitter:card\" content=\"summary_large_image\" \/>\n<meta name=\"twitter:site\" content=\"@unicountestonia\" \/>\n<script type=\"application\/ld+json\" class=\"yoast-schema-graph\">{\"@context\":\"https:\/\/schema.org\",\"@graph\":[{\"@type\":\"WebPage\",\"@id\":\"https:\/\/unicount.eu\/et\/ou-asutamine\/\",\"url\":\"https:\/\/unicount.eu\/et\/ou-asutamine\/\",\"name\":\"O\u00dc asutamine | Unicount osa\u00fchingu asutamine internetis\",\"isPartOf\":{\"@id\":\"https:\/\/unicount.eu\/et\/#website\"},\"datePublished\":\"2019-10-07T17:04:09+00:00\",\"dateModified\":\"2026-01-13T11:54:56+00:00\",\"description\":\"O\u00dc asutamine pole kunagi olnud nii lihtne. Mobiil-ID ja ID-kaardi abil saad osakapitali sissemakseta osa\u00fchingu asutada viie minutiga.\",\"breadcrumb\":{\"@id\":\"https:\/\/unicount.eu\/et\/ou-asutamine\/#breadcrumb\"},\"inLanguage\":\"et\",\"potentialAction\":[{\"@type\":\"ReadAction\",\"target\":[\"https:\/\/unicount.eu\/et\/ou-asutamine\/\"]}]},{\"@type\":\"BreadcrumbList\",\"@id\":\"https:\/\/unicount.eu\/et\/ou-asutamine\/#breadcrumb\",\"itemListElement\":[{\"@type\":\"ListItem\",\"position\":1,\"name\":\"Home\",\"item\":\"https:\/\/unicount.eu\/et\/\"},{\"@type\":\"ListItem\",\"position\":2,\"name\":\"Osa\u00fchingu asutamine internetis\"}]},{\"@type\":\"WebSite\",\"@id\":\"https:\/\/unicount.eu\/et\/#website\",\"url\":\"https:\/\/unicount.eu\/et\/\",\"name\":\"Unicount\",\"description\":\"Lihtsaim viis osa\u00fchingu asutamiseks Eestis\",\"publisher\":{\"@id\":\"https:\/\/unicount.eu\/et\/#organization\"},\"potentialAction\":[{\"@type\":\"SearchAction\",\"target\":{\"@type\":\"EntryPoint\",\"urlTemplate\":\"https:\/\/unicount.eu\/et\/?s={search_term_string}\"},\"query-input\":{\"@type\":\"PropertyValueSpecification\",\"valueRequired\":true,\"valueName\":\"search_term_string\"}}],\"inLanguage\":\"et\"},{\"@type\":\"Organization\",\"@id\":\"https:\/\/unicount.eu\/et\/#organization\",\"name\":\"Unicount O\u00dc\",\"url\":\"https:\/\/unicount.eu\/et\/\",\"logo\":{\"@type\":\"ImageObject\",\"inLanguage\":\"et\",\"@id\":\"https:\/\/unicount.eu\/et\/#\/schema\/logo\/image\/\",\"url\":\"https:\/\/unicount.eu\/wp-content\/uploads\/2019\/10\/unicount-logo-002.jpg\",\"contentUrl\":\"https:\/\/unicount.eu\/wp-content\/uploads\/2019\/10\/unicount-logo-002.jpg\",\"width\":1380,\"height\":288,\"caption\":\"Unicount O\u00dc\"},\"image\":{\"@id\":\"https:\/\/unicount.eu\/et\/#\/schema\/logo\/image\/\"},\"sameAs\":[\"https:\/\/www.facebook.com\/unicount\/\",\"https:\/\/x.com\/unicountestonia\",\"https:\/\/www.linkedin.com\/company\/unicount\",\"https:\/\/www.youtube.com\/channel\/UCSV5_VgpIIAUyLWhjeXY8vQ\"]}]}<\/script>\n<!-- \/ Yoast SEO Premium plugin. -->","yoast_head_json":{"title":"O\u00dc asutamine | Unicount osa\u00fchingu asutamine internetis","description":"O\u00dc asutamine pole kunagi olnud nii lihtne. Mobiil-ID ja ID-kaardi abil saad osakapitali sissemakseta osa\u00fchingu asutada viie minutiga.","robots":{"index":"index","follow":"follow","max-snippet":"max-snippet:-1","max-image-preview":"max-image-preview:large","max-video-preview":"max-video-preview:-1"},"canonical":"https:\/\/unicount.eu\/et\/ou-asutamine\/","og_locale":"et_EE","og_type":"article","og_title":"Osa\u00fchingu asutamine internetis","og_description":"O\u00dc asutamine pole kunagi olnud nii lihtne. Mobiil-ID ja ID-kaardi abil saad osakapitali sissemakseta osa\u00fchingu asutada viie minutiga.","og_url":"https:\/\/unicount.eu\/et\/ou-asutamine\/","og_site_name":"Unicount","article_publisher":"https:\/\/www.facebook.com\/unicount\/","article_modified_time":"2026-01-13T11:54:56+00:00","og_image":[{"width":2400,"height":1350,"url":"https:\/\/unicount.eu\/wp-content\/uploads\/2021\/01\/fb-cover@2x.jpg","type":"image\/jpeg"}],"twitter_card":"summary_large_image","twitter_site":"@unicountestonia","schema":{"@context":"https:\/\/schema.org","@graph":[{"@type":"WebPage","@id":"https:\/\/unicount.eu\/et\/ou-asutamine\/","url":"https:\/\/unicount.eu\/et\/ou-asutamine\/","name":"O\u00dc asutamine | Unicount osa\u00fchingu asutamine internetis","isPartOf":{"@id":"https:\/\/unicount.eu\/et\/#website"},"datePublished":"2019-10-07T17:04:09+00:00","dateModified":"2026-01-13T11:54:56+00:00","description":"O\u00dc asutamine pole kunagi olnud nii lihtne. Mobiil-ID ja ID-kaardi abil saad osakapitali sissemakseta osa\u00fchingu asutada viie minutiga.","breadcrumb":{"@id":"https:\/\/unicount.eu\/et\/ou-asutamine\/#breadcrumb"},"inLanguage":"et","potentialAction":[{"@type":"ReadAction","target":["https:\/\/unicount.eu\/et\/ou-asutamine\/"]}]},{"@type":"BreadcrumbList","@id":"https:\/\/unicount.eu\/et\/ou-asutamine\/#breadcrumb","itemListElement":[{"@type":"ListItem","position":1,"name":"Home","item":"https:\/\/unicount.eu\/et\/"},{"@type":"ListItem","position":2,"name":"Osa\u00fchingu asutamine internetis"}]},{"@type":"WebSite","@id":"https:\/\/unicount.eu\/et\/#website","url":"https:\/\/unicount.eu\/et\/","name":"Unicount","description":"Lihtsaim viis osa\u00fchingu asutamiseks Eestis","publisher":{"@id":"https:\/\/unicount.eu\/et\/#organization"},"potentialAction":[{"@type":"SearchAction","target":{"@type":"EntryPoint","urlTemplate":"https:\/\/unicount.eu\/et\/?s={search_term_string}"},"query-input":{"@type":"PropertyValueSpecification","valueRequired":true,"valueName":"search_term_string"}}],"inLanguage":"et"},{"@type":"Organization","@id":"https:\/\/unicount.eu\/et\/#organization","name":"Unicount O\u00dc","url":"https:\/\/unicount.eu\/et\/","logo":{"@type":"ImageObject","inLanguage":"et","@id":"https:\/\/unicount.eu\/et\/#\/schema\/logo\/image\/","url":"https:\/\/unicount.eu\/wp-content\/uploads\/2019\/10\/unicount-logo-002.jpg","contentUrl":"https:\/\/unicount.eu\/wp-content\/uploads\/2019\/10\/unicount-logo-002.jpg","width":1380,"height":288,"caption":"Unicount O\u00dc"},"image":{"@id":"https:\/\/unicount.eu\/et\/#\/schema\/logo\/image\/"},"sameAs":["https:\/\/www.facebook.com\/unicount\/","https:\/\/x.com\/unicountestonia","https:\/\/www.linkedin.com\/company\/unicount","https:\/\/www.youtube.com\/channel\/UCSV5_VgpIIAUyLWhjeXY8vQ"]}]}},"_links":{"self":[{"href":"https:\/\/unicount.eu\/et\/wp-json\/wp\/v2\/pages\/1049","targetHints":{"allow":["GET"]}}],"collection":[{"href":"https:\/\/unicount.eu\/et\/wp-json\/wp\/v2\/pages"}],"about":[{"href":"https:\/\/unicount.eu\/et\/wp-json\/wp\/v2\/types\/page"}],"author":[{"embeddable":true,"href":"https:\/\/unicount.eu\/et\/wp-json\/wp\/v2\/users\/2"}],"replies":[{"embeddable":true,"href":"https:\/\/unicount.eu\/et\/wp-json\/wp\/v2\/comments?post=1049"}],"version-history":[{"count":106,"href":"https:\/\/unicount.eu\/et\/wp-json\/wp\/v2\/pages\/1049\/revisions"}],"predecessor-version":[{"id":24662,"href":"https:\/\/unicount.eu\/et\/wp-json\/wp\/v2\/pages\/1049\/revisions\/24662"}],"wp:attachment":[{"href":"https:\/\/unicount.eu\/et\/wp-json\/wp\/v2\/media?parent=1049"}],"curies":[{"name":"wp","href":"https:\/\/api.w.org\/{rel}","templated":true}]}}