{"id":1047,"date":"2019-10-10T10:57:40","date_gmt":"2019-10-10T07:57:40","guid":{"rendered":"https:\/\/unicount.eu\/?page_id=1047"},"modified":"2025-03-12T16:57:45","modified_gmt":"2025-03-12T14:57:45","slug":"kontakt","status":"publish","type":"page","link":"https:\/\/unicount.eu\/et\/kontakt\/","title":{"rendered":"Unicount"},"content":{"rendered":"\n<section id=\"kaartparemal-block_eb43aa488ad41831b934025f13428f50\"\n         class=\"kaartparemal kolmkaarti  contacts color-white  large-font blue_bg sixty\">\n    <div class=\"wrapper\">\n\n\n        <div class=\"row d-flex flex-wrap\">\n\n            <div class=\"col-md-7 d-flex flex-wrap align-content-start left-side\">\n\n\t\t\t\t                    <h1 class=\"module-heading\">\n\t\t\t\t\t\tUnicount                    <\/h1>\n\t\t\t\t\n\n\t\t\t\t                    <div class=\"def-p\">\n\t\t\t\t\t\t<p><strong>Unicounti iseteenindus pakub lihtsaimat v\u00f5imalust osa\u00fchingu asutamiseks.<\/strong><\/p>\n<p>Selleks kasutame \u00e4riregistri ettev\u00f5tja asutamise <a href=\"https:\/\/www.rik.ee\/et\/muud-teenused\/ettevotja-asutamise-api\">API teenust<\/a> ja oleme liidestatud X-teega. Unicounti abil on v\u00f5imalik \u00e4riregistrile esitada lihtsustatud korras osa\u00fchingu asutamise avaldus kolme minutiga.<\/p>\n<p>Osa\u00fchingu kiirasutamise teenus on hetkel k\u00e4ttesaadav Eesti Smart-ID, ID-kaardi, digi-ID ja Mobiil-ID kasutajatele.<\/p>\n<p>Unicount pakub oma virtuaalkontori klientidele veebip\u00f5hist raamatupidamisteenust.<\/p>\n                    <\/div>\n\t\t\t\t\n\n            <\/div>\n            <div class=\"col-md-5 right-side\">\n                <div class=\"card-item\">\n                    <script src=\"https:\/\/maps.googleapis.com\/maps\/api\/js?key=AIzaSyCVno7A7oXP5Cn6PgDNrTRPBDpmPAwVrbk\"><\/script>\n                    <style type=\"text\/css\">\n\n                        .acf-map {\n                            width: 100%;\n                            height: 250px;\n                            border: #ccc solid 1px;\n                            margin: 20px 0;\n                        }\n\n                        \/* fixes potential theme css conflict *\/\n                        .acf-map img {\n                            max-width: inherit !important;\n                        }\n\n                    <\/style>\n\t                                            <div class=\"acf-map\">\n                                <div class=\"marker\" data-lat=\"59.4374543\"\n                                     data-lng=\"24.7567306\"><\/div>\n                            <\/div>\n\t\t                                    <div class=\"text-cont\">\n                        <div class=\"dark-text\">\n\t\t\t\t\t\t\t\t\t\t\t\t\t\t\t<p>Unicount O\u00dc<br \/>\nRegistrikood 14614272<br \/>\nTegevusloa number FIU000315<br \/>\nKMKR EE102384501<\/p>\n<p>Juriidiline aadress:<br \/>\nNarva mnt 5<br \/>\nTallinn 10117<\/p>\n<p><strong>E-post:<\/strong><br \/>\nsupport@unicount.eu<\/p>\n\t\t\t\t\t\t\t                            <a href=\"https:\/\/wa.me\/+3725111234\" target=\"_blank\" class=\"button--type1\" style=\"margin: 0; margin-top: 20px; display: table;\"><i class=\"fab fa-whatsapp\"><\/i> WhatsApp<\/a>\n                        <\/div>\n                    <\/div>\n                <\/div>\n            <\/div>\n\n\n        <\/div>\n<\/section>\n\n\n\n\n<section id=\"testimonial-block_dc4b33e25a0886ae82386c2dd7ec5c0f\"\n         class=\"kolmkontakti  \">\n    <div class=\"wrapper\">\n\n\n\t\t\n                <div class=\"row d-flex flex-wrap\">\n\n\t\t\t\t\t                        <div class=\"col-sm-6 col-lg-4 d-flex\">\n                            <div class=\"card-item\">\n\t\t\t\t\t\t\t\t                                    <div class=\"iconCont\">\n                                        <img decoding=\"async\" data-src=\"https:\/\/unicount.eu\/wp-content\/uploads\/2025\/03\/ragnar.jpg\" alt=\"\" src=\"data:image\/gif;base64,R0lGODlhAQABAAAAACH5BAEKAAEALAAAAAABAAEAAAICTAEAOw==\" class=\"lazyload\" style=\"--smush-placeholder-width: 200px; --smush-placeholder-aspect-ratio: 200\/200;\">\n                                    <\/div>\n\t\t\t\t\t\t\t\t\n\n\t\t\t\t\t\t\t\t                                    <h3 class=\"\">\n\t\t\t\t\t\t\t\t\t\tRagnar Everest                                    <\/h3>\n\t\t\t\t\t\t\t\t\n\t                                                                <div class=\"proff\">\n\t\t\t                            Juhataja                                    <\/div>\n\t                            \n\t\t\t\t\t\t\t\t                                    <p class=\"\">\n\t\t\t\t\t\t\t\t\t\t<p>Ragnar, edukas tegevjuht, kes on \u00fcle 16 aasta raamatupidamist\u00f6\u00f6stuses t\u00f6\u00f6tanud, on edukalt pakkunud ettev\u00f5tjatele teenuseid alates 2008. aastast. \u00dche esimese e-residentsuse partnerina \u00fchendab ta innovatsiooni ja eriteadmisi, edendades digitaalset \u00fcmberkujundamist ja andes globaalsetele ettev\u00f5tjatele v\u00f5imaluse kasutada sujuvalt finantslahendusi.<\/p>\n                                    <\/p>\n\t\t\t\t\t\t\t\t                                \n\n                            <\/div>\n                        <\/div>\n\t\t\t\t\t                <\/div>\n\t\t\t\n\n    <\/div>\n<\/section>\n","protected":false},"excerpt":{"rendered":"","protected":false},"author":2,"featured_media":0,"parent":0,"menu_order":0,"comment_status":"closed","ping_status":"closed","template":"","meta":{"inline_featured_image":false,"footnotes":""},"class_list":["post-1047","page","type-page","status-publish","hentry"],"acf":[],"yoast_head":"<!-- This site is optimized with the Yoast SEO Premium plugin v24.3 (Yoast SEO v24.3) - https:\/\/yoast.com\/wordpress\/plugins\/seo\/ -->\n<title>Kontakt | Unicount osa\u00fchingu asutamine internetis<\/title>\n<meta name=\"description\" content=\"Unicount O\u00dc, registrikood 14614272, tegevusloa number FIU000315. Juriidiline aadress Veskiposti 2-1002, Tallinn 10138, Eesti. E-post support@unicount.eu.\" \/>\n<meta name=\"robots\" content=\"index, follow, max-snippet:-1, max-image-preview:large, max-video-preview:-1\" \/>\n<link rel=\"canonical\" href=\"https:\/\/unicount.eu\/et\/kontakt\/\" \/>\n<meta property=\"og:locale\" content=\"et_EE\" \/>\n<meta property=\"og:type\" content=\"article\" \/>\n<meta property=\"og:title\" content=\"Unicount\" \/>\n<meta property=\"og:description\" content=\"Unicount O\u00dc, registrikood 14614272, tegevusloa number FIU000315. Juriidiline aadress Veskiposti 2-1002, Tallinn 10138, Eesti. E-post support@unicount.eu.\" \/>\n<meta property=\"og:url\" content=\"https:\/\/unicount.eu\/et\/kontakt\/\" \/>\n<meta property=\"og:site_name\" content=\"Unicount\" \/>\n<meta property=\"article:publisher\" content=\"https:\/\/www.facebook.com\/unicount\/\" \/>\n<meta property=\"article:modified_time\" content=\"2025-03-12T14:57:45+00:00\" \/>\n<meta property=\"og:image\" content=\"https:\/\/unicount.eu\/wp-content\/uploads\/2021\/01\/fb-cover@2x.jpg\" \/>\n\t<meta property=\"og:image:width\" content=\"2400\" \/>\n\t<meta property=\"og:image:height\" content=\"1350\" \/>\n\t<meta property=\"og:image:type\" content=\"image\/jpeg\" \/>\n<meta name=\"twitter:card\" content=\"summary_large_image\" \/>\n<meta name=\"twitter:site\" content=\"@unicountestonia\" \/>\n<script type=\"application\/ld+json\" class=\"yoast-schema-graph\">{\"@context\":\"https:\/\/schema.org\",\"@graph\":[{\"@type\":\"WebPage\",\"@id\":\"https:\/\/unicount.eu\/et\/kontakt\/\",\"url\":\"https:\/\/unicount.eu\/et\/kontakt\/\",\"name\":\"Kontakt | Unicount osa\u00fchingu asutamine internetis\",\"isPartOf\":{\"@id\":\"https:\/\/unicount.eu\/et\/#website\"},\"datePublished\":\"2019-10-10T07:57:40+00:00\",\"dateModified\":\"2025-03-12T14:57:45+00:00\",\"description\":\"Unicount O\u00dc, registrikood 14614272, tegevusloa number FIU000315. Juriidiline aadress Veskiposti 2-1002, Tallinn 10138, Eesti. E-post support@unicount.eu.\",\"breadcrumb\":{\"@id\":\"https:\/\/unicount.eu\/et\/kontakt\/#breadcrumb\"},\"inLanguage\":\"et\",\"potentialAction\":[{\"@type\":\"ReadAction\",\"target\":[\"https:\/\/unicount.eu\/et\/kontakt\/\"]}]},{\"@type\":\"BreadcrumbList\",\"@id\":\"https:\/\/unicount.eu\/et\/kontakt\/#breadcrumb\",\"itemListElement\":[{\"@type\":\"ListItem\",\"position\":1,\"name\":\"Home\",\"item\":\"https:\/\/unicount.eu\/et\/\"},{\"@type\":\"ListItem\",\"position\":2,\"name\":\"Unicount\"}]},{\"@type\":\"WebSite\",\"@id\":\"https:\/\/unicount.eu\/et\/#website\",\"url\":\"https:\/\/unicount.eu\/et\/\",\"name\":\"Unicount\",\"description\":\"Lihtsaim viis osa\u00fchingu asutamiseks Eestis\",\"publisher\":{\"@id\":\"https:\/\/unicount.eu\/et\/#organization\"},\"potentialAction\":[{\"@type\":\"SearchAction\",\"target\":{\"@type\":\"EntryPoint\",\"urlTemplate\":\"https:\/\/unicount.eu\/et\/?s={search_term_string}\"},\"query-input\":{\"@type\":\"PropertyValueSpecification\",\"valueRequired\":true,\"valueName\":\"search_term_string\"}}],\"inLanguage\":\"et\"},{\"@type\":\"Organization\",\"@id\":\"https:\/\/unicount.eu\/et\/#organization\",\"name\":\"Unicount O\u00dc\",\"url\":\"https:\/\/unicount.eu\/et\/\",\"logo\":{\"@type\":\"ImageObject\",\"inLanguage\":\"et\",\"@id\":\"https:\/\/unicount.eu\/et\/#\/schema\/logo\/image\/\",\"url\":\"https:\/\/unicount.eu\/wp-content\/uploads\/2019\/10\/unicount-logo-002.jpg\",\"contentUrl\":\"https:\/\/unicount.eu\/wp-content\/uploads\/2019\/10\/unicount-logo-002.jpg\",\"width\":1380,\"height\":288,\"caption\":\"Unicount O\u00dc\"},\"image\":{\"@id\":\"https:\/\/unicount.eu\/et\/#\/schema\/logo\/image\/\"},\"sameAs\":[\"https:\/\/www.facebook.com\/unicount\/\",\"https:\/\/x.com\/unicountestonia\",\"https:\/\/www.linkedin.com\/company\/unicount\",\"https:\/\/www.youtube.com\/channel\/UCSV5_VgpIIAUyLWhjeXY8vQ\"]}]}<\/script>\n<!-- \/ Yoast SEO Premium plugin. -->","yoast_head_json":{"title":"Kontakt | Unicount osa\u00fchingu asutamine internetis","description":"Unicount O\u00dc, registrikood 14614272, tegevusloa number FIU000315. Juriidiline aadress Veskiposti 2-1002, Tallinn 10138, Eesti. E-post support@unicount.eu.","robots":{"index":"index","follow":"follow","max-snippet":"max-snippet:-1","max-image-preview":"max-image-preview:large","max-video-preview":"max-video-preview:-1"},"canonical":"https:\/\/unicount.eu\/et\/kontakt\/","og_locale":"et_EE","og_type":"article","og_title":"Unicount","og_description":"Unicount O\u00dc, registrikood 14614272, tegevusloa number FIU000315. Juriidiline aadress Veskiposti 2-1002, Tallinn 10138, Eesti. E-post support@unicount.eu.","og_url":"https:\/\/unicount.eu\/et\/kontakt\/","og_site_name":"Unicount","article_publisher":"https:\/\/www.facebook.com\/unicount\/","article_modified_time":"2025-03-12T14:57:45+00:00","og_image":[{"width":2400,"height":1350,"url":"https:\/\/unicount.eu\/wp-content\/uploads\/2021\/01\/fb-cover@2x.jpg","type":"image\/jpeg"}],"twitter_card":"summary_large_image","twitter_site":"@unicountestonia","schema":{"@context":"https:\/\/schema.org","@graph":[{"@type":"WebPage","@id":"https:\/\/unicount.eu\/et\/kontakt\/","url":"https:\/\/unicount.eu\/et\/kontakt\/","name":"Kontakt | Unicount osa\u00fchingu asutamine internetis","isPartOf":{"@id":"https:\/\/unicount.eu\/et\/#website"},"datePublished":"2019-10-10T07:57:40+00:00","dateModified":"2025-03-12T14:57:45+00:00","description":"Unicount O\u00dc, registrikood 14614272, tegevusloa number FIU000315. Juriidiline aadress Veskiposti 2-1002, Tallinn 10138, Eesti. E-post support@unicount.eu.","breadcrumb":{"@id":"https:\/\/unicount.eu\/et\/kontakt\/#breadcrumb"},"inLanguage":"et","potentialAction":[{"@type":"ReadAction","target":["https:\/\/unicount.eu\/et\/kontakt\/"]}]},{"@type":"BreadcrumbList","@id":"https:\/\/unicount.eu\/et\/kontakt\/#breadcrumb","itemListElement":[{"@type":"ListItem","position":1,"name":"Home","item":"https:\/\/unicount.eu\/et\/"},{"@type":"ListItem","position":2,"name":"Unicount"}]},{"@type":"WebSite","@id":"https:\/\/unicount.eu\/et\/#website","url":"https:\/\/unicount.eu\/et\/","name":"Unicount","description":"Lihtsaim viis osa\u00fchingu asutamiseks Eestis","publisher":{"@id":"https:\/\/unicount.eu\/et\/#organization"},"potentialAction":[{"@type":"SearchAction","target":{"@type":"EntryPoint","urlTemplate":"https:\/\/unicount.eu\/et\/?s={search_term_string}"},"query-input":{"@type":"PropertyValueSpecification","valueRequired":true,"valueName":"search_term_string"}}],"inLanguage":"et"},{"@type":"Organization","@id":"https:\/\/unicount.eu\/et\/#organization","name":"Unicount O\u00dc","url":"https:\/\/unicount.eu\/et\/","logo":{"@type":"ImageObject","inLanguage":"et","@id":"https:\/\/unicount.eu\/et\/#\/schema\/logo\/image\/","url":"https:\/\/unicount.eu\/wp-content\/uploads\/2019\/10\/unicount-logo-002.jpg","contentUrl":"https:\/\/unicount.eu\/wp-content\/uploads\/2019\/10\/unicount-logo-002.jpg","width":1380,"height":288,"caption":"Unicount O\u00dc"},"image":{"@id":"https:\/\/unicount.eu\/et\/#\/schema\/logo\/image\/"},"sameAs":["https:\/\/www.facebook.com\/unicount\/","https:\/\/x.com\/unicountestonia","https:\/\/www.linkedin.com\/company\/unicount","https:\/\/www.youtube.com\/channel\/UCSV5_VgpIIAUyLWhjeXY8vQ"]}]}},"_links":{"self":[{"href":"https:\/\/unicount.eu\/et\/wp-json\/wp\/v2\/pages\/1047","targetHints":{"allow":["GET"]}}],"collection":[{"href":"https:\/\/unicount.eu\/et\/wp-json\/wp\/v2\/pages"}],"about":[{"href":"https:\/\/unicount.eu\/et\/wp-json\/wp\/v2\/types\/page"}],"author":[{"embeddable":true,"href":"https:\/\/unicount.eu\/et\/wp-json\/wp\/v2\/users\/2"}],"replies":[{"embeddable":true,"href":"https:\/\/unicount.eu\/et\/wp-json\/wp\/v2\/comments?post=1047"}],"version-history":[{"count":85,"href":"https:\/\/unicount.eu\/et\/wp-json\/wp\/v2\/pages\/1047\/revisions"}],"predecessor-version":[{"id":23679,"href":"https:\/\/unicount.eu\/et\/wp-json\/wp\/v2\/pages\/1047\/revisions\/23679"}],"wp:attachment":[{"href":"https:\/\/unicount.eu\/et\/wp-json\/wp\/v2\/media?parent=1047"}],"curies":[{"name":"wp","href":"https:\/\/api.w.org\/{rel}","templated":true}]}}