{"id":9100,"date":"2019-03-13T10:11:46","date_gmt":"2019-03-13T08:11:46","guid":{"rendered":"https:\/\/unicount.eu\/?page_id=9100"},"modified":"2022-05-16T15:06:51","modified_gmt":"2022-05-16T12:06:51","slug":"aviso-de-cookies","status":"publish","type":"page","link":"https:\/\/unicount.eu\/es\/aviso-de-cookies\/","title":{"rendered":"AVISO DE COOKIES"},"content":{"rendered":"\n<h4 class=\"wp-block-heading\" id=\"h-que-es-una-cookie\">\u00bfQu\u00e9 es una cookie?<\/h4>\n\n\n\n<p>Una Cookie es un peque\u00f1o archivo que se coloca en tu dispositivo y que habilita la funcionalidad y las caracter\u00edsticas de Unicount. Por ejemplo, las cookies nos permiten identificar tu dispositivo, asegurar tu acceso a Unicount y a todos nuestros sitios en general.<\/p>\n\n\n\n<h4 class=\"wp-block-heading\" id=\"h-para-que-usamos-las-cookies\">\u00bfPara qu\u00e9 usamos las cookies?<\/h4>\n\n\n\n<p>Las cookies pueden ser usadas para reconocerte cuando visitas unicount.eu, recordar tus preferencias, y darte una experiencia personalizada que est\u00e9 acorde a tus ajustes. Las cookies tambi\u00e9n hacen m\u00e1s r\u00e1pidas y seguras tus interacciones con Unicount. Adicionalmente, las cookies nos permiten ofrecer publicidad tanto dentro como fuera de los sitios de Unicount.<\/p>\n\n\n\n<p><strong>Cookies utilizadas en el sitio web www.unicount.eu<\/strong><\/p>\n\n\n\n<p><h4>Cookies de primera fuente persistentes<\/h4><\/p>\n\n\n\n<figure class=\"wp-block-table\"><table class=\"has-fixed-layout\"><tbody><tr><td>Nombre<\/td><td>Descripci\u00f3n<\/td><td>Duraci\u00f3n<\/td><\/tr><tr><td>Remisi\u00f3n<\/td><td>Estas cookies est\u00e1n asociadas con el programa de afiliados de Unicount. Esta identifica de forma \u00fanica a un visitante e indica si estos est\u00e1n incluidos en una muestra de audiencia afiliados referidos.<\/td><td> 2914688 d\u00edas <\/td><\/tr><\/tbody><\/table><\/figure>\n\n\n\n<p><h4>Cookies de primera fuente utilizadas al solicitar un servicio de Unicount<\/h4><\/p>\n\n\n\n<figure class=\"wp-block-table\"><table class=\"has-fixed-layout\"><tbody><tr><td>Nombre<\/td><td>Descripci\u00f3n<\/td><td>Duraci\u00f3n<\/td><\/tr><tr><td>unicount_session<\/td><td>Requerido para mantener una sesi\u00f3n de usuario durante el pedido de servicios<\/td><td>72 horas<\/td><\/tr><tr><td>XSRF-TOKEN<\/td><td>Para garantizar la seguridad de la falsificaci\u00f3n de solicitudes entre sitios (CSRF).<\/td><td>1 dia<\/td><\/tr><tr><td>_ga<\/td><td>Para diferenciar visitantes de diferentes sitios web.<\/td><td>Dos a\u00f1os<\/td><\/tr><tr><td>_gid<\/td><td>Para distinguir visitantes de diferentes sitios web.<\/td><td>Un d\u00eda<\/td><\/tr><tr><td>_gat, _gat_organizer<\/td><td>Para distinguir visitantes de diferentes p\u00e1ginas web.<\/td><td>Un minuto<\/td><\/tr><\/tbody><\/table><\/figure>\n\n\n\n<p><h4>Cookies de sesi\u00f3n de terceros<\/h4><\/p>\n\n\n\n<figure class=\"wp-block-table\"><table class=\"has-fixed-layout\"><tbody><tr><td>Nombre<\/td><td>Descripci\u00f3n<\/td><td>Duraci\u00f3n<\/td><\/tr><tr><td>_hjIncludedInSample<\/td><td>Esta cookie est\u00e1 asociada con la funcionalidad y los servicios de an\u00e1lisis web de Hot Jar, una compa\u00f1\u00eda con sede en Malta. Identifica de forma \u00fanica a un visitante durante una \u00fanica sesi\u00f3n de navegador e indica que est\u00e1 incluido en una muestra de audiencia.<\/td><td>sesi\u00f3n<\/td><\/tr><tr><td>__gat_gtag_UA_139757906_1<\/td><td>Esta cookie est\u00e1 asociada con Google Analytics. Esta cookie la utilizamos para ayudar a comprender c\u00f3mo los visitantes interact\u00faan con el sitio web, recolectando y reportando informaci\u00f3n de manera an\u00f3nima.<\/td><td>sesi\u00f3n<\/td><\/tr><tr><td>_gat_UA-139757906-1<\/td><td>Esta cookie est\u00e1 configurada por Google Analytics, donde el elemento de patr\u00f3n en el nombre contiene el n\u00famero de identidad \u00fanico de la cuenta o sitio web con el que se relaciona. Es una variante de la cookie _gat, la cual es utilizada para limitar la cantidad de informaci\u00f3n grabada por Google en sitios web de alto tr\u00e1fico.<\/td><td>sesi\u00f3n<\/td><\/tr><\/tbody><\/table><\/figure>\n\n\n\n<p><h4>Cookies de terceros persistentes<\/h4><\/p>\n\n\n\n<figure class=\"wp-block-table is-style-regular\"><table class=\"has-fixed-layout\"><tbody><tr><td>Nombre<\/td><td>Descripci\u00f3n<\/td><td>Duraci\u00f3n<\/td><\/tr><tr><td>_fbp<\/td><td> Usada por Facebook para entregar una serie de productos publicitarios tales como ofertas en tiempo real de anunciantes externos.<\/td><td>90 d\u00edas<\/td><\/tr><tr><td>_ga<\/td><td>Esta cookie est\u00e1 asociada con Google Tag Manager. Esta cookie la usamos para distinguir usuarios \u00fanicos asignando un n\u00famero generado aleatoriamente, como un identificador de cliente.<\/td><td>730 d\u00edas<\/td><\/tr><tr><td>_gid<\/td><td>Esta cookie est\u00e1 asociada con Google Analytics. Almacena y actualiza un valor \u00fanico por cada p\u00e1gina visitada.<\/td><td>1 d\u00eda<\/td><\/tr><tr><td>_hjid<\/td><td>Cookie Hotter. Esta cookie se establece cu\u00e1ndo el cliente entra primero a una p\u00e1gina que contenga el script Hotjar. Es utilizada para conservar la ID de usuario aleatoria, \u00fanica para este sitio en el navegador. Esto asegura que el comportamiento en visitas posteriores al mismo sitio se atribuya al mismo ID de usuario.<\/td><td>365 d\u00edas<\/td><\/tr><tr><td>intercom-id-gerl41zw<\/td><td>Cookie Intercom. Esta cookie se establece cuando el cliente entra primero a una p\u00e1gina con el script de Intercom. Se utiliza para conservar la ID de usuario aleatoria, \u00fanica para ese sitio en el navegador. Esto asegura que el comportamiento en visitas posteriores al mismo sitio se atribuye al mismo ID de usuario.<\/td><td>270 d\u00edas<\/td><\/tr><tr><td>fr<\/td><td>Cookie de Facebook el cual es el servicio de redes sociales m\u00e1s grande del mundo. C\u00f3mo proveedor de alojamiento de terceros recolecta informaci\u00f3n de los intereses de los usuarios a trav\u00e9s de widgets tales como el bot\u00f3n de \u00abMe Gusta\u00bb, que se encuentra en muchos sitios web. Se utiliza para ofrecer publicidad dirigida a sus usuarios cuando inician sesi\u00f3n en sus servicios.<\/td><td>390 d\u00edas<\/td><\/tr><tr><td> IDE <\/td><td>Cookie de Google. Esta cookie lleva a cabo informaci\u00f3n sobre c\u00f3mo el usuario final utiliza el sitio web y cualquier publicidad que el usuario final haya visto antes de visitar dicho sitio web. Doubleclick es el intercambio publicitario de ofertas en tiempo real de Google.<\/td><td>390 d\u00edas<\/td><\/tr><tr><td> test_cookie <\/td><td> Se utiliza para comprobar si el navegador del usuario admite cookies.<\/td><td>2914688 d\u00edas<\/td><\/tr><\/tbody><\/table><\/figure>\n\n\n\n<p>\u00daltima actualizaci\u00f3n: 10 de diciembre de 2020<\/p>\n","protected":false},"excerpt":{"rendered":"<p>\u00bfQu\u00e9 es una cookie? Una Cookie es un peque\u00f1o archivo que se coloca en tu dispositivo y que habilita la funcionalidad y las caracter\u00edsticas de Unicount. Por ejemplo, las cookies nos permiten identificar tu dispositivo, asegurar tu acceso a Unicount y a todos nuestros sitios en general. \u00bfPara qu\u00e9 usamos las cookies? Las cookies pueden [&hellip;]<\/p>\n","protected":false},"author":2,"featured_media":0,"parent":0,"menu_order":0,"comment_status":"closed","ping_status":"closed","template":"terms.php","meta":{"inline_featured_image":false,"footnotes":""},"class_list":["post-9100","page","type-page","status-publish","hentry"],"acf":[],"yoast_head":"<!-- This site is optimized with the Yoast SEO Premium plugin v24.3 (Yoast SEO v24.3) - https:\/\/yoast.com\/wordpress\/plugins\/seo\/ -->\n<title>AVISO DE COOKIES | Unicount<\/title>\n<meta name=\"robots\" content=\"index, follow, max-snippet:-1, max-image-preview:large, max-video-preview:-1\" \/>\n<link rel=\"canonical\" href=\"https:\/\/unicount.eu\/es\/aviso-de-cookies\/\" \/>\n<meta property=\"og:locale\" content=\"es_ES\" \/>\n<meta property=\"og:type\" content=\"article\" \/>\n<meta property=\"og:title\" content=\"AVISO DE COOKIES\" \/>\n<meta property=\"og:description\" content=\"\u00bfQu\u00e9 es una cookie? Una Cookie es un peque\u00f1o archivo que se coloca en tu dispositivo y que habilita la funcionalidad y las caracter\u00edsticas de Unicount. Por ejemplo, las cookies nos permiten identificar tu dispositivo, asegurar tu acceso a Unicount y a todos nuestros sitios en general. \u00bfPara qu\u00e9 usamos las cookies? Las cookies pueden [&hellip;]\" \/>\n<meta property=\"og:url\" content=\"https:\/\/unicount.eu\/es\/aviso-de-cookies\/\" \/>\n<meta property=\"og:site_name\" content=\"Unicount\" \/>\n<meta property=\"article:publisher\" content=\"https:\/\/www.facebook.com\/unicount\/\" \/>\n<meta property=\"article:modified_time\" content=\"2022-05-16T12:06:51+00:00\" \/>\n<meta property=\"og:image\" content=\"https:\/\/unicount.eu\/wp-content\/uploads\/2021\/01\/fb-cover@2x.jpg\" \/>\n\t<meta property=\"og:image:width\" content=\"2400\" \/>\n\t<meta property=\"og:image:height\" content=\"1350\" \/>\n\t<meta property=\"og:image:type\" content=\"image\/jpeg\" \/>\n<meta name=\"twitter:card\" content=\"summary_large_image\" \/>\n<meta name=\"twitter:site\" content=\"@unicountestonia\" \/>\n<meta name=\"twitter:label1\" content=\"Tiempo de lectura\" \/>\n\t<meta name=\"twitter:data1\" content=\"4 minutos\" \/>\n<script type=\"application\/ld+json\" class=\"yoast-schema-graph\">{\"@context\":\"https:\/\/schema.org\",\"@graph\":[{\"@type\":\"WebPage\",\"@id\":\"https:\/\/unicount.eu\/es\/aviso-de-cookies\/\",\"url\":\"https:\/\/unicount.eu\/es\/aviso-de-cookies\/\",\"name\":\"AVISO DE COOKIES | Unicount\",\"isPartOf\":{\"@id\":\"https:\/\/unicount.eu\/es\/#website\"},\"datePublished\":\"2019-03-13T08:11:46+00:00\",\"dateModified\":\"2022-05-16T12:06:51+00:00\",\"breadcrumb\":{\"@id\":\"https:\/\/unicount.eu\/es\/aviso-de-cookies\/#breadcrumb\"},\"inLanguage\":\"es\",\"potentialAction\":[{\"@type\":\"ReadAction\",\"target\":[\"https:\/\/unicount.eu\/es\/aviso-de-cookies\/\"]}]},{\"@type\":\"BreadcrumbList\",\"@id\":\"https:\/\/unicount.eu\/es\/aviso-de-cookies\/#breadcrumb\",\"itemListElement\":[{\"@type\":\"ListItem\",\"position\":1,\"name\":\"Home\",\"item\":\"https:\/\/unicount.eu\/es\/\"},{\"@type\":\"ListItem\",\"position\":2,\"name\":\"AVISO DE COOKIES\"}]},{\"@type\":\"WebSite\",\"@id\":\"https:\/\/unicount.eu\/es\/#website\",\"url\":\"https:\/\/unicount.eu\/es\/\",\"name\":\"Unicount\",\"description\":\"The simplest way to start an Estonian company\",\"publisher\":{\"@id\":\"https:\/\/unicount.eu\/es\/#organization\"},\"potentialAction\":[{\"@type\":\"SearchAction\",\"target\":{\"@type\":\"EntryPoint\",\"urlTemplate\":\"https:\/\/unicount.eu\/es\/?s={search_term_string}\"},\"query-input\":{\"@type\":\"PropertyValueSpecification\",\"valueRequired\":true,\"valueName\":\"search_term_string\"}}],\"inLanguage\":\"es\"},{\"@type\":\"Organization\",\"@id\":\"https:\/\/unicount.eu\/es\/#organization\",\"name\":\"Unicount O\u00dc\",\"url\":\"https:\/\/unicount.eu\/es\/\",\"logo\":{\"@type\":\"ImageObject\",\"inLanguage\":\"es\",\"@id\":\"https:\/\/unicount.eu\/es\/#\/schema\/logo\/image\/\",\"url\":\"https:\/\/unicount.eu\/wp-content\/uploads\/2019\/10\/unicount-logo-002.jpg\",\"contentUrl\":\"https:\/\/unicount.eu\/wp-content\/uploads\/2019\/10\/unicount-logo-002.jpg\",\"width\":1380,\"height\":288,\"caption\":\"Unicount O\u00dc\"},\"image\":{\"@id\":\"https:\/\/unicount.eu\/es\/#\/schema\/logo\/image\/\"},\"sameAs\":[\"https:\/\/www.facebook.com\/unicount\/\",\"https:\/\/x.com\/unicountestonia\",\"https:\/\/www.linkedin.com\/company\/unicount\",\"https:\/\/www.youtube.com\/channel\/UCSV5_VgpIIAUyLWhjeXY8vQ\"]}]}<\/script>\n<!-- \/ Yoast SEO Premium plugin. -->","yoast_head_json":{"title":"AVISO DE COOKIES | Unicount","robots":{"index":"index","follow":"follow","max-snippet":"max-snippet:-1","max-image-preview":"max-image-preview:large","max-video-preview":"max-video-preview:-1"},"canonical":"https:\/\/unicount.eu\/es\/aviso-de-cookies\/","og_locale":"es_ES","og_type":"article","og_title":"AVISO DE COOKIES","og_description":"\u00bfQu\u00e9 es una cookie? Una Cookie es un peque\u00f1o archivo que se coloca en tu dispositivo y que habilita la funcionalidad y las caracter\u00edsticas de Unicount. Por ejemplo, las cookies nos permiten identificar tu dispositivo, asegurar tu acceso a Unicount y a todos nuestros sitios en general. \u00bfPara qu\u00e9 usamos las cookies? Las cookies pueden [&hellip;]","og_url":"https:\/\/unicount.eu\/es\/aviso-de-cookies\/","og_site_name":"Unicount","article_publisher":"https:\/\/www.facebook.com\/unicount\/","article_modified_time":"2022-05-16T12:06:51+00:00","og_image":[{"width":2400,"height":1350,"url":"https:\/\/unicount.eu\/wp-content\/uploads\/2021\/01\/fb-cover@2x.jpg","type":"image\/jpeg"}],"twitter_card":"summary_large_image","twitter_site":"@unicountestonia","twitter_misc":{"Tiempo de lectura":"4 minutos"},"schema":{"@context":"https:\/\/schema.org","@graph":[{"@type":"WebPage","@id":"https:\/\/unicount.eu\/es\/aviso-de-cookies\/","url":"https:\/\/unicount.eu\/es\/aviso-de-cookies\/","name":"AVISO DE COOKIES | Unicount","isPartOf":{"@id":"https:\/\/unicount.eu\/es\/#website"},"datePublished":"2019-03-13T08:11:46+00:00","dateModified":"2022-05-16T12:06:51+00:00","breadcrumb":{"@id":"https:\/\/unicount.eu\/es\/aviso-de-cookies\/#breadcrumb"},"inLanguage":"es","potentialAction":[{"@type":"ReadAction","target":["https:\/\/unicount.eu\/es\/aviso-de-cookies\/"]}]},{"@type":"BreadcrumbList","@id":"https:\/\/unicount.eu\/es\/aviso-de-cookies\/#breadcrumb","itemListElement":[{"@type":"ListItem","position":1,"name":"Home","item":"https:\/\/unicount.eu\/es\/"},{"@type":"ListItem","position":2,"name":"AVISO DE COOKIES"}]},{"@type":"WebSite","@id":"https:\/\/unicount.eu\/es\/#website","url":"https:\/\/unicount.eu\/es\/","name":"Unicount","description":"The simplest way to start an Estonian company","publisher":{"@id":"https:\/\/unicount.eu\/es\/#organization"},"potentialAction":[{"@type":"SearchAction","target":{"@type":"EntryPoint","urlTemplate":"https:\/\/unicount.eu\/es\/?s={search_term_string}"},"query-input":{"@type":"PropertyValueSpecification","valueRequired":true,"valueName":"search_term_string"}}],"inLanguage":"es"},{"@type":"Organization","@id":"https:\/\/unicount.eu\/es\/#organization","name":"Unicount O\u00dc","url":"https:\/\/unicount.eu\/es\/","logo":{"@type":"ImageObject","inLanguage":"es","@id":"https:\/\/unicount.eu\/es\/#\/schema\/logo\/image\/","url":"https:\/\/unicount.eu\/wp-content\/uploads\/2019\/10\/unicount-logo-002.jpg","contentUrl":"https:\/\/unicount.eu\/wp-content\/uploads\/2019\/10\/unicount-logo-002.jpg","width":1380,"height":288,"caption":"Unicount O\u00dc"},"image":{"@id":"https:\/\/unicount.eu\/es\/#\/schema\/logo\/image\/"},"sameAs":["https:\/\/www.facebook.com\/unicount\/","https:\/\/x.com\/unicountestonia","https:\/\/www.linkedin.com\/company\/unicount","https:\/\/www.youtube.com\/channel\/UCSV5_VgpIIAUyLWhjeXY8vQ"]}]}},"_links":{"self":[{"href":"https:\/\/unicount.eu\/es\/wp-json\/wp\/v2\/pages\/9100","targetHints":{"allow":["GET"]}}],"collection":[{"href":"https:\/\/unicount.eu\/es\/wp-json\/wp\/v2\/pages"}],"about":[{"href":"https:\/\/unicount.eu\/es\/wp-json\/wp\/v2\/types\/page"}],"author":[{"embeddable":true,"href":"https:\/\/unicount.eu\/es\/wp-json\/wp\/v2\/users\/2"}],"replies":[{"embeddable":true,"href":"https:\/\/unicount.eu\/es\/wp-json\/wp\/v2\/comments?post=9100"}],"version-history":[{"count":7,"href":"https:\/\/unicount.eu\/es\/wp-json\/wp\/v2\/pages\/9100\/revisions"}],"predecessor-version":[{"id":9213,"href":"https:\/\/unicount.eu\/es\/wp-json\/wp\/v2\/pages\/9100\/revisions\/9213"}],"wp:attachment":[{"href":"https:\/\/unicount.eu\/es\/wp-json\/wp\/v2\/media?parent=9100"}],"curies":[{"name":"wp","href":"https:\/\/api.w.org\/{rel}","templated":true}]}}