{"id":8901,"date":"2019-03-11T08:50:01","date_gmt":"2019-03-11T06:50:01","guid":{"rendered":"https:\/\/unicount.eu\/servicios\/"},"modified":"2026-02-19T14:57:42","modified_gmt":"2026-02-19T12:57:42","slug":"servicios","status":"publish","type":"page","link":"https:\/\/unicount.eu\/es\/servicios\/","title":{"rendered":"Servicios"},"content":{"rendered":"\n<div class=\"wp-block-group landing__description\"><div class=\"wp-block-group__inner-container is-layout-flow wp-block-group-is-layout-flow\">\n<h1 class=\"wp-block-heading has-text-align-center bluebg2 text-white fullWidth !mb-0\" id=\"run-a-company-online\">Dirigir una compa\u00f1\u00eda en l\u00ednea<\/h1>\n\n\n\n<div style=\"height:49px\" aria-hidden=\"true\" class=\"wp-block-spacer bluebg2 fullWidth\"><\/div>\n\n\n\n<p class=\"has-text-align-center bluebg2 text-white fullWidth\">Crear y dirigir una compa\u00f1\u00eda en l\u00ednea deber\u00eda ser simple. <br>Pues bien, as\u00ed lo vemos en un pa\u00eds n\u00f3rdico digital llamado Estonia. <br>Es por eso por lo que hemos creado Unicount. <\/p>\n\n\n\n<div style=\"height:49px\" aria-hidden=\"true\" class=\"wp-block-spacer bluebg2 fullWidth\"><\/div>\n\n\n\n<div class=\"wp-block-buttons bluebg2 fullWidth is-horizontal is-content-justification-center is-layout-flex wp-container-core-buttons-is-layout-499968f5 wp-block-buttons-is-layout-flex\">\n<div class=\"wp-block-button no-pb\"><a class=\"wp-block-button__link wp-element-button\" href=\"https:\/\/app.unicount.eu\/?locale=en\">Crea tu compa\u00f1\u00eda en l\u00ednea<\/a><\/div>\n<\/div>\n\n\n\n<div style=\"height:100px\" aria-hidden=\"true\" class=\"wp-block-spacer blue_bg fullWidth small last-spacer\"><\/div>\n<\/div><\/div>\n\n\n\n<div class=\"wp-block-group signup\"><div class=\"wp-block-group__inner-container is-layout-flow wp-block-group-is-layout-flow\">\n<div class=\"wp-block-columns is-layout-flex wp-container-core-columns-is-layout-9d6595d7 wp-block-columns-is-layout-flex\">\n<div class=\"wp-block-column is-layout-flow wp-block-column-is-layout-flow\">\n<figure class=\"wp-block-image size-large\"><img decoding=\"async\" src=\"https:\/\/unicount.eu\/wp-content\/uploads\/2019\/03\/howto-1.svg\" alt=\"\"\/><\/figure>\n<\/div>\n\n\n\n<div class=\"wp-block-column is-vertically-aligned-center text-right is-layout-flow wp-block-column-is-layout-flow\">\n<figure class=\"wp-block-image size-large\"><img decoding=\"async\" src=\"https:\/\/unicount.eu\/wp-content\/uploads\/2019\/03\/icon2.svg\" alt=\"\"\/><\/figure>\n\n\n\n<h2 class=\"wp-block-heading has-text-align-left\" id=\"register-a-company-online\">Registra una compa\u00f1\u00eda en l\u00ednea<\/h2>\n\n\n\n<p class=\"has-text-align-left\">La constituci\u00f3n de una compa\u00f1\u00eda deber\u00eda ser tan simple como registrar un dominio. Unicount facilita la creaci\u00f3n de compa\u00f1\u00edas en l\u00ednea para los titulares de un documento de identidad digital estonio.<\/p>\n\n\n\n<div class=\"wp-block-buttons is-horizontal is-content-justification-left is-layout-flex wp-container-core-buttons-is-layout-7e5fce0a wp-block-buttons-is-layout-flex\">\n<div class=\"wp-block-button\"><a class=\"wp-block-button__link wp-element-button\" href=\"https:\/\/unicount.eu\/es\/compania-en-estonia\/\">Leer M\u00e1s<\/a><\/div>\n<\/div>\n<\/div>\n<\/div>\n<\/div><\/div>\n\n\n\n<div class=\"wp-block-group signup\"><div class=\"wp-block-group__inner-container is-layout-flow wp-block-group-is-layout-flow\">\n<div class=\"wp-block-columns is-layout-flex wp-container-core-columns-is-layout-9d6595d7 wp-block-columns-is-layout-flex\">\n<div class=\"wp-block-column is-vertically-aligned-center text-right justify-right is-layout-flow wp-block-column-is-layout-flow\">\n<figure class=\"wp-block-image size-large text-right\"><img decoding=\"async\" src=\"https:\/\/unicount.eu\/wp-content\/uploads\/2019\/03\/icon3.svg\" alt=\"\"\/><\/figure>\n\n\n\n<h2 class=\"wp-block-heading has-text-align-right\" id=\"sign-up-for-virtual-office\">Reg\u00edstrese en la oficina virtual y Persona de Contacto<br><\/h2>\n\n\n\n<p class=\"has-text-align-right\">\u00bfYa tienes una compa\u00f1\u00eda en Estonia? Puedes cambiarte al servicio de oficina virtual y persona de contacto de Unicount f\u00e1cilmente.<\/p>\n\n\n\n<div class=\"wp-block-buttons is-horizontal is-content-justification-right is-layout-flex wp-container-core-buttons-is-layout-ae2fe186 wp-block-buttons-is-layout-flex\">\n<div class=\"wp-block-button\"><a class=\"wp-block-button__link wp-element-button\" href=\"https:\/\/unicount.eu\/es\/oficina-virtual-en-estonia\/\">Leer M\u00e1s<\/a><\/div>\n<\/div>\n<\/div>\n\n\n\n<div class=\"wp-block-column is-layout-flow wp-block-column-is-layout-flow\">\n<figure class=\"wp-block-image size-large\"><img decoding=\"async\" width=\"600\" height=\"600\" src=\"https:\/\/unicount.eu\/wp-content\/uploads\/2022\/10\/howto-2.svg\" alt=\"\" class=\"wp-image-11204\"\/><\/figure>\n<\/div>\n<\/div>\n<\/div><\/div>\n\n\n\n<div class=\"wp-block-group signup\"><div class=\"wp-block-group__inner-container is-layout-flow wp-block-group-is-layout-flow\">\n<div class=\"wp-block-columns is-layout-flex wp-container-core-columns-is-layout-9d6595d7 wp-block-columns-is-layout-flex\">\n<div class=\"wp-block-column is-layout-flow wp-block-column-is-layout-flow\">\n<figure class=\"wp-block-image size-full\"><img decoding=\"async\" src=\"https:\/\/unicount.eu\/wp-content\/uploads\/2019\/03\/howto-3.svg\" alt=\"\" class=\"wp-image-148\"\/><\/figure>\n<\/div>\n\n\n\n<div class=\"wp-block-column is-vertically-aligned-center text-right is-layout-flow wp-block-column-is-layout-flow\">\n<figure class=\"wp-block-image size-full\"><img decoding=\"async\" src=\"https:\/\/unicount.eu\/wp-content\/uploads\/2019\/03\/icon5.svg\" alt=\"\" class=\"wp-image-145\"\/><\/figure>\n\n\n\n<h2 class=\"wp-block-heading has-text-align-left\" id=\"get-monthly-accounting\">Obtenga un plan de contabilidad mensual<\/h2>\n\n\n\n<p class=\"has-text-align-left\">Obtenga acceso a un software en la nube para enviar todos sus documentos de gastos y crear facturas de ventas.<\/p>\n\n\n\n<div class=\"wp-block-buttons is-horizontal is-content-justification-left is-layout-flex wp-container-core-buttons-is-layout-7e5fce0a wp-block-buttons-is-layout-flex\">\n<div class=\"wp-block-button\"><a class=\"wp-block-button__link wp-element-button\" href=\"https:\/\/unicount.eu\/es\/contabilidad-en-estonia\/\">LEER M\u00c1S<\/a><\/div>\n<\/div>\n<\/div>\n<\/div>\n<\/div><\/div>\n","protected":false},"excerpt":{"rendered":"<p>Dirigir una compa\u00f1\u00eda en l\u00ednea Crear y dirigir una compa\u00f1\u00eda en l\u00ednea deber\u00eda ser simple. Pues bien, as\u00ed lo vemos en un pa\u00eds n\u00f3rdico digital llamado Estonia. Es por eso por lo que hemos creado Unicount. Registra una compa\u00f1\u00eda en l\u00ednea La constituci\u00f3n de una compa\u00f1\u00eda deber\u00eda ser tan simple como registrar un dominio. Unicount [&hellip;]<\/p>\n","protected":false},"author":2,"featured_media":0,"parent":0,"menu_order":0,"comment_status":"closed","ping_status":"closed","template":"","meta":{"inline_featured_image":false,"footnotes":""},"class_list":["post-8901","page","type-page","status-publish","hentry"],"acf":[],"yoast_head":"<!-- This site is optimized with the Yoast SEO Premium plugin v24.3 (Yoast SEO v24.3) - https:\/\/yoast.com\/wordpress\/plugins\/seo\/ -->\n<title>Servicios | Servicios en l\u00ednea de Unicount para e-residentes estonios<\/title>\n<meta name=\"description\" content=\"Crear y dirigir una compa\u00f1\u00eda en l\u00ednea deber\u00eda ser simple. Pues bien, as\u00ed lo vemos en un pa\u00eds n\u00f3rdico digital llamado Estonia.\" \/>\n<meta name=\"robots\" content=\"index, follow, max-snippet:-1, max-image-preview:large, max-video-preview:-1\" \/>\n<link rel=\"canonical\" href=\"https:\/\/unicount.eu\/es\/servicios\/\" \/>\n<meta property=\"og:locale\" content=\"es_ES\" \/>\n<meta property=\"og:type\" content=\"article\" \/>\n<meta property=\"og:title\" content=\"Servicios\" \/>\n<meta property=\"og:description\" content=\"Crear y dirigir una compa\u00f1\u00eda en l\u00ednea deber\u00eda ser simple. Pues bien, as\u00ed lo vemos en un pa\u00eds n\u00f3rdico digital llamado Estonia.\" \/>\n<meta property=\"og:url\" content=\"https:\/\/unicount.eu\/es\/servicios\/\" \/>\n<meta property=\"og:site_name\" content=\"Unicount\" \/>\n<meta property=\"article:publisher\" content=\"https:\/\/www.facebook.com\/unicount\/\" \/>\n<meta property=\"article:modified_time\" content=\"2026-02-19T12:57:42+00:00\" \/>\n<meta property=\"og:image\" content=\"https:\/\/unicount.eu\/wp-content\/uploads\/2019\/03\/howto-1.svg\" \/>\n<meta name=\"twitter:card\" content=\"summary_large_image\" \/>\n<meta name=\"twitter:site\" content=\"@unicountestonia\" \/>\n<meta name=\"twitter:label1\" content=\"Tiempo de lectura\" \/>\n\t<meta name=\"twitter:data1\" content=\"2 minutos\" \/>\n<script type=\"application\/ld+json\" class=\"yoast-schema-graph\">{\"@context\":\"https:\/\/schema.org\",\"@graph\":[{\"@type\":\"WebPage\",\"@id\":\"https:\/\/unicount.eu\/es\/servicios\/\",\"url\":\"https:\/\/unicount.eu\/es\/servicios\/\",\"name\":\"Servicios | Servicios en l\u00ednea de Unicount para e-residentes estonios\",\"isPartOf\":{\"@id\":\"https:\/\/unicount.eu\/es\/#website\"},\"primaryImageOfPage\":{\"@id\":\"https:\/\/unicount.eu\/es\/servicios\/#primaryimage\"},\"image\":{\"@id\":\"https:\/\/unicount.eu\/es\/servicios\/#primaryimage\"},\"thumbnailUrl\":\"https:\/\/unicount.eu\/wp-content\/uploads\/2019\/03\/howto-1.svg\",\"datePublished\":\"2019-03-11T06:50:01+00:00\",\"dateModified\":\"2026-02-19T12:57:42+00:00\",\"description\":\"Crear y dirigir una compa\u00f1\u00eda en l\u00ednea deber\u00eda ser simple. Pues bien, as\u00ed lo vemos en un pa\u00eds n\u00f3rdico digital llamado Estonia.\",\"breadcrumb\":{\"@id\":\"https:\/\/unicount.eu\/es\/servicios\/#breadcrumb\"},\"inLanguage\":\"es\",\"potentialAction\":[{\"@type\":\"ReadAction\",\"target\":[\"https:\/\/unicount.eu\/es\/servicios\/\"]}]},{\"@type\":\"ImageObject\",\"inLanguage\":\"es\",\"@id\":\"https:\/\/unicount.eu\/es\/servicios\/#primaryimage\",\"url\":\"https:\/\/unicount.eu\/wp-content\/uploads\/2019\/03\/howto-1.svg\",\"contentUrl\":\"https:\/\/unicount.eu\/wp-content\/uploads\/2019\/03\/howto-1.svg\"},{\"@type\":\"BreadcrumbList\",\"@id\":\"https:\/\/unicount.eu\/es\/servicios\/#breadcrumb\",\"itemListElement\":[{\"@type\":\"ListItem\",\"position\":1,\"name\":\"Home\",\"item\":\"https:\/\/unicount.eu\/es\/\"},{\"@type\":\"ListItem\",\"position\":2,\"name\":\"Servicios\"}]},{\"@type\":\"WebSite\",\"@id\":\"https:\/\/unicount.eu\/es\/#website\",\"url\":\"https:\/\/unicount.eu\/es\/\",\"name\":\"Unicount\",\"description\":\"The simplest way to start an Estonian company\",\"publisher\":{\"@id\":\"https:\/\/unicount.eu\/es\/#organization\"},\"potentialAction\":[{\"@type\":\"SearchAction\",\"target\":{\"@type\":\"EntryPoint\",\"urlTemplate\":\"https:\/\/unicount.eu\/es\/?s={search_term_string}\"},\"query-input\":{\"@type\":\"PropertyValueSpecification\",\"valueRequired\":true,\"valueName\":\"search_term_string\"}}],\"inLanguage\":\"es\"},{\"@type\":\"Organization\",\"@id\":\"https:\/\/unicount.eu\/es\/#organization\",\"name\":\"Unicount O\u00dc\",\"url\":\"https:\/\/unicount.eu\/es\/\",\"logo\":{\"@type\":\"ImageObject\",\"inLanguage\":\"es\",\"@id\":\"https:\/\/unicount.eu\/es\/#\/schema\/logo\/image\/\",\"url\":\"https:\/\/unicount.eu\/wp-content\/uploads\/2019\/10\/unicount-logo-002.jpg\",\"contentUrl\":\"https:\/\/unicount.eu\/wp-content\/uploads\/2019\/10\/unicount-logo-002.jpg\",\"width\":1380,\"height\":288,\"caption\":\"Unicount O\u00dc\"},\"image\":{\"@id\":\"https:\/\/unicount.eu\/es\/#\/schema\/logo\/image\/\"},\"sameAs\":[\"https:\/\/www.facebook.com\/unicount\/\",\"https:\/\/x.com\/unicountestonia\",\"https:\/\/www.linkedin.com\/company\/unicount\",\"https:\/\/www.youtube.com\/channel\/UCSV5_VgpIIAUyLWhjeXY8vQ\"]}]}<\/script>\n<!-- \/ Yoast SEO Premium plugin. -->","yoast_head_json":{"title":"Servicios | Servicios en l\u00ednea de Unicount para e-residentes estonios","description":"Crear y dirigir una compa\u00f1\u00eda en l\u00ednea deber\u00eda ser simple. Pues bien, as\u00ed lo vemos en un pa\u00eds n\u00f3rdico digital llamado Estonia.","robots":{"index":"index","follow":"follow","max-snippet":"max-snippet:-1","max-image-preview":"max-image-preview:large","max-video-preview":"max-video-preview:-1"},"canonical":"https:\/\/unicount.eu\/es\/servicios\/","og_locale":"es_ES","og_type":"article","og_title":"Servicios","og_description":"Crear y dirigir una compa\u00f1\u00eda en l\u00ednea deber\u00eda ser simple. Pues bien, as\u00ed lo vemos en un pa\u00eds n\u00f3rdico digital llamado Estonia.","og_url":"https:\/\/unicount.eu\/es\/servicios\/","og_site_name":"Unicount","article_publisher":"https:\/\/www.facebook.com\/unicount\/","article_modified_time":"2026-02-19T12:57:42+00:00","og_image":[{"url":"https:\/\/unicount.eu\/wp-content\/uploads\/2019\/03\/howto-1.svg","type":"","width":"","height":""}],"twitter_card":"summary_large_image","twitter_site":"@unicountestonia","twitter_misc":{"Tiempo de lectura":"2 minutos"},"schema":{"@context":"https:\/\/schema.org","@graph":[{"@type":"WebPage","@id":"https:\/\/unicount.eu\/es\/servicios\/","url":"https:\/\/unicount.eu\/es\/servicios\/","name":"Servicios | Servicios en l\u00ednea de Unicount para e-residentes estonios","isPartOf":{"@id":"https:\/\/unicount.eu\/es\/#website"},"primaryImageOfPage":{"@id":"https:\/\/unicount.eu\/es\/servicios\/#primaryimage"},"image":{"@id":"https:\/\/unicount.eu\/es\/servicios\/#primaryimage"},"thumbnailUrl":"https:\/\/unicount.eu\/wp-content\/uploads\/2019\/03\/howto-1.svg","datePublished":"2019-03-11T06:50:01+00:00","dateModified":"2026-02-19T12:57:42+00:00","description":"Crear y dirigir una compa\u00f1\u00eda en l\u00ednea deber\u00eda ser simple. Pues bien, as\u00ed lo vemos en un pa\u00eds n\u00f3rdico digital llamado Estonia.","breadcrumb":{"@id":"https:\/\/unicount.eu\/es\/servicios\/#breadcrumb"},"inLanguage":"es","potentialAction":[{"@type":"ReadAction","target":["https:\/\/unicount.eu\/es\/servicios\/"]}]},{"@type":"ImageObject","inLanguage":"es","@id":"https:\/\/unicount.eu\/es\/servicios\/#primaryimage","url":"https:\/\/unicount.eu\/wp-content\/uploads\/2019\/03\/howto-1.svg","contentUrl":"https:\/\/unicount.eu\/wp-content\/uploads\/2019\/03\/howto-1.svg"},{"@type":"BreadcrumbList","@id":"https:\/\/unicount.eu\/es\/servicios\/#breadcrumb","itemListElement":[{"@type":"ListItem","position":1,"name":"Home","item":"https:\/\/unicount.eu\/es\/"},{"@type":"ListItem","position":2,"name":"Servicios"}]},{"@type":"WebSite","@id":"https:\/\/unicount.eu\/es\/#website","url":"https:\/\/unicount.eu\/es\/","name":"Unicount","description":"The simplest way to start an Estonian company","publisher":{"@id":"https:\/\/unicount.eu\/es\/#organization"},"potentialAction":[{"@type":"SearchAction","target":{"@type":"EntryPoint","urlTemplate":"https:\/\/unicount.eu\/es\/?s={search_term_string}"},"query-input":{"@type":"PropertyValueSpecification","valueRequired":true,"valueName":"search_term_string"}}],"inLanguage":"es"},{"@type":"Organization","@id":"https:\/\/unicount.eu\/es\/#organization","name":"Unicount O\u00dc","url":"https:\/\/unicount.eu\/es\/","logo":{"@type":"ImageObject","inLanguage":"es","@id":"https:\/\/unicount.eu\/es\/#\/schema\/logo\/image\/","url":"https:\/\/unicount.eu\/wp-content\/uploads\/2019\/10\/unicount-logo-002.jpg","contentUrl":"https:\/\/unicount.eu\/wp-content\/uploads\/2019\/10\/unicount-logo-002.jpg","width":1380,"height":288,"caption":"Unicount O\u00dc"},"image":{"@id":"https:\/\/unicount.eu\/es\/#\/schema\/logo\/image\/"},"sameAs":["https:\/\/www.facebook.com\/unicount\/","https:\/\/x.com\/unicountestonia","https:\/\/www.linkedin.com\/company\/unicount","https:\/\/www.youtube.com\/channel\/UCSV5_VgpIIAUyLWhjeXY8vQ"]}]}},"_links":{"self":[{"href":"https:\/\/unicount.eu\/es\/wp-json\/wp\/v2\/pages\/8901","targetHints":{"allow":["GET"]}}],"collection":[{"href":"https:\/\/unicount.eu\/es\/wp-json\/wp\/v2\/pages"}],"about":[{"href":"https:\/\/unicount.eu\/es\/wp-json\/wp\/v2\/types\/page"}],"author":[{"embeddable":true,"href":"https:\/\/unicount.eu\/es\/wp-json\/wp\/v2\/users\/2"}],"replies":[{"embeddable":true,"href":"https:\/\/unicount.eu\/es\/wp-json\/wp\/v2\/comments?post=8901"}],"version-history":[{"count":6,"href":"https:\/\/unicount.eu\/es\/wp-json\/wp\/v2\/pages\/8901\/revisions"}],"predecessor-version":[{"id":24828,"href":"https:\/\/unicount.eu\/es\/wp-json\/wp\/v2\/pages\/8901\/revisions\/24828"}],"wp:attachment":[{"href":"https:\/\/unicount.eu\/es\/wp-json\/wp\/v2\/media?parent=8901"}],"curies":[{"name":"wp","href":"https:\/\/api.w.org\/{rel}","templated":true}]}}