{"id":8866,"date":"2019-10-10T10:57:40","date_gmt":"2019-10-10T07:57:40","guid":{"rendered":"https:\/\/unicount.eu\/?page_id=8866"},"modified":"2025-04-25T15:44:31","modified_gmt":"2025-04-25T12:44:31","slug":"contactos","status":"publish","type":"page","link":"https:\/\/unicount.eu\/es\/contactos\/","title":{"rendered":"Contactos"},"content":{"rendered":"\n<section id=\"kaartparemal-block_b7c3782ed7e2645134e0ee1ab717c54f\"\n         class=\"kaartparemal kolmkaarti  contacts color-white  large-font blue_bg sixty\">\n    <div class=\"wrapper\">\n\n\n        <div class=\"row d-flex flex-wrap\">\n\n            <div class=\"col-md-7 d-flex flex-wrap align-content-start left-side\">\n\n\t\t\t\t                    <h1 class=\"module-heading\">\n\t\t\t\t\t\tUnicount                    <\/h1>\n\t\t\t\t\n\n\t\t\t\t                    <div class=\"def-p\">\n\t\t\t\t\t\t<p>Ofrecemos la formaci\u00f3n de empresas en Estonia muy sencilla a trav\u00e9s de un portal de autoservicio en l\u00ednea.<\/p>\n<p>Con tutoriales en v\u00eddeo y soporte en l\u00ednea, puede configurar una empresa con un solo accionista y miembro de la junta directiva con nuestra direcci\u00f3n de oficina virtual en cinco minutos o menos. El servicio se basa en la API del Registro Mercantil de Estonia y requiere que usted tenga una tarjeta de identificaci\u00f3n de residente o residente electr\u00f3nico de Estonia, una identificaci\u00f3n inteligente o una identificaci\u00f3n m\u00f3vil.<\/p>\n<p>Se pueden registrar m\u00faltiples empresas accionistas y subsidiarias en nuestro servicio de oficina virtual a trav\u00e9s del Registro Comercial Electr\u00f3nico.<\/p>\n<p>Unicount ofrece servicios de contabilidad en l\u00ednea a sus clientes de oficinas virtuales con preparaci\u00f3n de cuentas anuales y presentaci\u00f3n de informes fiscales en Estonia.<\/p>\n                    <\/div>\n\t\t\t\t\n\n            <\/div>\n            <div class=\"col-md-5 right-side\">\n                <div class=\"card-item\">\n                    <script src=\"https:\/\/maps.googleapis.com\/maps\/api\/js?key=AIzaSyCVno7A7oXP5Cn6PgDNrTRPBDpmPAwVrbk\"><\/script>\n                    <style type=\"text\/css\">\n\n                        .acf-map {\n                            width: 100%;\n                            height: 250px;\n                            border: #ccc solid 1px;\n                            margin: 20px 0;\n                        }\n\n                        \/* fixes potential theme css conflict *\/\n                        .acf-map img {\n                            max-width: inherit !important;\n                        }\n\n                    <\/style>\n\t                                            <div class=\"acf-map\">\n                                <div class=\"marker\" data-lat=\"59.4374543\"\n                                     data-lng=\"24.7567306\"><\/div>\n                            <\/div>\n\t\t                                    <div class=\"text-cont\">\n                        <div class=\"dark-text\">\n\t\t\t\t\t\t\t\t\t\t\t\t\t\t\t<p>Unicount O\u00dc<br \/>\nsociedad limitada estonia<br \/>\nN\u00famero de registro 14614272<br \/>\nlicencia UIF no FIU000315<br \/>\nIVA no EE102384501<\/p>\n<p>Direcci\u00f3n de la oficina registrada<br \/>\nNarva mnt 5<br \/>\nTallinn 10117, Estonia<\/p>\n<p>Correo electr\u00f3nico<br \/>\nsupport@unicount.eu<\/p>\n\t\t\t\t\t\t\t                            <a href=\"https:\/\/wa.me\/+3725111234\" target=\"_blank\" class=\"button--type1\" style=\"margin: 0; margin-top: 20px; display: table;\"><i class=\"fab fa-whatsapp\"><\/i> WhatsApp<\/a>\n                        <\/div>\n                    <\/div>\n                <\/div>\n            <\/div>\n\n\n        <\/div>\n<\/section>\n\n\n\n\n<section id=\"testimonial-block_e3bdcd74522860de115939a6ca4e5b37\"\n         class=\"kolmkontakti  \">\n    <div class=\"wrapper\">\n\n\n\t\t\n                <div class=\"row d-flex flex-wrap\">\n\n\t\t\t\t\t                        <div class=\"col-sm-6 col-lg-4 d-flex\">\n                            <div class=\"card-item\">\n\t\t\t\t\t\t\t\t                                    <div class=\"iconCont\">\n                                        <img decoding=\"async\" data-src=\"https:\/\/unicount.eu\/wp-content\/uploads\/2025\/03\/ragnar.jpg\" alt=\"\" src=\"data:image\/gif;base64,R0lGODlhAQABAAAAACH5BAEKAAEALAAAAAABAAEAAAICTAEAOw==\" class=\"lazyload\" style=\"--smush-placeholder-width: 200px; --smush-placeholder-aspect-ratio: 200\/200;\">\n                                    <\/div>\n\t\t\t\t\t\t\t\t\n\n\t\t\t\t\t\t\t\t                                    <h3 class=\"\">\n\t\t\t\t\t\t\t\t\t\tRagnar Everest                                    <\/h3>\n\t\t\t\t\t\t\t\t\n\t                                                                <div class=\"proff\">\n\t\t\t                            Director Gerente                                    <\/div>\n\t                            \n\t\t\t\t\t\t\t\t                                    <p class=\"\">\n\t\t\t\t\t\t\t\t\t\t<p>Ragnar, un exitoso CEO con m\u00e1s de 16 a\u00f1os de experiencia en el sector contable, ofrece servicios corporativos con \u00e9xito desde 2008. Como uno de los primeros socios de residencia electr\u00f3nica, combina innovaci\u00f3n con experiencia, impulsando la transformaci\u00f3n digital y empoderando a emprendedores globales con soluciones financieras integrales.<\/p>\n                                    <\/p>\n\t\t\t\t\t\t\t\t                                \n\n                            <\/div>\n                        <\/div>\n\t\t\t\t\t                <\/div>\n\t\t\t\n\n    <\/div>\n<\/section>\n\n\n","protected":false},"excerpt":{"rendered":"","protected":false},"author":2,"featured_media":0,"parent":0,"menu_order":0,"comment_status":"closed","ping_status":"closed","template":"","meta":{"inline_featured_image":false,"footnotes":""},"class_list":["post-8866","page","type-page","status-publish","hentry"],"acf":[],"yoast_head":"<!-- This site is optimized with the Yoast SEO Premium plugin v24.3 (Yoast SEO v24.3) - https:\/\/yoast.com\/wordpress\/plugins\/seo\/ -->\n<title>Contactos | Unicount<\/title>\n<meta name=\"robots\" content=\"index, follow, max-snippet:-1, max-image-preview:large, max-video-preview:-1\" \/>\n<link rel=\"canonical\" href=\"https:\/\/unicount.eu\/es\/contactos\/\" \/>\n<meta property=\"og:locale\" content=\"es_ES\" \/>\n<meta property=\"og:type\" content=\"article\" \/>\n<meta property=\"og:title\" content=\"Contactos\" \/>\n<meta property=\"og:url\" content=\"https:\/\/unicount.eu\/es\/contactos\/\" \/>\n<meta property=\"og:site_name\" content=\"Unicount\" \/>\n<meta property=\"article:publisher\" content=\"https:\/\/www.facebook.com\/unicount\/\" \/>\n<meta property=\"article:modified_time\" content=\"2025-04-25T12:44:31+00:00\" \/>\n<meta property=\"og:image\" content=\"https:\/\/unicount.eu\/wp-content\/uploads\/2021\/01\/fb-cover@2x.jpg\" \/>\n\t<meta property=\"og:image:width\" content=\"2400\" \/>\n\t<meta property=\"og:image:height\" content=\"1350\" \/>\n\t<meta property=\"og:image:type\" content=\"image\/jpeg\" \/>\n<meta name=\"twitter:card\" content=\"summary_large_image\" \/>\n<meta name=\"twitter:site\" content=\"@unicountestonia\" \/>\n<meta name=\"twitter:label1\" content=\"Tiempo de lectura\" \/>\n\t<meta name=\"twitter:data1\" content=\"1 minuto\" \/>\n<script type=\"application\/ld+json\" class=\"yoast-schema-graph\">{\"@context\":\"https:\/\/schema.org\",\"@graph\":[{\"@type\":\"WebPage\",\"@id\":\"https:\/\/unicount.eu\/es\/contactos\/\",\"url\":\"https:\/\/unicount.eu\/es\/contactos\/\",\"name\":\"Contactos | Unicount\",\"isPartOf\":{\"@id\":\"https:\/\/unicount.eu\/es\/#website\"},\"datePublished\":\"2019-10-10T07:57:40+00:00\",\"dateModified\":\"2025-04-25T12:44:31+00:00\",\"breadcrumb\":{\"@id\":\"https:\/\/unicount.eu\/es\/contactos\/#breadcrumb\"},\"inLanguage\":\"es\",\"potentialAction\":[{\"@type\":\"ReadAction\",\"target\":[\"https:\/\/unicount.eu\/es\/contactos\/\"]}]},{\"@type\":\"BreadcrumbList\",\"@id\":\"https:\/\/unicount.eu\/es\/contactos\/#breadcrumb\",\"itemListElement\":[{\"@type\":\"ListItem\",\"position\":1,\"name\":\"Home\",\"item\":\"https:\/\/unicount.eu\/es\/\"},{\"@type\":\"ListItem\",\"position\":2,\"name\":\"Contactos\"}]},{\"@type\":\"WebSite\",\"@id\":\"https:\/\/unicount.eu\/es\/#website\",\"url\":\"https:\/\/unicount.eu\/es\/\",\"name\":\"Unicount\",\"description\":\"The simplest way to start an Estonian company\",\"publisher\":{\"@id\":\"https:\/\/unicount.eu\/es\/#organization\"},\"potentialAction\":[{\"@type\":\"SearchAction\",\"target\":{\"@type\":\"EntryPoint\",\"urlTemplate\":\"https:\/\/unicount.eu\/es\/?s={search_term_string}\"},\"query-input\":{\"@type\":\"PropertyValueSpecification\",\"valueRequired\":true,\"valueName\":\"search_term_string\"}}],\"inLanguage\":\"es\"},{\"@type\":\"Organization\",\"@id\":\"https:\/\/unicount.eu\/es\/#organization\",\"name\":\"Unicount O\u00dc\",\"url\":\"https:\/\/unicount.eu\/es\/\",\"logo\":{\"@type\":\"ImageObject\",\"inLanguage\":\"es\",\"@id\":\"https:\/\/unicount.eu\/es\/#\/schema\/logo\/image\/\",\"url\":\"https:\/\/unicount.eu\/wp-content\/uploads\/2019\/10\/unicount-logo-002.jpg\",\"contentUrl\":\"https:\/\/unicount.eu\/wp-content\/uploads\/2019\/10\/unicount-logo-002.jpg\",\"width\":1380,\"height\":288,\"caption\":\"Unicount O\u00dc\"},\"image\":{\"@id\":\"https:\/\/unicount.eu\/es\/#\/schema\/logo\/image\/\"},\"sameAs\":[\"https:\/\/www.facebook.com\/unicount\/\",\"https:\/\/x.com\/unicountestonia\",\"https:\/\/www.linkedin.com\/company\/unicount\",\"https:\/\/www.youtube.com\/channel\/UCSV5_VgpIIAUyLWhjeXY8vQ\"]}]}<\/script>\n<!-- \/ Yoast SEO Premium plugin. -->","yoast_head_json":{"title":"Contactos | Unicount","robots":{"index":"index","follow":"follow","max-snippet":"max-snippet:-1","max-image-preview":"max-image-preview:large","max-video-preview":"max-video-preview:-1"},"canonical":"https:\/\/unicount.eu\/es\/contactos\/","og_locale":"es_ES","og_type":"article","og_title":"Contactos","og_url":"https:\/\/unicount.eu\/es\/contactos\/","og_site_name":"Unicount","article_publisher":"https:\/\/www.facebook.com\/unicount\/","article_modified_time":"2025-04-25T12:44:31+00:00","og_image":[{"width":2400,"height":1350,"url":"https:\/\/unicount.eu\/wp-content\/uploads\/2021\/01\/fb-cover@2x.jpg","type":"image\/jpeg"}],"twitter_card":"summary_large_image","twitter_site":"@unicountestonia","twitter_misc":{"Tiempo de lectura":"1 minuto"},"schema":{"@context":"https:\/\/schema.org","@graph":[{"@type":"WebPage","@id":"https:\/\/unicount.eu\/es\/contactos\/","url":"https:\/\/unicount.eu\/es\/contactos\/","name":"Contactos | Unicount","isPartOf":{"@id":"https:\/\/unicount.eu\/es\/#website"},"datePublished":"2019-10-10T07:57:40+00:00","dateModified":"2025-04-25T12:44:31+00:00","breadcrumb":{"@id":"https:\/\/unicount.eu\/es\/contactos\/#breadcrumb"},"inLanguage":"es","potentialAction":[{"@type":"ReadAction","target":["https:\/\/unicount.eu\/es\/contactos\/"]}]},{"@type":"BreadcrumbList","@id":"https:\/\/unicount.eu\/es\/contactos\/#breadcrumb","itemListElement":[{"@type":"ListItem","position":1,"name":"Home","item":"https:\/\/unicount.eu\/es\/"},{"@type":"ListItem","position":2,"name":"Contactos"}]},{"@type":"WebSite","@id":"https:\/\/unicount.eu\/es\/#website","url":"https:\/\/unicount.eu\/es\/","name":"Unicount","description":"The simplest way to start an Estonian company","publisher":{"@id":"https:\/\/unicount.eu\/es\/#organization"},"potentialAction":[{"@type":"SearchAction","target":{"@type":"EntryPoint","urlTemplate":"https:\/\/unicount.eu\/es\/?s={search_term_string}"},"query-input":{"@type":"PropertyValueSpecification","valueRequired":true,"valueName":"search_term_string"}}],"inLanguage":"es"},{"@type":"Organization","@id":"https:\/\/unicount.eu\/es\/#organization","name":"Unicount O\u00dc","url":"https:\/\/unicount.eu\/es\/","logo":{"@type":"ImageObject","inLanguage":"es","@id":"https:\/\/unicount.eu\/es\/#\/schema\/logo\/image\/","url":"https:\/\/unicount.eu\/wp-content\/uploads\/2019\/10\/unicount-logo-002.jpg","contentUrl":"https:\/\/unicount.eu\/wp-content\/uploads\/2019\/10\/unicount-logo-002.jpg","width":1380,"height":288,"caption":"Unicount O\u00dc"},"image":{"@id":"https:\/\/unicount.eu\/es\/#\/schema\/logo\/image\/"},"sameAs":["https:\/\/www.facebook.com\/unicount\/","https:\/\/x.com\/unicountestonia","https:\/\/www.linkedin.com\/company\/unicount","https:\/\/www.youtube.com\/channel\/UCSV5_VgpIIAUyLWhjeXY8vQ"]}]}},"_links":{"self":[{"href":"https:\/\/unicount.eu\/es\/wp-json\/wp\/v2\/pages\/8866","targetHints":{"allow":["GET"]}}],"collection":[{"href":"https:\/\/unicount.eu\/es\/wp-json\/wp\/v2\/pages"}],"about":[{"href":"https:\/\/unicount.eu\/es\/wp-json\/wp\/v2\/types\/page"}],"author":[{"embeddable":true,"href":"https:\/\/unicount.eu\/es\/wp-json\/wp\/v2\/users\/2"}],"replies":[{"embeddable":true,"href":"https:\/\/unicount.eu\/es\/wp-json\/wp\/v2\/comments?post=8866"}],"version-history":[{"count":12,"href":"https:\/\/unicount.eu\/es\/wp-json\/wp\/v2\/pages\/8866\/revisions"}],"predecessor-version":[{"id":23880,"href":"https:\/\/unicount.eu\/es\/wp-json\/wp\/v2\/pages\/8866\/revisions\/23880"}],"wp:attachment":[{"href":"https:\/\/unicount.eu\/es\/wp-json\/wp\/v2\/media?parent=8866"}],"curies":[{"name":"wp","href":"https:\/\/api.w.org\/{rel}","templated":true}]}}