{"id":17631,"date":"2021-12-13T16:30:52","date_gmt":"2021-12-13T14:30:52","guid":{"rendered":"https:\/\/unicount.eu\/?page_id=17631"},"modified":"2023-12-19T11:05:39","modified_gmt":"2023-12-19T09:05:39","slug":"programa-de-afiliados","status":"publish","type":"page","link":"https:\/\/unicount.eu\/es\/programa-de-afiliados\/","title":{"rendered":"Programa de afiliados"},"content":{"rendered":"\n<section id=\"piltparemal-block_b2408ee0987cd49e23239fb9d4042856\"\n         class=\"piltparemal  piltparemal  alignfull color-white  large-font blue_bg medium\">\n    <div class=\"wrapper\">\n\n\n        <div class=\"row d-flex flex-wrap\">\n\n            <div class=\"col-md-6 d-flex flex-wrap align-content-start left-side\">\n\t\t\t\t                    <h2 class=\"module-heading\">\n\t\t\t\t\t\tPrograma de afiliados de Unicount                    <\/h2>\n\t\t\t\t\n\n\t\t\t\t                    <p class=\"def-p\">\n\t\t\t\t\t\tUnicount ofrece su Programa de Afiliados a socios elegibles que promuevan la formaci\u00f3n de empresas y servicios de oficina virtual para residentes electr\u00f3nicos estonios.                      <\/p>\n\t\t\t\t\n\n\t\t\t\t\n\n\n\n\t\t\t\t                        <a class=\"button--type1 button--lg\" href=\"#signup\"\n                           target=\"_self\">Convertirse en un compa\u00f1ero<\/a>\n\t\t\t\t\t\n            <\/div>\n\n\t\t\t            <div class=\"col-md-6 right-side \">\n\t\t\t\t                    <div class=\"imgCont\">\n                        <img decoding=\"async\" class=\"img-responsive \" src=\"https:\/\/unicount.eu\/wp-content\/uploads\/2019\/10\/2384136@15x.svg\" alt=\"\">\n                    <\/div>\n\t\t\t\t\t\t\t\t            <\/div>\n\n\n        <\/div>\n<\/section>\n\n\n\n<section id=\"sildiplokk-block_0d0533604aa41815c42b57a0e0badf2c\"\n         class=\"sildiplokk  \">\n    <div class=\"wrapper\">\n\n\n        <div class=\"d-flex\">\n\t\t\t\n\t\t\t\n\t\t\t\n        <\/div>\n\n\n\t\t\n\n<\/section>\n\n\n\n<section id=\"sildiplokk-block_78d2e559fb738ff87f7137e95f1687c6\"\n         class=\"sildiplokk  alignfull \">\n    <div class=\"wrapper\">\n\n\n        <div class=\"d-flex\">\n\t\t\t                <h2 class=\"module-heading\">\n\t\t\t\t\tC\u00f3mo funciona el programa de afiliados                <\/h2>\n\t\t\t\n\t\t\t\n\t\t\t\n        <\/div>\n\n\n\t\t            <p class=\"def-p\">\n\t\t\t\t<p>Complete nuestro formulario de registro de afiliado para convertirse en socio.<br \/>\nUnicount paga 50 euros por cada nuevo cliente sin IVA.<br \/>\n<a href=\"https:\/\/unicount.eu\/es\/terminos-de-servicio\/\">Se aplican t\u00e9rminos de servicio<\/a>.<\/p>\n            <\/p>\n\t\t\n\n<\/section>\n\n\n\n<style>.mb60 {\n        margin-bottom: 60px;\n\n    }\n\n<\/style>\n\n<section id=\"testimonial-block_7b53ba10d02c192425d92d5365f4d307\"\n         class=\"kolmkaarti  bg-white alignfull \">\n    <div class=\"wrapper\">\n\n\n\t\t\n                <div class=\"row d-flex flex-wrap max-w90\">\n\n\t\t\t\t\t                        <div class=\"item col-md-6 col-lg-4 d-flex mb60\">\n                            <div class=\"card-item\">\n\t\t\t\t\t\t\t                                <div class=\"iconCont\">\n                                    <img decoding=\"async\" src=\"https:\/\/unicount.eu\/wp-content\/uploads\/2019\/10\/Group-14@15x-1.svg\" alt=\"\">\n                                <\/div>\n\t\t\t\t\t\t\t\n\n\t\t\t\t\t\t\t                                <h3 class=\"\">\n\t\t\t\t\t\t\t\t\t\u00bfQuien es elegible?                                <\/h3>\n\t\t\t\t\t\t\t\n\t\t\t\t\t\t\t                                <p class=\"\">\n\t\t\t\t\t\t\t\t\t<p>Realizamos pagos \u00fanicamente a personas jur\u00eddicas sobre la base de la factura fiscal aceptada. Las restricciones sobre las jurisdicciones de nuestra filial, sus beneficiarios y directores son similares a nuestras pol\u00edticas para aceptar clientes residentes electr\u00f3nicos.<\/p>\n                                <\/p>\n\t\t\t\t\t\t\t\t                                                                    <a class=\"text-link\" href=\"https:\/\/support.unicount.eu\/es\/articles\/2939078-en-que-paises-puedo-usar-unicount\" target=\"_self\">Leer m\u00e1s<\/a>\n\t\t                                                        <\/div>\n                        <\/div>\n\t\t\t\t\t                        <div class=\"item col-md-6 col-lg-4 d-flex mb60\">\n                            <div class=\"card-item\">\n\t\t\t\t\t\t\t                                <div class=\"iconCont\">\n                                    <img decoding=\"async\" src=\"https:\/\/unicount.eu\/wp-content\/uploads\/2019\/10\/Group-14@15x.svg\" alt=\"\">\n                                <\/div>\n\t\t\t\t\t\t\t\n\n\t\t\t\t\t\t\t                                <h3 class=\"\">\n\t\t\t\t\t\t\t\t\tCuales son los otros beneficios?                                <\/h3>\n\t\t\t\t\t\t\t\n\t\t\t\t\t\t\t                                <p class=\"\">\n\t\t\t\t\t\t\t\t\t<p>Nuestro servicio de oficina virtual est\u00e1 disponible a un precio con descuento para nuestros afiliados que tengan una empresa en Estonia. Unicount maneja todo el correo entrante y se lo reenv\u00eda electr\u00f3nicamente.<\/p>\n                                <\/p>\n\t\t\t\t\t\t\t\t                                                                    <a class=\"text-link\" href=\"https:\/\/unicount.eu\/es\/oficina-virtual-en-estonia\/\" target=\"_self\">Leer m\u00e1s<\/a>\n\t\t                                                        <\/div>\n                        <\/div>\n\t\t\t\t\t                        <div class=\"item col-md-6 col-lg-4 d-flex mb60\">\n                            <div class=\"card-item\">\n\t\t\t\t\t\t\t                                <div class=\"iconCont\">\n                                    <img decoding=\"async\" src=\"https:\/\/unicount.eu\/wp-content\/uploads\/2019\/10\/Group-11@15x.svg\" alt=\"\">\n                                <\/div>\n\t\t\t\t\t\t\t\n\n\t\t\t\t\t\t\t                                <h3 class=\"\">\n\t\t\t\t\t\t\t\t\t\u00bfC\u00f3mo se pagan las comisiones?                                <\/h3>\n\t\t\t\t\t\t\t\n\t\t\t\t\t\t\t                                <p class=\"\">\n\t\t\t\t\t\t\t\t\t<p>Realizamos pagos mensuales sobre la base de la factura fiscal aceptada. Unicount env\u00eda informes mensuales al comienzo de cada mes calendario para informar las conversiones rastreadas.<\/p>\n                                <\/p>\n\t\t\t\t\t\t\t\t                                                                    <a class=\"text-link\" href=\"https:\/\/support.unicount.eu\/es\/articles\/6895935-cuales-son-los-campos-obligatorios-de-una-factura-aceptada-en-estonia\" target=\"_self\">Leer m\u00e1s<\/a>\n\t\t                                                        <\/div>\n                        <\/div>\n\t\t\t\t\t                <\/div>\n\t\t\t\n\n    <\/div>\n<\/section>\n\n\n\n<div class=\"wp-block-group numbers\"><div class=\"wp-block-group__inner-container is-layout-flow wp-block-group-is-layout-flow\">\n<div class=\"wp-block-columns upper is-layout-flex wp-container-core-columns-is-layout-9d6595d7 wp-block-columns-is-layout-flex\">\n<div class=\"wp-block-column is-layout-flow wp-block-column-is-layout-flow\">\n<h2 class=\"wp-block-heading\">Unicount en n\u00fameros<\/h2>\n<\/div>\n\n\n\n<div class=\"wp-block-column is-layout-flow wp-block-column-is-layout-flow\">\n<p>Unicount es un agente de formaci\u00f3n de empresas de confianza en Estonia. Nuestros n\u00fameros muestran nuestro desempe\u00f1o a lo largo de los a\u00f1os.<\/p>\n<\/div>\n<\/div>\n\n\n\n<div class=\"wp-block-columns lower is-layout-flex wp-container-core-columns-is-layout-9d6595d7 wp-block-columns-is-layout-flex\">\n<div class=\"wp-block-column is-layout-flow wp-block-column-is-layout-flow\">\n<h2 class=\"wp-block-heading\">900+<\/h2>\n\n\n\n<p>Empresas registradas hasta la fecha<\/p>\n<\/div>\n\n\n\n<div class=\"wp-block-column is-layout-flow wp-block-column-is-layout-flow\">\n<h2 class=\"wp-block-heading\">5<\/h2>\n\n\n\n<p>Tiempo medio de formaci\u00f3n en minutos<\/p>\n<\/div>\n\n\n\n<div class=\"wp-block-column is-layout-flow wp-block-column-is-layout-flow\">\n<h2 class=\"wp-block-heading\">6<\/h2>\n\n\n\n<p>Idiomas admitidos en el Panel de control<\/p>\n<\/div>\n\n\n\n<div class=\"wp-block-column is-layout-flow wp-block-column-is-layout-flow\">\n<h2 class=\"wp-block-heading\">71<\/h2>\n\n\n\n<p>Fundadores en diferentes pa\u00edses<\/p>\n<\/div>\n<\/div>\n<\/div><\/div>\n\n\n\n<h2 class=\"wp-block-heading\" id=\"signup\">Formulario de registro de afiliados<\/h2>\n\n\n\n<div class=\"wp-block-contact-form-7-contact-form-selector\">\n<div class=\"wpcf7 no-js\" id=\"wpcf7-f5832-o1\" lang=\"en-US\" dir=\"ltr\" data-wpcf7-id=\"5832\">\n<div class=\"screen-reader-response\"><p role=\"status\" aria-live=\"polite\" aria-atomic=\"true\"><\/p> <ul><\/ul><\/div>\n<form action=\"\/es\/wp-json\/wp\/v2\/pages\/17631#wpcf7-f5832-o1\" method=\"post\" class=\"wpcf7-form init\" aria-label=\"Contact form\" novalidate=\"novalidate\" data-status=\"init\">\n<div style=\"display: none;\">\n<input type=\"hidden\" name=\"_wpcf7\" value=\"5832\" \/>\n<input type=\"hidden\" name=\"_wpcf7_version\" value=\"6.0.3\" \/>\n<input type=\"hidden\" name=\"_wpcf7_locale\" value=\"en_US\" \/>\n<input type=\"hidden\" name=\"_wpcf7_unit_tag\" value=\"wpcf7-f5832-o1\" \/>\n<input type=\"hidden\" name=\"_wpcf7_container_post\" value=\"0\" \/>\n<input type=\"hidden\" name=\"_wpcf7_posted_data_hash\" value=\"\" \/>\n<input type=\"hidden\" name=\"_wpcf7_recaptcha_response\" value=\"\" \/>\n<\/div>\n<h3>Contact Information\n<\/h3>\n<div class=\"grid grid-cols-2 gap-8\">\n\t<div>\n\t\t<p><span class=\"wpcf7-form-control-wrap\" data-name=\"firstname\"><input size=\"40\" maxlength=\"400\" class=\"wpcf7-form-control wpcf7-text wpcf7-validates-as-required\" aria-required=\"true\" aria-invalid=\"false\" placeholder=\"First name\" value=\"\" type=\"text\" name=\"firstname\" \/><\/span>\n\t\t<\/p>\n\t<\/div>\n\t<div>\n\t\t<p><span class=\"wpcf7-form-control-wrap\" data-name=\"lastname\"><input size=\"40\" maxlength=\"400\" class=\"wpcf7-form-control wpcf7-text wpcf7-validates-as-required\" aria-required=\"true\" aria-invalid=\"false\" placeholder=\"Last name\" value=\"\" type=\"text\" name=\"lastname\" \/><\/span>\n\t\t<\/p>\n\t<\/div>\n\t<div>\n\t\t<p><span class=\"wpcf7-form-control-wrap\" data-name=\"email\"><input size=\"40\" maxlength=\"400\" class=\"wpcf7-form-control wpcf7-email wpcf7-validates-as-required wpcf7-text wpcf7-validates-as-email\" aria-required=\"true\" aria-invalid=\"false\" placeholder=\"Email\" value=\"\" type=\"email\" name=\"email\" \/><\/span>\n\t\t<\/p>\n\t<\/div>\n\t<div>\n\t\t<p><span class=\"wpcf7-form-control-wrap\" data-name=\"legal\"><input size=\"40\" maxlength=\"400\" class=\"wpcf7-form-control wpcf7-text wpcf7-validates-as-required\" aria-required=\"true\" aria-invalid=\"false\" placeholder=\"Legal Entity Name\" value=\"\" type=\"text\" name=\"legal\" \/><\/span>\n\t\t<\/p>\n\t<\/div>\n\t<div>\n\t\t<p><span class=\"wpcf7-form-control-wrap\" data-name=\"companyname\"><input size=\"40\" maxlength=\"400\" class=\"wpcf7-form-control wpcf7-text wpcf7-validates-as-required\" aria-required=\"true\" aria-invalid=\"false\" placeholder=\"Website\" value=\"\" type=\"text\" name=\"companyname\" \/><\/span>\n\t\t<\/p>\n\t<\/div>\n\t<div>\n\t\t<p><span class=\"wpcf7-form-control-wrap\" data-name=\"phone\"><input size=\"40\" maxlength=\"400\" class=\"wpcf7-form-control wpcf7-text wpcf7-validates-as-required\" aria-required=\"true\" aria-invalid=\"false\" placeholder=\"Phone Number\" value=\"\" type=\"text\" name=\"phone\" \/><\/span>\n\t\t<\/p>\n\t<\/div>\n<\/div>\n<h3>Registered Office Address\n<\/h3>\n<div class=\"grid grid-cols-2 gap-8\">\n\t<div>\n\t\t<p><span class=\"wpcf7-form-control-wrap\" data-name=\"address1\"><input size=\"40\" maxlength=\"400\" class=\"wpcf7-form-control wpcf7-text wpcf7-validates-as-required\" aria-required=\"true\" aria-invalid=\"false\" placeholder=\"Address Line 1\" value=\"\" type=\"text\" name=\"address1\" \/><\/span>\n\t\t<\/p>\n\t<\/div>\n\t<div>\n\t\t<p><span class=\"wpcf7-form-control-wrap\" data-name=\"address2\"><input size=\"40\" maxlength=\"400\" class=\"wpcf7-form-control wpcf7-text wpcf7-validates-as-required\" aria-required=\"true\" aria-invalid=\"false\" placeholder=\"Address Line 2\" value=\"\" type=\"text\" name=\"address2\" \/><\/span>\n\t\t<\/p>\n\t<\/div>\n\t<div>\n\t\t<p><span class=\"wpcf7-form-control-wrap\" data-name=\"city\"><input size=\"40\" maxlength=\"400\" class=\"wpcf7-form-control wpcf7-text wpcf7-validates-as-required\" aria-required=\"true\" aria-invalid=\"false\" placeholder=\"City\" value=\"\" type=\"text\" name=\"city\" \/><\/span>\n\t\t<\/p>\n\t<\/div>\n\t<div>\n\t\t<p><span class=\"wpcf7-form-control-wrap\" data-name=\"zip\"><input size=\"40\" maxlength=\"400\" class=\"wpcf7-form-control wpcf7-text wpcf7-validates-as-required\" aria-required=\"true\" aria-invalid=\"false\" placeholder=\"Zip\/Postal Code\" value=\"\" type=\"text\" name=\"zip\" \/><\/span>\n\t\t<\/p>\n\t<\/div>\n\t<div>\n\t\t<p><span class=\"wpcf7-form-control-wrap\" data-name=\"country\"><input size=\"40\" maxlength=\"400\" class=\"wpcf7-form-control wpcf7-text wpcf7-validates-as-required\" aria-required=\"true\" aria-invalid=\"false\" placeholder=\"Country\" value=\"\" type=\"text\" name=\"country\" \/><\/span>\n\t\t<\/p>\n\t<\/div>\n\t<div>\n\t\t<p><span class=\"wpcf7-form-control-wrap\" data-name=\"bphone\"><input size=\"40\" maxlength=\"400\" class=\"wpcf7-form-control wpcf7-text wpcf7-validates-as-required\" aria-required=\"true\" aria-invalid=\"false\" placeholder=\"Business Phone\" value=\"\" type=\"text\" name=\"bphone\" \/><\/span>\n\t\t<\/p>\n\t<\/div>\n<\/div>\n<h3>Billing\n<\/h3>\n<div class=\"grid grid-cols-2 gap-8\">\n\t<div>\n\t\t<p><span class=\"wpcf7-form-control-wrap\" data-name=\"tax\"><input size=\"40\" maxlength=\"400\" class=\"wpcf7-form-control wpcf7-text wpcf7-validates-as-required\" aria-required=\"true\" aria-invalid=\"false\" placeholder=\"VAT ID\" value=\"\" type=\"text\" name=\"tax\" \/><\/span>\n\t\t<\/p>\n\t<\/div>\n<\/div>\n<h3>Additional Information\n<\/h3>\n<div>\n\t<p><span class=\"wpcf7-form-control-wrap\" data-name=\"refferalcode\"><input size=\"40\" maxlength=\"400\" class=\"wpcf7-form-control wpcf7-text wpcf7-validates-as-required\" aria-required=\"true\" aria-invalid=\"false\" placeholder=\"Desired referral Code such as MYBRAND2023\" value=\"\" type=\"text\" name=\"refferalcode\" \/><\/span>\n\t<\/p>\n<\/div>\n<div>\n\t<p><span class=\"wpcf7-form-control-wrap\" data-name=\"describe\"><textarea cols=\"40\" rows=\"10\" maxlength=\"2000\" class=\"wpcf7-form-control wpcf7-textarea wpcf7-validates-as-required\" aria-required=\"true\" aria-invalid=\"false\" placeholder=\"Describe the sites and methods used to advertise Unicount\" name=\"describe\"><\/textarea><\/span>\n\t<\/p>\n<\/div>\n<h3>Terms of service\n<\/h3>\n<p><span class=\"wpcf7-form-control-wrap\" data-name=\"acceptance-126\"><span class=\"wpcf7-form-control wpcf7-acceptance\"><span class=\"wpcf7-list-item\"><label><input type=\"checkbox\" name=\"acceptance-126\" value=\"1\" aria-invalid=\"false\" \/><span class=\"wpcf7-list-item-label\">I agree to  <a target=\"_blank\" href=\"https:\/\/unicount.eu\/affiliate-terms-of-service\/\">Terms of Service<\/a><\/span><\/label><\/span><\/span><\/span>\n<\/p>\n<p><input class=\"wpcf7-form-control wpcf7-submit has-spinner\" type=\"submit\" value=\"Submit\" \/>\n<\/p><div class=\"wpcf7-response-output\" aria-hidden=\"true\"><\/div>\n<\/form>\n<\/div>\n<\/div>\n\n\n\n<p><\/p>\n","protected":false},"excerpt":{"rendered":"<p>Unicount en n\u00fameros Unicount es un agente de formaci\u00f3n de empresas de confianza en Estonia. Nuestros n\u00fameros muestran nuestro desempe\u00f1o a lo largo de los a\u00f1os. 900+ Empresas registradas hasta la fecha 5 Tiempo medio de formaci\u00f3n en minutos 6 Idiomas admitidos en el Panel de control 71 Fundadores en diferentes pa\u00edses Formulario de registro [&hellip;]<\/p>\n","protected":false},"author":2,"featured_media":0,"parent":0,"menu_order":0,"comment_status":"closed","ping_status":"closed","template":"","meta":{"inline_featured_image":false,"footnotes":""},"class_list":["post-17631","page","type-page","status-publish","hentry"],"acf":[],"yoast_head":"<!-- This site is optimized with the Yoast SEO Premium plugin v24.3 (Yoast SEO v24.3) - https:\/\/yoast.com\/wordpress\/plugins\/seo\/ -->\n<title>Programa de afiliados | Unicount<\/title>\n<meta name=\"description\" content=\"Affiliate programme for eligible companies advertising Estonian company formation and virtual office services to Estonian e-residents.\" \/>\n<meta name=\"robots\" content=\"index, follow, max-snippet:-1, max-image-preview:large, max-video-preview:-1\" \/>\n<link rel=\"canonical\" href=\"https:\/\/unicount.eu\/es\/programa-de-afiliados\/\" \/>\n<meta property=\"og:locale\" content=\"es_ES\" \/>\n<meta property=\"og:type\" content=\"article\" \/>\n<meta property=\"og:title\" content=\"Programa de afiliados\" \/>\n<meta property=\"og:description\" content=\"Affiliate programme for eligible companies advertising Estonian company formation and virtual office services to Estonian e-residents.\" \/>\n<meta property=\"og:url\" content=\"https:\/\/unicount.eu\/es\/programa-de-afiliados\/\" \/>\n<meta property=\"og:site_name\" content=\"Unicount\" \/>\n<meta property=\"article:publisher\" content=\"https:\/\/www.facebook.com\/unicount\/\" \/>\n<meta property=\"article:modified_time\" content=\"2023-12-19T09:05:39+00:00\" \/>\n<meta property=\"og:image\" content=\"https:\/\/unicount.eu\/wp-content\/uploads\/2021\/01\/fb-cover@2x.jpg\" \/>\n\t<meta property=\"og:image:width\" content=\"2400\" \/>\n\t<meta property=\"og:image:height\" content=\"1350\" \/>\n\t<meta property=\"og:image:type\" content=\"image\/jpeg\" \/>\n<meta name=\"twitter:card\" content=\"summary_large_image\" \/>\n<meta name=\"twitter:site\" content=\"@unicountestonia\" \/>\n<meta name=\"twitter:label1\" content=\"Tiempo de lectura\" \/>\n\t<meta name=\"twitter:data1\" content=\"1 minuto\" \/>\n<script type=\"application\/ld+json\" class=\"yoast-schema-graph\">{\"@context\":\"https:\/\/schema.org\",\"@graph\":[{\"@type\":\"WebPage\",\"@id\":\"https:\/\/unicount.eu\/es\/programa-de-afiliados\/\",\"url\":\"https:\/\/unicount.eu\/es\/programa-de-afiliados\/\",\"name\":\"Programa de afiliados | Unicount\",\"isPartOf\":{\"@id\":\"https:\/\/unicount.eu\/es\/#website\"},\"datePublished\":\"2021-12-13T14:30:52+00:00\",\"dateModified\":\"2023-12-19T09:05:39+00:00\",\"description\":\"Affiliate programme for eligible companies advertising Estonian company formation and virtual office services to Estonian e-residents.\",\"breadcrumb\":{\"@id\":\"https:\/\/unicount.eu\/es\/programa-de-afiliados\/#breadcrumb\"},\"inLanguage\":\"es\",\"potentialAction\":[{\"@type\":\"ReadAction\",\"target\":[\"https:\/\/unicount.eu\/es\/programa-de-afiliados\/\"]}]},{\"@type\":\"BreadcrumbList\",\"@id\":\"https:\/\/unicount.eu\/es\/programa-de-afiliados\/#breadcrumb\",\"itemListElement\":[{\"@type\":\"ListItem\",\"position\":1,\"name\":\"Home\",\"item\":\"https:\/\/unicount.eu\/es\/\"},{\"@type\":\"ListItem\",\"position\":2,\"name\":\"Programa de afiliados\"}]},{\"@type\":\"WebSite\",\"@id\":\"https:\/\/unicount.eu\/es\/#website\",\"url\":\"https:\/\/unicount.eu\/es\/\",\"name\":\"Unicount\",\"description\":\"The simplest way to start an Estonian company\",\"publisher\":{\"@id\":\"https:\/\/unicount.eu\/es\/#organization\"},\"potentialAction\":[{\"@type\":\"SearchAction\",\"target\":{\"@type\":\"EntryPoint\",\"urlTemplate\":\"https:\/\/unicount.eu\/es\/?s={search_term_string}\"},\"query-input\":{\"@type\":\"PropertyValueSpecification\",\"valueRequired\":true,\"valueName\":\"search_term_string\"}}],\"inLanguage\":\"es\"},{\"@type\":\"Organization\",\"@id\":\"https:\/\/unicount.eu\/es\/#organization\",\"name\":\"Unicount O\u00dc\",\"url\":\"https:\/\/unicount.eu\/es\/\",\"logo\":{\"@type\":\"ImageObject\",\"inLanguage\":\"es\",\"@id\":\"https:\/\/unicount.eu\/es\/#\/schema\/logo\/image\/\",\"url\":\"https:\/\/unicount.eu\/wp-content\/uploads\/2019\/10\/unicount-logo-002.jpg\",\"contentUrl\":\"https:\/\/unicount.eu\/wp-content\/uploads\/2019\/10\/unicount-logo-002.jpg\",\"width\":1380,\"height\":288,\"caption\":\"Unicount O\u00dc\"},\"image\":{\"@id\":\"https:\/\/unicount.eu\/es\/#\/schema\/logo\/image\/\"},\"sameAs\":[\"https:\/\/www.facebook.com\/unicount\/\",\"https:\/\/x.com\/unicountestonia\",\"https:\/\/www.linkedin.com\/company\/unicount\",\"https:\/\/www.youtube.com\/channel\/UCSV5_VgpIIAUyLWhjeXY8vQ\"]}]}<\/script>\n<!-- \/ Yoast SEO Premium plugin. -->","yoast_head_json":{"title":"Programa de afiliados | Unicount","description":"Affiliate programme for eligible companies advertising Estonian company formation and virtual office services to Estonian e-residents.","robots":{"index":"index","follow":"follow","max-snippet":"max-snippet:-1","max-image-preview":"max-image-preview:large","max-video-preview":"max-video-preview:-1"},"canonical":"https:\/\/unicount.eu\/es\/programa-de-afiliados\/","og_locale":"es_ES","og_type":"article","og_title":"Programa de afiliados","og_description":"Affiliate programme for eligible companies advertising Estonian company formation and virtual office services to Estonian e-residents.","og_url":"https:\/\/unicount.eu\/es\/programa-de-afiliados\/","og_site_name":"Unicount","article_publisher":"https:\/\/www.facebook.com\/unicount\/","article_modified_time":"2023-12-19T09:05:39+00:00","og_image":[{"width":2400,"height":1350,"url":"https:\/\/unicount.eu\/wp-content\/uploads\/2021\/01\/fb-cover@2x.jpg","type":"image\/jpeg"}],"twitter_card":"summary_large_image","twitter_site":"@unicountestonia","twitter_misc":{"Tiempo de lectura":"1 minuto"},"schema":{"@context":"https:\/\/schema.org","@graph":[{"@type":"WebPage","@id":"https:\/\/unicount.eu\/es\/programa-de-afiliados\/","url":"https:\/\/unicount.eu\/es\/programa-de-afiliados\/","name":"Programa de afiliados | Unicount","isPartOf":{"@id":"https:\/\/unicount.eu\/es\/#website"},"datePublished":"2021-12-13T14:30:52+00:00","dateModified":"2023-12-19T09:05:39+00:00","description":"Affiliate programme for eligible companies advertising Estonian company formation and virtual office services to Estonian e-residents.","breadcrumb":{"@id":"https:\/\/unicount.eu\/es\/programa-de-afiliados\/#breadcrumb"},"inLanguage":"es","potentialAction":[{"@type":"ReadAction","target":["https:\/\/unicount.eu\/es\/programa-de-afiliados\/"]}]},{"@type":"BreadcrumbList","@id":"https:\/\/unicount.eu\/es\/programa-de-afiliados\/#breadcrumb","itemListElement":[{"@type":"ListItem","position":1,"name":"Home","item":"https:\/\/unicount.eu\/es\/"},{"@type":"ListItem","position":2,"name":"Programa de afiliados"}]},{"@type":"WebSite","@id":"https:\/\/unicount.eu\/es\/#website","url":"https:\/\/unicount.eu\/es\/","name":"Unicount","description":"The simplest way to start an Estonian company","publisher":{"@id":"https:\/\/unicount.eu\/es\/#organization"},"potentialAction":[{"@type":"SearchAction","target":{"@type":"EntryPoint","urlTemplate":"https:\/\/unicount.eu\/es\/?s={search_term_string}"},"query-input":{"@type":"PropertyValueSpecification","valueRequired":true,"valueName":"search_term_string"}}],"inLanguage":"es"},{"@type":"Organization","@id":"https:\/\/unicount.eu\/es\/#organization","name":"Unicount O\u00dc","url":"https:\/\/unicount.eu\/es\/","logo":{"@type":"ImageObject","inLanguage":"es","@id":"https:\/\/unicount.eu\/es\/#\/schema\/logo\/image\/","url":"https:\/\/unicount.eu\/wp-content\/uploads\/2019\/10\/unicount-logo-002.jpg","contentUrl":"https:\/\/unicount.eu\/wp-content\/uploads\/2019\/10\/unicount-logo-002.jpg","width":1380,"height":288,"caption":"Unicount O\u00dc"},"image":{"@id":"https:\/\/unicount.eu\/es\/#\/schema\/logo\/image\/"},"sameAs":["https:\/\/www.facebook.com\/unicount\/","https:\/\/x.com\/unicountestonia","https:\/\/www.linkedin.com\/company\/unicount","https:\/\/www.youtube.com\/channel\/UCSV5_VgpIIAUyLWhjeXY8vQ"]}]}},"_links":{"self":[{"href":"https:\/\/unicount.eu\/es\/wp-json\/wp\/v2\/pages\/17631","targetHints":{"allow":["GET"]}}],"collection":[{"href":"https:\/\/unicount.eu\/es\/wp-json\/wp\/v2\/pages"}],"about":[{"href":"https:\/\/unicount.eu\/es\/wp-json\/wp\/v2\/types\/page"}],"author":[{"embeddable":true,"href":"https:\/\/unicount.eu\/es\/wp-json\/wp\/v2\/users\/2"}],"replies":[{"embeddable":true,"href":"https:\/\/unicount.eu\/es\/wp-json\/wp\/v2\/comments?post=17631"}],"version-history":[{"count":12,"href":"https:\/\/unicount.eu\/es\/wp-json\/wp\/v2\/pages\/17631\/revisions"}],"predecessor-version":[{"id":17656,"href":"https:\/\/unicount.eu\/es\/wp-json\/wp\/v2\/pages\/17631\/revisions\/17656"}],"wp:attachment":[{"href":"https:\/\/unicount.eu\/es\/wp-json\/wp\/v2\/media?parent=17631"}],"curies":[{"name":"wp","href":"https:\/\/api.w.org\/{rel}","templated":true}]}}