{"id":17100,"date":"2023-11-01T08:32:06","date_gmt":"2023-11-01T06:32:06","guid":{"rendered":"https:\/\/unicount.eu\/?page_id=17100"},"modified":"2024-01-12T13:24:18","modified_gmt":"2024-01-12T11:24:18","slug":"tabla-de-tarifas-de-honorarios","status":"publish","type":"page","link":"https:\/\/unicount.eu\/es\/tabla-de-tarifas-de-honorarios\/","title":{"rendered":"Honorarios Contables"},"content":{"rendered":"<p>A partir del 1 de febrero de 2023<\/p>\n<table>\n<tbody>\n<tr>\n<td class=\"has-text-align-center\" data-align=\"center\"><strong>PLAN<\/strong><\/td>\n<td class=\"has-text-align-center\" data-align=\"center\"><strong>Micro<\/strong><\/td>\n<td class=\"has-text-align-center\" data-align=\"center\"><strong>Est\u00e1ndar<\/strong><\/td>\n<td class=\"has-text-align-center\" data-align=\"center\"><strong>Pr\u00e9mium<\/strong><\/td>\n<td class=\"has-text-align-center\" data-align=\"center\"><strong>Avanzado<\/strong><\/td>\n<\/tr>\n<tr>\n<td class=\"has-text-align-left\" data-align=\"left\">Cuota m\u00ednima mensual<\/td>\n<td class=\"has-text-align-center\" data-align=\"center\">99\u20ac<\/td>\n<td class=\"has-text-align-center\" data-align=\"center\">149\u20ac<\/td>\n<td class=\"has-text-align-center\" data-align=\"center\">290\u20ac<\/td>\n<td class=\"has-text-align-center\" data-align=\"center\">Desde 490\u20ac<\/td>\n<\/tr>\n<tr>\n<td class=\"has-text-align-left\" data-align=\"left\">Frecuencia de la prestaci\u00f3n del servicio<\/td>\n<td class=\"has-text-align-center\" data-align=\"center\">mensual<\/td>\n<td class=\"has-text-align-center\" data-align=\"center\">mensual<\/td>\n<td class=\"has-text-align-center\" data-align=\"center\">semanal<\/td>\n<td class=\"has-text-align-center\" data-align=\"center\">diario<\/td>\n<\/tr>\n<tr>\n<td class=\"has-text-align-left\" data-align=\"left\">Documentos fuente incluidos (uds.)<\/td>\n<td class=\"has-text-align-center\" data-align=\"center\">15<\/td>\n<td class=\"has-text-align-center\" data-align=\"center\">30<\/td>\n<td class=\"has-text-align-center\" data-align=\"center\">60<\/td>\n<td class=\"has-text-align-center\" data-align=\"center\">150<\/td>\n<\/tr>\n<tr>\n<td class=\"has-text-align-left\" data-align=\"left\">Servicio sin papel<\/td>\n<td class=\"has-text-align-center\" data-align=\"center\"><strong>\u2713<\/strong><\/td>\n<td class=\"has-text-align-center\" data-align=\"center\"><strong>\u2713<\/strong><\/td>\n<td class=\"has-text-align-center\" data-align=\"center\"><strong>\u2713<\/strong><\/td>\n<td class=\"has-text-align-center\" data-align=\"center\"><strong>\u2713<\/strong><\/td>\n<\/tr>\n<tr>\n<td class=\"has-text-align-left\" data-align=\"left\">Software de gesti\u00f3n de gastos<\/td>\n<td class=\"has-text-align-center\" data-align=\"center\"><strong>\u2713<\/strong><\/td>\n<td class=\"has-text-align-center\" data-align=\"center\"><strong>\u2713<\/strong><\/td>\n<td class=\"has-text-align-center\" data-align=\"center\"><strong>\u2713<\/strong><\/td>\n<td class=\"has-text-align-center\" data-align=\"center\"><strong>\u2713<\/strong><\/td>\n<\/tr>\n<tr>\n<td class=\"has-text-align-left\" data-align=\"left\">Software de facturacion<\/td>\n<td class=\"has-text-align-center\" data-align=\"center\"><strong>\u2713<\/strong><\/td>\n<td class=\"has-text-align-center\" data-align=\"center\"><strong>\u2713<\/strong><\/td>\n<td class=\"has-text-align-center\" data-align=\"center\"><strong>\u2713<\/strong><\/td>\n<td class=\"has-text-align-center\" data-align=\"center\"><strong>\u2713<\/strong><\/td>\n<\/tr>\n<tr>\n<td class=\"has-text-align-left\" data-align=\"left\">Conciliaci\u00f3n bancaria autom\u00e1tica XML, CSV<\/td>\n<td class=\"has-text-align-center\" data-align=\"center\"><strong>\u2713<\/strong><\/td>\n<td class=\"has-text-align-center\" data-align=\"center\"><strong>\u2713<\/strong><\/td>\n<td class=\"has-text-align-center\" data-align=\"center\"><strong>\u2713<\/strong><\/td>\n<td class=\"has-text-align-center\" data-align=\"center\"><strong>\u2713<\/strong><\/td>\n<\/tr>\n<tr>\n<td class=\"has-text-align-left\" data-align=\"left\">Informes financieros (P&amp;L, balance)<\/td>\n<td class=\"has-text-align-center\" data-align=\"center\"><strong>\u2713<\/strong><\/td>\n<td class=\"has-text-align-center\" data-align=\"center\"><strong>\u2713<\/strong><\/td>\n<td class=\"has-text-align-center\" data-align=\"center\"><strong>\u2713<\/strong><\/td>\n<td class=\"has-text-align-center\" data-align=\"center\"><strong>\u2713<\/strong><\/td>\n<\/tr>\n<tr>\n<td class=\"has-text-align-left\" data-align=\"left\">Declaraci\u00f3n de IVA (KMD)<\/td>\n<td class=\"has-text-align-center\" data-align=\"center\"><strong>\u2713<\/strong><\/td>\n<td class=\"has-text-align-center\" data-align=\"center\"><strong>\u2713<\/strong><\/td>\n<td class=\"has-text-align-center\" data-align=\"center\"><strong>\u2713<\/strong><\/td>\n<td class=\"has-text-align-center\" data-align=\"center\"><strong>\u2713<\/strong><\/td>\n<\/tr>\n<tr>\n<td>Declaraci\u00f3n de IVA intracomunitario (VD)<\/td>\n<td class=\"has-text-align-center\" data-align=\"center\">15 \u20ac<\/td>\n<td class=\"has-text-align-center\" data-align=\"center\">15 \u20ac<\/td>\n<td class=\"has-text-align-center\" data-align=\"center\">15 \u20ac<\/td>\n<td class=\"has-text-align-center\" data-align=\"center\">15 \u20ac<\/td>\n<\/tr>\n<tr>\n<td class=\"has-text-align-left\" data-align=\"left\">Declaraci\u00f3n de impuestos sobre la n\u00f3mina (TSD)<\/td>\n<td class=\"has-text-align-center\" data-align=\"center\">30 \u20ac<\/td>\n<td class=\"has-text-align-center\" data-align=\"center\"><strong>\u2713<\/strong><\/td>\n<td class=\"has-text-align-center\" data-align=\"center\"><strong>\u2713<\/strong><\/td>\n<td class=\"has-text-align-center\" data-align=\"center\"><strong>\u2713<\/strong><\/td>\n<\/tr>\n<tr>\n<td>N\u00f3mina (por empleado)<\/td>\n<td class=\"has-text-align-center\" data-align=\"center\">10 \u20ac<\/td>\n<td class=\"has-text-align-center\" data-align=\"center\">10 \u20ac<\/td>\n<td class=\"has-text-align-center\" data-align=\"center\">10 \u20ac<\/td>\n<td class=\"has-text-align-center\" data-align=\"center\">10 \u20ac<\/td>\n<\/tr>\n<tr>\n<td class=\"has-text-align-left\" data-align=\"left\">Preparaci\u00f3n de pagos semanales<\/td>\n<td class=\"has-text-align-center\" data-align=\"center\">\u00d7<\/td>\n<td class=\"has-text-align-center\" data-align=\"center\">\u00d7<\/td>\n<td class=\"has-text-align-center\" data-align=\"center\"><strong>\u2713<\/strong><\/td>\n<td class=\"has-text-align-center\" data-align=\"center\"><strong>\u2713<\/strong><\/td>\n<\/tr>\n<tr>\n<td class=\"has-text-align-left\" data-align=\"left\">An\u00e1lisis Anual de Finanzas<\/td>\n<td class=\"has-text-align-center\" data-align=\"center\">\u00d7<\/td>\n<td class=\"has-text-align-center\" data-align=\"center\">\u00d7<\/td>\n<td class=\"has-text-align-center\" data-align=\"center\">\u00d7<\/td>\n<td class=\"has-text-align-center\" data-align=\"center\"><strong>\u2713<\/strong><\/td>\n<\/tr>\n<tr>\n<td><strong>SERVICIOS ADICIONALES<\/strong><\/td>\n<td class=\"has-text-align-center\" data-align=\"center\"><\/td>\n<td class=\"has-text-align-center\" data-align=\"center\"><\/td>\n<td class=\"has-text-align-center\" data-align=\"center\"><\/td>\n<td class=\"has-text-align-center\" data-align=\"center\"><\/td>\n<\/tr>\n<tr>\n<td>Documentos fuente adicionales (uds.)<\/td>\n<td class=\"has-text-align-center\" data-align=\"center\">1.5 \u20ac<\/td>\n<td class=\"has-text-align-center\" data-align=\"center\">1.5 \u20ac<\/td>\n<td class=\"has-text-align-center\" data-align=\"center\">1.5 \u20ac<\/td>\n<td class=\"has-text-align-center\" data-align=\"center\">1.5 \u20ac<\/td>\n<\/tr>\n<tr>\n<td>Preparaci\u00f3n de pagos adicionales (lote)<\/td>\n<td class=\"has-text-align-center\" data-align=\"center\">5 \u20ac<\/td>\n<td class=\"has-text-align-center\" data-align=\"center\">5 \u20ac<\/td>\n<td class=\"has-text-align-center\" data-align=\"center\">5 \u20ac<\/td>\n<td class=\"has-text-align-center\" data-align=\"center\">5 \u20ac<\/td>\n<\/tr>\n<tr>\n<td>Conciliaci\u00f3n bancaria mensual manual<\/td>\n<td class=\"has-text-align-center\" data-align=\"center\">20\u20ac<\/td>\n<td class=\"has-text-align-center\" data-align=\"center\">20\u20ac<\/td>\n<td class=\"has-text-align-center\" data-align=\"center\">20\u20ac<\/td>\n<td class=\"has-text-align-center\" data-align=\"center\">20\u20ac<\/td>\n<\/tr>\n<tr>\n<td>Elaboraci\u00f3n de informes estad\u00edsticos.<\/td>\n<td class=\"has-text-align-center\" data-align=\"center\">55\u20ac\/h<\/td>\n<td class=\"has-text-align-center\" data-align=\"center\">55\u20ac\/h<\/td>\n<td class=\"has-text-align-center\" data-align=\"center\">55\u20ac\/h<\/td>\n<td class=\"has-text-align-center\" data-align=\"center\">55\u20ac\/h<\/td>\n<\/tr>\n<tr>\n<td>Inteligencia y an\u00e1lisis de negocios<\/td>\n<td class=\"has-text-align-center\" data-align=\"center\">85\u20ac\/h<\/td>\n<td class=\"has-text-align-center\" data-align=\"center\">85\u20ac\/h<\/td>\n<td class=\"has-text-align-center\" data-align=\"center\">85\u20ac\/h<\/td>\n<td class=\"has-text-align-center\" data-align=\"center\">85\u20ac\/h<\/td>\n<\/tr>\n<tr>\n<td>Consulta fiscal<\/td>\n<td class=\"has-text-align-center\" data-align=\"center\">120\u20ac\/h<\/td>\n<td class=\"has-text-align-center\" data-align=\"center\">120\u20ac\/h<\/td>\n<td class=\"has-text-align-center\" data-align=\"center\">120\u20ac\/h<\/td>\n<td class=\"has-text-align-center\" data-align=\"center\">120\u20ac\/h<\/td>\n<\/tr>\n<tr>\n<td>Soporte de auditor\u00eda<\/td>\n<td class=\"has-text-align-center\" data-align=\"center\">55\u20ac\/h<\/td>\n<td class=\"has-text-align-center\" data-align=\"center\">55\u20ac\/h<\/td>\n<td class=\"has-text-align-center\" data-align=\"center\">55\u20ac\/h<\/td>\n<td class=\"has-text-align-center\" data-align=\"center\">55\u20ac\/h<\/td>\n<\/tr>\n<tr>\n<td>Otros servicios de contabilidad<\/td>\n<td class=\"has-text-align-center\" data-align=\"center\">55\u20ac\/h<\/td>\n<td class=\"has-text-align-center\" data-align=\"center\">55\u20ac\/h<\/td>\n<td class=\"has-text-align-center\" data-align=\"center\">55\u20ac\/h<\/td>\n<td class=\"has-text-align-center\" data-align=\"center\">55\u20ac\/h<\/td>\n<\/tr>\n<tr>\n<td>Cuentas anuales<\/td>\n<td class=\"has-text-align-center\" data-align=\"center\">1 cuota mensual<\/td>\n<td class=\"has-text-align-center\" data-align=\"center\">1 cuota mensual<\/td>\n<td class=\"has-text-align-center\" data-align=\"center\">1 cuota mensual<\/td>\n<td class=\"has-text-align-center\" data-align=\"center\">1 cuota mensual<\/td>\n<\/tr>\n<tr>\n<td>Software de contabilidad personalizado (por mes)<\/td>\n<td class=\"has-text-align-center\" data-align=\"center\">99\u20ac<\/td>\n<td class=\"has-text-align-center\" data-align=\"center\">99\u20ac<\/td>\n<td class=\"has-text-align-center\" data-align=\"center\">99\u20ac<\/td>\n<td class=\"has-text-align-center\" data-align=\"center\">99\u20ac<\/td>\n<\/tr>\n<tr>\n<td>Campo de actividad con mayor riesgo de blanqueo de capitales<\/td>\n<td class=\"has-text-align-center\" data-align=\"center\">No<\/td>\n<td class=\"has-text-align-center\" data-align=\"center\">No<\/td>\n<td class=\"has-text-align-center\" data-align=\"center\">No<\/td>\n<td class=\"has-text-align-center\" data-align=\"center\">S\u00ed<\/td>\n<\/tr>\n<\/tbody>\n<\/table>\n<p>Los documentos fuente son facturas, transferencias bancarias o en efectivo, excepto pagos de facturas.<br \/>\nOtras entradas, como activos fijos y contratos, se cobran por horas.<br \/>\nSe a\u00f1adir\u00e1 el IVA estonio del 22% a todas las tarifas.<\/p>\n","protected":false},"excerpt":{"rendered":"<p>A partir del 1 de febrero de 2023 PLAN Micro Est\u00e1ndar Pr\u00e9mium Avanzado Cuota m\u00ednima mensual 99\u20ac 149\u20ac 290\u20ac Desde 490\u20ac Frecuencia de la prestaci\u00f3n del servicio mensual mensual semanal diario Documentos fuente incluidos (uds.) 15 30 60 150 Servicio sin papel \u2713 \u2713 \u2713 \u2713 Software de gesti\u00f3n de gastos \u2713 \u2713 \u2713 \u2713 [&hellip;]<\/p>\n","protected":false},"author":2,"featured_media":0,"parent":0,"menu_order":0,"comment_status":"closed","ping_status":"closed","template":"terms.php","meta":{"inline_featured_image":false,"footnotes":""},"class_list":["post-17100","page","type-page","status-publish","hentry"],"acf":[],"yoast_head":"<!-- This site is optimized with the Yoast SEO Premium plugin v24.3 (Yoast SEO v24.3) - https:\/\/yoast.com\/wordpress\/plugins\/seo\/ -->\n<title>Honorarios Contables | Unicount<\/title>\n<meta name=\"robots\" content=\"index, follow, max-snippet:-1, max-image-preview:large, max-video-preview:-1\" \/>\n<link rel=\"canonical\" href=\"https:\/\/unicount.eu\/es\/tabla-de-tarifas-de-honorarios\/\" \/>\n<meta property=\"og:locale\" content=\"es_ES\" \/>\n<meta property=\"og:type\" content=\"article\" \/>\n<meta property=\"og:title\" content=\"Honorarios Contables\" \/>\n<meta property=\"og:description\" content=\"A partir del 1 de febrero de 2023 PLAN Micro Est\u00e1ndar Pr\u00e9mium Avanzado Cuota m\u00ednima mensual 99\u20ac 149\u20ac 290\u20ac Desde 490\u20ac Frecuencia de la prestaci\u00f3n del servicio mensual mensual semanal diario Documentos fuente incluidos (uds.) 15 30 60 150 Servicio sin papel \u2713 \u2713 \u2713 \u2713 Software de gesti\u00f3n de gastos \u2713 \u2713 \u2713 \u2713 [&hellip;]\" \/>\n<meta property=\"og:url\" content=\"https:\/\/unicount.eu\/es\/tabla-de-tarifas-de-honorarios\/\" \/>\n<meta property=\"og:site_name\" content=\"Unicount\" \/>\n<meta property=\"article:publisher\" content=\"https:\/\/www.facebook.com\/unicount\/\" \/>\n<meta property=\"article:modified_time\" content=\"2024-01-12T11:24:18+00:00\" \/>\n<meta property=\"og:image\" content=\"https:\/\/unicount.eu\/wp-content\/uploads\/2021\/01\/fb-cover@2x.jpg\" \/>\n\t<meta property=\"og:image:width\" content=\"2400\" \/>\n\t<meta property=\"og:image:height\" content=\"1350\" \/>\n\t<meta property=\"og:image:type\" content=\"image\/jpeg\" \/>\n<meta name=\"twitter:card\" content=\"summary_large_image\" \/>\n<meta name=\"twitter:site\" content=\"@unicountestonia\" \/>\n<meta name=\"twitter:label1\" content=\"Tiempo de lectura\" \/>\n\t<meta name=\"twitter:data1\" content=\"2 minutos\" \/>\n<script type=\"application\/ld+json\" class=\"yoast-schema-graph\">{\"@context\":\"https:\/\/schema.org\",\"@graph\":[{\"@type\":\"WebPage\",\"@id\":\"https:\/\/unicount.eu\/es\/tabla-de-tarifas-de-honorarios\/\",\"url\":\"https:\/\/unicount.eu\/es\/tabla-de-tarifas-de-honorarios\/\",\"name\":\"Honorarios Contables | Unicount\",\"isPartOf\":{\"@id\":\"https:\/\/unicount.eu\/es\/#website\"},\"datePublished\":\"2023-11-01T06:32:06+00:00\",\"dateModified\":\"2024-01-12T11:24:18+00:00\",\"breadcrumb\":{\"@id\":\"https:\/\/unicount.eu\/es\/tabla-de-tarifas-de-honorarios\/#breadcrumb\"},\"inLanguage\":\"es\",\"potentialAction\":[{\"@type\":\"ReadAction\",\"target\":[\"https:\/\/unicount.eu\/es\/tabla-de-tarifas-de-honorarios\/\"]}]},{\"@type\":\"BreadcrumbList\",\"@id\":\"https:\/\/unicount.eu\/es\/tabla-de-tarifas-de-honorarios\/#breadcrumb\",\"itemListElement\":[{\"@type\":\"ListItem\",\"position\":1,\"name\":\"Home\",\"item\":\"https:\/\/unicount.eu\/es\/\"},{\"@type\":\"ListItem\",\"position\":2,\"name\":\"Honorarios Contables\"}]},{\"@type\":\"WebSite\",\"@id\":\"https:\/\/unicount.eu\/es\/#website\",\"url\":\"https:\/\/unicount.eu\/es\/\",\"name\":\"Unicount\",\"description\":\"The simplest way to start an Estonian company\",\"publisher\":{\"@id\":\"https:\/\/unicount.eu\/es\/#organization\"},\"potentialAction\":[{\"@type\":\"SearchAction\",\"target\":{\"@type\":\"EntryPoint\",\"urlTemplate\":\"https:\/\/unicount.eu\/es\/?s={search_term_string}\"},\"query-input\":{\"@type\":\"PropertyValueSpecification\",\"valueRequired\":true,\"valueName\":\"search_term_string\"}}],\"inLanguage\":\"es\"},{\"@type\":\"Organization\",\"@id\":\"https:\/\/unicount.eu\/es\/#organization\",\"name\":\"Unicount O\u00dc\",\"url\":\"https:\/\/unicount.eu\/es\/\",\"logo\":{\"@type\":\"ImageObject\",\"inLanguage\":\"es\",\"@id\":\"https:\/\/unicount.eu\/es\/#\/schema\/logo\/image\/\",\"url\":\"https:\/\/unicount.eu\/wp-content\/uploads\/2019\/10\/unicount-logo-002.jpg\",\"contentUrl\":\"https:\/\/unicount.eu\/wp-content\/uploads\/2019\/10\/unicount-logo-002.jpg\",\"width\":1380,\"height\":288,\"caption\":\"Unicount O\u00dc\"},\"image\":{\"@id\":\"https:\/\/unicount.eu\/es\/#\/schema\/logo\/image\/\"},\"sameAs\":[\"https:\/\/www.facebook.com\/unicount\/\",\"https:\/\/x.com\/unicountestonia\",\"https:\/\/www.linkedin.com\/company\/unicount\",\"https:\/\/www.youtube.com\/channel\/UCSV5_VgpIIAUyLWhjeXY8vQ\"]}]}<\/script>\n<!-- \/ Yoast SEO Premium plugin. -->","yoast_head_json":{"title":"Honorarios Contables | Unicount","robots":{"index":"index","follow":"follow","max-snippet":"max-snippet:-1","max-image-preview":"max-image-preview:large","max-video-preview":"max-video-preview:-1"},"canonical":"https:\/\/unicount.eu\/es\/tabla-de-tarifas-de-honorarios\/","og_locale":"es_ES","og_type":"article","og_title":"Honorarios Contables","og_description":"A partir del 1 de febrero de 2023 PLAN Micro Est\u00e1ndar Pr\u00e9mium Avanzado Cuota m\u00ednima mensual 99\u20ac 149\u20ac 290\u20ac Desde 490\u20ac Frecuencia de la prestaci\u00f3n del servicio mensual mensual semanal diario Documentos fuente incluidos (uds.) 15 30 60 150 Servicio sin papel \u2713 \u2713 \u2713 \u2713 Software de gesti\u00f3n de gastos \u2713 \u2713 \u2713 \u2713 [&hellip;]","og_url":"https:\/\/unicount.eu\/es\/tabla-de-tarifas-de-honorarios\/","og_site_name":"Unicount","article_publisher":"https:\/\/www.facebook.com\/unicount\/","article_modified_time":"2024-01-12T11:24:18+00:00","og_image":[{"width":2400,"height":1350,"url":"https:\/\/unicount.eu\/wp-content\/uploads\/2021\/01\/fb-cover@2x.jpg","type":"image\/jpeg"}],"twitter_card":"summary_large_image","twitter_site":"@unicountestonia","twitter_misc":{"Tiempo de lectura":"2 minutos"},"schema":{"@context":"https:\/\/schema.org","@graph":[{"@type":"WebPage","@id":"https:\/\/unicount.eu\/es\/tabla-de-tarifas-de-honorarios\/","url":"https:\/\/unicount.eu\/es\/tabla-de-tarifas-de-honorarios\/","name":"Honorarios Contables | Unicount","isPartOf":{"@id":"https:\/\/unicount.eu\/es\/#website"},"datePublished":"2023-11-01T06:32:06+00:00","dateModified":"2024-01-12T11:24:18+00:00","breadcrumb":{"@id":"https:\/\/unicount.eu\/es\/tabla-de-tarifas-de-honorarios\/#breadcrumb"},"inLanguage":"es","potentialAction":[{"@type":"ReadAction","target":["https:\/\/unicount.eu\/es\/tabla-de-tarifas-de-honorarios\/"]}]},{"@type":"BreadcrumbList","@id":"https:\/\/unicount.eu\/es\/tabla-de-tarifas-de-honorarios\/#breadcrumb","itemListElement":[{"@type":"ListItem","position":1,"name":"Home","item":"https:\/\/unicount.eu\/es\/"},{"@type":"ListItem","position":2,"name":"Honorarios Contables"}]},{"@type":"WebSite","@id":"https:\/\/unicount.eu\/es\/#website","url":"https:\/\/unicount.eu\/es\/","name":"Unicount","description":"The simplest way to start an Estonian company","publisher":{"@id":"https:\/\/unicount.eu\/es\/#organization"},"potentialAction":[{"@type":"SearchAction","target":{"@type":"EntryPoint","urlTemplate":"https:\/\/unicount.eu\/es\/?s={search_term_string}"},"query-input":{"@type":"PropertyValueSpecification","valueRequired":true,"valueName":"search_term_string"}}],"inLanguage":"es"},{"@type":"Organization","@id":"https:\/\/unicount.eu\/es\/#organization","name":"Unicount O\u00dc","url":"https:\/\/unicount.eu\/es\/","logo":{"@type":"ImageObject","inLanguage":"es","@id":"https:\/\/unicount.eu\/es\/#\/schema\/logo\/image\/","url":"https:\/\/unicount.eu\/wp-content\/uploads\/2019\/10\/unicount-logo-002.jpg","contentUrl":"https:\/\/unicount.eu\/wp-content\/uploads\/2019\/10\/unicount-logo-002.jpg","width":1380,"height":288,"caption":"Unicount O\u00dc"},"image":{"@id":"https:\/\/unicount.eu\/es\/#\/schema\/logo\/image\/"},"sameAs":["https:\/\/www.facebook.com\/unicount\/","https:\/\/x.com\/unicountestonia","https:\/\/www.linkedin.com\/company\/unicount","https:\/\/www.youtube.com\/channel\/UCSV5_VgpIIAUyLWhjeXY8vQ"]}]}},"_links":{"self":[{"href":"https:\/\/unicount.eu\/es\/wp-json\/wp\/v2\/pages\/17100","targetHints":{"allow":["GET"]}}],"collection":[{"href":"https:\/\/unicount.eu\/es\/wp-json\/wp\/v2\/pages"}],"about":[{"href":"https:\/\/unicount.eu\/es\/wp-json\/wp\/v2\/types\/page"}],"author":[{"embeddable":true,"href":"https:\/\/unicount.eu\/es\/wp-json\/wp\/v2\/users\/2"}],"replies":[{"embeddable":true,"href":"https:\/\/unicount.eu\/es\/wp-json\/wp\/v2\/comments?post=17100"}],"version-history":[{"count":10,"href":"https:\/\/unicount.eu\/es\/wp-json\/wp\/v2\/pages\/17100\/revisions"}],"predecessor-version":[{"id":18081,"href":"https:\/\/unicount.eu\/es\/wp-json\/wp\/v2\/pages\/17100\/revisions\/18081"}],"wp:attachment":[{"href":"https:\/\/unicount.eu\/es\/wp-json\/wp\/v2\/media?parent=17100"}],"curies":[{"name":"wp","href":"https:\/\/api.w.org\/{rel}","templated":true}]}}