{"id":17659,"date":"2021-12-13T16:30:52","date_gmt":"2021-12-13T14:30:52","guid":{"rendered":"https:\/\/unicount.eu\/?page_id=17659"},"modified":"2023-12-19T13:17:46","modified_gmt":"2023-12-19T11:17:46","slug":"partnerprogramm","status":"publish","type":"page","link":"https:\/\/unicount.eu\/de\/partnerprogramm\/","title":{"rendered":"Partnerprogramm"},"content":{"rendered":"\n<section id=\"piltparemal-block_cd7ba2c738890d2de3e66197aa1016ed\"\n         class=\"piltparemal  piltparemal  alignfull color-white  large-font blue_bg medium\">\n    <div class=\"wrapper\">\n\n\n        <div class=\"row d-flex flex-wrap\">\n\n            <div class=\"col-md-6 d-flex flex-wrap align-content-start left-side\">\n\t\t\t\t                    <h2 class=\"module-heading\">\n\t\t\t\t\t\tUnicount-Partnerprogramm                    <\/h2>\n\t\t\t\t\n\n\t\t\t\t                    <p class=\"def-p\">\n\t\t\t\t\t\tUnicount bietet berechtigten Partnern sein Partnerprogramm an, das Unternehmensgr\u00fcndungen und virtuelle B\u00fcrodienste f\u00fcr estnische E-Einwohner f\u00f6rdert.                     <\/p>\n\t\t\t\t\n\n\t\t\t\t\n\n\n\n\t\t\t\t                        <a class=\"button--type1 button--lg\" href=\"#signup\"\n                           target=\"_self\">Ein Partner werden<\/a>\n\t\t\t\t\t\n            <\/div>\n\n\t\t\t            <div class=\"col-md-6 right-side \">\n\t\t\t\t                    <div class=\"imgCont\">\n                        <img decoding=\"async\" class=\"img-responsive \" src=\"https:\/\/unicount.eu\/wp-content\/uploads\/2019\/10\/2384136@15x.svg\" alt=\"\">\n                    <\/div>\n\t\t\t\t\t\t\t\t            <\/div>\n\n\n        <\/div>\n<\/section>\n\n\n\n<section id=\"sildiplokk-block_13c4c87c90cb2bc226b698bff34cfef7\"\n         class=\"sildiplokk  \">\n    <div class=\"wrapper\">\n\n\n        <div class=\"d-flex\">\n\t\t\t\n\t\t\t\n\t\t\t\n        <\/div>\n\n\n\t\t\n\n<\/section>\n\n\n\n<section id=\"sildiplokk-block_1f45c1a17c3364b259e9f82e4615b5e2\"\n         class=\"sildiplokk  alignfull \">\n    <div class=\"wrapper\">\n\n\n        <div class=\"d-flex\">\n\t\t\t                <h2 class=\"module-heading\">\n\t\t\t\t\tSo funktioniert das Partnerprogramm                <\/h2>\n\t\t\t\n\t\t\t\n\t\t\t\n        <\/div>\n\n\n\t\t            <p class=\"def-p\">\n\t\t\t\t<p>F\u00fcllen Sie unser Affiliate-Anmeldeformular aus, um Partner zu werden.<br \/>\nUnicount zahlt f\u00fcr jeden Neukunden 50 Euro ohne Mehrwertsteuer.<br \/>\n<a href=\"https:\/\/unicount.eu\/de\/allgemeine-geschaeftsbedingungen\/\">Es gelten die Allgemeinen Gesch\u00e4ftsbedingungen<\/a>.<\/p>\n            <\/p>\n\t\t\n\n<\/section>\n\n\n\n<style>.mb60 {\n        margin-bottom: 60px;\n\n    }\n\n<\/style>\n\n<section id=\"testimonial-block_d5abf463ab862b0baeaf6909c984c269\"\n         class=\"kolmkaarti  bg-white alignfull \">\n    <div class=\"wrapper\">\n\n\n\t\t\n                <div class=\"row d-flex flex-wrap max-w90\">\n\n\t\t\t\t\t                        <div class=\"item col-md-6 col-lg-4 d-flex mb60\">\n                            <div class=\"card-item\">\n\t\t\t\t\t\t\t                                <div class=\"iconCont\">\n                                    <img decoding=\"async\" src=\"https:\/\/unicount.eu\/wp-content\/uploads\/2019\/10\/Group-14@15x-1.svg\" alt=\"\">\n                                <\/div>\n\t\t\t\t\t\t\t\n\n\t\t\t\t\t\t\t                                <h3 class=\"\">\n\t\t\t\t\t\t\t\t\tWer ist berechtigt?                                <\/h3>\n\t\t\t\t\t\t\t\n\t\t\t\t\t\t\t                                <p class=\"\">\n\t\t\t\t\t\t\t\t\t<p>Wir leisten Zahlungen nur an juristische Personen auf der Grundlage einer anerkannten Steuerrechnung. Beschr\u00e4nkungen der Gerichtsbarkeiten unserer Tochtergesellschaft, ihrer Beg\u00fcnstigten und Direktoren \u00e4hneln unseren Richtlinien f\u00fcr die Aufnahme von E-Resident-Kunden.<\/p>\n                                <\/p>\n\t\t\t\t\t\t\t\t                                                                    <a class=\"text-link\" href=\"https:\/\/support.unicount.eu\/en\/articles\/2939078-what-are-the-restrictions-on-the-country-of-residency-and-citizenship\" target=\"_self\">Read more<\/a>\n\t\t                                                        <\/div>\n                        <\/div>\n\t\t\t\t\t                        <div class=\"item col-md-6 col-lg-4 d-flex mb60\">\n                            <div class=\"card-item\">\n\t\t\t\t\t\t\t                                <div class=\"iconCont\">\n                                    <img decoding=\"async\" src=\"https:\/\/unicount.eu\/wp-content\/uploads\/2019\/10\/Group-14@15x.svg\" alt=\"\">\n                                <\/div>\n\t\t\t\t\t\t\t\n\n\t\t\t\t\t\t\t                                <h3 class=\"\">\n\t\t\t\t\t\t\t\t\tWas sind die weiteren Vorteile?                                <\/h3>\n\t\t\t\t\t\t\t\n\t\t\t\t\t\t\t                                <p class=\"\">\n\t\t\t\t\t\t\t\t\t<p>Unser virtueller B\u00fcroservice ist f\u00fcr unsere Partner mit einem Unternehmen in Estland zu einem erm\u00e4\u00dfigten Preis verf\u00fcgbar. Unicount k\u00fcmmert sich um die gesamte eingehende Post und leitet diese elektronisch an Sie weiter.<\/p>\n                                <\/p>\n\t\t\t\t\t\t\t\t                                                                    <a class=\"text-link\" href=\"https:\/\/unicount.eu\/de\/virtuelles-buro-in-estland\/\" target=\"_self\">Mehr lesen<\/a>\n\t\t                                                        <\/div>\n                        <\/div>\n\t\t\t\t\t                        <div class=\"item col-md-6 col-lg-4 d-flex mb60\">\n                            <div class=\"card-item\">\n\t\t\t\t\t\t\t                                <div class=\"iconCont\">\n                                    <img decoding=\"async\" src=\"https:\/\/unicount.eu\/wp-content\/uploads\/2019\/10\/Group-11@15x.svg\" alt=\"\">\n                                <\/div>\n\t\t\t\t\t\t\t\n\n\t\t\t\t\t\t\t                                <h3 class=\"\">\n\t\t\t\t\t\t\t\t\tWie werden die Provisionen ausgezahlt?                                <\/h3>\n\t\t\t\t\t\t\t\n\t\t\t\t\t\t\t                                <p class=\"\">\n\t\t\t\t\t\t\t\t\t<p>Wir leisten monatliche Zahlungen auf der Grundlage einer anerkannten Steuerrechnung. Unicount sendet zu Beginn jedes Kalendermonats monatliche Berichte, um nachverfolgte Conversions zu melden.<\/p>\n                                <\/p>\n\t\t\t\t\t\t\t\t                                                                    <a class=\"text-link\" href=\"https:\/\/support.unicount.eu\/en\/articles\/6895935-what-are-the-mandatory-fields-of-an-invoice-accepted-in-estonia\" target=\"_self\">Mehr lesen<\/a>\n\t\t                                                        <\/div>\n                        <\/div>\n\t\t\t\t\t                <\/div>\n\t\t\t\n\n    <\/div>\n<\/section>\n\n\n\n<div class=\"wp-block-group numbers\"><div class=\"wp-block-group__inner-container is-layout-flow wp-block-group-is-layout-flow\">\n<div class=\"wp-block-columns upper is-layout-flex wp-container-core-columns-is-layout-9d6595d7 wp-block-columns-is-layout-flex\">\n<div class=\"wp-block-column is-layout-flow wp-block-column-is-layout-flow\">\n<h2 class=\"wp-block-heading\">Unicount in Zahlen<\/h2>\n<\/div>\n\n\n\n<div class=\"wp-block-column is-layout-flow wp-block-column-is-layout-flow\">\n<p>Unicount ist ein vertrauensw\u00fcrdiger Unternehmensgr\u00fcndungsagent in Estland. Unsere Zahlen zeigen unsere Leistung im Laufe der Jahre.<\/p>\n<\/div>\n<\/div>\n\n\n\n<div class=\"wp-block-columns lower is-layout-flex wp-container-core-columns-is-layout-9d6595d7 wp-block-columns-is-layout-flex\">\n<div class=\"wp-block-column is-layout-flow wp-block-column-is-layout-flow\">\n<h2 class=\"wp-block-heading\">900+<\/h2>\n\n\n\n<p>Bisher registrierte Unternehmen<\/p>\n<\/div>\n\n\n\n<div class=\"wp-block-column is-layout-flow wp-block-column-is-layout-flow\">\n<h2 class=\"wp-block-heading\">5<\/h2>\n\n\n\n<p>Durchschnittliche Formationszeit in Minuten<\/p>\n<\/div>\n\n\n\n<div class=\"wp-block-column is-layout-flow wp-block-column-is-layout-flow\">\n<h2 class=\"wp-block-heading\">6<\/h2>\n\n\n\n<p>Anzahl der im Kundenportal unterst\u00fctzten Sprachen<\/p>\n<\/div>\n\n\n\n<div class=\"wp-block-column is-layout-flow wp-block-column-is-layout-flow\">\n<h2 class=\"wp-block-heading\">71<\/h2>\n\n\n\n<p>Gr\u00fcnder in verschiedenen L\u00e4ndern<\/p>\n<\/div>\n<\/div>\n<\/div><\/div>\n\n\n\n<h2 class=\"wp-block-heading\" id=\"signup\">Anmeldeformular f\u00fcr Partner<\/h2>\n\n\n\n<div class=\"wp-block-contact-form-7-contact-form-selector\">\n<div class=\"wpcf7 no-js\" id=\"wpcf7-f17665-o1\" lang=\"en-US\" dir=\"ltr\" data-wpcf7-id=\"17665\">\n<div class=\"screen-reader-response\"><p role=\"status\" aria-live=\"polite\" aria-atomic=\"true\"><\/p> <ul><\/ul><\/div>\n<form action=\"\/de\/wp-json\/wp\/v2\/pages\/17659#wpcf7-f17665-o1\" method=\"post\" class=\"wpcf7-form init\" aria-label=\"Contact form\" novalidate=\"novalidate\" data-status=\"init\">\n<div style=\"display: none;\">\n<input type=\"hidden\" name=\"_wpcf7\" value=\"17665\" \/>\n<input type=\"hidden\" name=\"_wpcf7_version\" value=\"6.0.3\" \/>\n<input type=\"hidden\" name=\"_wpcf7_locale\" value=\"en_US\" \/>\n<input type=\"hidden\" name=\"_wpcf7_unit_tag\" value=\"wpcf7-f17665-o1\" \/>\n<input type=\"hidden\" name=\"_wpcf7_container_post\" value=\"0\" \/>\n<input type=\"hidden\" name=\"_wpcf7_posted_data_hash\" value=\"\" \/>\n<input type=\"hidden\" name=\"_wpcf7_recaptcha_response\" value=\"\" \/>\n<\/div>\n<h3>Kontaktinformationen\n<\/h3>\n<div class=\"grid grid-cols-2 gap-8\">\n\t<div>\n\t\t<p><span class=\"wpcf7-form-control-wrap\" data-name=\"firstname\"><input size=\"40\" maxlength=\"400\" class=\"wpcf7-form-control wpcf7-text wpcf7-validates-as-required\" aria-required=\"true\" aria-invalid=\"false\" placeholder=\"Vorname\" value=\"\" type=\"text\" name=\"firstname\" \/><\/span>\n\t\t<\/p>\n\t<\/div>\n\t<div>\n\t\t<p><span class=\"wpcf7-form-control-wrap\" data-name=\"lastname\"><input size=\"40\" maxlength=\"400\" class=\"wpcf7-form-control wpcf7-text wpcf7-validates-as-required\" aria-required=\"true\" aria-invalid=\"false\" placeholder=\"Familienname\" value=\"\" type=\"text\" name=\"lastname\" \/><\/span>\n\t\t<\/p>\n\t<\/div>\n\t<div>\n\t\t<p><span class=\"wpcf7-form-control-wrap\" data-name=\"email\"><input size=\"40\" maxlength=\"400\" class=\"wpcf7-form-control wpcf7-email wpcf7-validates-as-required wpcf7-text wpcf7-validates-as-email\" aria-required=\"true\" aria-invalid=\"false\" placeholder=\"Email\" value=\"\" type=\"email\" name=\"email\" \/><\/span>\n\t\t<\/p>\n\t<\/div>\n\t<div>\n\t\t<p><span class=\"wpcf7-form-control-wrap\" data-name=\"legal\"><input size=\"40\" maxlength=\"400\" class=\"wpcf7-form-control wpcf7-text wpcf7-validates-as-required\" aria-required=\"true\" aria-invalid=\"false\" placeholder=\"Offizielle Unternehmensbezeichnung\" value=\"\" type=\"text\" name=\"legal\" \/><\/span>\n\t\t<\/p>\n\t<\/div>\n\t<div>\n\t\t<p><span class=\"wpcf7-form-control-wrap\" data-name=\"companyname\"><input size=\"40\" maxlength=\"400\" class=\"wpcf7-form-control wpcf7-text wpcf7-validates-as-required\" aria-required=\"true\" aria-invalid=\"false\" placeholder=\"Webseite\" value=\"\" type=\"text\" name=\"companyname\" \/><\/span>\n\t\t<\/p>\n\t<\/div>\n\t<div>\n\t\t<p><span class=\"wpcf7-form-control-wrap\" data-name=\"phone\"><input size=\"40\" maxlength=\"400\" class=\"wpcf7-form-control wpcf7-text wpcf7-validates-as-required\" aria-required=\"true\" aria-invalid=\"false\" placeholder=\"Telefonnummer\" value=\"\" type=\"text\" name=\"phone\" \/><\/span>\n\t\t<\/p>\n\t<\/div>\n<\/div>\n<h3>Registrierte B\u00fcroadresse\n<\/h3>\n<div class=\"grid grid-cols-2 gap-8\">\n\t<div>\n\t\t<p><span class=\"wpcf7-form-control-wrap\" data-name=\"address1\"><input size=\"40\" maxlength=\"400\" class=\"wpcf7-form-control wpcf7-text wpcf7-validates-as-required\" aria-required=\"true\" aria-invalid=\"false\" placeholder=\"Anschrift Zeile 1\" value=\"\" type=\"text\" name=\"address1\" \/><\/span>\n\t\t<\/p>\n\t<\/div>\n\t<div>\n\t\t<p><span class=\"wpcf7-form-control-wrap\" data-name=\"address2\"><input size=\"40\" maxlength=\"400\" class=\"wpcf7-form-control wpcf7-text wpcf7-validates-as-required\" aria-required=\"true\" aria-invalid=\"false\" placeholder=\"Anschrift Zeile 2\" value=\"\" type=\"text\" name=\"address2\" \/><\/span>\n\t\t<\/p>\n\t<\/div>\n\t<div>\n\t\t<p><span class=\"wpcf7-form-control-wrap\" data-name=\"city\"><input size=\"40\" maxlength=\"400\" class=\"wpcf7-form-control wpcf7-text wpcf7-validates-as-required\" aria-required=\"true\" aria-invalid=\"false\" placeholder=\"Stadt\" value=\"\" type=\"text\" name=\"city\" \/><\/span>\n\t\t<\/p>\n\t<\/div>\n\t<div>\n\t\t<p><span class=\"wpcf7-form-control-wrap\" data-name=\"zip\"><input size=\"40\" maxlength=\"400\" class=\"wpcf7-form-control wpcf7-text wpcf7-validates-as-required\" aria-required=\"true\" aria-invalid=\"false\" placeholder=\"Postleitzahl\" value=\"\" type=\"text\" name=\"zip\" \/><\/span>\n\t\t<\/p>\n\t<\/div>\n\t<div>\n\t\t<p><span class=\"wpcf7-form-control-wrap\" data-name=\"country\"><input size=\"40\" maxlength=\"400\" class=\"wpcf7-form-control wpcf7-text wpcf7-validates-as-required\" aria-required=\"true\" aria-invalid=\"false\" placeholder=\"Land\" value=\"\" type=\"text\" name=\"country\" \/><\/span>\n\t\t<\/p>\n\t<\/div>\n\t<div>\n\t\t<p><span class=\"wpcf7-form-control-wrap\" data-name=\"bphone\"><input size=\"40\" maxlength=\"400\" class=\"wpcf7-form-control wpcf7-text wpcf7-validates-as-required\" aria-required=\"true\" aria-invalid=\"false\" placeholder=\"Gesch\u00e4ftstelefon\" value=\"\" type=\"text\" name=\"bphone\" \/><\/span>\n\t\t<\/p>\n\t<\/div>\n<\/div>\n<h3>Abrechnung\n<\/h3>\n<div class=\"grid grid-cols-2 gap-8\">\n\t<div>\n\t\t<p><span class=\"wpcf7-form-control-wrap\" data-name=\"tax\"><input size=\"40\" maxlength=\"400\" class=\"wpcf7-form-control wpcf7-text wpcf7-validates-as-required\" aria-required=\"true\" aria-invalid=\"false\" placeholder=\"Umsatzsteuer-ID\" value=\"\" type=\"text\" name=\"tax\" \/><\/span>\n\t\t<\/p>\n\t<\/div>\n<\/div>\n<h3>Weitere Informationen\n<\/h3>\n<div>\n\t<p><span class=\"wpcf7-form-control-wrap\" data-name=\"refferalcode\"><input size=\"40\" maxlength=\"400\" class=\"wpcf7-form-control wpcf7-text wpcf7-validates-as-required\" aria-required=\"true\" aria-invalid=\"false\" placeholder=\"Gew\u00fcnschter Empfehlungscode wie MYBRAND2023\" value=\"\" type=\"text\" name=\"refferalcode\" \/><\/span>\n\t<\/p>\n<\/div>\n<div>\n\t<p><span class=\"wpcf7-form-control-wrap\" data-name=\"describe\"><textarea cols=\"40\" rows=\"10\" maxlength=\"2000\" class=\"wpcf7-form-control wpcf7-textarea wpcf7-validates-as-required\" aria-required=\"true\" aria-invalid=\"false\" placeholder=\"Beschreiben Sie die Websites und Methoden, mit denen Unicount beworben wird\" name=\"describe\"><\/textarea><\/span>\n\t<\/p>\n<\/div>\n<h3>Nutzungsbedingungen\n<\/h3>\n<p><span class=\"wpcf7-form-control-wrap\" data-name=\"acceptance-126\"><span class=\"wpcf7-form-control wpcf7-acceptance\"><span class=\"wpcf7-list-item\"><label><input type=\"checkbox\" name=\"acceptance-126\" value=\"1\" aria-invalid=\"false\" \/><span class=\"wpcf7-list-item-label\">Ich akzeptiere die <a target=\"_blank\" href=\"https:\/\/unicount.eu\/de\/affiliate-terms-of-service\/\">Nutzungsbedingungen<\/a><\/span><\/label><\/span><\/span><\/span>\n<\/p>\n<p><input class=\"wpcf7-form-control wpcf7-submit has-spinner\" type=\"submit\" value=\"Einreichen\" \/>\n<\/p><div class=\"wpcf7-response-output\" aria-hidden=\"true\"><\/div>\n<\/form>\n<\/div>\n<\/div>\n\n\n\n<p><\/p>\n","protected":false},"excerpt":{"rendered":"<p>Unicount in Zahlen Unicount ist ein vertrauensw\u00fcrdiger Unternehmensgr\u00fcndungsagent in Estland. Unsere Zahlen zeigen unsere Leistung im Laufe der Jahre. 900+ Bisher registrierte Unternehmen 5 Durchschnittliche Formationszeit in Minuten 6 Anzahl der im Kundenportal unterst\u00fctzten Sprachen 71 Gr\u00fcnder in verschiedenen L\u00e4ndern Anmeldeformular f\u00fcr Partner<\/p>\n","protected":false},"author":2,"featured_media":0,"parent":0,"menu_order":0,"comment_status":"closed","ping_status":"closed","template":"","meta":{"inline_featured_image":false,"footnotes":""},"class_list":["post-17659","page","type-page","status-publish","hentry"],"acf":[],"yoast_head":"<!-- This site is optimized with the Yoast SEO Premium plugin v24.3 (Yoast SEO v24.3) - https:\/\/yoast.com\/wordpress\/plugins\/seo\/ -->\n<title>Partnerprogramm | Unicount<\/title>\n<meta name=\"robots\" content=\"index, follow, max-snippet:-1, max-image-preview:large, max-video-preview:-1\" \/>\n<link rel=\"canonical\" href=\"https:\/\/unicount.eu\/de\/partnerprogramm\/\" \/>\n<meta property=\"og:locale\" content=\"de_DE\" \/>\n<meta property=\"og:type\" content=\"article\" \/>\n<meta property=\"og:title\" content=\"Partnerprogramm\" \/>\n<meta property=\"og:description\" content=\"Unicount in Zahlen Unicount ist ein vertrauensw\u00fcrdiger Unternehmensgr\u00fcndungsagent in Estland. Unsere Zahlen zeigen unsere Leistung im Laufe der Jahre. 900+ Bisher registrierte Unternehmen 5 Durchschnittliche Formationszeit in Minuten 6 Anzahl der im Kundenportal unterst\u00fctzten Sprachen 71 Gr\u00fcnder in verschiedenen L\u00e4ndern Anmeldeformular f\u00fcr Partner\" \/>\n<meta property=\"og:url\" content=\"https:\/\/unicount.eu\/de\/partnerprogramm\/\" \/>\n<meta property=\"og:site_name\" content=\"Unicount\" \/>\n<meta property=\"article:publisher\" content=\"https:\/\/www.facebook.com\/unicount\/\" \/>\n<meta property=\"article:modified_time\" content=\"2023-12-19T11:17:46+00:00\" \/>\n<meta property=\"og:image\" content=\"https:\/\/unicount.eu\/wp-content\/uploads\/2021\/01\/fb-cover@2x.jpg\" \/>\n\t<meta property=\"og:image:width\" content=\"2400\" \/>\n\t<meta property=\"og:image:height\" content=\"1350\" \/>\n\t<meta property=\"og:image:type\" content=\"image\/jpeg\" \/>\n<meta name=\"twitter:card\" content=\"summary_large_image\" \/>\n<meta name=\"twitter:site\" content=\"@unicountestonia\" \/>\n<meta name=\"twitter:label1\" content=\"Gesch\u00e4tzte Lesezeit\" \/>\n\t<meta name=\"twitter:data1\" content=\"1\u00a0Minute\" \/>\n<script type=\"application\/ld+json\" class=\"yoast-schema-graph\">{\"@context\":\"https:\/\/schema.org\",\"@graph\":[{\"@type\":\"WebPage\",\"@id\":\"https:\/\/unicount.eu\/de\/partnerprogramm\/\",\"url\":\"https:\/\/unicount.eu\/de\/partnerprogramm\/\",\"name\":\"Partnerprogramm | Unicount\",\"isPartOf\":{\"@id\":\"https:\/\/unicount.eu\/de\/#website\"},\"datePublished\":\"2021-12-13T14:30:52+00:00\",\"dateModified\":\"2023-12-19T11:17:46+00:00\",\"breadcrumb\":{\"@id\":\"https:\/\/unicount.eu\/de\/partnerprogramm\/#breadcrumb\"},\"inLanguage\":\"de\",\"potentialAction\":[{\"@type\":\"ReadAction\",\"target\":[\"https:\/\/unicount.eu\/de\/partnerprogramm\/\"]}]},{\"@type\":\"BreadcrumbList\",\"@id\":\"https:\/\/unicount.eu\/de\/partnerprogramm\/#breadcrumb\",\"itemListElement\":[{\"@type\":\"ListItem\",\"position\":1,\"name\":\"Home\",\"item\":\"https:\/\/unicount.eu\/de\/\"},{\"@type\":\"ListItem\",\"position\":2,\"name\":\"Partnerprogramm\"}]},{\"@type\":\"WebSite\",\"@id\":\"https:\/\/unicount.eu\/de\/#website\",\"url\":\"https:\/\/unicount.eu\/de\/\",\"name\":\"Unicount\",\"description\":\"The simplest way to start an Estonian company\",\"publisher\":{\"@id\":\"https:\/\/unicount.eu\/de\/#organization\"},\"potentialAction\":[{\"@type\":\"SearchAction\",\"target\":{\"@type\":\"EntryPoint\",\"urlTemplate\":\"https:\/\/unicount.eu\/de\/?s={search_term_string}\"},\"query-input\":{\"@type\":\"PropertyValueSpecification\",\"valueRequired\":true,\"valueName\":\"search_term_string\"}}],\"inLanguage\":\"de\"},{\"@type\":\"Organization\",\"@id\":\"https:\/\/unicount.eu\/de\/#organization\",\"name\":\"Unicount O\u00dc\",\"url\":\"https:\/\/unicount.eu\/de\/\",\"logo\":{\"@type\":\"ImageObject\",\"inLanguage\":\"de\",\"@id\":\"https:\/\/unicount.eu\/de\/#\/schema\/logo\/image\/\",\"url\":\"https:\/\/unicount.eu\/wp-content\/uploads\/2019\/10\/unicount-logo-002.jpg\",\"contentUrl\":\"https:\/\/unicount.eu\/wp-content\/uploads\/2019\/10\/unicount-logo-002.jpg\",\"width\":1380,\"height\":288,\"caption\":\"Unicount O\u00dc\"},\"image\":{\"@id\":\"https:\/\/unicount.eu\/de\/#\/schema\/logo\/image\/\"},\"sameAs\":[\"https:\/\/www.facebook.com\/unicount\/\",\"https:\/\/x.com\/unicountestonia\",\"https:\/\/www.linkedin.com\/company\/unicount\",\"https:\/\/www.youtube.com\/channel\/UCSV5_VgpIIAUyLWhjeXY8vQ\"]}]}<\/script>\n<!-- \/ Yoast SEO Premium plugin. -->","yoast_head_json":{"title":"Partnerprogramm | Unicount","robots":{"index":"index","follow":"follow","max-snippet":"max-snippet:-1","max-image-preview":"max-image-preview:large","max-video-preview":"max-video-preview:-1"},"canonical":"https:\/\/unicount.eu\/de\/partnerprogramm\/","og_locale":"de_DE","og_type":"article","og_title":"Partnerprogramm","og_description":"Unicount in Zahlen Unicount ist ein vertrauensw\u00fcrdiger Unternehmensgr\u00fcndungsagent in Estland. Unsere Zahlen zeigen unsere Leistung im Laufe der Jahre. 900+ Bisher registrierte Unternehmen 5 Durchschnittliche Formationszeit in Minuten 6 Anzahl der im Kundenportal unterst\u00fctzten Sprachen 71 Gr\u00fcnder in verschiedenen L\u00e4ndern Anmeldeformular f\u00fcr Partner","og_url":"https:\/\/unicount.eu\/de\/partnerprogramm\/","og_site_name":"Unicount","article_publisher":"https:\/\/www.facebook.com\/unicount\/","article_modified_time":"2023-12-19T11:17:46+00:00","og_image":[{"width":2400,"height":1350,"url":"https:\/\/unicount.eu\/wp-content\/uploads\/2021\/01\/fb-cover@2x.jpg","type":"image\/jpeg"}],"twitter_card":"summary_large_image","twitter_site":"@unicountestonia","twitter_misc":{"Gesch\u00e4tzte Lesezeit":"1\u00a0Minute"},"schema":{"@context":"https:\/\/schema.org","@graph":[{"@type":"WebPage","@id":"https:\/\/unicount.eu\/de\/partnerprogramm\/","url":"https:\/\/unicount.eu\/de\/partnerprogramm\/","name":"Partnerprogramm | Unicount","isPartOf":{"@id":"https:\/\/unicount.eu\/de\/#website"},"datePublished":"2021-12-13T14:30:52+00:00","dateModified":"2023-12-19T11:17:46+00:00","breadcrumb":{"@id":"https:\/\/unicount.eu\/de\/partnerprogramm\/#breadcrumb"},"inLanguage":"de","potentialAction":[{"@type":"ReadAction","target":["https:\/\/unicount.eu\/de\/partnerprogramm\/"]}]},{"@type":"BreadcrumbList","@id":"https:\/\/unicount.eu\/de\/partnerprogramm\/#breadcrumb","itemListElement":[{"@type":"ListItem","position":1,"name":"Home","item":"https:\/\/unicount.eu\/de\/"},{"@type":"ListItem","position":2,"name":"Partnerprogramm"}]},{"@type":"WebSite","@id":"https:\/\/unicount.eu\/de\/#website","url":"https:\/\/unicount.eu\/de\/","name":"Unicount","description":"The simplest way to start an Estonian company","publisher":{"@id":"https:\/\/unicount.eu\/de\/#organization"},"potentialAction":[{"@type":"SearchAction","target":{"@type":"EntryPoint","urlTemplate":"https:\/\/unicount.eu\/de\/?s={search_term_string}"},"query-input":{"@type":"PropertyValueSpecification","valueRequired":true,"valueName":"search_term_string"}}],"inLanguage":"de"},{"@type":"Organization","@id":"https:\/\/unicount.eu\/de\/#organization","name":"Unicount O\u00dc","url":"https:\/\/unicount.eu\/de\/","logo":{"@type":"ImageObject","inLanguage":"de","@id":"https:\/\/unicount.eu\/de\/#\/schema\/logo\/image\/","url":"https:\/\/unicount.eu\/wp-content\/uploads\/2019\/10\/unicount-logo-002.jpg","contentUrl":"https:\/\/unicount.eu\/wp-content\/uploads\/2019\/10\/unicount-logo-002.jpg","width":1380,"height":288,"caption":"Unicount O\u00dc"},"image":{"@id":"https:\/\/unicount.eu\/de\/#\/schema\/logo\/image\/"},"sameAs":["https:\/\/www.facebook.com\/unicount\/","https:\/\/x.com\/unicountestonia","https:\/\/www.linkedin.com\/company\/unicount","https:\/\/www.youtube.com\/channel\/UCSV5_VgpIIAUyLWhjeXY8vQ"]}]}},"_links":{"self":[{"href":"https:\/\/unicount.eu\/de\/wp-json\/wp\/v2\/pages\/17659","targetHints":{"allow":["GET"]}}],"collection":[{"href":"https:\/\/unicount.eu\/de\/wp-json\/wp\/v2\/pages"}],"about":[{"href":"https:\/\/unicount.eu\/de\/wp-json\/wp\/v2\/types\/page"}],"author":[{"embeddable":true,"href":"https:\/\/unicount.eu\/de\/wp-json\/wp\/v2\/users\/2"}],"replies":[{"embeddable":true,"href":"https:\/\/unicount.eu\/de\/wp-json\/wp\/v2\/comments?post=17659"}],"version-history":[{"count":4,"href":"https:\/\/unicount.eu\/de\/wp-json\/wp\/v2\/pages\/17659\/revisions"}],"predecessor-version":[{"id":17666,"href":"https:\/\/unicount.eu\/de\/wp-json\/wp\/v2\/pages\/17659\/revisions\/17666"}],"wp:attachment":[{"href":"https:\/\/unicount.eu\/de\/wp-json\/wp\/v2\/media?parent=17659"}],"curies":[{"name":"wp","href":"https:\/\/api.w.org\/{rel}","templated":true}]}}