{"id":17105,"date":"2023-11-01T08:32:06","date_gmt":"2023-11-01T06:32:06","guid":{"rendered":"https:\/\/unicount.eu\/?page_id=17105"},"modified":"2024-01-12T13:26:28","modified_gmt":"2024-01-12T11:26:28","slug":"buchhaltungsgebuehren","status":"publish","type":"page","link":"https:\/\/unicount.eu\/de\/buchhaltungsgebuehren\/","title":{"rendered":"Buchhaltungsgeb\u00fchren"},"content":{"rendered":"<p>Stand: 1. Februar 2023<\/p>\n<table>\n<tbody>\n<tr>\n<td class=\"has-text-align-center\" data-align=\"center\"><strong>PLAN<\/strong><\/td>\n<td class=\"has-text-align-center\" data-align=\"center\"><strong>Mikro<\/strong><\/td>\n<td class=\"has-text-align-center\" data-align=\"center\"><strong>Standard<\/strong><\/td>\n<td class=\"has-text-align-center\" data-align=\"center\"><strong>Pr\u00e4mie<\/strong><\/td>\n<td class=\"has-text-align-center\" data-align=\"center\"><strong>Fortgeschrittener<\/strong><\/td>\n<\/tr>\n<tr>\n<td class=\"has-text-align-left\" data-align=\"left\">Monatlicher Mindestbeitrag<\/td>\n<td class=\"has-text-align-center\" data-align=\"center\">99\u20ac<\/td>\n<td class=\"has-text-align-center\" data-align=\"center\">149\u20ac<\/td>\n<td class=\"has-text-align-center\" data-align=\"center\">290\u20ac<\/td>\n<td class=\"has-text-align-center\" data-align=\"center\">Ab 490\u20ac<\/td>\n<\/tr>\n<tr>\n<td class=\"has-text-align-left\" data-align=\"left\">H\u00e4ufigkeit der Servicebereitstellung<\/td>\n<td class=\"has-text-align-center\" data-align=\"center\">monatlich<\/td>\n<td class=\"has-text-align-center\" data-align=\"center\">monatlich<\/td>\n<td class=\"has-text-align-center\" data-align=\"center\">w\u00f6chentlich<\/td>\n<td class=\"has-text-align-center\" data-align=\"center\">t\u00e4glich<\/td>\n<\/tr>\n<tr>\n<td class=\"has-text-align-left\" data-align=\"left\">Enthaltene Quelldokumente (St\u00fcck)<\/td>\n<td class=\"has-text-align-center\" data-align=\"center\">15<\/td>\n<td class=\"has-text-align-center\" data-align=\"center\">30<\/td>\n<td class=\"has-text-align-center\" data-align=\"center\">60<\/td>\n<td class=\"has-text-align-center\" data-align=\"center\">150<\/td>\n<\/tr>\n<tr>\n<td class=\"has-text-align-left\" data-align=\"left\">Papierfreier Service<\/td>\n<td class=\"has-text-align-center\" data-align=\"center\"><strong>\u2713<\/strong><\/td>\n<td class=\"has-text-align-center\" data-align=\"center\"><strong>\u2713<\/strong><\/td>\n<td class=\"has-text-align-center\" data-align=\"center\"><strong>\u2713<\/strong><\/td>\n<td class=\"has-text-align-center\" data-align=\"center\"><strong>\u2713<\/strong><\/td>\n<\/tr>\n<tr>\n<td class=\"has-text-align-left\" data-align=\"left\">Software zur Spesenverwaltung<\/td>\n<td class=\"has-text-align-center\" data-align=\"center\"><strong>\u2713<\/strong><\/td>\n<td class=\"has-text-align-center\" data-align=\"center\"><strong>\u2713<\/strong><\/td>\n<td class=\"has-text-align-center\" data-align=\"center\"><strong>\u2713<\/strong><\/td>\n<td class=\"has-text-align-center\" data-align=\"center\"><strong>\u2713<\/strong><\/td>\n<\/tr>\n<tr>\n<td class=\"has-text-align-left\" data-align=\"left\">Software zur Rechnungsstellung<\/td>\n<td class=\"has-text-align-center\" data-align=\"center\"><strong>\u2713<\/strong><\/td>\n<td class=\"has-text-align-center\" data-align=\"center\"><strong>\u2713<\/strong><\/td>\n<td class=\"has-text-align-center\" data-align=\"center\"><strong>\u2713<\/strong><\/td>\n<td class=\"has-text-align-center\" data-align=\"center\"><strong>\u2713<\/strong><\/td>\n<\/tr>\n<tr>\n<td class=\"has-text-align-left\" data-align=\"left\">Automatischer Bankabgleich XML, CSV<\/td>\n<td class=\"has-text-align-center\" data-align=\"center\"><strong>\u2713<\/strong><\/td>\n<td class=\"has-text-align-center\" data-align=\"center\"><strong>\u2713<\/strong><\/td>\n<td class=\"has-text-align-center\" data-align=\"center\"><strong>\u2713<\/strong><\/td>\n<td class=\"has-text-align-center\" data-align=\"center\"><strong>\u2713<\/strong><\/td>\n<\/tr>\n<tr>\n<td class=\"has-text-align-left\" data-align=\"left\">Finanzberichterstattung (GuV, Bilanz)<\/td>\n<td class=\"has-text-align-center\" data-align=\"center\"><strong>\u2713<\/strong><\/td>\n<td class=\"has-text-align-center\" data-align=\"center\"><strong>\u2713<\/strong><\/td>\n<td class=\"has-text-align-center\" data-align=\"center\"><strong>\u2713<\/strong><\/td>\n<td class=\"has-text-align-center\" data-align=\"center\"><strong>\u2713<\/strong><\/td>\n<\/tr>\n<tr>\n<td class=\"has-text-align-left\" data-align=\"left\">MwSt.-Erkl\u00e4rung (KMD)<\/td>\n<td class=\"has-text-align-center\" data-align=\"center\"><strong>\u2713<\/strong><\/td>\n<td class=\"has-text-align-center\" data-align=\"center\"><strong>\u2713<\/strong><\/td>\n<td class=\"has-text-align-center\" data-align=\"center\"><strong>\u2713<\/strong><\/td>\n<td class=\"has-text-align-center\" data-align=\"center\"><strong>\u2713<\/strong><\/td>\n<\/tr>\n<tr>\n<td>Innergemeinschaftliche Mehrwertsteuererkl\u00e4rung (VD)<\/td>\n<td class=\"has-text-align-center\" data-align=\"center\">15 \u20ac<\/td>\n<td class=\"has-text-align-center\" data-align=\"center\">15 \u20ac<\/td>\n<td class=\"has-text-align-center\" data-align=\"center\">15 \u20ac<\/td>\n<td class=\"has-text-align-center\" data-align=\"center\">15 \u20ac<\/td>\n<\/tr>\n<tr>\n<td class=\"has-text-align-left\" data-align=\"left\">Lohnsteuererkl\u00e4rung (TSD)<\/td>\n<td class=\"has-text-align-center\" data-align=\"center\">30 \u20ac<\/td>\n<td class=\"has-text-align-center\" data-align=\"center\"><strong>\u2713<\/strong><\/td>\n<td class=\"has-text-align-center\" data-align=\"center\"><strong>\u2713<\/strong><\/td>\n<td class=\"has-text-align-center\" data-align=\"center\"><strong>\u2713<\/strong><\/td>\n<\/tr>\n<tr>\n<td>Lohn- und Gehaltsabrechnung (pro Mitarbeiter)<\/td>\n<td class=\"has-text-align-center\" data-align=\"center\">10 \u20ac<\/td>\n<td class=\"has-text-align-center\" data-align=\"center\">10 \u20ac<\/td>\n<td class=\"has-text-align-center\" data-align=\"center\">10 \u20ac<\/td>\n<td class=\"has-text-align-center\" data-align=\"center\">10 \u20ac<\/td>\n<\/tr>\n<tr>\n<td class=\"has-text-align-left\" data-align=\"left\">W\u00f6chentliche Zahlungsvorbereitung<\/td>\n<td class=\"has-text-align-center\" data-align=\"center\">\u00d7<\/td>\n<td class=\"has-text-align-center\" data-align=\"center\">\u00d7<\/td>\n<td class=\"has-text-align-center\" data-align=\"center\"><strong>\u2713<\/strong><\/td>\n<td class=\"has-text-align-center\" data-align=\"center\"><strong>\u2713<\/strong><\/td>\n<\/tr>\n<tr>\n<td class=\"has-text-align-left\" data-align=\"left\">J\u00e4hrliche Finanzanalyse<\/td>\n<td class=\"has-text-align-center\" data-align=\"center\">\u00d7<\/td>\n<td class=\"has-text-align-center\" data-align=\"center\">\u00d7<\/td>\n<td class=\"has-text-align-center\" data-align=\"center\">\u00d7<\/td>\n<td class=\"has-text-align-center\" data-align=\"center\"><strong>\u2713<\/strong><\/td>\n<\/tr>\n<tr>\n<td><strong>ZUSATZLEITUNGEN<\/strong><\/td>\n<td class=\"has-text-align-center\" data-align=\"center\"><\/td>\n<td class=\"has-text-align-center\" data-align=\"center\"><\/td>\n<td class=\"has-text-align-center\" data-align=\"center\"><\/td>\n<td class=\"has-text-align-center\" data-align=\"center\"><\/td>\n<\/tr>\n<tr>\n<td>Zus\u00e4tzliche Quelldokumente (St\u00fcck)<\/td>\n<td class=\"has-text-align-center\" data-align=\"center\">1.5 \u20ac<\/td>\n<td class=\"has-text-align-center\" data-align=\"center\">1.5 \u20ac<\/td>\n<td class=\"has-text-align-center\" data-align=\"center\">1.5 \u20ac<\/td>\n<td class=\"has-text-align-center\" data-align=\"center\">1.5 \u20ac<\/td>\n<\/tr>\n<tr>\n<td>Vorbereitung der Nachzahlungen (Batch)<\/td>\n<td class=\"has-text-align-center\" data-align=\"center\">5 \u20ac<\/td>\n<td class=\"has-text-align-center\" data-align=\"center\">5 \u20ac<\/td>\n<td class=\"has-text-align-center\" data-align=\"center\">5 \u20ac<\/td>\n<td class=\"has-text-align-center\" data-align=\"center\">5 \u20ac<\/td>\n<\/tr>\n<tr>\n<td>Manuelle monatliche Bankabstimmung<\/td>\n<td class=\"has-text-align-center\" data-align=\"center\">20\u20ac<\/td>\n<td class=\"has-text-align-center\" data-align=\"center\">20\u20ac<\/td>\n<td class=\"has-text-align-center\" data-align=\"center\">20\u20ac<\/td>\n<td class=\"has-text-align-center\" data-align=\"center\">20\u20ac<\/td>\n<\/tr>\n<tr>\n<td>Erstellung statistischer Berichte<\/td>\n<td class=\"has-text-align-center\" data-align=\"center\">55\u20ac\/Std<\/td>\n<td class=\"has-text-align-center\" data-align=\"center\">55\u20ac\/Std<\/td>\n<td class=\"has-text-align-center\" data-align=\"center\">55\u20ac\/Std<\/td>\n<td class=\"has-text-align-center\" data-align=\"center\">55\u20ac\/Std<\/td>\n<\/tr>\n<tr>\n<td>Business Intelligence und Analysen<\/td>\n<td class=\"has-text-align-center\" data-align=\"center\">85\u20ac\/Std<\/td>\n<td class=\"has-text-align-center\" data-align=\"center\">85\u20ac\/Std<\/td>\n<td class=\"has-text-align-center\" data-align=\"center\">85\u20ac\/Std<\/td>\n<td class=\"has-text-align-center\" data-align=\"center\">85\u20ac\/Std<\/td>\n<\/tr>\n<tr>\n<td>Steuerberatung<\/td>\n<td class=\"has-text-align-center\" data-align=\"center\">120\u20ac\/Std<\/td>\n<td class=\"has-text-align-center\" data-align=\"center\">120\u20ac\/Std<\/td>\n<td class=\"has-text-align-center\" data-align=\"center\">120\u20ac\/Std<\/td>\n<td class=\"has-text-align-center\" data-align=\"center\">120\u20ac\/Std<\/td>\n<\/tr>\n<tr>\n<td>Audit-Unterst\u00fctzung<\/td>\n<td class=\"has-text-align-center\" data-align=\"center\">55\u20ac\/Std<\/td>\n<td class=\"has-text-align-center\" data-align=\"center\">55\u20ac\/Std<\/td>\n<td class=\"has-text-align-center\" data-align=\"center\">55\u20ac\/Std<\/td>\n<td class=\"has-text-align-center\" data-align=\"center\">55\u20ac\/Std<\/td>\n<\/tr>\n<tr>\n<td>Sonstige Buchhaltungsdienstleistungen<\/td>\n<td class=\"has-text-align-center\" data-align=\"center\">55\u20ac\/Std<\/td>\n<td class=\"has-text-align-center\" data-align=\"center\">55\u20ac\/Std<\/td>\n<td class=\"has-text-align-center\" data-align=\"center\">55\u20ac\/Std<\/td>\n<td class=\"has-text-align-center\" data-align=\"center\">55\u20ac\/Std<\/td>\n<\/tr>\n<tr>\n<td>Jahresabschluss<\/td>\n<td class=\"has-text-align-center\" data-align=\"center\">1 Monatsgeb\u00fchr<\/td>\n<td class=\"has-text-align-center\" data-align=\"center\">1 Monatsgeb\u00fchr<\/td>\n<td class=\"has-text-align-center\" data-align=\"center\">1 Monatsgeb\u00fchr<\/td>\n<td class=\"has-text-align-center\" data-align=\"center\">1 Monatsgeb\u00fchr<\/td>\n<\/tr>\n<tr>\n<td>Individuelle Buchhaltungssoftware (pro Monat)<\/td>\n<td class=\"has-text-align-center\" data-align=\"center\">99\u20ac<\/td>\n<td class=\"has-text-align-center\" data-align=\"center\">99\u20ac<\/td>\n<td class=\"has-text-align-center\" data-align=\"center\">99\u20ac<\/td>\n<td class=\"has-text-align-center\" data-align=\"center\">99\u20ac<\/td>\n<\/tr>\n<tr>\n<td>T\u00e4tigkeitsbereich mit erh\u00f6htem Geldw\u00e4scherisiko<\/td>\n<td class=\"has-text-align-center\" data-align=\"center\">Nein<\/td>\n<td class=\"has-text-align-center\" data-align=\"center\">Nein<\/td>\n<td class=\"has-text-align-center\" data-align=\"center\">Nein<\/td>\n<td class=\"has-text-align-center\" data-align=\"center\">Ja<\/td>\n<\/tr>\n<\/tbody>\n<\/table>\n<p>Als Ausgangsdokumente gelten Rechnungen, Bank- oder Bar\u00fcberweisungen, mit Ausnahme von Rechnungszahlungen.<br \/>\nAndere Eintr\u00e4ge wie Anlageverm\u00f6gen und Vertr\u00e4ge werden auf Stundenbasis abgerechnet.<br \/>\nZu allen Geb\u00fchren wird die estnische Mehrwertsteuer von 22 % hinzugerechnet.<\/p>\n","protected":false},"excerpt":{"rendered":"<p>Stand: 1. Februar 2023 PLAN Mikro Standard Pr\u00e4mie Fortgeschrittener Monatlicher Mindestbeitrag 99\u20ac 149\u20ac 290\u20ac Ab 490\u20ac H\u00e4ufigkeit der Servicebereitstellung monatlich monatlich w\u00f6chentlich t\u00e4glich Enthaltene Quelldokumente (St\u00fcck) 15 30 60 150 Papierfreier Service \u2713 \u2713 \u2713 \u2713 Software zur Spesenverwaltung \u2713 \u2713 \u2713 \u2713 Software zur Rechnungsstellung \u2713 \u2713 \u2713 \u2713 Automatischer Bankabgleich XML, CSV \u2713 [&hellip;]<\/p>\n","protected":false},"author":2,"featured_media":0,"parent":0,"menu_order":0,"comment_status":"closed","ping_status":"closed","template":"terms.php","meta":{"inline_featured_image":false,"footnotes":""},"class_list":["post-17105","page","type-page","status-publish","hentry"],"acf":[],"yoast_head":"<!-- This site is optimized with the Yoast SEO Premium plugin v24.3 (Yoast SEO v24.3) - https:\/\/yoast.com\/wordpress\/plugins\/seo\/ -->\n<title>Buchhaltungsgeb\u00fchren | Unicount<\/title>\n<meta name=\"robots\" content=\"index, follow, max-snippet:-1, max-image-preview:large, max-video-preview:-1\" \/>\n<link rel=\"canonical\" href=\"https:\/\/unicount.eu\/de\/buchhaltungsgebuehren\/\" \/>\n<meta property=\"og:locale\" content=\"de_DE\" \/>\n<meta property=\"og:type\" content=\"article\" \/>\n<meta property=\"og:title\" content=\"Buchhaltungsgeb\u00fchren\" \/>\n<meta property=\"og:description\" content=\"Stand: 1. Februar 2023 PLAN Mikro Standard Pr\u00e4mie Fortgeschrittener Monatlicher Mindestbeitrag 99\u20ac 149\u20ac 290\u20ac Ab 490\u20ac H\u00e4ufigkeit der Servicebereitstellung monatlich monatlich w\u00f6chentlich t\u00e4glich Enthaltene Quelldokumente (St\u00fcck) 15 30 60 150 Papierfreier Service \u2713 \u2713 \u2713 \u2713 Software zur Spesenverwaltung \u2713 \u2713 \u2713 \u2713 Software zur Rechnungsstellung \u2713 \u2713 \u2713 \u2713 Automatischer Bankabgleich XML, CSV \u2713 [&hellip;]\" \/>\n<meta property=\"og:url\" content=\"https:\/\/unicount.eu\/de\/buchhaltungsgebuehren\/\" \/>\n<meta property=\"og:site_name\" content=\"Unicount\" \/>\n<meta property=\"article:publisher\" content=\"https:\/\/www.facebook.com\/unicount\/\" \/>\n<meta property=\"article:modified_time\" content=\"2024-01-12T11:26:28+00:00\" \/>\n<meta property=\"og:image\" content=\"https:\/\/unicount.eu\/wp-content\/uploads\/2021\/01\/fb-cover@2x.jpg\" \/>\n\t<meta property=\"og:image:width\" content=\"2400\" \/>\n\t<meta property=\"og:image:height\" content=\"1350\" \/>\n\t<meta property=\"og:image:type\" content=\"image\/jpeg\" \/>\n<meta name=\"twitter:card\" content=\"summary_large_image\" \/>\n<meta name=\"twitter:site\" content=\"@unicountestonia\" \/>\n<meta name=\"twitter:label1\" content=\"Gesch\u00e4tzte Lesezeit\" \/>\n\t<meta name=\"twitter:data1\" content=\"1\u00a0Minute\" \/>\n<script type=\"application\/ld+json\" class=\"yoast-schema-graph\">{\"@context\":\"https:\/\/schema.org\",\"@graph\":[{\"@type\":\"WebPage\",\"@id\":\"https:\/\/unicount.eu\/de\/buchhaltungsgebuehren\/\",\"url\":\"https:\/\/unicount.eu\/de\/buchhaltungsgebuehren\/\",\"name\":\"Buchhaltungsgeb\u00fchren | Unicount\",\"isPartOf\":{\"@id\":\"https:\/\/unicount.eu\/de\/#website\"},\"datePublished\":\"2023-11-01T06:32:06+00:00\",\"dateModified\":\"2024-01-12T11:26:28+00:00\",\"breadcrumb\":{\"@id\":\"https:\/\/unicount.eu\/de\/buchhaltungsgebuehren\/#breadcrumb\"},\"inLanguage\":\"de\",\"potentialAction\":[{\"@type\":\"ReadAction\",\"target\":[\"https:\/\/unicount.eu\/de\/buchhaltungsgebuehren\/\"]}]},{\"@type\":\"BreadcrumbList\",\"@id\":\"https:\/\/unicount.eu\/de\/buchhaltungsgebuehren\/#breadcrumb\",\"itemListElement\":[{\"@type\":\"ListItem\",\"position\":1,\"name\":\"Home\",\"item\":\"https:\/\/unicount.eu\/de\/\"},{\"@type\":\"ListItem\",\"position\":2,\"name\":\"Buchhaltungsgeb\u00fchren\"}]},{\"@type\":\"WebSite\",\"@id\":\"https:\/\/unicount.eu\/de\/#website\",\"url\":\"https:\/\/unicount.eu\/de\/\",\"name\":\"Unicount\",\"description\":\"The simplest way to start an Estonian company\",\"publisher\":{\"@id\":\"https:\/\/unicount.eu\/de\/#organization\"},\"potentialAction\":[{\"@type\":\"SearchAction\",\"target\":{\"@type\":\"EntryPoint\",\"urlTemplate\":\"https:\/\/unicount.eu\/de\/?s={search_term_string}\"},\"query-input\":{\"@type\":\"PropertyValueSpecification\",\"valueRequired\":true,\"valueName\":\"search_term_string\"}}],\"inLanguage\":\"de\"},{\"@type\":\"Organization\",\"@id\":\"https:\/\/unicount.eu\/de\/#organization\",\"name\":\"Unicount O\u00dc\",\"url\":\"https:\/\/unicount.eu\/de\/\",\"logo\":{\"@type\":\"ImageObject\",\"inLanguage\":\"de\",\"@id\":\"https:\/\/unicount.eu\/de\/#\/schema\/logo\/image\/\",\"url\":\"https:\/\/unicount.eu\/wp-content\/uploads\/2019\/10\/unicount-logo-002.jpg\",\"contentUrl\":\"https:\/\/unicount.eu\/wp-content\/uploads\/2019\/10\/unicount-logo-002.jpg\",\"width\":1380,\"height\":288,\"caption\":\"Unicount O\u00dc\"},\"image\":{\"@id\":\"https:\/\/unicount.eu\/de\/#\/schema\/logo\/image\/\"},\"sameAs\":[\"https:\/\/www.facebook.com\/unicount\/\",\"https:\/\/x.com\/unicountestonia\",\"https:\/\/www.linkedin.com\/company\/unicount\",\"https:\/\/www.youtube.com\/channel\/UCSV5_VgpIIAUyLWhjeXY8vQ\"]}]}<\/script>\n<!-- \/ Yoast SEO Premium plugin. -->","yoast_head_json":{"title":"Buchhaltungsgeb\u00fchren | Unicount","robots":{"index":"index","follow":"follow","max-snippet":"max-snippet:-1","max-image-preview":"max-image-preview:large","max-video-preview":"max-video-preview:-1"},"canonical":"https:\/\/unicount.eu\/de\/buchhaltungsgebuehren\/","og_locale":"de_DE","og_type":"article","og_title":"Buchhaltungsgeb\u00fchren","og_description":"Stand: 1. Februar 2023 PLAN Mikro Standard Pr\u00e4mie Fortgeschrittener Monatlicher Mindestbeitrag 99\u20ac 149\u20ac 290\u20ac Ab 490\u20ac H\u00e4ufigkeit der Servicebereitstellung monatlich monatlich w\u00f6chentlich t\u00e4glich Enthaltene Quelldokumente (St\u00fcck) 15 30 60 150 Papierfreier Service \u2713 \u2713 \u2713 \u2713 Software zur Spesenverwaltung \u2713 \u2713 \u2713 \u2713 Software zur Rechnungsstellung \u2713 \u2713 \u2713 \u2713 Automatischer Bankabgleich XML, CSV \u2713 [&hellip;]","og_url":"https:\/\/unicount.eu\/de\/buchhaltungsgebuehren\/","og_site_name":"Unicount","article_publisher":"https:\/\/www.facebook.com\/unicount\/","article_modified_time":"2024-01-12T11:26:28+00:00","og_image":[{"width":2400,"height":1350,"url":"https:\/\/unicount.eu\/wp-content\/uploads\/2021\/01\/fb-cover@2x.jpg","type":"image\/jpeg"}],"twitter_card":"summary_large_image","twitter_site":"@unicountestonia","twitter_misc":{"Gesch\u00e4tzte Lesezeit":"1\u00a0Minute"},"schema":{"@context":"https:\/\/schema.org","@graph":[{"@type":"WebPage","@id":"https:\/\/unicount.eu\/de\/buchhaltungsgebuehren\/","url":"https:\/\/unicount.eu\/de\/buchhaltungsgebuehren\/","name":"Buchhaltungsgeb\u00fchren | Unicount","isPartOf":{"@id":"https:\/\/unicount.eu\/de\/#website"},"datePublished":"2023-11-01T06:32:06+00:00","dateModified":"2024-01-12T11:26:28+00:00","breadcrumb":{"@id":"https:\/\/unicount.eu\/de\/buchhaltungsgebuehren\/#breadcrumb"},"inLanguage":"de","potentialAction":[{"@type":"ReadAction","target":["https:\/\/unicount.eu\/de\/buchhaltungsgebuehren\/"]}]},{"@type":"BreadcrumbList","@id":"https:\/\/unicount.eu\/de\/buchhaltungsgebuehren\/#breadcrumb","itemListElement":[{"@type":"ListItem","position":1,"name":"Home","item":"https:\/\/unicount.eu\/de\/"},{"@type":"ListItem","position":2,"name":"Buchhaltungsgeb\u00fchren"}]},{"@type":"WebSite","@id":"https:\/\/unicount.eu\/de\/#website","url":"https:\/\/unicount.eu\/de\/","name":"Unicount","description":"The simplest way to start an Estonian company","publisher":{"@id":"https:\/\/unicount.eu\/de\/#organization"},"potentialAction":[{"@type":"SearchAction","target":{"@type":"EntryPoint","urlTemplate":"https:\/\/unicount.eu\/de\/?s={search_term_string}"},"query-input":{"@type":"PropertyValueSpecification","valueRequired":true,"valueName":"search_term_string"}}],"inLanguage":"de"},{"@type":"Organization","@id":"https:\/\/unicount.eu\/de\/#organization","name":"Unicount O\u00dc","url":"https:\/\/unicount.eu\/de\/","logo":{"@type":"ImageObject","inLanguage":"de","@id":"https:\/\/unicount.eu\/de\/#\/schema\/logo\/image\/","url":"https:\/\/unicount.eu\/wp-content\/uploads\/2019\/10\/unicount-logo-002.jpg","contentUrl":"https:\/\/unicount.eu\/wp-content\/uploads\/2019\/10\/unicount-logo-002.jpg","width":1380,"height":288,"caption":"Unicount O\u00dc"},"image":{"@id":"https:\/\/unicount.eu\/de\/#\/schema\/logo\/image\/"},"sameAs":["https:\/\/www.facebook.com\/unicount\/","https:\/\/x.com\/unicountestonia","https:\/\/www.linkedin.com\/company\/unicount","https:\/\/www.youtube.com\/channel\/UCSV5_VgpIIAUyLWhjeXY8vQ"]}]}},"_links":{"self":[{"href":"https:\/\/unicount.eu\/de\/wp-json\/wp\/v2\/pages\/17105","targetHints":{"allow":["GET"]}}],"collection":[{"href":"https:\/\/unicount.eu\/de\/wp-json\/wp\/v2\/pages"}],"about":[{"href":"https:\/\/unicount.eu\/de\/wp-json\/wp\/v2\/types\/page"}],"author":[{"embeddable":true,"href":"https:\/\/unicount.eu\/de\/wp-json\/wp\/v2\/users\/2"}],"replies":[{"embeddable":true,"href":"https:\/\/unicount.eu\/de\/wp-json\/wp\/v2\/comments?post=17105"}],"version-history":[{"count":2,"href":"https:\/\/unicount.eu\/de\/wp-json\/wp\/v2\/pages\/17105\/revisions"}],"predecessor-version":[{"id":18082,"href":"https:\/\/unicount.eu\/de\/wp-json\/wp\/v2\/pages\/17105\/revisions\/18082"}],"wp:attachment":[{"href":"https:\/\/unicount.eu\/de\/wp-json\/wp\/v2\/media?parent=17105"}],"curies":[{"name":"wp","href":"https:\/\/api.w.org\/{rel}","templated":true}]}}