{"id":11740,"date":"2019-10-10T10:57:40","date_gmt":"2019-10-10T07:57:40","guid":{"rendered":"https:\/\/unicount.eu\/?page_id=11740"},"modified":"2025-03-13T10:26:59","modified_gmt":"2025-03-13T08:26:59","slug":"kontakte","status":"publish","type":"page","link":"https:\/\/unicount.eu\/de\/kontakte\/","title":{"rendered":"Kontakte"},"content":{"rendered":"\n<section id=\"kaartparemal-block_8c1b8499bf975b54696c27ce10e39c30\"\n         class=\"kaartparemal kolmkaarti  contacts color-white  large-font blue_bg sixty\">\n    <div class=\"wrapper\">\n\n\n        <div class=\"row d-flex flex-wrap\">\n\n            <div class=\"col-md-7 d-flex flex-wrap align-content-start left-side\">\n\n\t\t\t\t                    <h1 class=\"module-heading\">\n\t\t\t\t\t\tUnicount                    <\/h1>\n\t\t\t\t\n\n\t\t\t\t                    <div class=\"def-p\">\n\t\t\t\t\t\t<p>Wir bieten eine supereinfache Unternehmensgr\u00fcndung in Estland \u00fcber ein Online-Selbstbedienungsportal.<\/p>\n<p>Mit Video-Tutorials und Online-Support k\u00f6nnen Sie in h\u00f6chstens f\u00fcnf Minuten ein Ein-Aktion\u00e4rs- und Vorstandsunternehmen mit unserer virtuellen B\u00fcroadresse gr\u00fcnden. Der Dienst basiert auf der API des estnischen Unternehmensregisters und erfordert, dass Sie \u00fcber einen estnischen elektronischen Einwohner- oder Einwohnerausweis, eine Smart-ID oder eine Mobile-ID verf\u00fcgen.<\/p>\n<p>Unternehmen und Tochtergesellschaften mit mehreren Gesellschaftern k\u00f6nnen \u00fcber das E-Business-Register bei unserem virtuellen B\u00fcroservice registriert werden.<\/p>\n<p>Unicount bietet seinen virtuellen B\u00fcrokunden einen Online-Buchhaltungsservice mit Jahresabschlusserstellung und estnischer Steuerberichterstattung.<\/p>\n                    <\/div>\n\t\t\t\t\n\n            <\/div>\n            <div class=\"col-md-5 right-side\">\n                <div class=\"card-item\">\n                    <script src=\"https:\/\/maps.googleapis.com\/maps\/api\/js?key=AIzaSyCVno7A7oXP5Cn6PgDNrTRPBDpmPAwVrbk\"><\/script>\n                    <style type=\"text\/css\">\n\n                        .acf-map {\n                            width: 100%;\n                            height: 250px;\n                            border: #ccc solid 1px;\n                            margin: 20px 0;\n                        }\n\n                        \/* fixes potential theme css conflict *\/\n                        .acf-map img {\n                            max-width: inherit !important;\n                        }\n\n                    <\/style>\n\t                                            <div class=\"acf-map\">\n                                <div class=\"marker\" data-lat=\"59.4374543\"\n                                     data-lng=\"24.7567306\"><\/div>\n                            <\/div>\n\t\t                                    <div class=\"text-cont\">\n                        <div class=\"dark-text\">\n\t\t\t\t\t\t\t\t\t\t\t\t\t\t\t<p>Unicount O\u00dc<br \/>\nEstnische Gesellschaft mit beschr\u00e4nkter Haftung<br \/>\nRegisternummer 14614272<br \/>\nFIU-Lizenz Nr. FIU000315<br \/>\nUSt-IdNr. EE102384501<\/p>\n<p>Registrierte B\u00fcroadresse<br \/>\nNarva mnt 5<br \/>\nTallinn 10117, Estland<\/p>\n<p>Email<br \/>\nsupport@unicount.eu<\/p>\n\t\t\t\t\t\t\t                            <a href=\"https:\/\/wa.me\/+3725111234\" target=\"_blank\" class=\"button--type1\" style=\"margin: 0; margin-top: 20px; display: table;\"><i class=\"fab fa-whatsapp\"><\/i> WhatsApp<\/a>\n                        <\/div>\n                    <\/div>\n                <\/div>\n            <\/div>\n\n\n        <\/div>\n<\/section>\n\n\n\n\n<section id=\"testimonial-block_b5e84cceebb020d059c6d7a758f30be8\"\n         class=\"kolmkontakti  \">\n    <div class=\"wrapper\">\n\n\n\t\t\n                <div class=\"row d-flex flex-wrap\">\n\n\t\t\t\t\t                        <div class=\"col-sm-6 col-lg-4 d-flex\">\n                            <div class=\"card-item\">\n\t\t\t\t\t\t\t\t                                    <div class=\"iconCont\">\n                                        <img decoding=\"async\" data-src=\"https:\/\/unicount.eu\/wp-content\/uploads\/2025\/03\/ragnar.jpg\" alt=\"\" src=\"data:image\/gif;base64,R0lGODlhAQABAAAAACH5BAEKAAEALAAAAAABAAEAAAICTAEAOw==\" class=\"lazyload\" style=\"--smush-placeholder-width: 200px; --smush-placeholder-aspect-ratio: 200\/200;\">\n                                    <\/div>\n\t\t\t\t\t\t\t\t\n\n\t\t\t\t\t\t\t\t                                    <h3 class=\"\">\n\t\t\t\t\t\t\t\t\t\tRagnar Everest                                    <\/h3>\n\t\t\t\t\t\t\t\t\n\t                                                                <div class=\"proff\">\n\t\t\t                            Gesch\u00e4ftsf\u00fchrer                                    <\/div>\n\t                            \n\t\t\t\t\t\t\t\t                                    <p class=\"\">\n\t\t\t\t\t\t\t\t\t\t<p data-start=\"54\" data-end=\"392\">Ragnar, ein erfolgreicher CEO mit \u00fcber 16 Jahren Erfahrung in der Buchhaltungsbranche, bietet seit 2008 erfolgreich Unternehmensdienstleistungen an. Als einer der ersten e-Residency-Partner verbindet er Innovation mit Fachwissen, treibt die digitale Transformation voran und unterst\u00fctzt globale Unternehmer mit nahtlosen Finanzl\u00f6sungen.<\/p>\n                                    <\/p>\n\t\t\t\t\t\t\t\t                                \n\n                            <\/div>\n                        <\/div>\n\t\t\t\t\t                <\/div>\n\t\t\t\n\n    <\/div>\n<\/section>\n","protected":false},"excerpt":{"rendered":"","protected":false},"author":2,"featured_media":0,"parent":0,"menu_order":0,"comment_status":"closed","ping_status":"closed","template":"","meta":{"inline_featured_image":false,"footnotes":""},"class_list":["post-11740","page","type-page","status-publish","hentry"],"acf":[],"yoast_head":"<!-- This site is optimized with the Yoast SEO Premium plugin v24.3 (Yoast SEO v24.3) - https:\/\/yoast.com\/wordpress\/plugins\/seo\/ -->\n<title>Kontakte | Unicount<\/title>\n<meta name=\"robots\" content=\"index, follow, max-snippet:-1, max-image-preview:large, max-video-preview:-1\" \/>\n<link rel=\"canonical\" href=\"https:\/\/unicount.eu\/de\/kontakte\/\" \/>\n<meta property=\"og:locale\" content=\"de_DE\" \/>\n<meta property=\"og:type\" content=\"article\" \/>\n<meta property=\"og:title\" content=\"Kontakte\" \/>\n<meta property=\"og:url\" content=\"https:\/\/unicount.eu\/de\/kontakte\/\" \/>\n<meta property=\"og:site_name\" content=\"Unicount\" \/>\n<meta property=\"article:publisher\" content=\"https:\/\/www.facebook.com\/unicount\/\" \/>\n<meta property=\"article:modified_time\" content=\"2025-03-13T08:26:59+00:00\" \/>\n<meta property=\"og:image\" content=\"https:\/\/unicount.eu\/wp-content\/uploads\/2021\/01\/fb-cover@2x.jpg\" \/>\n\t<meta property=\"og:image:width\" content=\"2400\" \/>\n\t<meta property=\"og:image:height\" content=\"1350\" \/>\n\t<meta property=\"og:image:type\" content=\"image\/jpeg\" \/>\n<meta name=\"twitter:card\" content=\"summary_large_image\" \/>\n<meta name=\"twitter:site\" content=\"@unicountestonia\" \/>\n<script type=\"application\/ld+json\" class=\"yoast-schema-graph\">{\"@context\":\"https:\/\/schema.org\",\"@graph\":[{\"@type\":\"WebPage\",\"@id\":\"https:\/\/unicount.eu\/de\/kontakte\/\",\"url\":\"https:\/\/unicount.eu\/de\/kontakte\/\",\"name\":\"Kontakte | Unicount\",\"isPartOf\":{\"@id\":\"https:\/\/unicount.eu\/de\/#website\"},\"datePublished\":\"2019-10-10T07:57:40+00:00\",\"dateModified\":\"2025-03-13T08:26:59+00:00\",\"breadcrumb\":{\"@id\":\"https:\/\/unicount.eu\/de\/kontakte\/#breadcrumb\"},\"inLanguage\":\"de\",\"potentialAction\":[{\"@type\":\"ReadAction\",\"target\":[\"https:\/\/unicount.eu\/de\/kontakte\/\"]}]},{\"@type\":\"BreadcrumbList\",\"@id\":\"https:\/\/unicount.eu\/de\/kontakte\/#breadcrumb\",\"itemListElement\":[{\"@type\":\"ListItem\",\"position\":1,\"name\":\"Home\",\"item\":\"https:\/\/unicount.eu\/de\/\"},{\"@type\":\"ListItem\",\"position\":2,\"name\":\"Kontakte\"}]},{\"@type\":\"WebSite\",\"@id\":\"https:\/\/unicount.eu\/de\/#website\",\"url\":\"https:\/\/unicount.eu\/de\/\",\"name\":\"Unicount\",\"description\":\"The simplest way to start an Estonian company\",\"publisher\":{\"@id\":\"https:\/\/unicount.eu\/de\/#organization\"},\"potentialAction\":[{\"@type\":\"SearchAction\",\"target\":{\"@type\":\"EntryPoint\",\"urlTemplate\":\"https:\/\/unicount.eu\/de\/?s={search_term_string}\"},\"query-input\":{\"@type\":\"PropertyValueSpecification\",\"valueRequired\":true,\"valueName\":\"search_term_string\"}}],\"inLanguage\":\"de\"},{\"@type\":\"Organization\",\"@id\":\"https:\/\/unicount.eu\/de\/#organization\",\"name\":\"Unicount O\u00dc\",\"url\":\"https:\/\/unicount.eu\/de\/\",\"logo\":{\"@type\":\"ImageObject\",\"inLanguage\":\"de\",\"@id\":\"https:\/\/unicount.eu\/de\/#\/schema\/logo\/image\/\",\"url\":\"https:\/\/unicount.eu\/wp-content\/uploads\/2019\/10\/unicount-logo-002.jpg\",\"contentUrl\":\"https:\/\/unicount.eu\/wp-content\/uploads\/2019\/10\/unicount-logo-002.jpg\",\"width\":1380,\"height\":288,\"caption\":\"Unicount O\u00dc\"},\"image\":{\"@id\":\"https:\/\/unicount.eu\/de\/#\/schema\/logo\/image\/\"},\"sameAs\":[\"https:\/\/www.facebook.com\/unicount\/\",\"https:\/\/x.com\/unicountestonia\",\"https:\/\/www.linkedin.com\/company\/unicount\",\"https:\/\/www.youtube.com\/channel\/UCSV5_VgpIIAUyLWhjeXY8vQ\"]}]}<\/script>\n<!-- \/ Yoast SEO Premium plugin. -->","yoast_head_json":{"title":"Kontakte | Unicount","robots":{"index":"index","follow":"follow","max-snippet":"max-snippet:-1","max-image-preview":"max-image-preview:large","max-video-preview":"max-video-preview:-1"},"canonical":"https:\/\/unicount.eu\/de\/kontakte\/","og_locale":"de_DE","og_type":"article","og_title":"Kontakte","og_url":"https:\/\/unicount.eu\/de\/kontakte\/","og_site_name":"Unicount","article_publisher":"https:\/\/www.facebook.com\/unicount\/","article_modified_time":"2025-03-13T08:26:59+00:00","og_image":[{"width":2400,"height":1350,"url":"https:\/\/unicount.eu\/wp-content\/uploads\/2021\/01\/fb-cover@2x.jpg","type":"image\/jpeg"}],"twitter_card":"summary_large_image","twitter_site":"@unicountestonia","schema":{"@context":"https:\/\/schema.org","@graph":[{"@type":"WebPage","@id":"https:\/\/unicount.eu\/de\/kontakte\/","url":"https:\/\/unicount.eu\/de\/kontakte\/","name":"Kontakte | Unicount","isPartOf":{"@id":"https:\/\/unicount.eu\/de\/#website"},"datePublished":"2019-10-10T07:57:40+00:00","dateModified":"2025-03-13T08:26:59+00:00","breadcrumb":{"@id":"https:\/\/unicount.eu\/de\/kontakte\/#breadcrumb"},"inLanguage":"de","potentialAction":[{"@type":"ReadAction","target":["https:\/\/unicount.eu\/de\/kontakte\/"]}]},{"@type":"BreadcrumbList","@id":"https:\/\/unicount.eu\/de\/kontakte\/#breadcrumb","itemListElement":[{"@type":"ListItem","position":1,"name":"Home","item":"https:\/\/unicount.eu\/de\/"},{"@type":"ListItem","position":2,"name":"Kontakte"}]},{"@type":"WebSite","@id":"https:\/\/unicount.eu\/de\/#website","url":"https:\/\/unicount.eu\/de\/","name":"Unicount","description":"The simplest way to start an Estonian company","publisher":{"@id":"https:\/\/unicount.eu\/de\/#organization"},"potentialAction":[{"@type":"SearchAction","target":{"@type":"EntryPoint","urlTemplate":"https:\/\/unicount.eu\/de\/?s={search_term_string}"},"query-input":{"@type":"PropertyValueSpecification","valueRequired":true,"valueName":"search_term_string"}}],"inLanguage":"de"},{"@type":"Organization","@id":"https:\/\/unicount.eu\/de\/#organization","name":"Unicount O\u00dc","url":"https:\/\/unicount.eu\/de\/","logo":{"@type":"ImageObject","inLanguage":"de","@id":"https:\/\/unicount.eu\/de\/#\/schema\/logo\/image\/","url":"https:\/\/unicount.eu\/wp-content\/uploads\/2019\/10\/unicount-logo-002.jpg","contentUrl":"https:\/\/unicount.eu\/wp-content\/uploads\/2019\/10\/unicount-logo-002.jpg","width":1380,"height":288,"caption":"Unicount O\u00dc"},"image":{"@id":"https:\/\/unicount.eu\/de\/#\/schema\/logo\/image\/"},"sameAs":["https:\/\/www.facebook.com\/unicount\/","https:\/\/x.com\/unicountestonia","https:\/\/www.linkedin.com\/company\/unicount","https:\/\/www.youtube.com\/channel\/UCSV5_VgpIIAUyLWhjeXY8vQ"]}]}},"_links":{"self":[{"href":"https:\/\/unicount.eu\/de\/wp-json\/wp\/v2\/pages\/11740","targetHints":{"allow":["GET"]}}],"collection":[{"href":"https:\/\/unicount.eu\/de\/wp-json\/wp\/v2\/pages"}],"about":[{"href":"https:\/\/unicount.eu\/de\/wp-json\/wp\/v2\/types\/page"}],"author":[{"embeddable":true,"href":"https:\/\/unicount.eu\/de\/wp-json\/wp\/v2\/users\/2"}],"replies":[{"embeddable":true,"href":"https:\/\/unicount.eu\/de\/wp-json\/wp\/v2\/comments?post=11740"}],"version-history":[{"count":30,"href":"https:\/\/unicount.eu\/de\/wp-json\/wp\/v2\/pages\/11740\/revisions"}],"predecessor-version":[{"id":23685,"href":"https:\/\/unicount.eu\/de\/wp-json\/wp\/v2\/pages\/11740\/revisions\/23685"}],"wp:attachment":[{"href":"https:\/\/unicount.eu\/de\/wp-json\/wp\/v2\/media?parent=11740"}],"curies":[{"name":"wp","href":"https:\/\/api.w.org\/{rel}","templated":true}]}}