{"id":11194,"date":"2019-03-11T08:50:01","date_gmt":"2019-03-11T06:50:01","guid":{"rendered":"https:\/\/unicount.eu\/?page_id=11194"},"modified":"2026-02-19T15:04:07","modified_gmt":"2026-02-19T13:04:07","slug":"dienste","status":"publish","type":"page","link":"https:\/\/unicount.eu\/de\/dienste\/","title":{"rendered":"Dienste"},"content":{"rendered":"\n<div class=\"wp-block-group landing__description\"><div class=\"wp-block-group__inner-container is-layout-flow wp-block-group-is-layout-flow\">\n<h1 class=\"wp-block-heading has-text-align-center bluebg2 text-white fullWidth !mb-0\" id=\"run-a-company-online\">F\u00fchren Sie Ihr Unternehmen online<\/h1>\n\n\n\n<div style=\"height:49px\" aria-hidden=\"true\" class=\"wp-block-spacer bluebg2 fullWidth\"><\/div>\n\n\n\n<p class=\"has-text-align-center bluebg2 text-white fullWidth\">Ein Unternehmen online zu gr\u00fcnden und zu f\u00fchren, sollte einfach sein. <br>So sehen wir das zumindest in einem digitalen nordischen Land namens Estland. <br>Deswegen haben wir Unicount ins Leben gerufen. <\/p>\n\n\n\n<div style=\"height:49px\" aria-hidden=\"true\" class=\"wp-block-spacer bluebg2 fullWidth\"><\/div>\n\n\n\n<div class=\"wp-block-buttons bluebg2 fullWidth is-horizontal is-content-justification-center is-layout-flex wp-container-core-buttons-is-layout-499968f5 wp-block-buttons-is-layout-flex\">\n<div class=\"wp-block-button no-pb\"><a class=\"wp-block-button__link wp-element-button\" href=\"https:\/\/app.unicount.eu\/?locale=de\">Gr\u00fcnden Sie Ihr Unternehmen Online<\/a><\/div>\n<\/div>\n\n\n\n<div style=\"height:100px\" aria-hidden=\"true\" class=\"wp-block-spacer blue_bg fullWidth small last-spacer\"><\/div>\n<\/div><\/div>\n\n\n\n<div class=\"wp-block-group signup\"><div class=\"wp-block-group__inner-container is-layout-flow wp-block-group-is-layout-flow\">\n<div class=\"wp-block-columns is-layout-flex wp-container-core-columns-is-layout-9d6595d7 wp-block-columns-is-layout-flex\">\n<div class=\"wp-block-column is-layout-flow wp-block-column-is-layout-flow\">\n<figure class=\"wp-block-image size-large\"><img decoding=\"async\" src=\"https:\/\/unicount.eu\/wp-content\/uploads\/2019\/03\/howto-1.svg\" alt=\"\"\/><\/figure>\n<\/div>\n\n\n\n<div class=\"wp-block-column is-vertically-aligned-center text-right is-layout-flow wp-block-column-is-layout-flow\">\n<figure class=\"wp-block-image size-large\"><img decoding=\"async\" src=\"https:\/\/unicount.eu\/wp-content\/uploads\/2019\/03\/icon2.svg\" alt=\"\"\/><\/figure>\n\n\n\n<h2 class=\"wp-block-heading has-text-align-left\" id=\"register-a-company-online\">Registrieren Sie Ihr Unternehmen online<\/h2>\n\n\n\n<p class=\"has-text-align-left\">Die Gr\u00fcndung eines Unternehmens sollte so einfach sein wie die Registrierung einer Domain. Unicount erleichtert die Online-Unternehmensgr\u00fcndung f\u00fcr Inhaber einer estnischen digitalen ID.<\/p>\n\n\n\n<div class=\"wp-block-buttons is-horizontal is-content-justification-left is-layout-flex wp-container-core-buttons-is-layout-7e5fce0a wp-block-buttons-is-layout-flex\">\n<div class=\"wp-block-button\"><a class=\"wp-block-button__link wp-element-button\" href=\"https:\/\/unicount.eu\/de\/unternehmensgruendung-in-estland\/\">MEHR ERFAHREN<\/a><\/div>\n<\/div>\n<\/div>\n<\/div>\n<\/div><\/div>\n\n\n\n<div class=\"wp-block-group signup\"><div class=\"wp-block-group__inner-container is-layout-flow wp-block-group-is-layout-flow\">\n<div class=\"wp-block-columns is-layout-flex wp-container-core-columns-is-layout-9d6595d7 wp-block-columns-is-layout-flex\">\n<div class=\"wp-block-column is-vertically-aligned-center text-right justify-right is-layout-flow wp-block-column-is-layout-flow\">\n<figure class=\"wp-block-image size-large text-right\"><img decoding=\"async\" src=\"https:\/\/unicount.eu\/wp-content\/uploads\/2019\/03\/icon3.svg\" alt=\"\"\/><\/figure>\n\n\n\n<h2 class=\"wp-block-heading has-text-align-right\" id=\"sign-up-for-virtual-office\">Melden Sie sich f\u00fcr ein virtuelles B\u00fcro und eine Kontaktperson an<\/h2>\n\n\n\n<p class=\"has-text-align-right\">Sie haben bereits ein Unternehmen in Estland? Sie k\u00f6nnen ganz einfach zum virtuellen B\u00fcro und Ansprechpartnerservice von Unicount wechseln.<\/p>\n\n\n\n<div class=\"wp-block-buttons is-horizontal is-content-justification-right is-layout-flex wp-container-core-buttons-is-layout-ae2fe186 wp-block-buttons-is-layout-flex\">\n<div class=\"wp-block-button\"><a class=\"wp-block-button__link wp-element-button\" href=\"https:\/\/unicount.eu\/de\/virtueller-unternehmenssitz-in-estland\/\">MEHR ERFAHREN<\/a><\/div>\n<\/div>\n<\/div>\n\n\n\n<div class=\"wp-block-column is-layout-flow wp-block-column-is-layout-flow\">\n<figure class=\"wp-block-image size-large\"><img decoding=\"async\" width=\"600\" height=\"600\" src=\"https:\/\/unicount.eu\/wp-content\/uploads\/2022\/10\/howto-2.svg\" alt=\"\" class=\"wp-image-11204\"\/><\/figure>\n<\/div>\n<\/div>\n<\/div><\/div>\n\n\n\n<div class=\"wp-block-group signup\"><div class=\"wp-block-group__inner-container is-layout-flow wp-block-group-is-layout-flow\">\n<div class=\"wp-block-columns is-layout-flex wp-container-core-columns-is-layout-9d6595d7 wp-block-columns-is-layout-flex\">\n<div class=\"wp-block-column is-layout-flow wp-block-column-is-layout-flow\">\n<figure class=\"wp-block-image size-full\"><img decoding=\"async\" src=\"https:\/\/unicount.eu\/wp-content\/uploads\/2019\/03\/howto-3.svg\" alt=\"\" class=\"wp-image-148\"\/><\/figure>\n<\/div>\n\n\n\n<div class=\"wp-block-column is-vertically-aligned-center text-right is-layout-flow wp-block-column-is-layout-flow\">\n<figure class=\"wp-block-image size-full\"><img decoding=\"async\" src=\"https:\/\/unicount.eu\/wp-content\/uploads\/2019\/03\/icon5.svg\" alt=\"\" class=\"wp-image-145\"\/><\/figure>\n\n\n\n<h2 class=\"wp-block-heading has-text-align-left\" id=\"get-monthly-accounting\">Erhalten Sie einen monatlichen Buchhaltungsplan<\/h2>\n\n\n\n<p class=\"has-text-align-left\">Erhalten Sie Zugriff auf eine cloudbasierte Software, um alle Ihre Spesendokumente einzureichen und Verkaufsrechnungen zu erstellen.<\/p>\n\n\n\n<div class=\"wp-block-buttons is-horizontal is-content-justification-left is-layout-flex wp-container-core-buttons-is-layout-7e5fce0a wp-block-buttons-is-layout-flex\">\n<div class=\"wp-block-button\"><a class=\"wp-block-button__link wp-element-button\" href=\"https:\/\/unicount.eu\/de\/buchhaltung-in-estland\/\">MEHR ERFAHREN<\/a><\/div>\n<\/div>\n<\/div>\n<\/div>\n<\/div><\/div>\n","protected":false},"excerpt":{"rendered":"<p>F\u00fchren Sie Ihr Unternehmen online Ein Unternehmen online zu gr\u00fcnden und zu f\u00fchren, sollte einfach sein. So sehen wir das zumindest in einem digitalen nordischen Land namens Estland. Deswegen haben wir Unicount ins Leben gerufen. Registrieren Sie Ihr Unternehmen online Die Gr\u00fcndung eines Unternehmens sollte so einfach sein wie die Registrierung einer Domain. Unicount erleichtert [&hellip;]<\/p>\n","protected":false},"author":2,"featured_media":0,"parent":0,"menu_order":0,"comment_status":"closed","ping_status":"closed","template":"","meta":{"inline_featured_image":false,"footnotes":""},"class_list":["post-11194","page","type-page","status-publish","hentry"],"acf":[],"yoast_head":"<!-- This site is optimized with the Yoast SEO Premium plugin v24.3 (Yoast SEO v24.3) - https:\/\/yoast.com\/wordpress\/plugins\/seo\/ -->\n<title>Dienste | Unicount<\/title>\n<meta name=\"robots\" content=\"index, follow, max-snippet:-1, max-image-preview:large, max-video-preview:-1\" \/>\n<link rel=\"canonical\" href=\"https:\/\/unicount.eu\/de\/dienste\/\" \/>\n<meta property=\"og:locale\" content=\"de_DE\" \/>\n<meta property=\"og:type\" content=\"article\" \/>\n<meta property=\"og:title\" content=\"Dienste\" \/>\n<meta property=\"og:description\" content=\"F\u00fchren Sie Ihr Unternehmen online Ein Unternehmen online zu gr\u00fcnden und zu f\u00fchren, sollte einfach sein. So sehen wir das zumindest in einem digitalen nordischen Land namens Estland. Deswegen haben wir Unicount ins Leben gerufen. Registrieren Sie Ihr Unternehmen online Die Gr\u00fcndung eines Unternehmens sollte so einfach sein wie die Registrierung einer Domain. Unicount erleichtert [&hellip;]\" \/>\n<meta property=\"og:url\" content=\"https:\/\/unicount.eu\/de\/dienste\/\" \/>\n<meta property=\"og:site_name\" content=\"Unicount\" \/>\n<meta property=\"article:publisher\" content=\"https:\/\/www.facebook.com\/unicount\/\" \/>\n<meta property=\"article:modified_time\" content=\"2026-02-19T13:04:07+00:00\" \/>\n<meta property=\"og:image\" content=\"https:\/\/unicount.eu\/wp-content\/uploads\/2019\/03\/howto-1.svg\" \/>\n<meta name=\"twitter:card\" content=\"summary_large_image\" \/>\n<meta name=\"twitter:site\" content=\"@unicountestonia\" \/>\n<meta name=\"twitter:label1\" content=\"Gesch\u00e4tzte Lesezeit\" \/>\n\t<meta name=\"twitter:data1\" content=\"2\u00a0Minuten\" \/>\n<script type=\"application\/ld+json\" class=\"yoast-schema-graph\">{\"@context\":\"https:\/\/schema.org\",\"@graph\":[{\"@type\":\"WebPage\",\"@id\":\"https:\/\/unicount.eu\/de\/dienste\/\",\"url\":\"https:\/\/unicount.eu\/de\/dienste\/\",\"name\":\"Dienste | Unicount\",\"isPartOf\":{\"@id\":\"https:\/\/unicount.eu\/de\/#website\"},\"primaryImageOfPage\":{\"@id\":\"https:\/\/unicount.eu\/de\/dienste\/#primaryimage\"},\"image\":{\"@id\":\"https:\/\/unicount.eu\/de\/dienste\/#primaryimage\"},\"thumbnailUrl\":\"https:\/\/unicount.eu\/wp-content\/uploads\/2019\/03\/howto-1.svg\",\"datePublished\":\"2019-03-11T06:50:01+00:00\",\"dateModified\":\"2026-02-19T13:04:07+00:00\",\"breadcrumb\":{\"@id\":\"https:\/\/unicount.eu\/de\/dienste\/#breadcrumb\"},\"inLanguage\":\"de\",\"potentialAction\":[{\"@type\":\"ReadAction\",\"target\":[\"https:\/\/unicount.eu\/de\/dienste\/\"]}]},{\"@type\":\"ImageObject\",\"inLanguage\":\"de\",\"@id\":\"https:\/\/unicount.eu\/de\/dienste\/#primaryimage\",\"url\":\"https:\/\/unicount.eu\/wp-content\/uploads\/2019\/03\/howto-1.svg\",\"contentUrl\":\"https:\/\/unicount.eu\/wp-content\/uploads\/2019\/03\/howto-1.svg\"},{\"@type\":\"BreadcrumbList\",\"@id\":\"https:\/\/unicount.eu\/de\/dienste\/#breadcrumb\",\"itemListElement\":[{\"@type\":\"ListItem\",\"position\":1,\"name\":\"Home\",\"item\":\"https:\/\/unicount.eu\/de\/\"},{\"@type\":\"ListItem\",\"position\":2,\"name\":\"Dienste\"}]},{\"@type\":\"WebSite\",\"@id\":\"https:\/\/unicount.eu\/de\/#website\",\"url\":\"https:\/\/unicount.eu\/de\/\",\"name\":\"Unicount\",\"description\":\"The simplest way to start an Estonian company\",\"publisher\":{\"@id\":\"https:\/\/unicount.eu\/de\/#organization\"},\"potentialAction\":[{\"@type\":\"SearchAction\",\"target\":{\"@type\":\"EntryPoint\",\"urlTemplate\":\"https:\/\/unicount.eu\/de\/?s={search_term_string}\"},\"query-input\":{\"@type\":\"PropertyValueSpecification\",\"valueRequired\":true,\"valueName\":\"search_term_string\"}}],\"inLanguage\":\"de\"},{\"@type\":\"Organization\",\"@id\":\"https:\/\/unicount.eu\/de\/#organization\",\"name\":\"Unicount O\u00dc\",\"url\":\"https:\/\/unicount.eu\/de\/\",\"logo\":{\"@type\":\"ImageObject\",\"inLanguage\":\"de\",\"@id\":\"https:\/\/unicount.eu\/de\/#\/schema\/logo\/image\/\",\"url\":\"https:\/\/unicount.eu\/wp-content\/uploads\/2019\/10\/unicount-logo-002.jpg\",\"contentUrl\":\"https:\/\/unicount.eu\/wp-content\/uploads\/2019\/10\/unicount-logo-002.jpg\",\"width\":1380,\"height\":288,\"caption\":\"Unicount O\u00dc\"},\"image\":{\"@id\":\"https:\/\/unicount.eu\/de\/#\/schema\/logo\/image\/\"},\"sameAs\":[\"https:\/\/www.facebook.com\/unicount\/\",\"https:\/\/x.com\/unicountestonia\",\"https:\/\/www.linkedin.com\/company\/unicount\",\"https:\/\/www.youtube.com\/channel\/UCSV5_VgpIIAUyLWhjeXY8vQ\"]}]}<\/script>\n<!-- \/ Yoast SEO Premium plugin. -->","yoast_head_json":{"title":"Dienste | Unicount","robots":{"index":"index","follow":"follow","max-snippet":"max-snippet:-1","max-image-preview":"max-image-preview:large","max-video-preview":"max-video-preview:-1"},"canonical":"https:\/\/unicount.eu\/de\/dienste\/","og_locale":"de_DE","og_type":"article","og_title":"Dienste","og_description":"F\u00fchren Sie Ihr Unternehmen online Ein Unternehmen online zu gr\u00fcnden und zu f\u00fchren, sollte einfach sein. So sehen wir das zumindest in einem digitalen nordischen Land namens Estland. Deswegen haben wir Unicount ins Leben gerufen. Registrieren Sie Ihr Unternehmen online Die Gr\u00fcndung eines Unternehmens sollte so einfach sein wie die Registrierung einer Domain. Unicount erleichtert [&hellip;]","og_url":"https:\/\/unicount.eu\/de\/dienste\/","og_site_name":"Unicount","article_publisher":"https:\/\/www.facebook.com\/unicount\/","article_modified_time":"2026-02-19T13:04:07+00:00","og_image":[{"url":"https:\/\/unicount.eu\/wp-content\/uploads\/2019\/03\/howto-1.svg","type":"","width":"","height":""}],"twitter_card":"summary_large_image","twitter_site":"@unicountestonia","twitter_misc":{"Gesch\u00e4tzte Lesezeit":"2\u00a0Minuten"},"schema":{"@context":"https:\/\/schema.org","@graph":[{"@type":"WebPage","@id":"https:\/\/unicount.eu\/de\/dienste\/","url":"https:\/\/unicount.eu\/de\/dienste\/","name":"Dienste | Unicount","isPartOf":{"@id":"https:\/\/unicount.eu\/de\/#website"},"primaryImageOfPage":{"@id":"https:\/\/unicount.eu\/de\/dienste\/#primaryimage"},"image":{"@id":"https:\/\/unicount.eu\/de\/dienste\/#primaryimage"},"thumbnailUrl":"https:\/\/unicount.eu\/wp-content\/uploads\/2019\/03\/howto-1.svg","datePublished":"2019-03-11T06:50:01+00:00","dateModified":"2026-02-19T13:04:07+00:00","breadcrumb":{"@id":"https:\/\/unicount.eu\/de\/dienste\/#breadcrumb"},"inLanguage":"de","potentialAction":[{"@type":"ReadAction","target":["https:\/\/unicount.eu\/de\/dienste\/"]}]},{"@type":"ImageObject","inLanguage":"de","@id":"https:\/\/unicount.eu\/de\/dienste\/#primaryimage","url":"https:\/\/unicount.eu\/wp-content\/uploads\/2019\/03\/howto-1.svg","contentUrl":"https:\/\/unicount.eu\/wp-content\/uploads\/2019\/03\/howto-1.svg"},{"@type":"BreadcrumbList","@id":"https:\/\/unicount.eu\/de\/dienste\/#breadcrumb","itemListElement":[{"@type":"ListItem","position":1,"name":"Home","item":"https:\/\/unicount.eu\/de\/"},{"@type":"ListItem","position":2,"name":"Dienste"}]},{"@type":"WebSite","@id":"https:\/\/unicount.eu\/de\/#website","url":"https:\/\/unicount.eu\/de\/","name":"Unicount","description":"The simplest way to start an Estonian company","publisher":{"@id":"https:\/\/unicount.eu\/de\/#organization"},"potentialAction":[{"@type":"SearchAction","target":{"@type":"EntryPoint","urlTemplate":"https:\/\/unicount.eu\/de\/?s={search_term_string}"},"query-input":{"@type":"PropertyValueSpecification","valueRequired":true,"valueName":"search_term_string"}}],"inLanguage":"de"},{"@type":"Organization","@id":"https:\/\/unicount.eu\/de\/#organization","name":"Unicount O\u00dc","url":"https:\/\/unicount.eu\/de\/","logo":{"@type":"ImageObject","inLanguage":"de","@id":"https:\/\/unicount.eu\/de\/#\/schema\/logo\/image\/","url":"https:\/\/unicount.eu\/wp-content\/uploads\/2019\/10\/unicount-logo-002.jpg","contentUrl":"https:\/\/unicount.eu\/wp-content\/uploads\/2019\/10\/unicount-logo-002.jpg","width":1380,"height":288,"caption":"Unicount O\u00dc"},"image":{"@id":"https:\/\/unicount.eu\/de\/#\/schema\/logo\/image\/"},"sameAs":["https:\/\/www.facebook.com\/unicount\/","https:\/\/x.com\/unicountestonia","https:\/\/www.linkedin.com\/company\/unicount","https:\/\/www.youtube.com\/channel\/UCSV5_VgpIIAUyLWhjeXY8vQ"]}]}},"_links":{"self":[{"href":"https:\/\/unicount.eu\/de\/wp-json\/wp\/v2\/pages\/11194","targetHints":{"allow":["GET"]}}],"collection":[{"href":"https:\/\/unicount.eu\/de\/wp-json\/wp\/v2\/pages"}],"about":[{"href":"https:\/\/unicount.eu\/de\/wp-json\/wp\/v2\/types\/page"}],"author":[{"embeddable":true,"href":"https:\/\/unicount.eu\/de\/wp-json\/wp\/v2\/users\/2"}],"replies":[{"embeddable":true,"href":"https:\/\/unicount.eu\/de\/wp-json\/wp\/v2\/comments?post=11194"}],"version-history":[{"count":11,"href":"https:\/\/unicount.eu\/de\/wp-json\/wp\/v2\/pages\/11194\/revisions"}],"predecessor-version":[{"id":24832,"href":"https:\/\/unicount.eu\/de\/wp-json\/wp\/v2\/pages\/11194\/revisions\/24832"}],"wp:attachment":[{"href":"https:\/\/unicount.eu\/de\/wp-json\/wp\/v2\/media?parent=11194"}],"curies":[{"name":"wp","href":"https:\/\/api.w.org\/{rel}","templated":true}]}}